{"id":808,"date":"2017-06-01T11:14:12","date_gmt":"2017-06-01T10:14:12","guid":{"rendered":"http:\/\/www.pool-agri.com\/quick-cover\/?page_id=808"},"modified":"2017-06-01T11:21:51","modified_gmt":"2017-06-01T10:21:51","slug":"erleben-sie-helene-fischer-live-mit-quick-cover-laderaumabdeckungen","status":"publish","type":"page","link":"https:\/\/www.pool-agri.com\/quick-cover\/erleben-sie-helene-fischer-live-mit-quick-cover-laderaumabdeckungen\/?lang=de","title":{"rendered":"Erleben\u00a0Sie\u00a0Helene Fischer\u00a0LIVE mit Quick-Cover!"},"content":{"rendered":"<p><strong>Das Sonderangebot von Quick-Cover Laderaumabdeckungen ist diesmal etwas ganz besonderes. Sie k\u00f6nnen sich dieses Jahr eine Laderaumabdeckung mit bis zu \u20ac 500 Preisvorteil sichern und gleichzeitig zwei VIP Karten f\u00fcr ein Live Konzert von Helene Fischer gewinnen!<br \/>\n<\/strong><strong><img loading=\"lazy\" decoding=\"async\" class=\"alignleft wp-image-806\" src=\"http:\/\/www.pool-agri.com\/quick-cover\/wp-content\/uploads\/sites\/19\/2017\/06\/OPTREDEN-STADION-2-SCHERMEN-HF-LIVE-2017-2018-HF-wit_V2-res.-1024x650.jpg\" alt=\"Helene Fischer LIVE mit Quick-Cover\" width=\"600\" height=\"381\" srcset=\"https:\/\/www.pool-agri.com\/quick-cover\/wp-content\/uploads\/sites\/19\/2017\/06\/OPTREDEN-STADION-2-SCHERMEN-HF-LIVE-2017-2018-HF-wit_V2-res.-1024x650.jpg 1024w, https:\/\/www.pool-agri.com\/quick-cover\/wp-content\/uploads\/sites\/19\/2017\/06\/OPTREDEN-STADION-2-SCHERMEN-HF-LIVE-2017-2018-HF-wit_V2-res.-300x190.jpg 300w, https:\/\/www.pool-agri.com\/quick-cover\/wp-content\/uploads\/sites\/19\/2017\/06\/OPTREDEN-STADION-2-SCHERMEN-HF-LIVE-2017-2018-HF-wit_V2-res.-768x487.jpg 768w, https:\/\/www.pool-agri.com\/quick-cover\/wp-content\/uploads\/sites\/19\/2017\/06\/OPTREDEN-STADION-2-SCHERMEN-HF-LIVE-2017-2018-HF-wit_V2-res.-800x508.jpg 800w, https:\/\/www.pool-agri.com\/quick-cover\/wp-content\/uploads\/sites\/19\/2017\/06\/OPTREDEN-STADION-2-SCHERMEN-HF-LIVE-2017-2018-HF-wit_V2-res..jpg 1229w\" sizes=\"auto, (max-width: 600px) 100vw, 600px\" \/><br \/>\n<\/strong>Die Live-Shows von Helene Fischer sind seit jeher immer etwas ganz Besonderes gewesen und deshalb d\u00fcrfen sie dieses Sonderangebot nicht verpassen! Wir verlosen dreimal VIP Karten f\u00fcr zwei Personen f\u00fcr das Konzert von Helene Fischer in Berlin, Oberhausen und M\u00fcnchen. Au\u00dferdem belohnen wir die beste und sch\u00f6nste Fotos von Fahrzeuge mit Quick-Cover Laderaumabdeckung mit f\u00fcnf limitierten Helene Fischer Fanboxen!<\/p>\n<p><strong>Sonderangebot Quick-Cover Laderaumabdeckung \u201eHelene\u201c | jetzt ab nur \u20ac 2.599<sup>(1)<\/sup><\/strong><\/p>\n<p>f\u00fcr H\u00e4ckseltransportwagen &amp; Muldenkipper &amp; Abroll-Container<br \/>\nSie haben die Wahl! Leistungsstarker Hydro-Antrieb oder praxisbew\u00e4hrte E-Antrieb<\/p>\n<p><strong>Das sch\u00f6nste Quick-Cover Bild\u201c | gewinnen Sie die limitierte Helene Fischer Fanbox<sup>(1)<\/sup><br \/>\n<\/strong>\u00dcbersenden Sie Ihre sch\u00f6nste Bilder von ihren Fahrzeugen mit Quick-Cover. Die f\u00fcnf beste Einsendungen gewinnen eine limitierte Helene Fischer Fanbox mit den neuesten Songs!<\/p>\n<p>Stehen Ihre H\u00e4ckselwagen bereit? Sichern Sie sich jetzt noch der Vorteil!<\/p>\n<p><strong>\u00dcberzeugende Vorteile Quick-Cover Laderaumabdeckungen:<\/strong><\/p>\n<ul>\n<li>Quick-Cover | das praxisbew\u00e4hrte Original<\/li>\n<li>Ladungsh\u00fcgel Abdecken | komplett vollladen ohne Ladungsverluste<\/li>\n<li>Abdecknetz mit Spezial-Beschichtung | H\u00e4ckselgut klebt nicht am Netz<\/li>\n<li>lieferbar mit zuverl\u00e4ssigem E-Antrieb oder leistungsstarker Hydro-Antrieb<\/li>\n<li>Spitzenqualit\u00e4t | stabile Konstruktion aus hochwertigem Aluminium<\/li>\n<li>Montage wahlweise an der Stirnwand oder auf die Heckklappe<\/li>\n<li>nachr\u00fcstbar f\u00fcr nahezu jedes H\u00e4ckseltransportfahrzeug<\/li>\n<\/ul>\n<p><strong>Sichern Sie sich jetzt Ihren Vorteil!<br \/>\n<\/strong>Klicken Sie um ein freibleibendes Angebot \u00fcber einen Quick-Cover f\u00fcr ihre H\u00e4ckseltransport-Fahrzeuge anzufragen: <span style=\"color: #ff6600;\"><strong><a style=\"color: #ff6600;\" href=\"http:\/\/www.pool-agri.com\/quick-cover\/kontakt\/?lang=de\">kostenloses Angebot Anfragen<\/a><\/strong>.<\/span><br \/>\nOder nehmen Sie Kontakt auf mit dem Importeur f\u00fcr Deutschland, \u00d6sterreich und die Schweiz:<br \/>\n<strong>Pool Agri Import<\/strong><strong> &amp; Export | Telefon. 0031 (0)546-641910 | <span style=\"color: #ff6600;\"><a style=\"color: #ff6600;\" href=\"http:\/\/www.pool-agri.com\/quick-cover\/?lang=de\">www.pool-agri.com\/quick-cover\/de<\/a><\/span><\/strong><\/p>\n<p>Mit freundlichen Gr\u00fc\u00dfen,<\/p>\n<p>Ihr Pool Agri Team<\/p>\n<h6>Bedingungen Quick-Cover \u201eHelene\u201c Sonderangebot \u00b9: Sonderangebot \u201eHelene\u201c ist g\u00fcltig f\u00fcr Auftr\u00e4ge eingereicht zwischen den 1. Juni und den 15. Juli 2017. Quick-Cover Sonderangebot nur g\u00fcltig solange der Vorrat reicht. Pool Agri haftet nicht f\u00fcr \u00c4nderungen oder Absage von Konzerte, ebenso werden R\u00fcckerstattungen oder Barauszahlung der Gewinne ausgeschlossen. Es unterliegen zu jeder Zeit die Verkaufsbedingungen des Konzert-Veranstalters. Die Reise- und Aufenthaltskosten gehen zu Lasten der Teilnehmer. Teilnahmeberechtigt sind landwirtschaftliche Betriebe bzw. landwirtschaftliche Gewerbliche mit Firmensitz in Deutschland, \u00d6sterreich oder die Schweiz die innerhalb von der Teilnahmefrist ein oder mehrere Quick-Cover Laderaumabdeckungen erworben haben. Die Gesch\u00e4ftsf\u00fchrung des Auftraggebers bestimmt zu jeder Zeit \u00fcber Teilnahme an der Verlosung und die Zuweisung an deren Mitarbeiter. Lieferung \u00fcber Quick-Cover Vertriebspartner oder Landmaschinenh\u00e4ndler. Die Preise verstehen sich zzgl. Frachtkosten und zzgl. MwSt.<br \/>\nBildmaterial f\u00fcr \u201edas sch\u00f6nste Quick-Cover Bild\u201c anliefern in einer Aufl\u00f6sung von mindestens 100 dpi\/1,5 MB. Anlieferung von Bildmaterial bis sp\u00e4testens den 15. Juli<br \/>\nAlle Angaben ohne Gew\u00e4hr.<\/h6>\n","protected":false},"excerpt":{"rendered":"<p>Das Sonderangebot von Quick-Cover Laderaumabdeckungen ist diesmal etwas ganz besonderes. Sie k\u00f6nnen sich dieses Jahr eine Laderaumabdeckung mit bis zu \u20ac 500 Preisvorteil sichern und gleichzeitig zwei VIP Karten f\u00fcr ein Live Konzert von Helene Fischer gewinnen! Die Live-Shows von Helene Fischer sind seit jeher immer etwas ganz Besonderes gewesen und deshalb d\u00fcrfen sie dieses<br \/><a href=\"https:\/\/www.pool-agri.com\/quick-cover\/erleben-sie-helene-fischer-live-mit-quick-cover-laderaumabdeckungen\/?lang=de\" class=\"more\">Read more<\/a><\/p>\n","protected":false},"author":2,"featured_media":0,"parent":0,"menu_order":0,"comment_status":"closed","ping_status":"closed","template":"","meta":{"_acf_changed":false,"footnotes":""},"class_list":["post-808","page","type-page","status-publish","hentry"],"acf":[],"yoast_head":"<!-- This site is optimized with the Yoast SEO plugin v27.5 - https:\/\/yoast.com\/product\/yoast-seo-wordpress\/ -->\n<title>Erleben\u00a0Sie\u00a0Helene Fischer\u00a0LIVE mit Quick-Cover! - Quick-Cover<\/title>\n<meta name=\"description\" content=\"Sonderangebot Quick-Cover Laderaumabdeckung \u201eHelene\u201c\" \/>\n<meta name=\"robots\" content=\"index, follow, max-snippet:-1, max-image-preview:large, max-video-preview:-1\" \/>\n<link rel=\"canonical\" href=\"https:\/\/www.pool-agri.com\/quick-cover\/erleben-sie-helene-fischer-live-mit-quick-cover-laderaumabdeckungen\/?lang=de\" \/>\n<meta property=\"og:locale\" content=\"nl_NL\" \/>\n<meta property=\"og:type\" content=\"article\" \/>\n<meta property=\"og:title\" content=\"Erleben\u00a0Sie\u00a0Helene Fischer\u00a0LIVE mit Quick-Cover! - Quick-Cover\" \/>\n<meta property=\"og:description\" content=\"Sonderangebot Quick-Cover Laderaumabdeckung \u201eHelene\u201c\" \/>\n<meta property=\"og:url\" content=\"https:\/\/www.pool-agri.com\/quick-cover\/erleben-sie-helene-fischer-live-mit-quick-cover-laderaumabdeckungen\/?lang=de\" \/>\n<meta property=\"og:site_name\" content=\"Quick-Cover\" \/>\n<meta property=\"article:modified_time\" content=\"2017-06-01T10:21:51+00:00\" \/>\n<meta property=\"og:image\" content=\"https:\/\/www.pool-agri.com\/quick-cover\/wp-content\/uploads\/sites\/19\/2017\/06\/OPTREDEN-STADION-2-SCHERMEN-HF-LIVE-2017-2018-HF-wit_V2-res..jpg\" \/>\n\t<meta property=\"og:image:width\" content=\"1229\" \/>\n\t<meta property=\"og:image:height\" content=\"780\" \/>\n\t<meta property=\"og:image:type\" content=\"image\/jpeg\" \/>\n<meta name=\"twitter:label1\" content=\"Geschatte leestijd\" \/>\n\t<meta name=\"twitter:data1\" content=\"2 minuten\" \/>\n<script type=\"application\/ld+json\" class=\"yoast-schema-graph\">{\"@context\":\"https:\\\/\\\/schema.org\",\"@graph\":[{\"@type\":\"WebPage\",\"@id\":\"https:\\\/\\\/www.pool-agri.com\\\/quick-cover\\\/erleben-sie-helene-fischer-live-mit-quick-cover-laderaumabdeckungen\\\/?lang=de\",\"url\":\"https:\\\/\\\/www.pool-agri.com\\\/quick-cover\\\/erleben-sie-helene-fischer-live-mit-quick-cover-laderaumabdeckungen\\\/?lang=de\",\"name\":\"Erleben\u00a0Sie\u00a0Helene Fischer\u00a0LIVE mit Quick-Cover! - Quick-Cover\",\"isPartOf\":{\"@id\":\"https:\\\/\\\/www.pool-agri.com\\\/quick-cover\\\/#website\"},\"primaryImageOfPage\":{\"@id\":\"https:\\\/\\\/www.pool-agri.com\\\/quick-cover\\\/erleben-sie-helene-fischer-live-mit-quick-cover-laderaumabdeckungen\\\/?lang=de#primaryimage\"},\"image\":{\"@id\":\"https:\\\/\\\/www.pool-agri.com\\\/quick-cover\\\/erleben-sie-helene-fischer-live-mit-quick-cover-laderaumabdeckungen\\\/?lang=de#primaryimage\"},\"thumbnailUrl\":\"http:\\\/\\\/www.pool-agri.com\\\/quick-cover\\\/wp-content\\\/uploads\\\/sites\\\/19\\\/2017\\\/06\\\/OPTREDEN-STADION-2-SCHERMEN-HF-LIVE-2017-2018-HF-wit_V2-res.-1024x650.jpg\",\"datePublished\":\"2017-06-01T10:14:12+00:00\",\"dateModified\":\"2017-06-01T10:21:51+00:00\",\"description\":\"Sonderangebot Quick-Cover Laderaumabdeckung \u201eHelene\u201c\",\"inLanguage\":\"nl-NL\",\"potentialAction\":[{\"@type\":\"ReadAction\",\"target\":[\"https:\\\/\\\/www.pool-agri.com\\\/quick-cover\\\/erleben-sie-helene-fischer-live-mit-quick-cover-laderaumabdeckungen\\\/?lang=de\"]}]},{\"@type\":\"ImageObject\",\"inLanguage\":\"nl-NL\",\"@id\":\"https:\\\/\\\/www.pool-agri.com\\\/quick-cover\\\/erleben-sie-helene-fischer-live-mit-quick-cover-laderaumabdeckungen\\\/?lang=de#primaryimage\",\"url\":\"http:\\\/\\\/www.pool-agri.com\\\/quick-cover\\\/wp-content\\\/uploads\\\/sites\\\/19\\\/2017\\\/06\\\/OPTREDEN-STADION-2-SCHERMEN-HF-LIVE-2017-2018-HF-wit_V2-res.-1024x650.jpg\",\"contentUrl\":\"http:\\\/\\\/www.pool-agri.com\\\/quick-cover\\\/wp-content\\\/uploads\\\/sites\\\/19\\\/2017\\\/06\\\/OPTREDEN-STADION-2-SCHERMEN-HF-LIVE-2017-2018-HF-wit_V2-res.-1024x650.jpg\"},{\"@type\":\"WebSite\",\"@id\":\"https:\\\/\\\/www.pool-agri.com\\\/quick-cover\\\/#website\",\"url\":\"https:\\\/\\\/www.pool-agri.com\\\/quick-cover\\\/\",\"name\":\"Quick-Cover\",\"description\":\"Een andere Pool Agri websites site\",\"potentialAction\":[{\"@type\":\"SearchAction\",\"target\":{\"@type\":\"EntryPoint\",\"urlTemplate\":\"https:\\\/\\\/www.pool-agri.com\\\/quick-cover\\\/?s={search_term_string}\"},\"query-input\":{\"@type\":\"PropertyValueSpecification\",\"valueRequired\":true,\"valueName\":\"search_term_string\"}}],\"inLanguage\":\"nl-NL\"}]}<\/script>\n<!-- \/ Yoast SEO plugin. -->","yoast_head_json":{"title":"Erleben\u00a0Sie\u00a0Helene Fischer\u00a0LIVE mit Quick-Cover! - Quick-Cover","description":"Sonderangebot Quick-Cover Laderaumabdeckung \u201eHelene\u201c","robots":{"index":"index","follow":"follow","max-snippet":"max-snippet:-1","max-image-preview":"max-image-preview:large","max-video-preview":"max-video-preview:-1"},"canonical":"https:\/\/www.pool-agri.com\/quick-cover\/erleben-sie-helene-fischer-live-mit-quick-cover-laderaumabdeckungen\/?lang=de","og_locale":"nl_NL","og_type":"article","og_title":"Erleben\u00a0Sie\u00a0Helene Fischer\u00a0LIVE mit Quick-Cover! - Quick-Cover","og_description":"Sonderangebot Quick-Cover Laderaumabdeckung \u201eHelene\u201c","og_url":"https:\/\/www.pool-agri.com\/quick-cover\/erleben-sie-helene-fischer-live-mit-quick-cover-laderaumabdeckungen\/?lang=de","og_site_name":"Quick-Cover","article_modified_time":"2017-06-01T10:21:51+00:00","og_image":[{"width":1229,"height":780,"url":"https:\/\/www.pool-agri.com\/quick-cover\/wp-content\/uploads\/sites\/19\/2017\/06\/OPTREDEN-STADION-2-SCHERMEN-HF-LIVE-2017-2018-HF-wit_V2-res..jpg","type":"image\/jpeg"}],"twitter_misc":{"Geschatte leestijd":"2 minuten"},"schema":{"@context":"https:\/\/schema.org","@graph":[{"@type":"WebPage","@id":"https:\/\/www.pool-agri.com\/quick-cover\/erleben-sie-helene-fischer-live-mit-quick-cover-laderaumabdeckungen\/?lang=de","url":"https:\/\/www.pool-agri.com\/quick-cover\/erleben-sie-helene-fischer-live-mit-quick-cover-laderaumabdeckungen\/?lang=de","name":"Erleben\u00a0Sie\u00a0Helene Fischer\u00a0LIVE mit Quick-Cover! - Quick-Cover","isPartOf":{"@id":"https:\/\/www.pool-agri.com\/quick-cover\/#website"},"primaryImageOfPage":{"@id":"https:\/\/www.pool-agri.com\/quick-cover\/erleben-sie-helene-fischer-live-mit-quick-cover-laderaumabdeckungen\/?lang=de#primaryimage"},"image":{"@id":"https:\/\/www.pool-agri.com\/quick-cover\/erleben-sie-helene-fischer-live-mit-quick-cover-laderaumabdeckungen\/?lang=de#primaryimage"},"thumbnailUrl":"http:\/\/www.pool-agri.com\/quick-cover\/wp-content\/uploads\/sites\/19\/2017\/06\/OPTREDEN-STADION-2-SCHERMEN-HF-LIVE-2017-2018-HF-wit_V2-res.-1024x650.jpg","datePublished":"2017-06-01T10:14:12+00:00","dateModified":"2017-06-01T10:21:51+00:00","description":"Sonderangebot Quick-Cover Laderaumabdeckung \u201eHelene\u201c","inLanguage":"nl-NL","potentialAction":[{"@type":"ReadAction","target":["https:\/\/www.pool-agri.com\/quick-cover\/erleben-sie-helene-fischer-live-mit-quick-cover-laderaumabdeckungen\/?lang=de"]}]},{"@type":"ImageObject","inLanguage":"nl-NL","@id":"https:\/\/www.pool-agri.com\/quick-cover\/erleben-sie-helene-fischer-live-mit-quick-cover-laderaumabdeckungen\/?lang=de#primaryimage","url":"http:\/\/www.pool-agri.com\/quick-cover\/wp-content\/uploads\/sites\/19\/2017\/06\/OPTREDEN-STADION-2-SCHERMEN-HF-LIVE-2017-2018-HF-wit_V2-res.-1024x650.jpg","contentUrl":"http:\/\/www.pool-agri.com\/quick-cover\/wp-content\/uploads\/sites\/19\/2017\/06\/OPTREDEN-STADION-2-SCHERMEN-HF-LIVE-2017-2018-HF-wit_V2-res.-1024x650.jpg"},{"@type":"WebSite","@id":"https:\/\/www.pool-agri.com\/quick-cover\/#website","url":"https:\/\/www.pool-agri.com\/quick-cover\/","name":"Quick-Cover","description":"Een andere Pool Agri websites site","potentialAction":[{"@type":"SearchAction","target":{"@type":"EntryPoint","urlTemplate":"https:\/\/www.pool-agri.com\/quick-cover\/?s={search_term_string}"},"query-input":{"@type":"PropertyValueSpecification","valueRequired":true,"valueName":"search_term_string"}}],"inLanguage":"nl-NL"}]}},"_links":{"self":[{"href":"https:\/\/www.pool-agri.com\/quick-cover\/wp-json\/wp\/v2\/pages\/808","targetHints":{"allow":["GET"]}}],"collection":[{"href":"https:\/\/www.pool-agri.com\/quick-cover\/wp-json\/wp\/v2\/pages"}],"about":[{"href":"https:\/\/www.pool-agri.com\/quick-cover\/wp-json\/wp\/v2\/types\/page"}],"author":[{"embeddable":true,"href":"https:\/\/www.pool-agri.com\/quick-cover\/wp-json\/wp\/v2\/users\/2"}],"replies":[{"embeddable":true,"href":"https:\/\/www.pool-agri.com\/quick-cover\/wp-json\/wp\/v2\/comments?post=808"}],"version-history":[{"count":0,"href":"https:\/\/www.pool-agri.com\/quick-cover\/wp-json\/wp\/v2\/pages\/808\/revisions"}],"wp:attachment":[{"href":"https:\/\/www.pool-agri.com\/quick-cover\/wp-json\/wp\/v2\/media?parent=808"}],"curies":[{"name":"wp","href":"https:\/\/api.w.org\/{rel}","templated":true}]}}