{"id":1376,"date":"2023-08-30T10:21:32","date_gmt":"2023-08-30T09:21:32","guid":{"rendered":"https:\/\/www.pool-agri.com\/quick-cover\/?page_id=1376"},"modified":"2026-02-12T18:16:43","modified_gmt":"2026-02-12T17:16:43","slug":"angebot-anfragen","status":"publish","type":"page","link":"https:\/\/www.pool-agri.com\/quick-cover\/angebot-anfragen\/?lang=de","title":{"rendered":"Angebot anfragen"},"content":{"rendered":"<div class=\"wpb-content-wrapper\"><p>[vc_row][vc_column][vc_empty_space][vc_custom_heading text=&#8221;Sorgen Sie daf\u00fcr, dass Ihr Fuhrpark optimal vorbereitet ist!<\/p>\n<p>Sicher auf der Stra\u00dfe mit Quick-Cover, die Profi-L\u00f6sung f\u00fcr Ihre H\u00e4chselkette.&#8221; google_fonts=&#8221;font_family:Mako%3Aregular|font_style:400%20regular%3A400%3Anormal&#8221; css=&#8221;&#8221;][vc_empty_space height=&#8221;16px&#8221;][vc_column_text css=&#8221;&#8221;]F\u00fcllen Sie das folgende Formular aus, um ein unverbindliches Angebot passend zu Ihrem Fahrzeug zu erhalten:[\/vc_column_text][vc_raw_html]JTNDJTIxLS0lMjBTaGFycFNwcmluZyUyMEZvcm0lMjBmb3IlMjBRdWljay1Db3ZlciUyMEFORlJBR0UlMjAlMjAtLSUzRSUwQSUzQ3NjcmlwdCUyMHR5cGUlM0QlMjJ0ZXh0JTJGamF2YXNjcmlwdCUyMiUzRSUwQSUyMCUyMCUyMCUyMHZhciUyMHNzX2Zvcm0lMjAlM0QlMjAlN0IlMjdhY2NvdW50JTI3JTNBJTIwJTI3TXphd01MRXdzTEF3QXdBJTI3JTJDJTIwJTI3Zm9ybUlEJTI3JTNBJTIwJTI3czB4TlNrNU9UclBRVFRSTU50UTFNVXBNMVUxTVNUSFNOYkkwVGpSSk5UVTBNYlV3QndBJTI3JTdEJTNCJTBBJTIwJTIwJTIwJTIwc3NfZm9ybS53aWR0aCUyMCUzRCUyMCUyNzEwMCUyNSUyNyUzQiUwQSUyMCUyMCUyMCUyMHNzX2Zvcm0uZG9tYWluJTIwJTNEJTIwJTI3YXBwLTNRTkxXUUhYUU8ubWFya2V0aW5nYXV0b21hdGlvbi5zZXJ2aWNlcyUyNyUzQiUwQSUyMCUyMCUyMCUyMCUyRiUyRiUyMHNzX2Zvcm0uaGlkZGVuJTIwJTNEJTIwJTdCJTI3ZmllbGRfaWQlMjclM0ElMjAlMjd2YWx1ZSUyNyU3RCUzQiUyMCUyRiUyRiUyME1vZGlmeSUyMHRoaXMlMjBmb3IlMjBzZW5kaW5nJTIwaGlkZGVuJTIwdmFyaWFibGVzJTJDJTIwb3IlMjBvdmVycmlkaW5nJTIwdmFsdWVzJTBBJTIwJTIwJTIwJTIwJTJGJTJGJTIwc3NfZm9ybS50YXJnZXRfaWQlMjAlM0QlMjAlMjd0YXJnZXQlMjclM0IlMjAlMkYlMkYlMjBPcHRpb25hbCUyMHBhcmFtZXRlciUzQSUyMGZvcm1zJTIwd2lsbCUyMGJlJTIwcGxhY2VkJTIwaW5zaWRlJTIwdGhlJTIwZWxlbWVudCUyMHdpdGglMjB0aGUlMjBzcGVjaWZpZWQlMjBpZCUwQSUyMCUyMCUyMCUyMCUyRiUyRiUyMHNzX2Zvcm0ucG9sbGluZyUyMCUzRCUyMHRydWUlM0IlMjAlMkYlMkYlMjBPcHRpb25hbCUyMHBhcmFtZXRlciUzQSUyMHNldCUyMHRvJTIwdHJ1ZSUyME9OTFklMjBpZiUyMHlvdXIlMjBwYWdlJTIwbG9hZHMlMjBkeW5hbWljYWxseSUyMGFuZCUyMHRoZSUyMGlkJTIwbmVlZHMlMjB0byUyMGJlJTIwcG9sbGVkJTIwY29udGludWFsbHkuJTBBJTNDJTJGc2NyaXB0JTNFJTBBJTNDc2NyaXB0JTIwdHlwZSUzRCUyMnRleHQlMkZqYXZhc2NyaXB0JTIyJTIwc3JjJTNEJTIyaHR0cHMlM0ElMkYlMkZrb2ktM1FOTFdRSFhRTy5tYXJrZXRpbmdhdXRvbWF0aW9uLnNlcnZpY2VzJTJGY2xpZW50JTJGZm9ybS5qcyUzRnZlciUzRDIuMC4xJTIyJTNFJTNDJTJGc2NyaXB0JTNF[\/vc_raw_html][\/vc_column][\/vc_row][vc_row el_id=&#8221;video&#8221;][vc_column][vc_empty_space][vc_video link=&#8221;https:\/\/youtu.be\/1HEB4OztGEE?si=mCdeR_mQfjBeQoWf&#8221; css=&#8221;&#8221;][vc_column_text css=&#8221;&#8221;][\/vc_column_text][\/vc_column][\/vc_row]<\/p>\n<\/div>","protected":false},"excerpt":{"rendered":"<p>[vc_row][vc_column][vc_empty_space][vc_custom_heading text=&#8221;Sorgen Sie daf\u00fcr, dass Ihr Fuhrpark optimal vorbereitet ist! Sicher auf der Stra\u00dfe mit Quick-Cover, die Profi-L\u00f6sung f\u00fcr Ihre H\u00e4chselkette.&#8221; google_fonts=&#8221;font_family:Mako%3Aregular|font_style:400%20regular%3A400%3Anormal&#8221; css=&#8221;&#8221;][vc_empty_space height=&#8221;16px&#8221;][vc_column_text css=&#8221;&#8221;]F\u00fcllen Sie das folgende Formular aus, um ein unverbindliches Angebot passend zu Ihrem Fahrzeug zu erhalten:[\/vc_column_text][vc_raw_html]JTNDJTIxLS0lMjBTaGFycFNwcmluZyUyMEZvcm0lMjBmb3IlMjBRdWljay1Db3ZlciUyMEFORlJBR0UlMjAlMjAtLSUzRSUwQSUzQ3NjcmlwdCUyMHR5cGUlM0QlMjJ0ZXh0JTJGamF2YXNjcmlwdCUyMiUzRSUwQSUyMCUyMCUyMCUyMHZhciUyMHNzX2Zvcm0lMjAlM0QlMjAlN0IlMjdhY2NvdW50JTI3JTNBJTIwJTI3TXphd01MRXdzTEF3QXdBJTI3JTJDJTIwJTI3Zm9ybUlEJTI3JTNBJTIwJTI3czB4TlNrNU9UclBRVFRSTU50UTFNVXBNMVUxTVNUSFNOYkkwVGpSSk5UVTBNYlV3QndBJTI3JTdEJTNCJTBBJTIwJTIwJTIwJTIwc3NfZm9ybS53aWR0aCUyMCUzRCUyMCUyNzEwMCUyNSUyNyUzQiUwQSUyMCUyMCUyMCUyMHNzX2Zvcm0uZG9tYWluJTIwJTNEJTIwJTI3YXBwLTNRTkxXUUhYUU8ubWFya2V0aW5nYXV0b21hdGlvbi5zZXJ2aWNlcyUyNyUzQiUwQSUyMCUyMCUyMCUyMCUyRiUyRiUyMHNzX2Zvcm0uaGlkZGVuJTIwJTNEJTIwJTdCJTI3ZmllbGRfaWQlMjclM0ElMjAlMjd2YWx1ZSUyNyU3RCUzQiUyMCUyRiUyRiUyME1vZGlmeSUyMHRoaXMlMjBmb3IlMjBzZW5kaW5nJTIwaGlkZGVuJTIwdmFyaWFibGVzJTJDJTIwb3IlMjBvdmVycmlkaW5nJTIwdmFsdWVzJTBBJTIwJTIwJTIwJTIwJTJGJTJGJTIwc3NfZm9ybS50YXJnZXRfaWQlMjAlM0QlMjAlMjd0YXJnZXQlMjclM0IlMjAlMkYlMkYlMjBPcHRpb25hbCUyMHBhcmFtZXRlciUzQSUyMGZvcm1zJTIwd2lsbCUyMGJlJTIwcGxhY2VkJTIwaW5zaWRlJTIwdGhlJTIwZWxlbWVudCUyMHdpdGglMjB0aGUlMjBzcGVjaWZpZWQlMjBpZCUwQSUyMCUyMCUyMCUyMCUyRiUyRiUyMHNzX2Zvcm0ucG9sbGluZyUyMCUzRCUyMHRydWUlM0IlMjAlMkYlMkYlMjBPcHRpb25hbCUyMHBhcmFtZXRlciUzQSUyMHNldCUyMHRvJTIwdHJ1ZSUyME9OTFklMjBpZiUyMHlvdXIlMjBwYWdlJTIwbG9hZHMlMjBkeW5hbWljYWxseSUyMGFuZCUyMHRoZSUyMGlkJTIwbmVlZHMlMjB0byUyMGJlJTIwcG9sbGVkJTIwY29udGludWFsbHkuJTBBJTNDJTJGc2NyaXB0JTNFJTBBJTNDc2NyaXB0JTIwdHlwZSUzRCUyMnRleHQlMkZqYXZhc2NyaXB0JTIyJTIwc3JjJTNEJTIyaHR0cHMlM0ElMkYlMkZrb2ktM1FOTFdRSFhRTy5tYXJrZXRpbmdhdXRvbWF0aW9uLnNlcnZpY2VzJTJGY2xpZW50JTJGZm9ybS5qcyUzRnZlciUzRDIuMC4xJTIyJTNFJTNDJTJGc2NyaXB0JTNF[\/vc_raw_html][\/vc_column][\/vc_row][vc_row el_id=&#8221;video&#8221;][vc_column][vc_empty_space][vc_video link=&#8221;https:\/\/youtu.be\/1HEB4OztGEE?si=mCdeR_mQfjBeQoWf&#8221; css=&#8221;&#8221;][vc_column_text css=&#8221;&#8221;][\/vc_column_text][\/vc_column][\/vc_row]<br \/><a href=\"https:\/\/www.pool-agri.com\/quick-cover\/angebot-anfragen\/?lang=de\" class=\"more\">Read more<\/a><\/p>\n","protected":false},"author":2,"featured_media":0,"parent":0,"menu_order":0,"comment_status":"closed","ping_status":"closed","template":"","meta":{"_acf_changed":false,"footnotes":""},"class_list":["post-1376","page","type-page","status-publish","hentry"],"acf":[],"yoast_head":"<!-- This site is optimized with the Yoast SEO plugin v27.5 - https:\/\/yoast.com\/product\/yoast-seo-wordpress\/ -->\n<title>Angebot anfragen - Quick-Cover<\/title>\n<meta name=\"robots\" content=\"index, follow, max-snippet:-1, max-image-preview:large, max-video-preview:-1\" \/>\n<link rel=\"canonical\" href=\"https:\/\/www.pool-agri.com\/quick-cover\/angebot-anfragen\/?lang=de\" \/>\n<meta property=\"og:locale\" content=\"nl_NL\" \/>\n<meta property=\"og:type\" content=\"article\" \/>\n<meta property=\"og:title\" content=\"Angebot anfragen - Quick-Cover\" \/>\n<meta property=\"og:description\" content=\"[vc_row][vc_column][vc_empty_space][vc_custom_heading text=&#8221;Sorgen Sie daf\u00fcr, dass Ihr Fuhrpark optimal vorbereitet ist! Sicher auf der Stra\u00dfe mit Quick-Cover, die Profi-L\u00f6sung f\u00fcr Ihre H\u00e4chselkette.&#8221; google_fonts=&#8221;font_family:Mako%3Aregular|font_style:400%20regular%3A400%3Anormal&#8221; css=&#8221;&#8221;][vc_empty_space height=&#8221;16px&#8221;][vc_column_text css=&#8221;&#8221;]F\u00fcllen Sie das folgende Formular aus, um ein unverbindliches Angebot passend zu Ihrem Fahrzeug zu erhalten:[\/vc_column_text][vc_raw_html]JTNDJTIxLS0lMjBTaGFycFNwcmluZyUyMEZvcm0lMjBmb3IlMjBRdWljay1Db3ZlciUyMEFORlJBR0UlMjAlMjAtLSUzRSUwQSUzQ3NjcmlwdCUyMHR5cGUlM0QlMjJ0ZXh0JTJGamF2YXNjcmlwdCUyMiUzRSUwQSUyMCUyMCUyMCUyMHZhciUyMHNzX2Zvcm0lMjAlM0QlMjAlN0IlMjdhY2NvdW50JTI3JTNBJTIwJTI3TXphd01MRXdzTEF3QXdBJTI3JTJDJTIwJTI3Zm9ybUlEJTI3JTNBJTIwJTI3czB4TlNrNU9UclBRVFRSTU50UTFNVXBNMVUxTVNUSFNOYkkwVGpSSk5UVTBNYlV3QndBJTI3JTdEJTNCJTBBJTIwJTIwJTIwJTIwc3NfZm9ybS53aWR0aCUyMCUzRCUyMCUyNzEwMCUyNSUyNyUzQiUwQSUyMCUyMCUyMCUyMHNzX2Zvcm0uZG9tYWluJTIwJTNEJTIwJTI3YXBwLTNRTkxXUUhYUU8ubWFya2V0aW5nYXV0b21hdGlvbi5zZXJ2aWNlcyUyNyUzQiUwQSUyMCUyMCUyMCUyMCUyRiUyRiUyMHNzX2Zvcm0uaGlkZGVuJTIwJTNEJTIwJTdCJTI3ZmllbGRfaWQlMjclM0ElMjAlMjd2YWx1ZSUyNyU3RCUzQiUyMCUyRiUyRiUyME1vZGlmeSUyMHRoaXMlMjBmb3IlMjBzZW5kaW5nJTIwaGlkZGVuJTIwdmFyaWFibGVzJTJDJTIwb3IlMjBvdmVycmlkaW5nJTIwdmFsdWVzJTBBJTIwJTIwJTIwJTIwJTJGJTJGJTIwc3NfZm9ybS50YXJnZXRfaWQlMjAlM0QlMjAlMjd0YXJnZXQlMjclM0IlMjAlMkYlMkYlMjBPcHRpb25hbCUyMHBhcmFtZXRlciUzQSUyMGZvcm1zJTIwd2lsbCUyMGJlJTIwcGxhY2VkJTIwaW5zaWRlJTIwdGhlJTIwZWxlbWVudCUyMHdpdGglMjB0aGUlMjBzcGVjaWZpZWQlMjBpZCUwQSUyMCUyMCUyMCUyMCUyRiUyRiUyMHNzX2Zvcm0ucG9sbGluZyUyMCUzRCUyMHRydWUlM0IlMjAlMkYlMkYlMjBPcHRpb25hbCUyMHBhcmFtZXRlciUzQSUyMHNldCUyMHRvJTIwdHJ1ZSUyME9OTFklMjBpZiUyMHlvdXIlMjBwYWdlJTIwbG9hZHMlMjBkeW5hbWljYWxseSUyMGFuZCUyMHRoZSUyMGlkJTIwbmVlZHMlMjB0byUyMGJlJTIwcG9sbGVkJTIwY29udGludWFsbHkuJTBBJTNDJTJGc2NyaXB0JTNFJTBBJTNDc2NyaXB0JTIwdHlwZSUzRCUyMnRleHQlMkZqYXZhc2NyaXB0JTIyJTIwc3JjJTNEJTIyaHR0cHMlM0ElMkYlMkZrb2ktM1FOTFdRSFhRTy5tYXJrZXRpbmdhdXRvbWF0aW9uLnNlcnZpY2VzJTJGY2xpZW50JTJGZm9ybS5qcyUzRnZlciUzRDIuMC4xJTIyJTNFJTNDJTJGc2NyaXB0JTNF[\/vc_raw_html][\/vc_column][\/vc_row][vc_row el_id=&#8221;video&#8221;][vc_column][vc_empty_space][vc_video link=&#8221;https:\/\/youtu.be\/1HEB4OztGEE?si=mCdeR_mQfjBeQoWf&#8221; css=&#8221;&#8221;][vc_column_text css=&#8221;&#8221;][\/vc_column_text][\/vc_column][\/vc_row]Read more\" \/>\n<meta property=\"og:url\" content=\"https:\/\/www.pool-agri.com\/quick-cover\/angebot-anfragen\/?lang=de\" \/>\n<meta property=\"og:site_name\" content=\"Quick-Cover\" \/>\n<meta property=\"article:modified_time\" content=\"2026-02-12T17:16:43+00:00\" \/>\n<meta name=\"twitter:label1\" content=\"Geschatte leestijd\" \/>\n\t<meta name=\"twitter:data1\" content=\"1 minuut\" \/>\n<script type=\"application\/ld+json\" class=\"yoast-schema-graph\">{\"@context\":\"https:\\\/\\\/schema.org\",\"@graph\":[{\"@type\":\"WebPage\",\"@id\":\"https:\\\/\\\/www.pool-agri.com\\\/quick-cover\\\/angebot-anfragen\\\/?lang=de\",\"url\":\"https:\\\/\\\/www.pool-agri.com\\\/quick-cover\\\/angebot-anfragen\\\/?lang=de\",\"name\":\"Angebot anfragen - Quick-Cover\",\"isPartOf\":{\"@id\":\"https:\\\/\\\/www.pool-agri.com\\\/quick-cover\\\/#website\"},\"datePublished\":\"2023-08-30T09:21:32+00:00\",\"dateModified\":\"2026-02-12T17:16:43+00:00\",\"inLanguage\":\"nl-NL\",\"potentialAction\":[{\"@type\":\"ReadAction\",\"target\":[\"https:\\\/\\\/www.pool-agri.com\\\/quick-cover\\\/angebot-anfragen\\\/?lang=de\"]}]},{\"@type\":\"WebSite\",\"@id\":\"https:\\\/\\\/www.pool-agri.com\\\/quick-cover\\\/#website\",\"url\":\"https:\\\/\\\/www.pool-agri.com\\\/quick-cover\\\/\",\"name\":\"Quick-Cover\",\"description\":\"Een andere Pool Agri websites site\",\"potentialAction\":[{\"@type\":\"SearchAction\",\"target\":{\"@type\":\"EntryPoint\",\"urlTemplate\":\"https:\\\/\\\/www.pool-agri.com\\\/quick-cover\\\/?s={search_term_string}\"},\"query-input\":{\"@type\":\"PropertyValueSpecification\",\"valueRequired\":true,\"valueName\":\"search_term_string\"}}],\"inLanguage\":\"nl-NL\"}]}<\/script>\n<!-- \/ Yoast SEO plugin. -->","yoast_head_json":{"title":"Angebot anfragen - Quick-Cover","robots":{"index":"index","follow":"follow","max-snippet":"max-snippet:-1","max-image-preview":"max-image-preview:large","max-video-preview":"max-video-preview:-1"},"canonical":"https:\/\/www.pool-agri.com\/quick-cover\/angebot-anfragen\/?lang=de","og_locale":"nl_NL","og_type":"article","og_title":"Angebot anfragen - Quick-Cover","og_description":"[vc_row][vc_column][vc_empty_space][vc_custom_heading text=&#8221;Sorgen Sie daf\u00fcr, dass Ihr Fuhrpark optimal vorbereitet ist! Sicher auf der Stra\u00dfe mit Quick-Cover, die Profi-L\u00f6sung f\u00fcr Ihre H\u00e4chselkette.&#8221; google_fonts=&#8221;font_family:Mako%3Aregular|font_style:400%20regular%3A400%3Anormal&#8221; css=&#8221;&#8221;][vc_empty_space height=&#8221;16px&#8221;][vc_column_text css=&#8221;&#8221;]F\u00fcllen Sie das folgende Formular aus, um ein unverbindliches Angebot passend zu Ihrem Fahrzeug zu erhalten:[\/vc_column_text][vc_raw_html]JTNDJTIxLS0lMjBTaGFycFNwcmluZyUyMEZvcm0lMjBmb3IlMjBRdWljay1Db3ZlciUyMEFORlJBR0UlMjAlMjAtLSUzRSUwQSUzQ3NjcmlwdCUyMHR5cGUlM0QlMjJ0ZXh0JTJGamF2YXNjcmlwdCUyMiUzRSUwQSUyMCUyMCUyMCUyMHZhciUyMHNzX2Zvcm0lMjAlM0QlMjAlN0IlMjdhY2NvdW50JTI3JTNBJTIwJTI3TXphd01MRXdzTEF3QXdBJTI3JTJDJTIwJTI3Zm9ybUlEJTI3JTNBJTIwJTI3czB4TlNrNU9UclBRVFRSTU50UTFNVXBNMVUxTVNUSFNOYkkwVGpSSk5UVTBNYlV3QndBJTI3JTdEJTNCJTBBJTIwJTIwJTIwJTIwc3NfZm9ybS53aWR0aCUyMCUzRCUyMCUyNzEwMCUyNSUyNyUzQiUwQSUyMCUyMCUyMCUyMHNzX2Zvcm0uZG9tYWluJTIwJTNEJTIwJTI3YXBwLTNRTkxXUUhYUU8ubWFya2V0aW5nYXV0b21hdGlvbi5zZXJ2aWNlcyUyNyUzQiUwQSUyMCUyMCUyMCUyMCUyRiUyRiUyMHNzX2Zvcm0uaGlkZGVuJTIwJTNEJTIwJTdCJTI3ZmllbGRfaWQlMjclM0ElMjAlMjd2YWx1ZSUyNyU3RCUzQiUyMCUyRiUyRiUyME1vZGlmeSUyMHRoaXMlMjBmb3IlMjBzZW5kaW5nJTIwaGlkZGVuJTIwdmFyaWFibGVzJTJDJTIwb3IlMjBvdmVycmlkaW5nJTIwdmFsdWVzJTBBJTIwJTIwJTIwJTIwJTJGJTJGJTIwc3NfZm9ybS50YXJnZXRfaWQlMjAlM0QlMjAlMjd0YXJnZXQlMjclM0IlMjAlMkYlMkYlMjBPcHRpb25hbCUyMHBhcmFtZXRlciUzQSUyMGZvcm1zJTIwd2lsbCUyMGJlJTIwcGxhY2VkJTIwaW5zaWRlJTIwdGhlJTIwZWxlbWVudCUyMHdpdGglMjB0aGUlMjBzcGVjaWZpZWQlMjBpZCUwQSUyMCUyMCUyMCUyMCUyRiUyRiUyMHNzX2Zvcm0ucG9sbGluZyUyMCUzRCUyMHRydWUlM0IlMjAlMkYlMkYlMjBPcHRpb25hbCUyMHBhcmFtZXRlciUzQSUyMHNldCUyMHRvJTIwdHJ1ZSUyME9OTFklMjBpZiUyMHlvdXIlMjBwYWdlJTIwbG9hZHMlMjBkeW5hbWljYWxseSUyMGFuZCUyMHRoZSUyMGlkJTIwbmVlZHMlMjB0byUyMGJlJTIwcG9sbGVkJTIwY29udGludWFsbHkuJTBBJTNDJTJGc2NyaXB0JTNFJTBBJTNDc2NyaXB0JTIwdHlwZSUzRCUyMnRleHQlMkZqYXZhc2NyaXB0JTIyJTIwc3JjJTNEJTIyaHR0cHMlM0ElMkYlMkZrb2ktM1FOTFdRSFhRTy5tYXJrZXRpbmdhdXRvbWF0aW9uLnNlcnZpY2VzJTJGY2xpZW50JTJGZm9ybS5qcyUzRnZlciUzRDIuMC4xJTIyJTNFJTNDJTJGc2NyaXB0JTNF[\/vc_raw_html][\/vc_column][\/vc_row][vc_row el_id=&#8221;video&#8221;][vc_column][vc_empty_space][vc_video link=&#8221;https:\/\/youtu.be\/1HEB4OztGEE?si=mCdeR_mQfjBeQoWf&#8221; css=&#8221;&#8221;][vc_column_text css=&#8221;&#8221;][\/vc_column_text][\/vc_column][\/vc_row]Read more","og_url":"https:\/\/www.pool-agri.com\/quick-cover\/angebot-anfragen\/?lang=de","og_site_name":"Quick-Cover","article_modified_time":"2026-02-12T17:16:43+00:00","twitter_misc":{"Geschatte leestijd":"1 minuut"},"schema":{"@context":"https:\/\/schema.org","@graph":[{"@type":"WebPage","@id":"https:\/\/www.pool-agri.com\/quick-cover\/angebot-anfragen\/?lang=de","url":"https:\/\/www.pool-agri.com\/quick-cover\/angebot-anfragen\/?lang=de","name":"Angebot anfragen - Quick-Cover","isPartOf":{"@id":"https:\/\/www.pool-agri.com\/quick-cover\/#website"},"datePublished":"2023-08-30T09:21:32+00:00","dateModified":"2026-02-12T17:16:43+00:00","inLanguage":"nl-NL","potentialAction":[{"@type":"ReadAction","target":["https:\/\/www.pool-agri.com\/quick-cover\/angebot-anfragen\/?lang=de"]}]},{"@type":"WebSite","@id":"https:\/\/www.pool-agri.com\/quick-cover\/#website","url":"https:\/\/www.pool-agri.com\/quick-cover\/","name":"Quick-Cover","description":"Een andere Pool Agri websites site","potentialAction":[{"@type":"SearchAction","target":{"@type":"EntryPoint","urlTemplate":"https:\/\/www.pool-agri.com\/quick-cover\/?s={search_term_string}"},"query-input":{"@type":"PropertyValueSpecification","valueRequired":true,"valueName":"search_term_string"}}],"inLanguage":"nl-NL"}]}},"_links":{"self":[{"href":"https:\/\/www.pool-agri.com\/quick-cover\/wp-json\/wp\/v2\/pages\/1376","targetHints":{"allow":["GET"]}}],"collection":[{"href":"https:\/\/www.pool-agri.com\/quick-cover\/wp-json\/wp\/v2\/pages"}],"about":[{"href":"https:\/\/www.pool-agri.com\/quick-cover\/wp-json\/wp\/v2\/types\/page"}],"author":[{"embeddable":true,"href":"https:\/\/www.pool-agri.com\/quick-cover\/wp-json\/wp\/v2\/users\/2"}],"replies":[{"embeddable":true,"href":"https:\/\/www.pool-agri.com\/quick-cover\/wp-json\/wp\/v2\/comments?post=1376"}],"version-history":[{"count":34,"href":"https:\/\/www.pool-agri.com\/quick-cover\/wp-json\/wp\/v2\/pages\/1376\/revisions"}],"predecessor-version":[{"id":1604,"href":"https:\/\/www.pool-agri.com\/quick-cover\/wp-json\/wp\/v2\/pages\/1376\/revisions\/1604"}],"wp:attachment":[{"href":"https:\/\/www.pool-agri.com\/quick-cover\/wp-json\/wp\/v2\/media?parent=1376"}],"curies":[{"name":"wp","href":"https:\/\/api.w.org\/{rel}","templated":true}]}}