{"id":3038,"date":"2018-09-27T23:06:41","date_gmt":"2018-09-27T22:06:41","guid":{"rendered":"http:\/\/www.pool-agri.com\/mcconnel\/?page_id=3038"},"modified":"2018-09-27T23:06:41","modified_gmt":"2018-09-27T22:06:41","slug":"mcconnel-shakaerator-jubilaeum-35-jahre-noch-voll-im-gange","status":"publish","type":"page","link":"https:\/\/www.pool-agri.com\/mcconnel\/de\/mcconnel-shakaerator-jubilaeum-35-jahre-noch-voll-im-gange\/","title":{"rendered":"McConnel SHAKAERATOR Jubil\u00e4um 35 Jahre | noch voll im Gange!"},"content":{"rendered":"<p><strong>Wie \u00f6fters, auch in der Landwirtschaft, wiederholt sich die Geschichte. Manchmal, weil ein Konzept oder eine Maschine zu fr\u00fch auf den Markt kam, oft aber wegen neuer Aufmerksamkeit. Letzteres trifft sicher auf den McConnel SHAKAERATOR zu, der vor 35 Jahren in 1983 von England in die Niederlande kam.<\/strong><\/p>\n<p>Warum? Denn eine gute Bodenbewirtschaftung und wirtschaftliche Gr\u00fcnlandpflege waren bereits in den fr\u00fchen 80er Jahren des letzten Jahrhunderts auf dem Vormarsch. In der grasreichen Provinz Overijssel und auch in anderen Regionen mit einem gro\u00dfem Gr\u00fcnlandanteil durchshauten Landwirte die Vorteile einer Gr\u00fcnlandlockerung ohne Umbruch. Die Vibrationswirkung und die besondere Zinkenform des SHAKAERATORS erwiesen bereits im Jahr 1983 die Vorteile von einer ganzfl\u00e4chige Bodenlockerung ohne Besch\u00e4digung von der Grasnarbe. Auch damals f\u00fchrte eine Bearbeitung mit dem SHAKAERATOR zu einem erh\u00f6hten TM Ertrag und eine st\u00e4rkere Grasnarbe.<\/p>\n<p><strong>Gr\u00fcnland gegen D\u00fcrre und \u00dcberschwemmungen sch\u00fctzen<\/strong><br \/>\nMit dem trockensten Sommer seit Jahrzehnten noch frisch in Erinnerung w\u00e4re es voreilig extreme Niederschl\u00e4ge zu ber\u00fccksichtigen. Allerdings gab es vor nur 9 Monaten noch gro\u00dfe \u00dcberschwemmungen. Gr\u00fcnland hatte es schwer zu verdauen. Bei Trockenheit sind eine tiefe Bewurzelung und eine gute Kapillarwirkung ausschlaggebend f\u00fcr den Ertrag. Ebenfalls ist die Entw\u00e4sserung unter nassen Bedingungen von gro\u00dfer Bedeutung. Wo Wasser staut, w\u00e4chst kein Gras. Im Jahr 2018 gibt es eine neue Herausforderung im Kampf gegen Wetterextreme. Der McConnel SHAKAERATOR bietet Hilfe an allen Fronten. Genau wie vor 35 Jahren!<\/p>\n<p><strong>SHAKAERATOR 35 Jahren Jubil\u00e4umsaktion<\/strong><br \/>\nSeit 35 Jahren sorgt der McConnel SHAKAERATOR f\u00fcr Mehrertrag auf Wiesen und Ackern. Ohne Besch\u00e4digung der Grasnarbe und ohne Dammbildung! Starten Sie diesem Herbst mit dem SHAKAERATOR und profitieren Sie dem <strong>sehr attraktiven Jubil\u00e4um-Vorteil<\/strong> von \u20ac 2.500!<\/p>\n<p>Wer zuerst kommt, mahlt zuerst! Jetzt ein unverbindliches <strong><span style=\"color: #ff6600;\"><a style=\"color: #ff6600;\" href=\"http:\/\/www.pool-agri.com\/mcconnel\/de\/kontakt\/\">Angebot anfragen<\/a><\/span><\/strong>!<\/p>\n<p>Klicken Sie auf das Jubil\u00e4umslogo f\u00fcr das <span style=\"color: #ff6600;\"><strong><a style=\"color: #ff6600;\" href=\"http:\/\/www.youtube.com\/embed\/APQwKlDJcf0\" target=\"_blank\" rel=\"noopener\">Video<\/a><\/strong><\/span> des SHAKAERATOR mit dem County im Einsatz!<br \/>\n<a href=\"\/\/www.youtube.com\/embed\/APQwKlDJcf0\" target=\"_blank\" rel=\"noopener\"><img loading=\"lazy\" decoding=\"async\" class=\"alignleft size-medium wp-image-3003\" src=\"http:\/\/www.pool-agri.com\/mcconnel\/wp-content\/uploads\/sites\/2\/2018\/09\/Logo_Shakaerator-35-years_still-going-strong-300x209.png\" alt=\"\" width=\"300\" height=\"209\" \/><\/a><br \/>\n* Sonderangebot gilt nur f\u00fcr Auftr\u00e4ge ab den 1. Oktober 2018. Solange der Vorrat reicht. Fragen Sie nach den Bedingungen.<\/p>\n","protected":false},"excerpt":{"rendered":"<p>Wie \u00f6fters, auch in der Landwirtschaft, wiederholt sich die Geschichte. Manchmal, weil ein Konzept oder eine Maschine zu fr\u00fch auf den Markt kam, oft aber wegen neuer Aufmerksamkeit. Letzteres trifft sicher auf den McConnel SHAKAERATOR zu, der vor 35 Jahren in 1983 von England in die Niederlande kam. Warum? Denn eine gute Bodenbewirtschaftung und wirtschaftliche<br \/><a href=\"https:\/\/www.pool-agri.com\/mcconnel\/de\/mcconnel-shakaerator-jubilaeum-35-jahre-noch-voll-im-gange\/\" class=\"more\">Read more<\/a><\/p>\n","protected":false},"author":2,"featured_media":3005,"parent":0,"menu_order":0,"comment_status":"closed","ping_status":"closed","template":"","meta":{"_acf_changed":false,"footnotes":""},"class_list":["post-3038","page","type-page","status-publish","has-post-thumbnail","hentry"],"acf":[],"yoast_head":"<!-- This site is optimized with the Yoast SEO plugin v27.6 - https:\/\/yoast.com\/product\/yoast-seo-wordpress\/ -->\n<title>McConnel SHAKAERATOR Jubil\u00e4um 35 Jahre | noch voll im Gange! - McConnel<\/title>\n<meta name=\"description\" content=\"Seit 35 Jahren sorgt der McConnel SHAKAERATOR f\u00fcr Mehrertrag auf Wiesen und Ackern. Ohne Besch\u00e4digung der Grasnarbe und ohne Dammbildung! Starten Sie diesem Herbst mit dem SHAKAERATOR und profitieren Sie dem sehr attraktiven Jubil\u00e4um-Vorteil!\" \/>\n<meta name=\"robots\" content=\"index, follow, max-snippet:-1, max-image-preview:large, max-video-preview:-1\" \/>\n<link rel=\"canonical\" href=\"https:\/\/www.pool-agri.com\/mcconnel\/de\/mcconnel-shakaerator-jubilaeum-35-jahre-noch-voll-im-gange\/\" \/>\n<meta name=\"twitter:label1\" content=\"Gesch\u00e4tzte Lesezeit\" \/>\n\t<meta name=\"twitter:data1\" content=\"2\u00a0Minuten\" \/>\n<script type=\"application\/ld+json\" class=\"yoast-schema-graph\">{\"@context\":\"https:\\\/\\\/schema.org\",\"@graph\":[{\"@type\":\"WebPage\",\"@id\":\"https:\\\/\\\/www.pool-agri.com\\\/mcconnel\\\/de\\\/mcconnel-shakaerator-jubilaeum-35-jahre-noch-voll-im-gange\\\/\",\"url\":\"https:\\\/\\\/www.pool-agri.com\\\/mcconnel\\\/de\\\/mcconnel-shakaerator-jubilaeum-35-jahre-noch-voll-im-gange\\\/\",\"name\":\"McConnel SHAKAERATOR Jubil\u00e4um 35 Jahre | noch voll im Gange! - McConnel\",\"isPartOf\":{\"@id\":\"https:\\\/\\\/www.pool-agri.com\\\/mcconnel\\\/de\\\/#website\"},\"primaryImageOfPage\":{\"@id\":\"https:\\\/\\\/www.pool-agri.com\\\/mcconnel\\\/de\\\/mcconnel-shakaerator-jubilaeum-35-jahre-noch-voll-im-gange\\\/#primaryimage\"},\"image\":{\"@id\":\"https:\\\/\\\/www.pool-agri.com\\\/mcconnel\\\/de\\\/mcconnel-shakaerator-jubilaeum-35-jahre-noch-voll-im-gange\\\/#primaryimage\"},\"thumbnailUrl\":\"https:\\\/\\\/www.pool-agri.com\\\/mcconnel\\\/wp-content\\\/uploads\\\/sites\\\/2\\\/2018\\\/09\\\/McConnel-SHAKAERATOR-GL2500-promo-County_10092018-4-rev..jpg\",\"datePublished\":\"2018-09-27T22:06:41+00:00\",\"description\":\"Seit 35 Jahren sorgt der McConnel SHAKAERATOR f\u00fcr Mehrertrag auf Wiesen und Ackern. Ohne Besch\u00e4digung der Grasnarbe und ohne Dammbildung! Starten Sie diesem Herbst mit dem SHAKAERATOR und profitieren Sie dem sehr attraktiven Jubil\u00e4um-Vorteil!\",\"inLanguage\":\"de\",\"potentialAction\":[{\"@type\":\"ReadAction\",\"target\":[\"https:\\\/\\\/www.pool-agri.com\\\/mcconnel\\\/de\\\/mcconnel-shakaerator-jubilaeum-35-jahre-noch-voll-im-gange\\\/\"]}]},{\"@type\":\"ImageObject\",\"inLanguage\":\"de\",\"@id\":\"https:\\\/\\\/www.pool-agri.com\\\/mcconnel\\\/de\\\/mcconnel-shakaerator-jubilaeum-35-jahre-noch-voll-im-gange\\\/#primaryimage\",\"url\":\"https:\\\/\\\/www.pool-agri.com\\\/mcconnel\\\/wp-content\\\/uploads\\\/sites\\\/2\\\/2018\\\/09\\\/McConnel-SHAKAERATOR-GL2500-promo-County_10092018-4-rev..jpg\",\"contentUrl\":\"https:\\\/\\\/www.pool-agri.com\\\/mcconnel\\\/wp-content\\\/uploads\\\/sites\\\/2\\\/2018\\\/09\\\/McConnel-SHAKAERATOR-GL2500-promo-County_10092018-4-rev..jpg\",\"width\":2299,\"height\":1472},{\"@type\":\"WebSite\",\"@id\":\"https:\\\/\\\/www.pool-agri.com\\\/mcconnel\\\/de\\\/#website\",\"url\":\"https:\\\/\\\/www.pool-agri.com\\\/mcconnel\\\/de\\\/\",\"name\":\"McConnel\",\"description\":\"Imagine the possibilities\",\"potentialAction\":[{\"@type\":\"SearchAction\",\"target\":{\"@type\":\"EntryPoint\",\"urlTemplate\":\"https:\\\/\\\/www.pool-agri.com\\\/mcconnel\\\/de\\\/?s={search_term_string}\"},\"query-input\":{\"@type\":\"PropertyValueSpecification\",\"valueRequired\":true,\"valueName\":\"search_term_string\"}}],\"inLanguage\":\"de\"}]}<\/script>\n<!-- \/ Yoast SEO plugin. -->","yoast_head_json":{"title":"McConnel SHAKAERATOR Jubil\u00e4um 35 Jahre | noch voll im Gange! - McConnel","description":"Seit 35 Jahren sorgt der McConnel SHAKAERATOR f\u00fcr Mehrertrag auf Wiesen und Ackern. Ohne Besch\u00e4digung der Grasnarbe und ohne Dammbildung! Starten Sie diesem Herbst mit dem SHAKAERATOR und profitieren Sie dem sehr attraktiven Jubil\u00e4um-Vorteil!","robots":{"index":"index","follow":"follow","max-snippet":"max-snippet:-1","max-image-preview":"max-image-preview:large","max-video-preview":"max-video-preview:-1"},"canonical":"https:\/\/www.pool-agri.com\/mcconnel\/de\/mcconnel-shakaerator-jubilaeum-35-jahre-noch-voll-im-gange\/","twitter_misc":{"Gesch\u00e4tzte Lesezeit":"2\u00a0Minuten"},"schema":{"@context":"https:\/\/schema.org","@graph":[{"@type":"WebPage","@id":"https:\/\/www.pool-agri.com\/mcconnel\/de\/mcconnel-shakaerator-jubilaeum-35-jahre-noch-voll-im-gange\/","url":"https:\/\/www.pool-agri.com\/mcconnel\/de\/mcconnel-shakaerator-jubilaeum-35-jahre-noch-voll-im-gange\/","name":"McConnel SHAKAERATOR Jubil\u00e4um 35 Jahre | noch voll im Gange! - McConnel","isPartOf":{"@id":"https:\/\/www.pool-agri.com\/mcconnel\/de\/#website"},"primaryImageOfPage":{"@id":"https:\/\/www.pool-agri.com\/mcconnel\/de\/mcconnel-shakaerator-jubilaeum-35-jahre-noch-voll-im-gange\/#primaryimage"},"image":{"@id":"https:\/\/www.pool-agri.com\/mcconnel\/de\/mcconnel-shakaerator-jubilaeum-35-jahre-noch-voll-im-gange\/#primaryimage"},"thumbnailUrl":"https:\/\/www.pool-agri.com\/mcconnel\/wp-content\/uploads\/sites\/2\/2018\/09\/McConnel-SHAKAERATOR-GL2500-promo-County_10092018-4-rev..jpg","datePublished":"2018-09-27T22:06:41+00:00","description":"Seit 35 Jahren sorgt der McConnel SHAKAERATOR f\u00fcr Mehrertrag auf Wiesen und Ackern. Ohne Besch\u00e4digung der Grasnarbe und ohne Dammbildung! Starten Sie diesem Herbst mit dem SHAKAERATOR und profitieren Sie dem sehr attraktiven Jubil\u00e4um-Vorteil!","inLanguage":"de","potentialAction":[{"@type":"ReadAction","target":["https:\/\/www.pool-agri.com\/mcconnel\/de\/mcconnel-shakaerator-jubilaeum-35-jahre-noch-voll-im-gange\/"]}]},{"@type":"ImageObject","inLanguage":"de","@id":"https:\/\/www.pool-agri.com\/mcconnel\/de\/mcconnel-shakaerator-jubilaeum-35-jahre-noch-voll-im-gange\/#primaryimage","url":"https:\/\/www.pool-agri.com\/mcconnel\/wp-content\/uploads\/sites\/2\/2018\/09\/McConnel-SHAKAERATOR-GL2500-promo-County_10092018-4-rev..jpg","contentUrl":"https:\/\/www.pool-agri.com\/mcconnel\/wp-content\/uploads\/sites\/2\/2018\/09\/McConnel-SHAKAERATOR-GL2500-promo-County_10092018-4-rev..jpg","width":2299,"height":1472},{"@type":"WebSite","@id":"https:\/\/www.pool-agri.com\/mcconnel\/de\/#website","url":"https:\/\/www.pool-agri.com\/mcconnel\/de\/","name":"McConnel","description":"Imagine the possibilities","potentialAction":[{"@type":"SearchAction","target":{"@type":"EntryPoint","urlTemplate":"https:\/\/www.pool-agri.com\/mcconnel\/de\/?s={search_term_string}"},"query-input":{"@type":"PropertyValueSpecification","valueRequired":true,"valueName":"search_term_string"}}],"inLanguage":"de"}]}},"_links":{"self":[{"href":"https:\/\/www.pool-agri.com\/mcconnel\/de\/wp-json\/wp\/v2\/pages\/3038","targetHints":{"allow":["GET"]}}],"collection":[{"href":"https:\/\/www.pool-agri.com\/mcconnel\/de\/wp-json\/wp\/v2\/pages"}],"about":[{"href":"https:\/\/www.pool-agri.com\/mcconnel\/de\/wp-json\/wp\/v2\/types\/page"}],"author":[{"embeddable":true,"href":"https:\/\/www.pool-agri.com\/mcconnel\/de\/wp-json\/wp\/v2\/users\/2"}],"replies":[{"embeddable":true,"href":"https:\/\/www.pool-agri.com\/mcconnel\/de\/wp-json\/wp\/v2\/comments?post=3038"}],"version-history":[{"count":0,"href":"https:\/\/www.pool-agri.com\/mcconnel\/de\/wp-json\/wp\/v2\/pages\/3038\/revisions"}],"wp:featuredmedia":[{"embeddable":true,"href":"https:\/\/www.pool-agri.com\/mcconnel\/de\/wp-json\/wp\/v2\/media\/3005"}],"wp:attachment":[{"href":"https:\/\/www.pool-agri.com\/mcconnel\/de\/wp-json\/wp\/v2\/media?parent=3038"}],"curies":[{"name":"wp","href":"https:\/\/api.w.org\/{rel}","templated":true}]}}