{"id":2985,"date":"2018-09-14T17:04:05","date_gmt":"2018-09-14T16:04:05","guid":{"rendered":"http:\/\/www.pool-agri.com\/mcconnel\/?page_id=2985"},"modified":"2018-09-14T17:06:27","modified_gmt":"2018-09-14T16:06:27","slug":"maisstoppel-einarbeiten-und-tiefenlockerung-einem-arbeitsgang","status":"publish","type":"page","link":"https:\/\/www.pool-agri.com\/mcconnel\/de\/maisstoppel-einarbeiten-und-tiefenlockerung-einem-arbeitsgang\/","title":{"rendered":"Maisstoppel einarbeiten und Tiefenlockerung in einem Arbeitsgang"},"content":{"rendered":"<p>Der Kombi-Tiefenlockerer <strong>DISCAERATOR<\/strong> \u00fcberzeugt durch herausragende Leistung: in nur einem Arbeitsgang werden Pflanzenr\u00fcckst\u00e4nde in den Boden eingearbeitet und der Boden wird gelockert bis in einer Tiefe von 40 cm, l\u00f6st Verdichtungen und bereitet den Boden f\u00fcr Tiefwurzler vor. Mit der Kombination von Tiefenlockerung und Einmischung von Ernter\u00fcckst\u00e4nde unterscheidet sich der DISCAERATOR von Mittbewerber. Die Zinken f\u00fchren eine Tieflockerung durch ohne dass die verschiedenen Bodenschichten sich mischen. Somit wird der Boden nicht anf\u00e4llig f\u00fcr Trockenheit und bleibt der Humusgehalt im Oberboden behalten. Die Anordnung der Zinken ist variabel und erzielt ein perfektes Saatbeet.<strong><br \/>\n<\/strong>Der DISCAERATOR gibt es als Dreipunktanbau mit 3 Meter Arbeitsbreite und als aufgesattelte Variante in 4, 5 und 6 Meter Arbeitsbreite. Somit gibt es f\u00fcr jeden Boden und fast jeder Schlepper eine geeignete DISCAERATOR.Der Discaerator Kombigrubber ist verf\u00fcgbar mit Arbeitsbreiten von 3 und 4 Metern. Die Zinken bearbeiten den Boden nur leicht und bel\u00fcften den, ohne das der Boden anf\u00e4llig wird f\u00fcr Trockenheit. Die Form und die Breite der Zinken verhindern, da\u00df die verschiedenen Bodenschichten sich mischen. Die Anordnung der Zinken ist variabel, so da\u00df es f\u00fcr jeden Boden und fast jeder Schlepper eine geeignete Discaerator gibt.<\/p>\n<p>Profitieren Sie jetzt dem Herbstvorteil von bis zu \u20ac 3500! Klicken Sie hier f\u00fcr ein <span style=\"color: #ff6600;\"><strong><a style=\"color: #ff6600;\" href=\"http:\/\/www.pool-agri.com\/mcconnel\/de\/kontakt\/\" target=\"_blank\" rel=\"noopener\">gratis Angebot<\/a><\/strong><\/span><\/p>\n<p><strong>Ausstattung McConnel Discaerator Kombi-Tiefenlockerer:<\/strong><\/p>\n<ul>\n<li><span style=\"color: #d4d4d4;\">parallel gef\u00fchrter Rahmen f\u00fcr gleichm\u00e4\u00dfiger Tiefenf\u00fchrung Zinken und Scheiben<\/span><\/li>\n<li><span style=\"color: #d4d4d4;\">508 mm gro\u00dfe gezackte Scheiben (5 mm Starke) mit Fremdk\u00f6rper-Sicherung \u00fcber Gummi-Puffer<\/span><\/li>\n<li><span style=\"color: #d4d4d4;\">7 oder 9 Tiefenlockerungszinken<\/span><\/li>\n<li><span style=\"color: #d4d4d4;\">h\u00f6henverstellbare Nachlaufwalze f\u00fcr Tiefenf\u00fchrung und R\u00fcckverfestigung<\/span><\/li>\n<li><span style=\"color: #d4d4d4;\">Geschickt konstruierte und erprobte leichtz\u00fcgige Zinkenschare<\/span><\/li>\n<li><span style=\"color: #d4d4d4;\">hydraulische Tiefeneinstellung Zinken Tiefenlockerungszinken 750mm mit automatischem R\u00fcckstellung<\/span><br \/>\n<span style=\"color: #d4d4d4;\">\u00fcber Gasdruck-ZylinderHier geht&#8217;s zum Video&#8230;.<strong>\u00a0<span style=\"color: #ff6600;\"><a style=\"color: #ff6600;\" href=\"\/\/www.youtube.com\/embed\/XhT8IWDb6tI\" target=\"_blank\" rel=\"noopener\">DISCAERATOR im Einsatz<\/a><\/span><\/strong><\/span><\/li>\n<\/ul>\n","protected":false},"excerpt":{"rendered":"<p>Der Kombi-Tiefenlockerer DISCAERATOR \u00fcberzeugt durch herausragende Leistung: in nur einem Arbeitsgang werden Pflanzenr\u00fcckst\u00e4nde in den Boden eingearbeitet und der Boden wird gelockert bis in einer Tiefe von 40 cm, l\u00f6st Verdichtungen und bereitet den Boden f\u00fcr Tiefwurzler vor. Mit der Kombination von Tiefenlockerung und Einmischung von Ernter\u00fcckst\u00e4nde unterscheidet sich der DISCAERATOR von Mittbewerber. Die Zinken<br \/><a href=\"https:\/\/www.pool-agri.com\/mcconnel\/de\/maisstoppel-einarbeiten-und-tiefenlockerung-einem-arbeitsgang\/\" class=\"more\">Read more<\/a><\/p>\n","protected":false},"author":2,"featured_media":2922,"parent":0,"menu_order":0,"comment_status":"closed","ping_status":"closed","template":"","meta":{"_acf_changed":false,"footnotes":""},"class_list":["post-2985","page","type-page","status-publish","has-post-thumbnail","hentry"],"acf":[],"yoast_head":"<!-- This site is optimized with the Yoast SEO plugin v27.4 - https:\/\/yoast.com\/product\/yoast-seo-wordpress\/ -->\n<title>Maisstoppel einarbeiten und Tiefenlockerung in einem Arbeitsgang - McConnel<\/title>\n<meta name=\"robots\" content=\"index, follow, max-snippet:-1, max-image-preview:large, max-video-preview:-1\" \/>\n<link rel=\"canonical\" href=\"https:\/\/www.pool-agri.com\/mcconnel\/de\/maisstoppel-einarbeiten-und-tiefenlockerung-einem-arbeitsgang\/\" \/>\n<meta name=\"twitter:label1\" content=\"Gesch\u00e4tzte Lesezeit\" \/>\n\t<meta name=\"twitter:data1\" content=\"1\u00a0Minute\" \/>\n<script type=\"application\/ld+json\" class=\"yoast-schema-graph\">{\"@context\":\"https:\\\/\\\/schema.org\",\"@graph\":[{\"@type\":\"WebPage\",\"@id\":\"https:\\\/\\\/www.pool-agri.com\\\/mcconnel\\\/de\\\/maisstoppel-einarbeiten-und-tiefenlockerung-einem-arbeitsgang\\\/\",\"url\":\"https:\\\/\\\/www.pool-agri.com\\\/mcconnel\\\/de\\\/maisstoppel-einarbeiten-und-tiefenlockerung-einem-arbeitsgang\\\/\",\"name\":\"Maisstoppel einarbeiten und Tiefenlockerung in einem Arbeitsgang - McConnel\",\"isPartOf\":{\"@id\":\"https:\\\/\\\/www.pool-agri.com\\\/mcconnel\\\/de\\\/#website\"},\"primaryImageOfPage\":{\"@id\":\"https:\\\/\\\/www.pool-agri.com\\\/mcconnel\\\/de\\\/maisstoppel-einarbeiten-und-tiefenlockerung-einem-arbeitsgang\\\/#primaryimage\"},\"image\":{\"@id\":\"https:\\\/\\\/www.pool-agri.com\\\/mcconnel\\\/de\\\/maisstoppel-einarbeiten-und-tiefenlockerung-einem-arbeitsgang\\\/#primaryimage\"},\"thumbnailUrl\":\"https:\\\/\\\/www.pool-agri.com\\\/mcconnel\\\/wp-content\\\/uploads\\\/sites\\\/2\\\/2018\\\/06\\\/Discaerator-3000-Seeder-MF-RR.jpg\",\"datePublished\":\"2018-09-14T16:04:05+00:00\",\"dateModified\":\"2018-09-14T16:06:27+00:00\",\"inLanguage\":\"de\",\"potentialAction\":[{\"@type\":\"ReadAction\",\"target\":[\"https:\\\/\\\/www.pool-agri.com\\\/mcconnel\\\/de\\\/maisstoppel-einarbeiten-und-tiefenlockerung-einem-arbeitsgang\\\/\"]}]},{\"@type\":\"ImageObject\",\"inLanguage\":\"de\",\"@id\":\"https:\\\/\\\/www.pool-agri.com\\\/mcconnel\\\/de\\\/maisstoppel-einarbeiten-und-tiefenlockerung-einem-arbeitsgang\\\/#primaryimage\",\"url\":\"https:\\\/\\\/www.pool-agri.com\\\/mcconnel\\\/wp-content\\\/uploads\\\/sites\\\/2\\\/2018\\\/06\\\/Discaerator-3000-Seeder-MF-RR.jpg\",\"contentUrl\":\"https:\\\/\\\/www.pool-agri.com\\\/mcconnel\\\/wp-content\\\/uploads\\\/sites\\\/2\\\/2018\\\/06\\\/Discaerator-3000-Seeder-MF-RR.jpg\",\"width\":1200,\"height\":680},{\"@type\":\"WebSite\",\"@id\":\"https:\\\/\\\/www.pool-agri.com\\\/mcconnel\\\/de\\\/#website\",\"url\":\"https:\\\/\\\/www.pool-agri.com\\\/mcconnel\\\/de\\\/\",\"name\":\"McConnel\",\"description\":\"Imagine the possibilities\",\"potentialAction\":[{\"@type\":\"SearchAction\",\"target\":{\"@type\":\"EntryPoint\",\"urlTemplate\":\"https:\\\/\\\/www.pool-agri.com\\\/mcconnel\\\/de\\\/?s={search_term_string}\"},\"query-input\":{\"@type\":\"PropertyValueSpecification\",\"valueRequired\":true,\"valueName\":\"search_term_string\"}}],\"inLanguage\":\"de\"}]}<\/script>\n<!-- \/ Yoast SEO plugin. -->","yoast_head_json":{"title":"Maisstoppel einarbeiten und Tiefenlockerung in einem Arbeitsgang - McConnel","robots":{"index":"index","follow":"follow","max-snippet":"max-snippet:-1","max-image-preview":"max-image-preview:large","max-video-preview":"max-video-preview:-1"},"canonical":"https:\/\/www.pool-agri.com\/mcconnel\/de\/maisstoppel-einarbeiten-und-tiefenlockerung-einem-arbeitsgang\/","twitter_misc":{"Gesch\u00e4tzte Lesezeit":"1\u00a0Minute"},"schema":{"@context":"https:\/\/schema.org","@graph":[{"@type":"WebPage","@id":"https:\/\/www.pool-agri.com\/mcconnel\/de\/maisstoppel-einarbeiten-und-tiefenlockerung-einem-arbeitsgang\/","url":"https:\/\/www.pool-agri.com\/mcconnel\/de\/maisstoppel-einarbeiten-und-tiefenlockerung-einem-arbeitsgang\/","name":"Maisstoppel einarbeiten und Tiefenlockerung in einem Arbeitsgang - McConnel","isPartOf":{"@id":"https:\/\/www.pool-agri.com\/mcconnel\/de\/#website"},"primaryImageOfPage":{"@id":"https:\/\/www.pool-agri.com\/mcconnel\/de\/maisstoppel-einarbeiten-und-tiefenlockerung-einem-arbeitsgang\/#primaryimage"},"image":{"@id":"https:\/\/www.pool-agri.com\/mcconnel\/de\/maisstoppel-einarbeiten-und-tiefenlockerung-einem-arbeitsgang\/#primaryimage"},"thumbnailUrl":"https:\/\/www.pool-agri.com\/mcconnel\/wp-content\/uploads\/sites\/2\/2018\/06\/Discaerator-3000-Seeder-MF-RR.jpg","datePublished":"2018-09-14T16:04:05+00:00","dateModified":"2018-09-14T16:06:27+00:00","inLanguage":"de","potentialAction":[{"@type":"ReadAction","target":["https:\/\/www.pool-agri.com\/mcconnel\/de\/maisstoppel-einarbeiten-und-tiefenlockerung-einem-arbeitsgang\/"]}]},{"@type":"ImageObject","inLanguage":"de","@id":"https:\/\/www.pool-agri.com\/mcconnel\/de\/maisstoppel-einarbeiten-und-tiefenlockerung-einem-arbeitsgang\/#primaryimage","url":"https:\/\/www.pool-agri.com\/mcconnel\/wp-content\/uploads\/sites\/2\/2018\/06\/Discaerator-3000-Seeder-MF-RR.jpg","contentUrl":"https:\/\/www.pool-agri.com\/mcconnel\/wp-content\/uploads\/sites\/2\/2018\/06\/Discaerator-3000-Seeder-MF-RR.jpg","width":1200,"height":680},{"@type":"WebSite","@id":"https:\/\/www.pool-agri.com\/mcconnel\/de\/#website","url":"https:\/\/www.pool-agri.com\/mcconnel\/de\/","name":"McConnel","description":"Imagine the possibilities","potentialAction":[{"@type":"SearchAction","target":{"@type":"EntryPoint","urlTemplate":"https:\/\/www.pool-agri.com\/mcconnel\/de\/?s={search_term_string}"},"query-input":{"@type":"PropertyValueSpecification","valueRequired":true,"valueName":"search_term_string"}}],"inLanguage":"de"}]}},"_links":{"self":[{"href":"https:\/\/www.pool-agri.com\/mcconnel\/de\/wp-json\/wp\/v2\/pages\/2985","targetHints":{"allow":["GET"]}}],"collection":[{"href":"https:\/\/www.pool-agri.com\/mcconnel\/de\/wp-json\/wp\/v2\/pages"}],"about":[{"href":"https:\/\/www.pool-agri.com\/mcconnel\/de\/wp-json\/wp\/v2\/types\/page"}],"author":[{"embeddable":true,"href":"https:\/\/www.pool-agri.com\/mcconnel\/de\/wp-json\/wp\/v2\/users\/2"}],"replies":[{"embeddable":true,"href":"https:\/\/www.pool-agri.com\/mcconnel\/de\/wp-json\/wp\/v2\/comments?post=2985"}],"version-history":[{"count":0,"href":"https:\/\/www.pool-agri.com\/mcconnel\/de\/wp-json\/wp\/v2\/pages\/2985\/revisions"}],"wp:featuredmedia":[{"embeddable":true,"href":"https:\/\/www.pool-agri.com\/mcconnel\/de\/wp-json\/wp\/v2\/media\/2922"}],"wp:attachment":[{"href":"https:\/\/www.pool-agri.com\/mcconnel\/de\/wp-json\/wp\/v2\/media?parent=2985"}],"curies":[{"name":"wp","href":"https:\/\/api.w.org\/{rel}","templated":true}]}}