{"id":1603,"date":"2017-07-03T14:49:12","date_gmt":"2017-07-03T13:49:12","guid":{"rendered":"https:\/\/www.pool-agri.com\/kellands\/video-gebruikerservaring-agribuggy-zelfrijder\/"},"modified":"2020-04-08T08:36:47","modified_gmt":"2020-04-08T07:36:47","slug":"video-gebruikerservaring-agribuggy-zelfrijder","status":"publish","type":"page","link":"https:\/\/www.pool-agri.com\/kellands\/video-gebruikerservaring-agribuggy-zelfrijder\/?lang=de","title":{"rendered":"AgriBuggy Erfahrungsbericht | der ultimative Selbstfahrer"},"content":{"rendered":"<div class=\"wpb-content-wrapper\"><p>[vc_row][vc_column width=&#8221;2\/3&#8243;][vc_custom_heading text=&#8221;AGRIBUGGY ERFAHRUNGSBERICHT | DER ULTIMATIVE SELBSTFAHRER&#8221; use_theme_fonts=&#8221;yes&#8221;][vc_column_text]Leicht, wendig und immer Zugkraft. Das waren die entscheidende Anforderungen beim Kauf eines Selbstfahrspritzes f\u00fcr Boelens Rollrasen in Borger in den Niederlanden.<\/p>\n<p>Mittlerweile war den AgriBuggy einem Jahr im Einsatz auf dem Betrieb von Henk-Jan Boelens. Wir waren zu Besuch beim Rollrasen- und Ackerbaubetrieb und d\u00fcrften einen Tag mitfahren.<br \/>\nHenk-Jan Boelens, Gesch\u00e4ftsf\u00fchrer von Boelens Rollrasen:\u201dder AgriBuggy ist f\u00fcr uns der ultimative Selbstfahrer\u201d<\/p>\n<p>Besonders Aufmerksamkeit widmeten die kurze Bauweise und die serienm\u00e4\u00dfige Allradlenkung die eine au\u00dfergew\u00f6hnliche Wendigkeit darstellt. Dank des permanenten Allradantriebs und vor allem durch sein geringes Gewicht hat der AgriBuggy deutlich die Nase vorne gegen\u00fcber einem Traktor-Anh\u00e4ngespritze-Gespann. \u201cUnsere Traktor-gezogene-Spritze verursachte Kultursch\u00e4den wodurch Spurverlusten bzw. Ertragseinbu\u00dfen entstanden die wir nicht l\u00e4nger hinnehmen wollten\u201c.<br \/>\n\u201cDie Gewichtsverteilung des AgriBuggy ist optimal im Vergleich zu einer gezogenen Pflanzenschutzspritze, die einen hohen Druck auf die Hinterachse erzeugt\u201c erl\u00e4utert Boelens.<\/p>\n<p>Ein weiterer Ziel bei der Ausbringung von Fl\u00fcssigd\u00fcngern war Pflanzensch\u00e4den durch \u00fcberd\u00fcngen zu vermeiden, Die Serienausstattung von der AgriBuggy ist sehr vollst\u00e4ndig mit automatischer GPS Teilbreitenschaltung, GPS Spurf\u00fchrung, TFT-Digital-\/Farbdisplay f\u00fcr das Fahrzeugmanagement und gew\u00e4hrleistet die pr\u00e4zise Verwendung von Pflanzenschutzmittel und Fl\u00fcssigd\u00fcnger ohne \u00dcberlappungen.[\/vc_column_text][vc_empty_space][vc_video link=&#8221;https:\/\/youtu.be\/HXtvlLjdSMc&#8221;][vc_empty_space][vc_column_text]<strong>F\u00fcnf Gr\u00fcnde warum der Kellands AgriBuggy Leichtgewicht Selbstfahrspritze die Grenzen im Pflanzenschutz verschiebt:<\/strong><strong><br \/>\n<\/strong><\/p>\n<ul>\n<li><strong>Auf geht\u2019s!<\/strong> un\u00fcbertroffene Traktion durch einzigartige mechanische Direkt-Antriebstechnologie<\/li>\n<li><strong>Kein Berg zu hoch!<\/strong> extrem niedriger Schwerpunkt und das selbstnivellierendes Alu-Gest\u00e4nge mit Hangausgleich und variabele Geometrie gew\u00e4hrleisten optimale Stabilit\u00e4t und Standfestigkeit an Hanglagen<\/li>\n<li><strong>Bodenschonend mit h\u00f6chster Produktivit\u00e4t;<\/strong> bei geringen Bodendruck erweitert sich Ihr Einsatzbereich \u2013 Spritzen sogar wann einem das Wasser schon in die Stiefel l\u00e4uft\u2026 \u2013 f\u00fcr sicheres und produktives Arbeiten und Boden- und Pflanzenschonender Einsatz.<\/li>\n<li><strong>Wendigkeit ohne Ende;<\/strong> Allradlenkung und -Antrieb erzielen au\u00dferordentlich hohe Wendigkeit und un\u00fcbertroffene Zugkraft. Das serienm\u00e4\u00dfige Allradlenksystem kommt sogar mit schmalster Vorgewende zurecht.<\/li>\n<li><strong>Effizienz Pur:<\/strong> Das bew\u00e4hrte Cummins Triebwerk mit satte 109 kW\/148 PS und das innovative und ultra-leichte Fahrgestell bieten das klassenweit beste Leistungs-Gewicht. Dank der feinsten Treibstoffeffizienz seiner Klasse verbraucht der Agribuggy nur 70 Liter pro Tag.<\/li>\n<\/ul>\n<p>[\/vc_column_text]<style type=\"text\/css\" >#b_9mx3j7yon9zhn20khs8v a{color:#f2ab01; background:#000000; margin-top:0px; margin-bottom:0px;  margin-left:0px; margin-right:0px; font-weight:900; border-radius:0px;}#b_9mx3j7yon9zhn20khs8v a:hover{color:#ffffff ; background:#bababa ;}<\/style><div class=\"ta_left tf_btn_pos\" id=\"b_9mx3j7yon9zhn20khs8v\" ><a class=\"rd_normal_bt smallmedium_rd_bt  \" href=\"https:\/\/www.pool-agri.com\/kellands\/contact\/\" target=\"\"   >Klicken Sie hier um sofort Infos \u00fcber die AgriBuggy Selbstfahrspritzen zu erhalten<\/a><\/div>[vc_empty_space][\/vc_column][vc_column width=&#8221;1\/3&#8243;][vc_custom_heading text=&#8221;IMPORTEUR&#8221; use_theme_fonts=&#8221;yes&#8221;][vc_single_image image=&#8221;1530&#8243; img_size=&#8221;medium&#8221; onclick=&#8221;custom_link&#8221; hover_effect=&#8221;img_reduce_opacity&#8221; link=&#8221;https:\/\/www.pool-agri.com\/&#8221;]<style type=\"text\/css\" >#b_i8y564ilj6wphb0yh3e8 a{color:#f2ab01; background:#000000; margin-top:0px; margin-bottom:0px;  margin-left:0px; margin-right:0px; font-weight:900; border-radius:0px;}#b_i8y564ilj6wphb0yh3e8 a:hover{color:#ffffff ; background:#bababa ;}<\/style><div class=\"ta_left tf_btn_pos\" id=\"b_i8y564ilj6wphb0yh3e8\" ><a class=\"rd_normal_bt smallmedium_rd_bt  \" href=\"https:\/\/www.pool-agri.com\/\" target=\"\"   >Besuchen Sie die Webseite von Pool Agri<\/a><\/div>[vc_empty_space][\/vc_column][\/vc_row]<\/p>\n<\/div>","protected":false},"excerpt":{"rendered":"<p>[vc_row][vc_column width=&#8221;2\/3&#8243;][vc_custom_heading text=&#8221;AGRIBUGGY ERFAHRUNGSBERICHT | DER ULTIMATIVE SELBSTFAHRER&#8221; use_theme_fonts=&#8221;yes&#8221;][vc_column_text]Leicht, wendig und immer Zugkraft. Das waren die entscheidende Anforderungen beim Kauf eines Selbstfahrspritzes f\u00fcr Boelens Rollrasen in Borger in den Niederlanden. Mittlerweile war den AgriBuggy einem Jahr im Einsatz auf dem Betrieb von Henk-Jan Boelens. Wir waren zu Besuch beim Rollrasen- und Ackerbaubetrieb und d\u00fcrften einen<br \/><a href=\"https:\/\/www.pool-agri.com\/kellands\/video-gebruikerservaring-agribuggy-zelfrijder\/?lang=de\" class=\"more\">Read more<\/a><\/p>\n","protected":false},"author":2,"featured_media":1605,"parent":0,"menu_order":0,"comment_status":"closed","ping_status":"closed","template":"","meta":{"_acf_changed":false,"footnotes":""},"class_list":["post-1603","page","type-page","status-publish","has-post-thumbnail","hentry"],"acf":[],"yoast_head":"<!-- This site is optimized with the Yoast SEO plugin v27.4 - https:\/\/yoast.com\/product\/yoast-seo-wordpress\/ -->\n<title>AgriBuggy Erfahrungsbericht | der ultimative Selbstfahrer - Kellands<\/title>\n<meta name=\"robots\" content=\"index, follow, max-snippet:-1, max-image-preview:large, max-video-preview:-1\" \/>\n<link rel=\"canonical\" href=\"https:\/\/www.pool-agri.com\/kellands\/video-gebruikerservaring-agribuggy-zelfrijder\/?lang=de\" \/>\n<meta property=\"og:locale\" content=\"nl_NL\" \/>\n<meta property=\"og:type\" content=\"article\" \/>\n<meta property=\"og:title\" content=\"AgriBuggy Erfahrungsbericht | der ultimative Selbstfahrer - Kellands\" \/>\n<meta property=\"og:description\" content=\"[vc_row][vc_column width=&#8221;2\/3&#8243;][vc_custom_heading text=&#8221;AGRIBUGGY ERFAHRUNGSBERICHT | DER ULTIMATIVE SELBSTFAHRER&#8221; use_theme_fonts=&#8221;yes&#8221;][vc_column_text]Leicht, wendig und immer Zugkraft. Das waren die entscheidende Anforderungen beim Kauf eines Selbstfahrspritzes f\u00fcr Boelens Rollrasen in Borger in den Niederlanden. Mittlerweile war den AgriBuggy einem Jahr im Einsatz auf dem Betrieb von Henk-Jan Boelens. Wir waren zu Besuch beim Rollrasen- und Ackerbaubetrieb und d\u00fcrften einenRead more\" \/>\n<meta property=\"og:url\" content=\"https:\/\/www.pool-agri.com\/kellands\/video-gebruikerservaring-agribuggy-zelfrijder\/?lang=de\" \/>\n<meta property=\"og:site_name\" content=\"Kellands\" \/>\n<meta property=\"article:modified_time\" content=\"2020-04-08T07:36:47+00:00\" \/>\n<meta property=\"og:image\" content=\"https:\/\/www.pool-agri.com\/kellands\/wp-content\/uploads\/sites\/17\/2017\/07\/AgriBuggy_Testimonial_Boelens_17052017-19-kopie.jpg\" \/>\n\t<meta property=\"og:image:width\" content=\"1990\" \/>\n\t<meta property=\"og:image:height\" content=\"1135\" \/>\n\t<meta property=\"og:image:type\" content=\"image\/jpeg\" \/>\n<meta name=\"twitter:label1\" content=\"Geschatte leestijd\" \/>\n\t<meta name=\"twitter:data1\" content=\"3 minuten\" \/>\n<script type=\"application\/ld+json\" class=\"yoast-schema-graph\">{\"@context\":\"https:\\\/\\\/schema.org\",\"@graph\":[{\"@type\":\"WebPage\",\"@id\":\"https:\\\/\\\/www.pool-agri.com\\\/kellands\\\/video-gebruikerservaring-agribuggy-zelfrijder\\\/?lang=de\",\"url\":\"https:\\\/\\\/www.pool-agri.com\\\/kellands\\\/video-gebruikerservaring-agribuggy-zelfrijder\\\/?lang=de\",\"name\":\"AgriBuggy Erfahrungsbericht | der ultimative Selbstfahrer - Kellands\",\"isPartOf\":{\"@id\":\"https:\\\/\\\/www.pool-agri.com\\\/kellands\\\/?lang=de\\\/#website\"},\"primaryImageOfPage\":{\"@id\":\"https:\\\/\\\/www.pool-agri.com\\\/kellands\\\/video-gebruikerservaring-agribuggy-zelfrijder\\\/?lang=de#primaryimage\"},\"image\":{\"@id\":\"https:\\\/\\\/www.pool-agri.com\\\/kellands\\\/video-gebruikerservaring-agribuggy-zelfrijder\\\/?lang=de#primaryimage\"},\"thumbnailUrl\":\"https:\\\/\\\/www.pool-agri.com\\\/kellands\\\/wp-content\\\/uploads\\\/sites\\\/17\\\/2017\\\/07\\\/AgriBuggy_Testimonial_Boelens_17052017-19-kopie.jpg\",\"datePublished\":\"2017-07-03T13:49:12+00:00\",\"dateModified\":\"2020-04-08T07:36:47+00:00\",\"inLanguage\":\"nl-NL\",\"potentialAction\":[{\"@type\":\"ReadAction\",\"target\":[\"https:\\\/\\\/www.pool-agri.com\\\/kellands\\\/video-gebruikerservaring-agribuggy-zelfrijder\\\/?lang=de\"]}]},{\"@type\":\"ImageObject\",\"inLanguage\":\"nl-NL\",\"@id\":\"https:\\\/\\\/www.pool-agri.com\\\/kellands\\\/video-gebruikerservaring-agribuggy-zelfrijder\\\/?lang=de#primaryimage\",\"url\":\"https:\\\/\\\/www.pool-agri.com\\\/kellands\\\/wp-content\\\/uploads\\\/sites\\\/17\\\/2017\\\/07\\\/AgriBuggy_Testimonial_Boelens_17052017-19-kopie.jpg\",\"contentUrl\":\"https:\\\/\\\/www.pool-agri.com\\\/kellands\\\/wp-content\\\/uploads\\\/sites\\\/17\\\/2017\\\/07\\\/AgriBuggy_Testimonial_Boelens_17052017-19-kopie.jpg\",\"width\":1990,\"height\":1135},{\"@type\":\"WebSite\",\"@id\":\"https:\\\/\\\/www.pool-agri.com\\\/kellands\\\/?lang=de\\\/#website\",\"url\":\"https:\\\/\\\/www.pool-agri.com\\\/kellands\\\/?lang=de\\\/\",\"name\":\"Kellands\",\"description\":\"Een andere Pool Agri websites site\",\"potentialAction\":[{\"@type\":\"SearchAction\",\"target\":{\"@type\":\"EntryPoint\",\"urlTemplate\":\"https:\\\/\\\/www.pool-agri.com\\\/kellands\\\/?lang=de\\\/?s={search_term_string}\"},\"query-input\":{\"@type\":\"PropertyValueSpecification\",\"valueRequired\":true,\"valueName\":\"search_term_string\"}}],\"inLanguage\":\"nl-NL\"}]}<\/script>\n<!-- \/ Yoast SEO plugin. -->","yoast_head_json":{"title":"AgriBuggy Erfahrungsbericht | der ultimative Selbstfahrer - Kellands","robots":{"index":"index","follow":"follow","max-snippet":"max-snippet:-1","max-image-preview":"max-image-preview:large","max-video-preview":"max-video-preview:-1"},"canonical":"https:\/\/www.pool-agri.com\/kellands\/video-gebruikerservaring-agribuggy-zelfrijder\/?lang=de","og_locale":"nl_NL","og_type":"article","og_title":"AgriBuggy Erfahrungsbericht | der ultimative Selbstfahrer - Kellands","og_description":"[vc_row][vc_column width=&#8221;2\/3&#8243;][vc_custom_heading text=&#8221;AGRIBUGGY ERFAHRUNGSBERICHT | DER ULTIMATIVE SELBSTFAHRER&#8221; use_theme_fonts=&#8221;yes&#8221;][vc_column_text]Leicht, wendig und immer Zugkraft. Das waren die entscheidende Anforderungen beim Kauf eines Selbstfahrspritzes f\u00fcr Boelens Rollrasen in Borger in den Niederlanden. Mittlerweile war den AgriBuggy einem Jahr im Einsatz auf dem Betrieb von Henk-Jan Boelens. Wir waren zu Besuch beim Rollrasen- und Ackerbaubetrieb und d\u00fcrften einenRead more","og_url":"https:\/\/www.pool-agri.com\/kellands\/video-gebruikerservaring-agribuggy-zelfrijder\/?lang=de","og_site_name":"Kellands","article_modified_time":"2020-04-08T07:36:47+00:00","og_image":[{"width":1990,"height":1135,"url":"https:\/\/www.pool-agri.com\/kellands\/wp-content\/uploads\/sites\/17\/2017\/07\/AgriBuggy_Testimonial_Boelens_17052017-19-kopie.jpg","type":"image\/jpeg"}],"twitter_misc":{"Geschatte leestijd":"3 minuten"},"schema":{"@context":"https:\/\/schema.org","@graph":[{"@type":"WebPage","@id":"https:\/\/www.pool-agri.com\/kellands\/video-gebruikerservaring-agribuggy-zelfrijder\/?lang=de","url":"https:\/\/www.pool-agri.com\/kellands\/video-gebruikerservaring-agribuggy-zelfrijder\/?lang=de","name":"AgriBuggy Erfahrungsbericht | der ultimative Selbstfahrer - Kellands","isPartOf":{"@id":"https:\/\/www.pool-agri.com\/kellands\/?lang=de\/#website"},"primaryImageOfPage":{"@id":"https:\/\/www.pool-agri.com\/kellands\/video-gebruikerservaring-agribuggy-zelfrijder\/?lang=de#primaryimage"},"image":{"@id":"https:\/\/www.pool-agri.com\/kellands\/video-gebruikerservaring-agribuggy-zelfrijder\/?lang=de#primaryimage"},"thumbnailUrl":"https:\/\/www.pool-agri.com\/kellands\/wp-content\/uploads\/sites\/17\/2017\/07\/AgriBuggy_Testimonial_Boelens_17052017-19-kopie.jpg","datePublished":"2017-07-03T13:49:12+00:00","dateModified":"2020-04-08T07:36:47+00:00","inLanguage":"nl-NL","potentialAction":[{"@type":"ReadAction","target":["https:\/\/www.pool-agri.com\/kellands\/video-gebruikerservaring-agribuggy-zelfrijder\/?lang=de"]}]},{"@type":"ImageObject","inLanguage":"nl-NL","@id":"https:\/\/www.pool-agri.com\/kellands\/video-gebruikerservaring-agribuggy-zelfrijder\/?lang=de#primaryimage","url":"https:\/\/www.pool-agri.com\/kellands\/wp-content\/uploads\/sites\/17\/2017\/07\/AgriBuggy_Testimonial_Boelens_17052017-19-kopie.jpg","contentUrl":"https:\/\/www.pool-agri.com\/kellands\/wp-content\/uploads\/sites\/17\/2017\/07\/AgriBuggy_Testimonial_Boelens_17052017-19-kopie.jpg","width":1990,"height":1135},{"@type":"WebSite","@id":"https:\/\/www.pool-agri.com\/kellands\/?lang=de\/#website","url":"https:\/\/www.pool-agri.com\/kellands\/?lang=de\/","name":"Kellands","description":"Een andere Pool Agri websites site","potentialAction":[{"@type":"SearchAction","target":{"@type":"EntryPoint","urlTemplate":"https:\/\/www.pool-agri.com\/kellands\/?lang=de\/?s={search_term_string}"},"query-input":{"@type":"PropertyValueSpecification","valueRequired":true,"valueName":"search_term_string"}}],"inLanguage":"nl-NL"}]}},"_links":{"self":[{"href":"https:\/\/www.pool-agri.com\/kellands\/wp-json\/wp\/v2\/pages\/1603","targetHints":{"allow":["GET"]}}],"collection":[{"href":"https:\/\/www.pool-agri.com\/kellands\/wp-json\/wp\/v2\/pages"}],"about":[{"href":"https:\/\/www.pool-agri.com\/kellands\/wp-json\/wp\/v2\/types\/page"}],"author":[{"embeddable":true,"href":"https:\/\/www.pool-agri.com\/kellands\/wp-json\/wp\/v2\/users\/2"}],"replies":[{"embeddable":true,"href":"https:\/\/www.pool-agri.com\/kellands\/wp-json\/wp\/v2\/comments?post=1603"}],"version-history":[{"count":0,"href":"https:\/\/www.pool-agri.com\/kellands\/wp-json\/wp\/v2\/pages\/1603\/revisions"}],"wp:featuredmedia":[{"embeddable":true,"href":"https:\/\/www.pool-agri.com\/kellands\/wp-json\/wp\/v2\/media\/1605"}],"wp:attachment":[{"href":"https:\/\/www.pool-agri.com\/kellands\/wp-json\/wp\/v2\/media?parent=1603"}],"curies":[{"name":"wp","href":"https:\/\/api.w.org\/{rel}","templated":true}]}}