{"id":1283,"date":"2017-08-30T15:55:07","date_gmt":"2017-08-30T14:55:07","guid":{"rendered":"http:\/\/www.pool-agri.com\/kellands\/?page_id=1283"},"modified":"2017-08-30T16:30:58","modified_gmt":"2017-08-30T15:30:58","slug":"agribuggy-erfahrungsbericht-der-ultimative-selbstfahrer","status":"publish","type":"page","link":"https:\/\/www.pool-agri.com\/kellands\/agribuggy-erfahrungsbericht-der-ultimative-selbstfahrer\/?lang=de","title":{"rendered":"AgriBuggy Erfahrungsbericht | der ultimative Selbstfahrer"},"content":{"rendered":"<p>Leicht, wendig und immer Zugkraft. Das waren die entscheidende Anforderungen beim Kauf eines Selbstfahrspritzes f\u00fcr Boelens Rollrasen in Borger in den Niederlanden.<\/p>\n<p>Mittlerweile war den AgriBuggy einem Jahr im Einsatz auf dem Betrieb von Henk-Jan Boelens. Wir waren zu Besuch beim Rollrasen- und Ackerbaubetrieb und d\u00fcrften einen Tag mitfahren.<br \/>\nHenk-Jan Boelens, Gesch\u00e4ftsf\u00fchrer von Boelens Rollrasen:&#8221;der AgriBuggy ist f\u00fcr uns der ultimative Selbstfahrer&#8221;<\/p>\n<p>Besonders Aufmerksamkeit widmeten die kurze Bauweise und die serienm\u00e4\u00dfige Allradlenkung die eine au\u00dfergew\u00f6hnliche Wendigkeit darstellt. Dank des permanenten Allradantriebs und vor allem durch sein geringes Gewicht hat der AgriBuggy deutlich die Nase vorne gegen\u00fcber einem Traktor-Anh\u00e4ngespritze-Gespann. &#8220;Unsere Traktor-gezogene-Spritze verursachte Kultursch\u00e4den wodurch Spurverlusten bzw. Ertragseinbu\u00dfen entstanden die\u00a0wir nicht l\u00e4nger hinnehmen wollten\u201c.<br \/>\n&#8220;Die Gewichtsverteilung des AgriBuggy ist optimal im Vergleich zu einer gezogenen Pflanzenschutzspritze, die einen hohen Druck auf die Hinterachse erzeugt\u201c erl\u00e4utert Boelens.<\/p>\n<p>Ein weiterer Ziel bei der Ausbringung von Fl\u00fcssigd\u00fcngern war Pflanzensch\u00e4den durch \u00fcberd\u00fcngen zu vermeiden, Die Serienausstattung von der AgriBuggy ist sehr vollst\u00e4ndig mit automatischer GPS Teilbreitenschaltung, GPS Spurf\u00fchrung, TFT-Digital-\/Farbdisplay f\u00fcr das Fahrzeugmanagement und gew\u00e4hrleistet die pr\u00e4zise Verwendung von Pflanzenschutzmittel und Fl\u00fcssigd\u00fcnger ohne \u00dcberlappungen.<\/p>\n<p><strong>Schauen Sie sich hier den <span style=\"color: #ff6600;\"><a href=\"\/\/www.youtube.com\/embed\/dBdcgD6aAy8\" target=\"_blank\" rel=\"noopener\"><span style=\"color: #ff6600;\">Videobeitrag<\/span><\/a><\/span> \u00fcber die Praxiserfahrungen mit dem AgriBuggy Selbstfahrer an:<br \/>\n<a href=\"\/\/www.youtube.com\/embed\/dBdcgD6aAy8\" target=\"_blank\" rel=\"noopener\"><img loading=\"lazy\" decoding=\"async\" class=\"alignleft wp-image-1263\" src=\"http:\/\/www.pool-agri.com\/kellands\/wp-content\/uploads\/sites\/17\/2017\/07\/AgriBuggy_Testimonial_Boelens_17052017-36-Youtube-1024x684.jpg\" alt=\"Video_AgriBuggy_Erfahrungsbericht_Boelens-Rollrasen\" width=\"600\" height=\"401\" srcset=\"https:\/\/www.pool-agri.com\/kellands\/wp-content\/uploads\/sites\/17\/2017\/07\/AgriBuggy_Testimonial_Boelens_17052017-36-Youtube-1024x684.jpg 1024w, https:\/\/www.pool-agri.com\/kellands\/wp-content\/uploads\/sites\/17\/2017\/07\/AgriBuggy_Testimonial_Boelens_17052017-36-Youtube-300x200.jpg 300w, https:\/\/www.pool-agri.com\/kellands\/wp-content\/uploads\/sites\/17\/2017\/07\/AgriBuggy_Testimonial_Boelens_17052017-36-Youtube-768x513.jpg 768w, https:\/\/www.pool-agri.com\/kellands\/wp-content\/uploads\/sites\/17\/2017\/07\/AgriBuggy_Testimonial_Boelens_17052017-36-Youtube-159x105.jpg 159w, https:\/\/www.pool-agri.com\/kellands\/wp-content\/uploads\/sites\/17\/2017\/07\/AgriBuggy_Testimonial_Boelens_17052017-36-Youtube-190x126.jpg 190w, https:\/\/www.pool-agri.com\/kellands\/wp-content\/uploads\/sites\/17\/2017\/07\/AgriBuggy_Testimonial_Boelens_17052017-36-Youtube-800x534.jpg 800w, https:\/\/www.pool-agri.com\/kellands\/wp-content\/uploads\/sites\/17\/2017\/07\/AgriBuggy_Testimonial_Boelens_17052017-36-Youtube-400x268.jpg 400w, https:\/\/www.pool-agri.com\/kellands\/wp-content\/uploads\/sites\/17\/2017\/07\/AgriBuggy_Testimonial_Boelens_17052017-36-Youtube-125x83.jpg 125w, https:\/\/www.pool-agri.com\/kellands\/wp-content\/uploads\/sites\/17\/2017\/07\/AgriBuggy_Testimonial_Boelens_17052017-36-Youtube-1536x1025.jpg 1536w, https:\/\/www.pool-agri.com\/kellands\/wp-content\/uploads\/sites\/17\/2017\/07\/AgriBuggy_Testimonial_Boelens_17052017-36-Youtube-2048x1367.jpg 2048w\" sizes=\"auto, (max-width: 600px) 100vw, 600px\" \/><\/a><br \/>\n<\/strong><strong>f\u00fcnf Gr\u00fcnde warum der Kellands AgriBuggy Leichtgewicht Selbstfahrspritze die Grenzen im Pflanzenschutz verschiebt:<\/strong><strong><br \/>\n<\/strong><\/p>\n<ul>\n<li><span style=\"color: #000000;\"><strong>Auf geht\u2019s!<\/strong> un\u00fcbertroffene Traktion durch einzigartige mechanische Direkt-Antriebstechnologie<\/span><\/li>\n<li><span style=\"color: #000000;\"><strong>Kein Berg zu hoch!<\/strong> extrem niedriger Schwerpunkt und das selbstnivellierendes Alu-Gest\u00e4nge mit Hangausgleich und variabele Geometrie gew\u00e4hrleisten optimale Stabilit\u00e4t und Standfestigkeit an Hanglagen<\/span><\/li>\n<li><span style=\"color: #000000;\"><strong>Bodenschonend mit h\u00f6chster Produktivit\u00e4t;<\/strong> bei geringen Bodendruck erweitert sich Ihr Einsatzbereich \u2013 Spritzen sogar wann einem das Wasser schon in die Stiefel l\u00e4uft\u2026 \u2013 f\u00fcr sicheres und produktives Arbeiten und Boden- und Pflanzenschonender Einsatz.<\/span><\/li>\n<li><span style=\"color: #000000;\"><strong>Wendigkeit ohne Ende;<\/strong> Allradlenkung und -Antrieb erzielen au\u00dferordentlich hohe Wendigkeit und un\u00fcbertroffene Zugkraft. Das serienm\u00e4\u00dfige Allradlenksystem kommt sogar mit schmalster Vorgewende zurecht.<\/span><\/li>\n<li><span style=\"color: #000000;\"><strong>Effizienz Pur:<\/strong> Das bew\u00e4hrte Cummins Triebwerk mit satte 109 kW\/148 PS und das innovative und ultra-leichte Fahrgestell bieten das klassenweit beste Leistungs-Gewicht. Dank der feinsten Treibstoffeffizienz seiner Klasse verbraucht der Agribuggy nur 70 Liter pro Tag.<\/span><\/li>\n<\/ul>\n<p><strong><span style=\"color: #ffffff;\"><a href=\"http:\/\/www.pool-agri.com\/kellands\/kontakt\/?lang=de\"><span style=\"color: #ff6600;\">Klicken Sie hier<\/span><\/a> um sofort Infos \u00fcber die AgriBuggy Selbstfahrspritzen zu erhalten:<\/span>\u00a0<a href=\"http:\/\/www.pool-agri.com\/kellands\/kontakt\/?lang=de\">http:\/\/www.pool-agri.com\/kellands\/de<\/a><\/strong><\/p>\n","protected":false},"excerpt":{"rendered":"<p>Leicht, wendig und immer Zugkraft. Das waren die entscheidende Anforderungen beim Kauf eines Selbstfahrspritzes f\u00fcr Boelens Rollrasen in Borger in den Niederlanden. Mittlerweile war den AgriBuggy einem Jahr im Einsatz auf dem Betrieb von Henk-Jan Boelens. Wir waren zu Besuch beim Rollrasen- und Ackerbaubetrieb und d\u00fcrften einen Tag mitfahren. Henk-Jan Boelens, Gesch\u00e4ftsf\u00fchrer von Boelens Rollrasen:&#8221;der<br \/><a href=\"https:\/\/www.pool-agri.com\/kellands\/agribuggy-erfahrungsbericht-der-ultimative-selbstfahrer\/?lang=de\" class=\"more\">Read more<\/a><\/p>\n","protected":false},"author":2,"featured_media":0,"parent":0,"menu_order":0,"comment_status":"closed","ping_status":"closed","template":"","meta":{"_acf_changed":false,"footnotes":""},"class_list":["post-1283","page","type-page","status-publish","hentry"],"acf":[],"yoast_head":"<!-- This site is optimized with the Yoast SEO plugin v27.5 - https:\/\/yoast.com\/product\/yoast-seo-wordpress\/ -->\n<title>AgriBuggy Erfahrungsbericht | der ultimative Selbstfahrer - Kellands<\/title>\n<meta name=\"description\" content=\"der AgriBuggy ist f\u00fcr uns der ultimative Selbstfahrer | Erfahrungsbericht\" \/>\n<meta name=\"robots\" content=\"index, follow, max-snippet:-1, max-image-preview:large, max-video-preview:-1\" \/>\n<link rel=\"canonical\" href=\"https:\/\/www.pool-agri.com\/kellands\/agribuggy-erfahrungsbericht-der-ultimative-selbstfahrer\/?lang=de\" \/>\n<meta property=\"og:locale\" content=\"nl_NL\" \/>\n<meta property=\"og:type\" content=\"article\" \/>\n<meta property=\"og:title\" content=\"AgriBuggy Erfahrungsbericht | der ultimative Selbstfahrer - Kellands\" \/>\n<meta property=\"og:description\" content=\"der AgriBuggy ist f\u00fcr uns der ultimative Selbstfahrer | Erfahrungsbericht\" \/>\n<meta property=\"og:url\" content=\"https:\/\/www.pool-agri.com\/kellands\/agribuggy-erfahrungsbericht-der-ultimative-selbstfahrer\/?lang=de\" \/>\n<meta property=\"og:site_name\" content=\"Kellands\" \/>\n<meta property=\"article:modified_time\" content=\"2017-08-30T15:30:58+00:00\" \/>\n<meta property=\"og:image\" content=\"http:\/\/www.pool-agri.com\/kellands\/wp-content\/uploads\/sites\/17\/2017\/07\/AgriBuggy_Testimonial_Boelens_17052017-36-Youtube-1024x684.jpg\" \/>\n<meta name=\"twitter:label1\" content=\"Geschatte leestijd\" \/>\n\t<meta name=\"twitter:data1\" content=\"2 minuten\" \/>\n<script type=\"application\/ld+json\" class=\"yoast-schema-graph\">{\"@context\":\"https:\\\/\\\/schema.org\",\"@graph\":[{\"@type\":\"WebPage\",\"@id\":\"https:\\\/\\\/www.pool-agri.com\\\/kellands\\\/agribuggy-erfahrungsbericht-der-ultimative-selbstfahrer\\\/?lang=de\",\"url\":\"https:\\\/\\\/www.pool-agri.com\\\/kellands\\\/agribuggy-erfahrungsbericht-der-ultimative-selbstfahrer\\\/?lang=de\",\"name\":\"AgriBuggy Erfahrungsbericht | der ultimative Selbstfahrer - Kellands\",\"isPartOf\":{\"@id\":\"https:\\\/\\\/www.pool-agri.com\\\/kellands\\\/?lang=de\\\/#website\"},\"primaryImageOfPage\":{\"@id\":\"https:\\\/\\\/www.pool-agri.com\\\/kellands\\\/agribuggy-erfahrungsbericht-der-ultimative-selbstfahrer\\\/?lang=de#primaryimage\"},\"image\":{\"@id\":\"https:\\\/\\\/www.pool-agri.com\\\/kellands\\\/agribuggy-erfahrungsbericht-der-ultimative-selbstfahrer\\\/?lang=de#primaryimage\"},\"thumbnailUrl\":\"http:\\\/\\\/www.pool-agri.com\\\/kellands\\\/wp-content\\\/uploads\\\/sites\\\/17\\\/2017\\\/07\\\/AgriBuggy_Testimonial_Boelens_17052017-36-Youtube-1024x684.jpg\",\"datePublished\":\"2017-08-30T14:55:07+00:00\",\"dateModified\":\"2017-08-30T15:30:58+00:00\",\"description\":\"der AgriBuggy ist f\u00fcr uns der ultimative Selbstfahrer | Erfahrungsbericht\",\"inLanguage\":\"nl-NL\",\"potentialAction\":[{\"@type\":\"ReadAction\",\"target\":[\"https:\\\/\\\/www.pool-agri.com\\\/kellands\\\/agribuggy-erfahrungsbericht-der-ultimative-selbstfahrer\\\/?lang=de\"]}]},{\"@type\":\"ImageObject\",\"inLanguage\":\"nl-NL\",\"@id\":\"https:\\\/\\\/www.pool-agri.com\\\/kellands\\\/agribuggy-erfahrungsbericht-der-ultimative-selbstfahrer\\\/?lang=de#primaryimage\",\"url\":\"http:\\\/\\\/www.pool-agri.com\\\/kellands\\\/wp-content\\\/uploads\\\/sites\\\/17\\\/2017\\\/07\\\/AgriBuggy_Testimonial_Boelens_17052017-36-Youtube-1024x684.jpg\",\"contentUrl\":\"http:\\\/\\\/www.pool-agri.com\\\/kellands\\\/wp-content\\\/uploads\\\/sites\\\/17\\\/2017\\\/07\\\/AgriBuggy_Testimonial_Boelens_17052017-36-Youtube-1024x684.jpg\"},{\"@type\":\"WebSite\",\"@id\":\"https:\\\/\\\/www.pool-agri.com\\\/kellands\\\/?lang=de\\\/#website\",\"url\":\"https:\\\/\\\/www.pool-agri.com\\\/kellands\\\/?lang=de\\\/\",\"name\":\"Kellands\",\"description\":\"Een andere Pool Agri websites site\",\"potentialAction\":[{\"@type\":\"SearchAction\",\"target\":{\"@type\":\"EntryPoint\",\"urlTemplate\":\"https:\\\/\\\/www.pool-agri.com\\\/kellands\\\/?lang=de\\\/?s={search_term_string}\"},\"query-input\":{\"@type\":\"PropertyValueSpecification\",\"valueRequired\":true,\"valueName\":\"search_term_string\"}}],\"inLanguage\":\"nl-NL\"}]}<\/script>\n<!-- \/ Yoast SEO plugin. -->","yoast_head_json":{"title":"AgriBuggy Erfahrungsbericht | der ultimative Selbstfahrer - Kellands","description":"der AgriBuggy ist f\u00fcr uns der ultimative Selbstfahrer | Erfahrungsbericht","robots":{"index":"index","follow":"follow","max-snippet":"max-snippet:-1","max-image-preview":"max-image-preview:large","max-video-preview":"max-video-preview:-1"},"canonical":"https:\/\/www.pool-agri.com\/kellands\/agribuggy-erfahrungsbericht-der-ultimative-selbstfahrer\/?lang=de","og_locale":"nl_NL","og_type":"article","og_title":"AgriBuggy Erfahrungsbericht | der ultimative Selbstfahrer - Kellands","og_description":"der AgriBuggy ist f\u00fcr uns der ultimative Selbstfahrer | Erfahrungsbericht","og_url":"https:\/\/www.pool-agri.com\/kellands\/agribuggy-erfahrungsbericht-der-ultimative-selbstfahrer\/?lang=de","og_site_name":"Kellands","article_modified_time":"2017-08-30T15:30:58+00:00","og_image":[{"url":"http:\/\/www.pool-agri.com\/kellands\/wp-content\/uploads\/sites\/17\/2017\/07\/AgriBuggy_Testimonial_Boelens_17052017-36-Youtube-1024x684.jpg","type":"","width":"","height":""}],"twitter_misc":{"Geschatte leestijd":"2 minuten"},"schema":{"@context":"https:\/\/schema.org","@graph":[{"@type":"WebPage","@id":"https:\/\/www.pool-agri.com\/kellands\/agribuggy-erfahrungsbericht-der-ultimative-selbstfahrer\/?lang=de","url":"https:\/\/www.pool-agri.com\/kellands\/agribuggy-erfahrungsbericht-der-ultimative-selbstfahrer\/?lang=de","name":"AgriBuggy Erfahrungsbericht | der ultimative Selbstfahrer - Kellands","isPartOf":{"@id":"https:\/\/www.pool-agri.com\/kellands\/?lang=de\/#website"},"primaryImageOfPage":{"@id":"https:\/\/www.pool-agri.com\/kellands\/agribuggy-erfahrungsbericht-der-ultimative-selbstfahrer\/?lang=de#primaryimage"},"image":{"@id":"https:\/\/www.pool-agri.com\/kellands\/agribuggy-erfahrungsbericht-der-ultimative-selbstfahrer\/?lang=de#primaryimage"},"thumbnailUrl":"http:\/\/www.pool-agri.com\/kellands\/wp-content\/uploads\/sites\/17\/2017\/07\/AgriBuggy_Testimonial_Boelens_17052017-36-Youtube-1024x684.jpg","datePublished":"2017-08-30T14:55:07+00:00","dateModified":"2017-08-30T15:30:58+00:00","description":"der AgriBuggy ist f\u00fcr uns der ultimative Selbstfahrer | Erfahrungsbericht","inLanguage":"nl-NL","potentialAction":[{"@type":"ReadAction","target":["https:\/\/www.pool-agri.com\/kellands\/agribuggy-erfahrungsbericht-der-ultimative-selbstfahrer\/?lang=de"]}]},{"@type":"ImageObject","inLanguage":"nl-NL","@id":"https:\/\/www.pool-agri.com\/kellands\/agribuggy-erfahrungsbericht-der-ultimative-selbstfahrer\/?lang=de#primaryimage","url":"http:\/\/www.pool-agri.com\/kellands\/wp-content\/uploads\/sites\/17\/2017\/07\/AgriBuggy_Testimonial_Boelens_17052017-36-Youtube-1024x684.jpg","contentUrl":"http:\/\/www.pool-agri.com\/kellands\/wp-content\/uploads\/sites\/17\/2017\/07\/AgriBuggy_Testimonial_Boelens_17052017-36-Youtube-1024x684.jpg"},{"@type":"WebSite","@id":"https:\/\/www.pool-agri.com\/kellands\/?lang=de\/#website","url":"https:\/\/www.pool-agri.com\/kellands\/?lang=de\/","name":"Kellands","description":"Een andere Pool Agri websites site","potentialAction":[{"@type":"SearchAction","target":{"@type":"EntryPoint","urlTemplate":"https:\/\/www.pool-agri.com\/kellands\/?lang=de\/?s={search_term_string}"},"query-input":{"@type":"PropertyValueSpecification","valueRequired":true,"valueName":"search_term_string"}}],"inLanguage":"nl-NL"}]}},"_links":{"self":[{"href":"https:\/\/www.pool-agri.com\/kellands\/wp-json\/wp\/v2\/pages\/1283","targetHints":{"allow":["GET"]}}],"collection":[{"href":"https:\/\/www.pool-agri.com\/kellands\/wp-json\/wp\/v2\/pages"}],"about":[{"href":"https:\/\/www.pool-agri.com\/kellands\/wp-json\/wp\/v2\/types\/page"}],"author":[{"embeddable":true,"href":"https:\/\/www.pool-agri.com\/kellands\/wp-json\/wp\/v2\/users\/2"}],"replies":[{"embeddable":true,"href":"https:\/\/www.pool-agri.com\/kellands\/wp-json\/wp\/v2\/comments?post=1283"}],"version-history":[{"count":0,"href":"https:\/\/www.pool-agri.com\/kellands\/wp-json\/wp\/v2\/pages\/1283\/revisions"}],"wp:attachment":[{"href":"https:\/\/www.pool-agri.com\/kellands\/wp-json\/wp\/v2\/media?parent=1283"}],"curies":[{"name":"wp","href":"https:\/\/api.w.org\/{rel}","templated":true}]}}