{"id":7088,"date":"2020-04-16T14:00:18","date_gmt":"2020-04-16T13:00:18","guid":{"rendered":"https:\/\/www.pool-agri.com\/privacy-en-cookiebeleid\/"},"modified":"2020-07-16T12:29:56","modified_gmt":"2020-07-16T11:29:56","slug":"politique-de-confidentialite-et-de-cookie","status":"publish","type":"page","link":"https:\/\/www.pool-agri.com\/fr\/politique-de-confidentialite-et-de-cookie\/","title":{"rendered":"POLITIQUE DE CONFIDENTIALIT\u00c9 ET DE COOKIE"},"content":{"rendered":"<div class=\"wpb-content-wrapper\"><p>[vc_row][vc_column width=\u00a0\u00bb5\/6&Prime;][vc_column_text]<\/p>\n<h2>POLITIQUE DE CONFIDENTIALIT\u00c9 ET DE COOKIE<\/h2>\n<p><strong>D\u00e9claration de confidentialit\u00e9 et de cookies POOL AGRI IMPORT &amp; EXPORT<\/strong><\/p>\n<p><strong>R\u00e8glement g\u00e9n\u00e9ral sur la protection des donn\u00e9es (RGPD)<br \/>\n<\/strong>Le r\u00e8glement g\u00e9n\u00e9ral sur la protection des donn\u00e9es (RGPD) s&rsquo;applique \u00e0 partir du 25 mai 2018. Le RGPD remplace la loi sur la protection des donn\u00e9es personnelles (Wbp). L&rsquo;introduction du RGPD signifie qu&rsquo;\u00e0 partir du 25 mai 2018, la m\u00eame l\u00e9gislation sur la confidentialit\u00e9 s&rsquo;appliquera dans toute l&rsquo;Union europ\u00e9enne.<\/p>\n<p>Le RGPD vise \u00e0 garantir la protection des donn\u00e9es personnelles et \u00e9tablit la mani\u00e8re dont les organisations doivent traiter les donn\u00e9es personnelles.<\/p>\n<p><strong>Que sont les donn\u00e9es personnelles?<\/strong><br \/>\nLe concept de donn\u00e9es personnelles comprend toutes les informations sur une personne physique identifi\u00e9e ou identifiable. Ces informations devraient conduire directement ou indirectement (par voie de conversion) \u00e0 l&rsquo;identification d&rsquo;une personne physique.<br \/>\nLe RGPD divise les donn\u00e9es personnelles en deux groupes:[\/vc_column_text][vc_empty_space][vc_row_inner][vc_column_inner width=\u00a0\u00bb1\/2&Prime;][vc_column_text]Donn\u00e9es personnelles ordinaires:<\/p>\n<ul>\n<li>Nom<\/li>\n<li>Adresse<\/li>\n<li>Code postal<\/li>\n<li>R\u00e9sidence<\/li>\n<li>Num\u00e9ro BSN<\/li>\n<li>Adresse e-mail<\/li>\n<li>Informations sur la plaque d&rsquo;immatriculation<\/li>\n<li>Adresse IP<\/li>\n<\/ul>\n<p>[\/vc_column_text][\/vc_column_inner][vc_column_inner width=\u00a0\u00bb1\/2&Prime;][vc_column_text]Donn\u00e9es personnelles sp\u00e9ciales:<\/p>\n<ul>\n<li>Course<\/li>\n<li>Religion<\/li>\n<li>Vie sexuelle<\/li>\n<li>Vue politique<\/li>\n<li>Sant\u00e9<\/li>\n<li>Affiliation syndicale<\/li>\n<li>Conduite criminelle<\/li>\n<li>Donn\u00e9es g\u00e9n\u00e9tiques<\/li>\n<li>Donn\u00e9es biom\u00e9triques<\/li>\n<\/ul>\n<p>[\/vc_column_text][\/vc_column_inner][\/vc_row_inner][vc_empty_space][vc_column_text]POOL AGRI IMPORT &amp; EXPORT ne vous demandera jamais de donn\u00e9es personnelles sp\u00e9ciales et ne traite donc pas de donn\u00e9es personnelles sp\u00e9ciales.<\/p>\n<p><strong>Qu&rsquo;entend-on par traitement de donn\u00e9es personnelles?<br \/>\n<\/strong>Selon l&rsquo;art. 4 (2) du RGPD est le traitement des donn\u00e9es personnelles: toute op\u00e9ration ou ensemble d&rsquo;op\u00e9rations li\u00e9es aux donn\u00e9es personnelles ou \u00e0 un ensemble de donn\u00e9es personnelles, qu&rsquo;elles soient ou non effectu\u00e9es via des proc\u00e9dures automatis\u00e9es, telles que la collecte, l&rsquo;enregistrement, la commande, etc. Le terme traitement est tr\u00e8s spacieux et couvre toutes les actions de la collecte des donn\u00e9es \u00e0 la destruction des donn\u00e9es.<\/p>\n<p><strong>Comment POOL AGRI IMPORT &amp; EXPORT collecte-t-il les donn\u00e9es personnelles?<\/strong><br \/>\nPOOL AGRI IMPORT &amp; EXPORT ne collecte jamais de donn\u00e9es personnelles sans votre autorisation.<br \/>\nPOOL AGRI IMPORT &amp; EXPORT obtient vos donn\u00e9es en laissant des informations dans des formulaires, en pla\u00e7ant des cookies ou via un contact direct avec vous.<\/p>\n<p>POOL AGRI IMPORT &amp; EXPORT enregistre uniquement les donn\u00e9es pertinentes conform\u00e9ment au RGPD, y compris la mani\u00e8re dont ces donn\u00e9es ont \u00e9t\u00e9 obtenues et comment vous avez autoris\u00e9 la collecte de vos donn\u00e9es par POOL AGRI IMPORT &amp; EXPORT<\/p>\n<p>POOL AGRI IMPORT &amp; EXPORT ne fournit jamais vos donn\u00e9es \u00e0 des tiers, sauf si vous en avez donn\u00e9 l&rsquo;autorisation explicite ou si la loi stipule que POOL AGRI IMPORT &amp; EXPORT est oblig\u00e9 de le faire.<\/p>\n<p><strong>Cookies<\/strong><br \/>\nLe site POOL AGRI IMPORT &amp; EXPORT utilise des cookies. Un cookie est un petit fichier qui est stock\u00e9 sur votre disque dur par un serveur et n&rsquo;est reconnu que par le serveur qui stocke le cookie.<\/p>\n<p>On distingue trois types de cookies:<\/p>\n<ul>\n<li><strong>Cookies fonctionnels:<\/strong> ce sont des cookies qui sont n\u00e9cessaires pour qu&rsquo;un site Web fonctionne mieux. Un exemple de cookie fonctionnel est un cookie qui se souvient de ce qui a \u00e9t\u00e9 plac\u00e9 dans le panier.<\/li>\n<li><strong>Cookies analytiques:<\/strong> les cookies analytiques garantissent que des outils tels que Google Analytics peuvent surveiller le site Web et donner au propri\u00e9taire du site Web un aper\u00e7u du nombre de visiteurs du site Web, des pages visit\u00e9es et des canaux par lesquels les visiteurs acc\u00e8dent au site Web. Ces cookies ne fournissent pas d&rsquo;informations pouvant vous conduire.<\/li>\n<li><strong>Cookies de suivi:<\/strong> ce sont des cookies qui suivent le comportement individuel d&rsquo;un visiteur et \u00e9tablissent un profil du visiteur.<\/li>\n<\/ul>\n<p>Placer un cookie fonctionnel ne sert qu&rsquo;\u00e0 afficher de mani\u00e8re optimale le site Web et vous n&rsquo;avez pas \u00e0 donner la permission \u00e0 POOL AGRI IMPORT &amp; EXPORT. Pour les deux autres types de cookies, vous devez autoriser POOL AGRI IMPORT &amp; EXPORT Vous pouvez le faire en acceptant la notification des cookies. Si vous ne le faites pas, POOL AGRI IMPORT &amp; EXPORT ne placera pas de cookies analytiques et de suivi.<\/p>\n<p><strong>Comment POOL AGRI IMPORT &amp; EXPORT traite-t-il vos donn\u00e9es personnelles?<br \/>\n<\/strong>Vos donn\u00e9es sont enregistr\u00e9es de mani\u00e8re pr\u00e9cise et s\u00e9curis\u00e9e par POOL AGRI IMPORT &amp; EXPORT, ce qui signifie que les donn\u00e9es ne sont accessibles qu&rsquo;aux personnes autoris\u00e9es \u00e0 le faire et pour lesquelles il est n\u00e9cessaire de consulter vos donn\u00e9es.<br \/>\nVos donn\u00e9es ne seront pas utilis\u00e9es par POOL AGRI IMPORT &amp; EXPORT \u00e0 des fins pour lesquelles vous n&rsquo;avez pas donn\u00e9 d&rsquo;autorisation expresse et ne seront pas transmises \u00e0 des tiers sans votre autorisation expresse ou sans l&rsquo;obligation ou la loi de POOL AGRI IMPORT &amp; EXPORT.<\/p>\n<p>Vous avez \u00e0 tout moment le droit d&rsquo;inspecter vos donn\u00e9es personnelles telles qu&rsquo;elles sont enregistr\u00e9es chez POOL AGRI IMPORT &amp; EXPORT. Vous pouvez en faire la demande via info@pool-agri.com.<\/p>\n<p><strong>Dans quel but POOL AGRI IMPORT &amp; EXPORT collecte-t-il des donn\u00e9es personnelles?<br \/>\n<\/strong>POOL AGRI IMPORT &amp; EXPORT recueille et stocke des informations sur les relations afin de maintenir les relations.<br \/>\nPOOL AGRI IMPORT &amp; EXPORT recueille et stocke des informations sur les relations envisag\u00e9es afin de pouvoir les servir dans les demandes pouvant conduire \u00e0 une relation.<br \/>\nPOOL AGRI IMPORT &amp; EXPORT utilise donc vos donn\u00e9es pour maintenir activement la relation et r\u00e9pondre \u00e0 vos demandes. Les donn\u00e9es sont \u00e9galement utilis\u00e9es pour vous envoyer les informations appropri\u00e9es.<\/p>\n<p><strong>Consentement et objection<br \/>\n<\/strong>Conform\u00e9ment aux r\u00e8gles \u00e9nonc\u00e9es dans le RGPD, POOL AGRI IMPORT &amp; EXPORT ne stocke les informations pertinentes et autoris\u00e9es que pendant la dur\u00e9e n\u00e9cessaire et avec votre autorisation.<br \/>\nVous souhaitez vous opposer \u00e0 l&rsquo;enregistrement de vos donn\u00e9es personnelles, avoir acc\u00e8s \u00e0 vos donn\u00e9es personnelles telles qu&rsquo;enregistr\u00e9es chez POOL AGRI IMPORT &amp; EXPORT ou retirer votre autorisation? Veuillez contacter POOL AGRI IMPORT &amp; EXPORT \u00e0 <a href=\"mailto:info@pool-agri.com\">info@pool-agri.com<\/a>.<\/p>\n<p>Vous pouvez en savoir plus sur le RGPD sur <a href=\"https:\/\/autoriteitpersoonsgegevens.nl\/nl\/onderwerpen\/avg-nieuwe-europese-privacywetgeving\/algemene-informatie-avg\">https:\/\/autoriteitpersoonsgegevens.nl\/nl\/onderwerpen\/avg-nieuwe-europese-privacywetgeving\/algemene-informatie-avg<\/a>[\/vc_column_text][vc_empty_space][\/vc_column][vc_column width=\u00a0\u00bb1\/6&Prime;][\/vc_column][\/vc_row]<\/p>\n<\/div>","protected":false},"excerpt":{"rendered":"<p>[vc_row][vc_column width=\u00a0\u00bb5\/6&Prime;][vc_column_text] POLITIQUE DE CONFIDENTIALIT\u00c9 ET DE COOKIE D\u00e9claration de confidentialit\u00e9 et de cookies POOL AGRI IMPORT &amp; EXPORT R\u00e8glement g\u00e9n\u00e9ral sur la protection des donn\u00e9es (RGPD) Le r\u00e8glement g\u00e9n\u00e9ral sur la protection des donn\u00e9es (RGPD) s&rsquo;applique \u00e0 partir du 25 mai 2018. Le RGPD remplace la loi sur la protection des donn\u00e9es personnelles (Wbp).<br \/><a href=\"https:\/\/www.pool-agri.com\/fr\/politique-de-confidentialite-et-de-cookie\/\" class=\"more\">Read more<\/a><\/p>\n","protected":false},"author":8,"featured_media":0,"parent":0,"menu_order":0,"comment_status":"closed","ping_status":"closed","template":"","meta":{"_acf_changed":false,"footnotes":""},"class_list":["post-7088","page","type-page","status-publish","hentry"],"acf":[],"yoast_head":"<!-- This site is optimized with the Yoast SEO plugin v27.5 - https:\/\/yoast.com\/product\/yoast-seo-wordpress\/ -->\n<title>POLITIQUE DE CONFIDENTIALIT\u00c9 ET DE COOKIE - Pool Agri<\/title>\n<meta name=\"robots\" content=\"index, follow, max-snippet:-1, max-image-preview:large, max-video-preview:-1\" \/>\n<link rel=\"canonical\" href=\"https:\/\/www.pool-agri.com\/fr\/politique-de-confidentialite-et-de-cookie\/\" \/>\n<meta property=\"og:locale\" content=\"fr_FR\" \/>\n<meta property=\"og:type\" content=\"article\" \/>\n<meta property=\"og:title\" content=\"POLITIQUE DE CONFIDENTIALIT\u00c9 ET DE COOKIE - Pool Agri\" \/>\n<meta property=\"og:description\" content=\"[vc_row][vc_column width=\u00a0\u00bb5\/6&Prime;][vc_column_text] POLITIQUE DE CONFIDENTIALIT\u00c9 ET DE COOKIE D\u00e9claration de confidentialit\u00e9 et de cookies POOL AGRI IMPORT &amp; EXPORT R\u00e8glement g\u00e9n\u00e9ral sur la protection des donn\u00e9es (RGPD) Le r\u00e8glement g\u00e9n\u00e9ral sur la protection des donn\u00e9es (RGPD) s&rsquo;applique \u00e0 partir du 25 mai 2018. Le RGPD remplace la loi sur la protection des donn\u00e9es personnelles (Wbp).Read more\" \/>\n<meta property=\"og:url\" content=\"https:\/\/www.pool-agri.com\/fr\/politique-de-confidentialite-et-de-cookie\/\" \/>\n<meta property=\"og:site_name\" content=\"Pool Agri\" \/>\n<meta property=\"article:modified_time\" content=\"2020-07-16T11:29:56+00:00\" \/>\n<meta name=\"twitter:label1\" content=\"Dur\u00e9e de lecture estim\u00e9e\" \/>\n\t<meta name=\"twitter:data1\" content=\"5 minutes\" \/>\n<script type=\"application\/ld+json\" class=\"yoast-schema-graph\">{\"@context\":\"https:\\\/\\\/schema.org\",\"@graph\":[{\"@type\":\"WebPage\",\"@id\":\"https:\\\/\\\/www.pool-agri.com\\\/fr\\\/politique-de-confidentialite-et-de-cookie\\\/\",\"url\":\"https:\\\/\\\/www.pool-agri.com\\\/fr\\\/politique-de-confidentialite-et-de-cookie\\\/\",\"name\":\"POLITIQUE DE CONFIDENTIALIT\u00c9 ET DE COOKIE - Pool Agri\",\"isPartOf\":{\"@id\":\"https:\\\/\\\/www.pool-agri.com\\\/#website\"},\"datePublished\":\"2020-04-16T13:00:18+00:00\",\"dateModified\":\"2020-07-16T11:29:56+00:00\",\"inLanguage\":\"fr-FR\",\"potentialAction\":[{\"@type\":\"ReadAction\",\"target\":[\"https:\\\/\\\/www.pool-agri.com\\\/fr\\\/politique-de-confidentialite-et-de-cookie\\\/\"]}]},{\"@type\":\"WebSite\",\"@id\":\"https:\\\/\\\/www.pool-agri.com\\\/#website\",\"url\":\"https:\\\/\\\/www.pool-agri.com\\\/\",\"name\":\"Pool Agri\",\"description\":\"Smart Solutions for Farming\",\"potentialAction\":[{\"@type\":\"SearchAction\",\"target\":{\"@type\":\"EntryPoint\",\"urlTemplate\":\"https:\\\/\\\/www.pool-agri.com\\\/?s={search_term_string}\"},\"query-input\":{\"@type\":\"PropertyValueSpecification\",\"valueRequired\":true,\"valueName\":\"search_term_string\"}}],\"inLanguage\":\"fr-FR\"}]}<\/script>\n<!-- \/ Yoast SEO plugin. -->","yoast_head_json":{"title":"POLITIQUE DE CONFIDENTIALIT\u00c9 ET DE COOKIE - Pool Agri","robots":{"index":"index","follow":"follow","max-snippet":"max-snippet:-1","max-image-preview":"max-image-preview:large","max-video-preview":"max-video-preview:-1"},"canonical":"https:\/\/www.pool-agri.com\/fr\/politique-de-confidentialite-et-de-cookie\/","og_locale":"fr_FR","og_type":"article","og_title":"POLITIQUE DE CONFIDENTIALIT\u00c9 ET DE COOKIE - Pool Agri","og_description":"[vc_row][vc_column width=\u00a0\u00bb5\/6&Prime;][vc_column_text] POLITIQUE DE CONFIDENTIALIT\u00c9 ET DE COOKIE D\u00e9claration de confidentialit\u00e9 et de cookies POOL AGRI IMPORT &amp; EXPORT R\u00e8glement g\u00e9n\u00e9ral sur la protection des donn\u00e9es (RGPD) Le r\u00e8glement g\u00e9n\u00e9ral sur la protection des donn\u00e9es (RGPD) s&rsquo;applique \u00e0 partir du 25 mai 2018. Le RGPD remplace la loi sur la protection des donn\u00e9es personnelles (Wbp).Read more","og_url":"https:\/\/www.pool-agri.com\/fr\/politique-de-confidentialite-et-de-cookie\/","og_site_name":"Pool Agri","article_modified_time":"2020-07-16T11:29:56+00:00","twitter_misc":{"Dur\u00e9e de lecture estim\u00e9e":"5 minutes"},"schema":{"@context":"https:\/\/schema.org","@graph":[{"@type":"WebPage","@id":"https:\/\/www.pool-agri.com\/fr\/politique-de-confidentialite-et-de-cookie\/","url":"https:\/\/www.pool-agri.com\/fr\/politique-de-confidentialite-et-de-cookie\/","name":"POLITIQUE DE CONFIDENTIALIT\u00c9 ET DE COOKIE - Pool Agri","isPartOf":{"@id":"https:\/\/www.pool-agri.com\/#website"},"datePublished":"2020-04-16T13:00:18+00:00","dateModified":"2020-07-16T11:29:56+00:00","inLanguage":"fr-FR","potentialAction":[{"@type":"ReadAction","target":["https:\/\/www.pool-agri.com\/fr\/politique-de-confidentialite-et-de-cookie\/"]}]},{"@type":"WebSite","@id":"https:\/\/www.pool-agri.com\/#website","url":"https:\/\/www.pool-agri.com\/","name":"Pool Agri","description":"Smart Solutions for Farming","potentialAction":[{"@type":"SearchAction","target":{"@type":"EntryPoint","urlTemplate":"https:\/\/www.pool-agri.com\/?s={search_term_string}"},"query-input":{"@type":"PropertyValueSpecification","valueRequired":true,"valueName":"search_term_string"}}],"inLanguage":"fr-FR"}]}},"_links":{"self":[{"href":"https:\/\/www.pool-agri.com\/fr\/wp-json\/wp\/v2\/pages\/7088","targetHints":{"allow":["GET"]}}],"collection":[{"href":"https:\/\/www.pool-agri.com\/fr\/wp-json\/wp\/v2\/pages"}],"about":[{"href":"https:\/\/www.pool-agri.com\/fr\/wp-json\/wp\/v2\/types\/page"}],"author":[{"embeddable":true,"href":"https:\/\/www.pool-agri.com\/fr\/wp-json\/wp\/v2\/users\/8"}],"replies":[{"embeddable":true,"href":"https:\/\/www.pool-agri.com\/fr\/wp-json\/wp\/v2\/comments?post=7088"}],"version-history":[{"count":0,"href":"https:\/\/www.pool-agri.com\/fr\/wp-json\/wp\/v2\/pages\/7088\/revisions"}],"wp:attachment":[{"href":"https:\/\/www.pool-agri.com\/fr\/wp-json\/wp\/v2\/media?parent=7088"}],"curies":[{"name":"wp","href":"https:\/\/api.w.org\/{rel}","templated":true}]}}