{"id":131,"date":"2013-10-10T12:08:19","date_gmt":"2013-10-10T11:08:19","guid":{"rendered":"http:\/\/www.pool-agri.com\/fotosvideo-2\/"},"modified":"2020-04-28T08:31:33","modified_gmt":"2020-04-28T07:31:33","slug":"fotosvideo","status":"publish","type":"page","link":"https:\/\/www.pool-agri.com\/fr\/fotosvideo\/","title":{"rendered":"Photos\/Vid\u00e9os"},"content":{"rendered":"<div class=\"wpb-content-wrapper\"><p>[vc_row][vc_column][vc_custom_heading text=\u00a0\u00bbPHOTOS\/VID\u00c9OS\u00a0\u00bb use_theme_fonts=\u00a0\u00bbyes\u00a0\u00bb][vc_custom_heading text=\u00a0\u00bbS\u00e9lectionnez le produit dont vous voulez regarder les photos et vid\u00e9os\u00a0\u00bb font_container=\u00a0\u00bbtag:h4|text_align:left\u00a0\u00bb use_theme_fonts=\u00a0\u00bbyes\u00a0\u00bb][vc_row_inner][vc_column_inner width=\u00a0\u00bb1\/6&Prime;][vc_single_image image=\u00a0\u00bb6860&Prime; img_size=\u00a0\u00bb2016&#215;1344&Prime; onclick=\u00a0\u00bbcustom_link\u00a0\u00bb hover_effect=\u00a0\u00bbimg_reduce_opacity\u00a0\u00bb link=\u00a0\u00bbhttps:\/\/www.pool-agri.com\/fr\/fotoalbums\/mcconnel\/\u00a0\u00bb][\/vc_column_inner][vc_column_inner width=\u00a0\u00bb1\/6&Prime;][vc_single_image image=\u00a0\u00bb6864&Prime; img_size=\u00a0\u00bb2016&#215;1344&Prime; onclick=\u00a0\u00bbcustom_link\u00a0\u00bb hover_effect=\u00a0\u00bbimg_reduce_opacity\u00a0\u00bb link=\u00a0\u00bbhttps:\/\/www.pool-agri.com\/fr\/fotoalbums\/mcconnel\/\u00a0\u00bb][\/vc_column_inner][vc_column_inner width=\u00a0\u00bb1\/6&Prime;][vc_single_image image=\u00a0\u00bb5633&Prime; img_size=\u00a0\u00bb2016&#215;1344&Prime; onclick=\u00a0\u00bbcustom_link\u00a0\u00bb hover_effect=\u00a0\u00bbimg_reduce_opacity\u00a0\u00bb link=\u00a0\u00bbhttps:\/\/www.pool-agri.com\/fr\/fotoalbums\/crop-catcher-2\/\u00a0\u00bb][\/vc_column_inner][vc_column_inner width=\u00a0\u00bb1\/6&Prime;][vc_single_image image=\u00a0\u00bb6184&Prime; img_size=\u00a0\u00bb2016&#215;1344&Prime; onclick=\u00a0\u00bbcustom_link\u00a0\u00bb hover_effect=\u00a0\u00bbimg_reduce_opacity\u00a0\u00bb link=\u00a0\u00bbhttps:\/\/www.pool-agri.com\/fotoalbums\/carre\/\u00a0\u00bb][\/vc_column_inner][vc_column_inner width=\u00a0\u00bb1\/6&Prime;][vc_single_image image=\u00a0\u00bb5638&Prime; img_size=\u00a0\u00bb2016&#215;1344&Prime; onclick=\u00a0\u00bbcustom_link\u00a0\u00bb hover_effect=\u00a0\u00bbimg_reduce_opacity\u00a0\u00bb link=\u00a0\u00bbhttps:\/\/www.pool-agri.com\/fr\/fotoalbums\/schulte\/\u00a0\u00bb][\/vc_column_inner][vc_column_inner width=\u00a0\u00bb1\/6&Prime;][vc_single_image image=\u00a0\u00bb5641&Prime; img_size=\u00a0\u00bb2016&#215;1344&Prime; onclick=\u00a0\u00bbcustom_link\u00a0\u00bb hover_effect=\u00a0\u00bbimg_reduce_opacity\u00a0\u00bb link=\u00a0\u00bbhttps:\/\/www.pool-agri.com\/fr\/fotoalbums\/quick-cover\/\u00a0\u00bb][\/vc_column_inner][\/vc_row_inner][vc_empty_space]<style type=\"text\/css\" >#l_5v3cfv34w42arssh3ky5.sc_line ,#l_5v3cfv34w42arssh3ky5 .sc_line { height:1px; background:#bababa;}#l_5v3cfv34w42arssh3ky5 {margin:0px 0 0px 0; padding:0;}<\/style><div class=\"clearfix\"><\/div><div id=\"l_5v3cfv34w42arssh3ky5\"  class=\"sc_line rd_line_normal\" ><\/div>[vc_empty_space][vc_custom_heading text=\u00a0\u00bbPHOTOS EN G\u00c9N\u00c9RAL\u00a0\u00bb use_theme_fonts=\u00a0\u00bbyes\u00a0\u00bb][vc_row_inner][vc_column_inner width=\u00a0\u00bb1\/4&Prime;][\/vc_column_inner][vc_column_inner width=\u00a0\u00bb1\/2&Prime;]<style type=\"text\/css\" >#ic_qfbgvsgpgv711kq4o0h3 {margin:0px auto 0px; }#ic_qfbgvsgpgv711kq4o0h3 .ic_left,#ic_qfbgvsgpgv711kq4o0h3 .ic_right,#ic_qfbgvsgpgv711kq4o0h3 .ic_left:after,#ic_qfbgvsgpgv711kq4o0h3 .ic_right:after{border-color:#ecf0f1; background:#ffffff; color:#000000; }#ic_qfbgvsgpgv711kq4o0h3 .ic_left:hover,#ic_qfbgvsgpgv711kq4o0h3 .ic_right:hover,#ic_qfbgvsgpgv711kq4o0h3 .ic_left:hover:after,#ic_qfbgvsgpgv711kq4o0h3 .ic_right:hover:after{background:#f9fafb; color:#000000; }#ic_qfbgvsgpgv711kq4o0h3 .rd_ic_pager a{border-color:#ecf0f1; background:#ffffff; color:#000000; }#ic_qfbgvsgpgv711kq4o0h3 .rd_ic_pager a:hover{border-color:#dc8630; background:#dc8630; color:#ffffff; }<\/style><script type=\"text\/javascript\" charset=\"utf-8\">\r\n\t\t\t\t\r\n\t\tjQuery.noConflict();\r\n\t\/\/setup up Carousel\r\n\t\tjQuery(document).ready(function($) {\t\r\n\t\t\t\r\n\t\t\"use strict\";\r\n\t\t\r\n\t\t\t$(window).load(function(){\r\n\t\t$(\"#ic_qfbgvsgpgv711kq4o0h3 .rd_img_carousel\").carouFredSel({\r\n\t\t\t\t\t\r\n\t\t\t\t\tresponsive: true,\r\n\t\t\t\t\twidth: \"100%\",scroll:  { items:1,duration: 800},\r\n\t\t\t\t\tauto: true,\r\n\t\t\t\t\tprev: \"#ic_qfbgvsgpgv711kq4o0h3 .ic_left\",\r\n\t\t\t\t\tnext: \"#ic_qfbgvsgpgv711kq4o0h3 .ic_right\",\r\n\t\t\t\t\tpagination: \"#ic_qfbgvsgpgv711kq4o0h3_pager\",\r\n\t\t\t\t\theight : \"variable\",\r\n\t\t\t\t\tswipe       : {\r\n             \t\t   onTouch     : true,\r\n\t\t               onMouse     : false\r\n        \t\t    },\r\n\t\t\t\t\titems: {\r\n\t\t\t\t\theight : \"variable\",\r\n\t\t\t\t\t\tvisible: {\r\n\t\t\t\t\t\t\tmin: 1,\r\n\t\t\t\t\t\t\tmax: 1\r\n\t\t\t\t\t\t}\r\n\t\t\t\t\t}\r\n\t\t\t\t});\r\n\t\t\t\t});\r\n\t\t\t\t});\r\n\t<\/script><div class=\"rd_img_carousel_ctn  hover_nav_style\" id=\"ic_qfbgvsgpgv711kq4o0h3\"><div class=\"ic_nav\"><div class=\"ic_left\" ><\/div><div class=\"ic_right\" ><\/div><\/div><div class=\"rd_img_carousel\"><a href=\"https:\/\/www.pool-agri.com\/wp-content\/uploads\/2020\/03\/JwjyHqBz1gYNHPPq4SQqocldVu_pcMCr-0rPBrWdD8-sApLMKZN6wKMefgvDpo5G2hqckjVyoCgD-gc2xCQ0Q-998x475-1.jpg\"  rel=\"prettyPhoto[rel-qfbgvsgpgv711kq4o0h3]\" ><img decoding=\"async\" class=\"\" src=\"https:\/\/www.pool-agri.com\/wp-content\/uploads\/2020\/03\/JwjyHqBz1gYNHPPq4SQqocldVu_pcMCr-0rPBrWdD8-sApLMKZN6wKMefgvDpo5G2hqckjVyoCgD-gc2xCQ0Q-998x475-1.jpg\" width=\"998\" height=\"475\" alt=\"JwjyHqBz1gYNHPPq4SQqocldVu_pcMCr-0rPBrWdD8-sApLMKZN6wKMefgvDpo5G2hqckjVyoCgD-gc2xCQ0Q-998x475\" title=\"JwjyHqBz1gYNHPPq4SQqocldVu_pcMCr-0rPBrWdD8-sApLMKZN6wKMefgvDpo5G2hqckjVyoCgD-gc2xCQ0Q-998x475\" loading=\"lazy\" \/><\/a><a href=\"https:\/\/www.pool-agri.com\/wp-content\/uploads\/2020\/03\/Crop-Catcher-CLAAS-Lexion-760-Vario-900-3-800x536-1.jpg\"  rel=\"prettyPhoto[rel-qfbgvsgpgv711kq4o0h3]\" ><img decoding=\"async\" class=\"\" src=\"https:\/\/www.pool-agri.com\/wp-content\/uploads\/2020\/03\/Crop-Catcher-CLAAS-Lexion-760-Vario-900-3-800x536-1.jpg\" width=\"800\" height=\"536\" alt=\"Crop-Catcher-CLAAS-Lexion-760-Vario-900-3-800x536\" title=\"Crop-Catcher-CLAAS-Lexion-760-Vario-900-3-800x536\" loading=\"lazy\" \/><\/a><a href=\"https:\/\/www.pool-agri.com\/wp-content\/uploads\/2020\/03\/Ezee-On-120-foot........-800x600-1.jpg\"  rel=\"prettyPhoto[rel-qfbgvsgpgv711kq4o0h3]\" ><img decoding=\"async\" class=\"\" src=\"https:\/\/www.pool-agri.com\/wp-content\/uploads\/2020\/03\/Ezee-On-120-foot........-800x600-1.jpg\" width=\"800\" height=\"600\" alt=\"KONICA MINOLTA DIGITAL CAMERA\" title=\"KONICA MINOLTA DIGITAL CAMERA\" loading=\"lazy\" \/><\/a><a href=\"https:\/\/www.pool-agri.com\/wp-content\/uploads\/2020\/03\/Ezee-On-7550-Case-Steiger-RF-road-800x600-1.jpg\"  rel=\"prettyPhoto[rel-qfbgvsgpgv711kq4o0h3]\" ><img decoding=\"async\" class=\"\" src=\"https:\/\/www.pool-agri.com\/wp-content\/uploads\/2020\/03\/Ezee-On-7550-Case-Steiger-RF-road-800x600-1.jpg\" width=\"800\" height=\"600\" alt=\"Ezee-On-7550-Case-Steiger-RF-road-800x600\" title=\"Ezee-On-7550-Case-Steiger-RF-road-800x600\" loading=\"lazy\" \/><\/a><a href=\"https:\/\/www.pool-agri.com\/wp-content\/uploads\/2020\/03\/Grassland-Shakaerator-70-res.-800x533-1.jpg\"  rel=\"prettyPhoto[rel-qfbgvsgpgv711kq4o0h3]\" ><img decoding=\"async\" class=\"\" src=\"https:\/\/www.pool-agri.com\/wp-content\/uploads\/2020\/03\/Grassland-Shakaerator-70-res.-800x533-1.jpg\" width=\"800\" height=\"533\" alt=\"Grassland-Shakaerator-70-res.-800x533\" title=\"Grassland-Shakaerator-70-res.-800x533\" loading=\"lazy\" \/><\/a><a href=\"https:\/\/www.pool-agri.com\/wp-content\/uploads\/2020\/03\/JayLor-MiniMixer-A50-SP-veal-calve-Ka\u0308lbermast-close-up-800x634-1.jpg\"  rel=\"prettyPhoto[rel-qfbgvsgpgv711kq4o0h3]\" ><img decoding=\"async\" class=\"\" src=\"https:\/\/www.pool-agri.com\/wp-content\/uploads\/2020\/03\/JayLor-MiniMixer-A50-SP-veal-calve-Ka\u0308lbermast-close-up-800x634-1.jpg\" width=\"800\" height=\"634\" alt=\"JayLor-MiniMixer-A50-SP-veal-calve-Ka\u0308lbermast-close-up-800x634\" title=\"JayLor-MiniMixer-A50-SP-veal-calve-Ka\u0308lbermast-close-up-800x634\" loading=\"lazy\" \/><\/a><a href=\"https:\/\/www.pool-agri.com\/wp-content\/uploads\/2020\/03\/JD-9030-1830-res-800x600-1.jpg\"  rel=\"prettyPhoto[rel-qfbgvsgpgv711kq4o0h3]\" ><img decoding=\"async\" class=\"\" src=\"https:\/\/www.pool-agri.com\/wp-content\/uploads\/2020\/03\/JD-9030-1830-res-800x600-1.jpg\" width=\"800\" height=\"600\" alt=\"JD-9030-1830-res-800x600\" title=\"JD-9030-1830-res-800x600\" loading=\"lazy\" \/><\/a><a href=\"https:\/\/www.pool-agri.com\/wp-content\/uploads\/2020\/03\/landschap-e1385565965545-800x358-1.jpg\"  rel=\"prettyPhoto[rel-qfbgvsgpgv711kq4o0h3]\" ><img decoding=\"async\" class=\"\" src=\"https:\/\/www.pool-agri.com\/wp-content\/uploads\/2020\/03\/landschap-e1385565965545-800x358-1.jpg\" width=\"800\" height=\"358\" alt=\"landschap-e1385565965545-800x358\" title=\"landschap-e1385565965545-800x358\" loading=\"lazy\" \/><\/a><a href=\"https:\/\/www.pool-agri.com\/wp-content\/uploads\/2020\/03\/McConnel-Rakaerator-Gro\u0308bitz-Thu\u0308ringen-Germany-11-rev-res-800x533-1.jpg\"  rel=\"prettyPhoto[rel-qfbgvsgpgv711kq4o0h3]\" ><img decoding=\"async\" class=\"\" src=\"https:\/\/www.pool-agri.com\/wp-content\/uploads\/2020\/03\/McConnel-Rakaerator-Gro\u0308bitz-Thu\u0308ringen-Germany-11-rev-res-800x533-1.jpg\" width=\"800\" height=\"533\" alt=\"McConnel-Rakaerator-Gro\u0308bitz-Thu\u0308ringen-Germany-11-rev-res-800x533\" title=\"McConnel-Rakaerator-Gro\u0308bitz-Thu\u0308ringen-Germany-11-rev-res-800x533\" loading=\"lazy\" \/><\/a><a href=\"https:\/\/www.pool-agri.com\/wp-content\/uploads\/2020\/03\/quickcover-800x739-1.jpg\"  rel=\"prettyPhoto[rel-qfbgvsgpgv711kq4o0h3]\" ><img decoding=\"async\" class=\"\" src=\"https:\/\/www.pool-agri.com\/wp-content\/uploads\/2020\/03\/quickcover-800x739-1.jpg\" width=\"800\" height=\"739\" alt=\"quickcover-800x739\" title=\"quickcover-800x739\" loading=\"lazy\" \/><\/a><a href=\"https:\/\/www.pool-agri.com\/wp-content\/uploads\/2020\/03\/Rusland-15-27-Maart-2009-90-800x600-1.jpg\"  rel=\"prettyPhoto[rel-qfbgvsgpgv711kq4o0h3]\" ><img decoding=\"async\" class=\"\" src=\"https:\/\/www.pool-agri.com\/wp-content\/uploads\/2020\/03\/Rusland-15-27-Maart-2009-90-800x600-1.jpg\" width=\"800\" height=\"600\" alt=\"Rusland-15-27-Maart-2009-90-800x600\" title=\"Rusland-15-27-Maart-2009-90-800x600\" loading=\"lazy\" \/><\/a><a href=\"https:\/\/www.pool-agri.com\/wp-content\/uploads\/2020\/03\/rusland-239-800x600-1.jpg\"  rel=\"prettyPhoto[rel-qfbgvsgpgv711kq4o0h3]\" ><img decoding=\"async\" class=\"\" src=\"https:\/\/www.pool-agri.com\/wp-content\/uploads\/2020\/03\/rusland-239-800x600-1.jpg\" width=\"800\" height=\"600\" alt=\"KONICA MINOLTA DIGITAL CAMERA\" title=\"KONICA MINOLTA DIGITAL CAMERA\" loading=\"lazy\" \/><\/a><a href=\"https:\/\/www.pool-agri.com\/wp-content\/uploads\/2020\/03\/Schulte-FX315-Vroomshoop-6-800x533-1.jpg\"  rel=\"prettyPhoto[rel-qfbgvsgpgv711kq4o0h3]\" ><img decoding=\"async\" class=\"\" src=\"https:\/\/www.pool-agri.com\/wp-content\/uploads\/2020\/03\/Schulte-FX315-Vroomshoop-6-800x533-1.jpg\" width=\"800\" height=\"533\" alt=\"Schulte-FX315-Vroomshoop-6-800x533\" title=\"Schulte-FX315-Vroomshoop-6-800x533\" loading=\"lazy\" \/><\/a><a href=\"https:\/\/www.pool-agri.com\/wp-content\/uploads\/2020\/03\/what-shall-it-profit-a-man...-res.-800x500-1.jpg\"  rel=\"prettyPhoto[rel-qfbgvsgpgv711kq4o0h3]\" ><img decoding=\"async\" class=\"\" src=\"https:\/\/www.pool-agri.com\/wp-content\/uploads\/2020\/03\/what-shall-it-profit-a-man...-res.-800x500-1.jpg\" width=\"800\" height=\"500\" alt=\"what-shall-it-profit-a-man...-res.-800x500\" title=\"what-shall-it-profit-a-man...-res.-800x500\" loading=\"lazy\" \/><\/a><\/div><\/div>[\/vc_column_inner][vc_column_inner width=\u00a0\u00bb1\/4&Prime;][\/vc_column_inner][\/vc_row_inner][vc_empty_space]<style type=\"text\/css\" >#l_ezbgf24pwdw25nlejzqa.sc_line ,#l_ezbgf24pwdw25nlejzqa .sc_line { height:1px; background:#bababa;}#l_ezbgf24pwdw25nlejzqa {margin:0px 0 0px 0; padding:0;}<\/style><div class=\"clearfix\"><\/div><div id=\"l_ezbgf24pwdw25nlejzqa\"  class=\"sc_line rd_line_normal\" ><\/div>[vc_empty_space][vc_custom_heading text=\u00a0\u00bbVID\u00c9OS EN G\u00c9N\u00c9RAL\u00a0\u00bb use_theme_fonts=\u00a0\u00bbyes\u00a0\u00bb][vc_row_inner][vc_column_inner width=\u00a0\u00bb1\/2&Prime;][vc_video link=\u00a0\u00bbhttps:\/\/youtu.be\/geHpVWahhzQ\u00a0\u00bb][\/vc_column_inner][vc_column_inner width=\u00a0\u00bb1\/2&Prime;][vc_video link=\u00a0\u00bbhttps:\/\/youtu.be\/luZnJhN2SX0&Prime;][\/vc_column_inner][\/vc_row_inner][\/vc_column][\/vc_row]<\/p>\n<\/div>","protected":false},"excerpt":{"rendered":"<p>[vc_row][vc_column][vc_custom_heading text=\u00a0\u00bbPHOTOS\/VID\u00c9OS\u00a0\u00bb use_theme_fonts=\u00a0\u00bbyes\u00a0\u00bb][vc_custom_heading text=\u00a0\u00bbS\u00e9lectionnez le produit dont vous voulez regarder les photos et vid\u00e9os\u00a0\u00bb font_container=\u00a0\u00bbtag:h4|text_align:left\u00a0\u00bb use_theme_fonts=\u00a0\u00bbyes\u00a0\u00bb][vc_row_inner][vc_column_inner width=\u00a0\u00bb1\/6&Prime;][vc_single_image image=\u00a0\u00bb6860&Prime; img_size=\u00a0\u00bb2016&#215;1344&Prime; onclick=\u00a0\u00bbcustom_link\u00a0\u00bb hover_effect=\u00a0\u00bbimg_reduce_opacity\u00a0\u00bb link=\u00a0\u00bbhttps:\/\/www.pool-agri.com\/fr\/fotoalbums\/mcconnel\/\u00a0\u00bb][\/vc_column_inner][vc_column_inner width=\u00a0\u00bb1\/6&Prime;][vc_single_image image=\u00a0\u00bb6864&Prime; img_size=\u00a0\u00bb2016&#215;1344&Prime; onclick=\u00a0\u00bbcustom_link\u00a0\u00bb hover_effect=\u00a0\u00bbimg_reduce_opacity\u00a0\u00bb link=\u00a0\u00bbhttps:\/\/www.pool-agri.com\/fr\/fotoalbums\/mcconnel\/\u00a0\u00bb][\/vc_column_inner][vc_column_inner width=\u00a0\u00bb1\/6&Prime;][vc_single_image image=\u00a0\u00bb5633&Prime; img_size=\u00a0\u00bb2016&#215;1344&Prime; onclick=\u00a0\u00bbcustom_link\u00a0\u00bb hover_effect=\u00a0\u00bbimg_reduce_opacity\u00a0\u00bb link=\u00a0\u00bbhttps:\/\/www.pool-agri.com\/fr\/fotoalbums\/crop-catcher-2\/\u00a0\u00bb][\/vc_column_inner][vc_column_inner width=\u00a0\u00bb1\/6&Prime;][vc_single_image image=\u00a0\u00bb6184&Prime; img_size=\u00a0\u00bb2016&#215;1344&Prime; onclick=\u00a0\u00bbcustom_link\u00a0\u00bb hover_effect=\u00a0\u00bbimg_reduce_opacity\u00a0\u00bb link=\u00a0\u00bbhttps:\/\/www.pool-agri.com\/fotoalbums\/carre\/\u00a0\u00bb][\/vc_column_inner][vc_column_inner width=\u00a0\u00bb1\/6&Prime;][vc_single_image image=\u00a0\u00bb5638&Prime; img_size=\u00a0\u00bb2016&#215;1344&Prime; onclick=\u00a0\u00bbcustom_link\u00a0\u00bb hover_effect=\u00a0\u00bbimg_reduce_opacity\u00a0\u00bb link=\u00a0\u00bbhttps:\/\/www.pool-agri.com\/fr\/fotoalbums\/schulte\/\u00a0\u00bb][\/vc_column_inner][vc_column_inner width=\u00a0\u00bb1\/6&Prime;][vc_single_image image=\u00a0\u00bb5641&Prime; img_size=\u00a0\u00bb2016&#215;1344&Prime; onclick=\u00a0\u00bbcustom_link\u00a0\u00bb hover_effect=\u00a0\u00bbimg_reduce_opacity\u00a0\u00bb link=\u00a0\u00bbhttps:\/\/www.pool-agri.com\/fr\/fotoalbums\/quick-cover\/\u00a0\u00bb][\/vc_column_inner][\/vc_row_inner][vc_empty_space][vc_empty_space][vc_custom_heading text=\u00a0\u00bbPHOTOS EN G\u00c9N\u00c9RAL\u00a0\u00bb<br \/><a href=\"https:\/\/www.pool-agri.com\/fr\/fotosvideo\/\" class=\"more\">Read more<\/a><\/p>\n","protected":false},"author":2,"featured_media":0,"parent":0,"menu_order":0,"comment_status":"closed","ping_status":"closed","template":"","meta":{"_acf_changed":false,"footnotes":""},"class_list":["post-131","page","type-page","status-publish","hentry"],"acf":[],"yoast_head":"<!-- This site is optimized with the Yoast SEO plugin v27.5 - https:\/\/yoast.com\/product\/yoast-seo-wordpress\/ -->\n<title>Photos\/Vid\u00e9os - Pool Agri<\/title>\n<meta name=\"description\" content=\"foto video Pool Agri\" \/>\n<meta name=\"robots\" content=\"index, follow, max-snippet:-1, max-image-preview:large, max-video-preview:-1\" \/>\n<link rel=\"canonical\" href=\"https:\/\/www.pool-agri.com\/fr\/fotosvideo\/\" \/>\n<meta property=\"og:locale\" content=\"fr_FR\" \/>\n<meta property=\"og:type\" content=\"article\" \/>\n<meta property=\"og:title\" content=\"Photos\/Vid\u00e9os - Pool Agri\" \/>\n<meta property=\"og:description\" content=\"foto video Pool Agri\" \/>\n<meta property=\"og:url\" content=\"https:\/\/www.pool-agri.com\/fr\/fotosvideo\/\" \/>\n<meta property=\"og:site_name\" content=\"Pool Agri\" \/>\n<meta property=\"article:modified_time\" content=\"2020-04-28T07:31:33+00:00\" \/>\n<meta name=\"twitter:label1\" content=\"Dur\u00e9e de lecture estim\u00e9e\" \/>\n\t<meta name=\"twitter:data1\" content=\"2 minutes\" \/>\n<script type=\"application\/ld+json\" class=\"yoast-schema-graph\">{\"@context\":\"https:\\\/\\\/schema.org\",\"@graph\":[{\"@type\":\"WebPage\",\"@id\":\"https:\\\/\\\/www.pool-agri.com\\\/fr\\\/fotosvideo\\\/\",\"url\":\"https:\\\/\\\/www.pool-agri.com\\\/fr\\\/fotosvideo\\\/\",\"name\":\"Photos\\\/Vid\u00e9os - Pool Agri\",\"isPartOf\":{\"@id\":\"https:\\\/\\\/www.pool-agri.com\\\/#website\"},\"datePublished\":\"2013-10-10T11:08:19+00:00\",\"dateModified\":\"2020-04-28T07:31:33+00:00\",\"description\":\"foto video Pool Agri\",\"inLanguage\":\"fr-FR\",\"potentialAction\":[{\"@type\":\"ReadAction\",\"target\":[\"https:\\\/\\\/www.pool-agri.com\\\/fr\\\/fotosvideo\\\/\"]}]},{\"@type\":\"WebSite\",\"@id\":\"https:\\\/\\\/www.pool-agri.com\\\/#website\",\"url\":\"https:\\\/\\\/www.pool-agri.com\\\/\",\"name\":\"Pool Agri\",\"description\":\"Smart Solutions for Farming\",\"potentialAction\":[{\"@type\":\"SearchAction\",\"target\":{\"@type\":\"EntryPoint\",\"urlTemplate\":\"https:\\\/\\\/www.pool-agri.com\\\/?s={search_term_string}\"},\"query-input\":{\"@type\":\"PropertyValueSpecification\",\"valueRequired\":true,\"valueName\":\"search_term_string\"}}],\"inLanguage\":\"fr-FR\"}]}<\/script>\n<!-- \/ Yoast SEO plugin. -->","yoast_head_json":{"title":"Photos\/Vid\u00e9os - Pool Agri","description":"foto video Pool Agri","robots":{"index":"index","follow":"follow","max-snippet":"max-snippet:-1","max-image-preview":"max-image-preview:large","max-video-preview":"max-video-preview:-1"},"canonical":"https:\/\/www.pool-agri.com\/fr\/fotosvideo\/","og_locale":"fr_FR","og_type":"article","og_title":"Photos\/Vid\u00e9os - Pool Agri","og_description":"foto video Pool Agri","og_url":"https:\/\/www.pool-agri.com\/fr\/fotosvideo\/","og_site_name":"Pool Agri","article_modified_time":"2020-04-28T07:31:33+00:00","twitter_misc":{"Dur\u00e9e de lecture estim\u00e9e":"2 minutes"},"schema":{"@context":"https:\/\/schema.org","@graph":[{"@type":"WebPage","@id":"https:\/\/www.pool-agri.com\/fr\/fotosvideo\/","url":"https:\/\/www.pool-agri.com\/fr\/fotosvideo\/","name":"Photos\/Vid\u00e9os - Pool Agri","isPartOf":{"@id":"https:\/\/www.pool-agri.com\/#website"},"datePublished":"2013-10-10T11:08:19+00:00","dateModified":"2020-04-28T07:31:33+00:00","description":"foto video Pool Agri","inLanguage":"fr-FR","potentialAction":[{"@type":"ReadAction","target":["https:\/\/www.pool-agri.com\/fr\/fotosvideo\/"]}]},{"@type":"WebSite","@id":"https:\/\/www.pool-agri.com\/#website","url":"https:\/\/www.pool-agri.com\/","name":"Pool Agri","description":"Smart Solutions for Farming","potentialAction":[{"@type":"SearchAction","target":{"@type":"EntryPoint","urlTemplate":"https:\/\/www.pool-agri.com\/?s={search_term_string}"},"query-input":{"@type":"PropertyValueSpecification","valueRequired":true,"valueName":"search_term_string"}}],"inLanguage":"fr-FR"}]}},"_links":{"self":[{"href":"https:\/\/www.pool-agri.com\/fr\/wp-json\/wp\/v2\/pages\/131","targetHints":{"allow":["GET"]}}],"collection":[{"href":"https:\/\/www.pool-agri.com\/fr\/wp-json\/wp\/v2\/pages"}],"about":[{"href":"https:\/\/www.pool-agri.com\/fr\/wp-json\/wp\/v2\/types\/page"}],"author":[{"embeddable":true,"href":"https:\/\/www.pool-agri.com\/fr\/wp-json\/wp\/v2\/users\/2"}],"replies":[{"embeddable":true,"href":"https:\/\/www.pool-agri.com\/fr\/wp-json\/wp\/v2\/comments?post=131"}],"version-history":[{"count":0,"href":"https:\/\/www.pool-agri.com\/fr\/wp-json\/wp\/v2\/pages\/131\/revisions"}],"wp:attachment":[{"href":"https:\/\/www.pool-agri.com\/fr\/wp-json\/wp\/v2\/media?parent=131"}],"curies":[{"name":"wp","href":"https:\/\/api.w.org\/{rel}","templated":true}]}}