{"id":113,"date":"2013-10-09T07:36:43","date_gmt":"2013-10-09T06:36:43","guid":{"rendered":"http:\/\/www.pool-agri.com\/pool-agri-powerful-solutions-for-farming-3\/"},"modified":"2025-08-27T10:12:34","modified_gmt":"2025-08-27T09:12:34","slug":"pool-agri-powerful-solutions-for-farming","status":"publish","type":"page","link":"https:\/\/www.pool-agri.com\/fr\/","title":{"rendered":"Pool Agri | Smart Solutions for Farming"},"content":{"rendered":"<div class=\"wpb-content-wrapper\"><p>[vc_row el_class=\u00a0\u00bbhome-cta-products\u00a0\u00bb][vc_column width=\u00a0\u00bb1\/3&Prime;][vc_single_image image=\u00a0\u00bb5566&Prime; img_size=\u00a0\u00bbfull\u00a0\u00bb onclick=\u00a0\u00bbcustom_link\u00a0\u00bb img_link_target=\u00a0\u00bb_blank\u00a0\u00bb css=\u00a0\u00bb\u00a0\u00bb title=\u00a0\u00bbQuick Cover\u00ae\u00a0\u00bb link=\u00a0\u00bbhttps:\/\/www.pool-agri.com\/quick-cover\/\u00a0\u00bb][\/vc_column][vc_column width=\u00a0\u00bb1\/3&Prime;][vc_single_image image=\u00a0\u00bb5561&Prime; img_size=\u00a0\u00bbfull\u00a0\u00bb onclick=\u00a0\u00bbcustom_link\u00a0\u00bb img_link_target=\u00a0\u00bb_blank\u00a0\u00bb css=\u00a0\u00bb\u00a0\u00bb title=\u00a0\u00bbCarre\u00ae\u00a0\u00bb link=\u00a0\u00bbhttps:\/\/www.pool-agri.com\/carre\/\u00a0\u00bb][\/vc_column][vc_column width=\u00a0\u00bb1\/3&Prime;][vc_single_image image=\u00a0\u00bb5564&Prime; img_size=\u00a0\u00bbfull\u00a0\u00bb onclick=\u00a0\u00bbcustom_link\u00a0\u00bb img_link_target=\u00a0\u00bb_blank\u00a0\u00bb css=\u00a0\u00bb\u00a0\u00bb title=\u00a0\u00bbMcConnel\u00ae TRAVAIL DU SOL\u00a0\u00bb link=\u00a0\u00bbhttps:\/\/www.pool-agri.com\/mcconnel\/\u00a0\u00bb][\/vc_column][\/vc_row][vc_row][vc_column width=\u00a0\u00bb2\/3&Prime; css=\u00a0\u00bb.vc_custom_1583754239075{padding-right: 20px !important;}\u00a0\u00bb][vc_custom_heading text=\u00a0\u00bbPOOL AGRI | SMART SOLUTIONS FOR FARMING\u00a0\u00bb use_theme_fonts=\u00a0\u00bbyes\u00a0\u00bb][vc_column_text css=\u00a0\u00bb\u00a0\u00bb]Pool Agri Import &amp; Export est le sp\u00e9cialiste de l&rsquo;import et l&rsquo;export de semoirs et de travail du sol, de syst\u00e8mes m\u00e9caniques de d\u00e9sherbage et de syst\u00e8mes couverture pour le transport agricole. Nos fournisseurs fournissent tous des machines et des concepts uniques qui correspondent \u00e0 notre devise \u00ab Smart Solutions for Farming \u00bb. Cela nous permet de fournir des produits uniques dans le secteur agricole n\u00e9erlandais et europ\u00e9en et de contribuer \u00e0 des op\u00e9rations commerciales plus efficaces et \u00e0 de meilleurs rendements. La capacit\u00e9, l\u2019innovation et la fiabilit\u00e9 sont nos principales priorit\u00e9s. et nous nous effor\u00e7ons de fournir \u00e0 nos clients des avanc\u00e9es technologiques en mati\u00e8re de m\u00e9canisation et d&rsquo;automatisation des processus commerciaux.[\/vc_column_text][vc_row_inner][vc_column_inner width=\u00a0\u00bb2\/3&Prime;][vc_column_text]\u00ab Pour Pool Agri Import &amp; Export, vendre n\u2019est pas une fin en soi. Notre objectif est la satisfaction du client. Nous attachons une grande importance \u00e0 l\u2019\u00e9tablissement de relations \u00e0 long terme avec nos clients, revendeurs et fournisseurs et nous effor\u00e7ons de fournir \u00e0 nos clients des avanc\u00e9es technologiques dans le domaine de la m\u00e9canisation et de l\u2019automatisation.<\/p>\n<p>En tant que sp\u00e9cialistes du travail du sol, du d\u00e9sherbage m\u00e9canique et des syst\u00e8mes de couverture pour le transport agricole, nous nous concentrons enti\u00e8rement sur des solutions pratiques et de la plus haute qualit\u00e9 possible.<\/p>\n<p>\u00ab Vous pouvez compter sur nos conseils professionnels, nos connaissances et notre soutien dans le domaine ! \u00bb<\/p>\n<p><strong>Hendrik Pool<\/strong> &#8211; Directeur\/propri\u00e9taire[\/vc_column_text][\/vc_column_inner][vc_column_inner width=\u00a0\u00bb1\/3&Prime;][vc_single_image image=\u00a0\u00bb5886&Prime; img_size=\u00a0\u00bb514&#215;414&Prime;][\/vc_column_inner][\/vc_row_inner]<style type=\"text\/css\" >#l_eiqjnalc8yzh2pfrqz3e.sc_line ,#l_eiqjnalc8yzh2pfrqz3e .sc_line { height:1px; background:#bababa;}#l_eiqjnalc8yzh2pfrqz3e {margin:0px 0 0px 0; padding:0;}<\/style><div class=\"clearfix\"><\/div><div id=\"l_eiqjnalc8yzh2pfrqz3e\"  class=\"sc_line rd_line_normal\" ><\/div>[vc_empty_space][vc_custom_heading text=\u00a0\u00bbVID\u00c9OS\u00a0\u00bb use_theme_fonts=\u00a0\u00bbyes\u00a0\u00bb][vc_row_inner][vc_column_inner width=\u00a0\u00bb1\/2&Prime;][vc_video link=\u00a0\u00bbhttps:\/\/youtu.be\/APQwKlDJcf0&Prime;][\/vc_column_inner][vc_column_inner width=\u00a0\u00bb1\/2&Prime;][vc_video link=\u00a0\u00bbhttps:\/\/youtu.be\/kJCOwgLj7Ws\u00a0\u00bb][\/vc_column_inner][\/vc_row_inner][vc_empty_space]<style type=\"text\/css\" >#l_byf8b28s51ywpaki1m0j.sc_line ,#l_byf8b28s51ywpaki1m0j .sc_line { height:1px; background:#bababa;}#l_byf8b28s51ywpaki1m0j {margin:0px 0 0px 0; padding:0;}<\/style><div class=\"clearfix\"><\/div><div id=\"l_byf8b28s51ywpaki1m0j\"  class=\"sc_line rd_line_normal\" ><\/div>[vc_empty_space][\/vc_column][vc_column width=\u00a0\u00bb1\/3&Prime; offset=\u00a0\u00bbvc_hidden-lg vc_hidden-md vc_hidden-sm vc_hidden-xs\u00a0\u00bb][vc_widget_sidebar sidebar_id=\u00a0\u00bbthefox_mc_sidebar\u00a0\u00bb][vc_custom_heading text=\u00a0\u00bbDemandez ici les brochures de nos machines pour les op\u00e9rations commerciales efficace et un meilleur rendement:\u00a0\u00bb use_theme_fonts=\u00a0\u00bbyes\u00a0\u00bb][vc_column_text][\/vc_column_text][\/vc_column][\/vc_row]<\/p>\n<\/div>","protected":false},"excerpt":{"rendered":"<p>[vc_row el_class=\u00a0\u00bbhome-cta-products\u00a0\u00bb][vc_column width=\u00a0\u00bb1\/3&Prime;][vc_single_image image=\u00a0\u00bb5566&Prime; img_size=\u00a0\u00bbfull\u00a0\u00bb onclick=\u00a0\u00bbcustom_link\u00a0\u00bb img_link_target=\u00a0\u00bb_blank\u00a0\u00bb css=\u00a0\u00bb\u00a0\u00bb title=\u00a0\u00bbQuick Cover\u00ae\u00a0\u00bb link=\u00a0\u00bbhttps:\/\/www.pool-agri.com\/quick-cover\/\u00a0\u00bb][\/vc_column][vc_column width=\u00a0\u00bb1\/3&Prime;][vc_single_image image=\u00a0\u00bb5561&Prime; img_size=\u00a0\u00bbfull\u00a0\u00bb onclick=\u00a0\u00bbcustom_link\u00a0\u00bb img_link_target=\u00a0\u00bb_blank\u00a0\u00bb css=\u00a0\u00bb\u00a0\u00bb title=\u00a0\u00bbCarre\u00ae\u00a0\u00bb link=\u00a0\u00bbhttps:\/\/www.pool-agri.com\/carre\/\u00a0\u00bb][\/vc_column][vc_column width=\u00a0\u00bb1\/3&Prime;][vc_single_image image=\u00a0\u00bb5564&Prime; img_size=\u00a0\u00bbfull\u00a0\u00bb onclick=\u00a0\u00bbcustom_link\u00a0\u00bb img_link_target=\u00a0\u00bb_blank\u00a0\u00bb css=\u00a0\u00bb\u00a0\u00bb title=\u00a0\u00bbMcConnel\u00ae TRAVAIL DU SOL\u00a0\u00bb link=\u00a0\u00bbhttps:\/\/www.pool-agri.com\/mcconnel\/\u00a0\u00bb][\/vc_column][\/vc_row][vc_row][vc_column width=\u00a0\u00bb2\/3&Prime; css=\u00a0\u00bb.vc_custom_1583754239075{padding-right: 20px !important;}\u00a0\u00bb][vc_custom_heading text=\u00a0\u00bbPOOL AGRI | SMART SOLUTIONS FOR FARMING\u00a0\u00bb use_theme_fonts=\u00a0\u00bbyes\u00a0\u00bb][vc_column_text css=\u00a0\u00bb\u00a0\u00bb]Pool Agri Import &amp; Export est le sp\u00e9cialiste de l&rsquo;import et l&rsquo;export de<br \/><a href=\"https:\/\/www.pool-agri.com\/fr\/\" class=\"more\">Read more<\/a><\/p>\n","protected":false},"author":2,"featured_media":0,"parent":0,"menu_order":0,"comment_status":"closed","ping_status":"closed","template":"","meta":{"_acf_changed":false,"footnotes":""},"class_list":["post-113","page","type-page","status-publish","hentry"],"acf":[],"yoast_head":"<!-- This site is optimized with the Yoast SEO plugin v27.5 - https:\/\/yoast.com\/product\/yoast-seo-wordpress\/ -->\n<title>Pool Agri | Smart Solutions for Farming - Pool Agri<\/title>\n<meta name=\"description\" content=\"McConnel Kellands Schulte Quick-Cover Crop Catcher\" \/>\n<meta name=\"robots\" content=\"index, follow, max-snippet:-1, max-image-preview:large, max-video-preview:-1\" \/>\n<link rel=\"canonical\" href=\"https:\/\/www.pool-agri.com\/fr\/\" \/>\n<meta property=\"og:locale\" content=\"fr_FR\" \/>\n<meta property=\"og:type\" content=\"article\" \/>\n<meta property=\"og:title\" content=\"Pool Agri | Smart Solutions for Farming - Pool Agri\" \/>\n<meta property=\"og:description\" content=\"McConnel Kellands Schulte Quick-Cover Crop Catcher\" \/>\n<meta property=\"og:url\" content=\"https:\/\/www.pool-agri.com\/fr\/\" \/>\n<meta property=\"og:site_name\" content=\"Pool Agri\" \/>\n<meta property=\"article:modified_time\" content=\"2025-08-27T09:12:34+00:00\" \/>\n<meta name=\"twitter:label1\" content=\"Dur\u00e9e de lecture estim\u00e9e\" \/>\n\t<meta name=\"twitter:data1\" content=\"3 minutes\" \/>\n<script type=\"application\/ld+json\" class=\"yoast-schema-graph\">{\"@context\":\"https:\\\/\\\/schema.org\",\"@graph\":[{\"@type\":\"WebPage\",\"@id\":\"https:\\\/\\\/www.pool-agri.com\\\/fr\\\/\",\"url\":\"https:\\\/\\\/www.pool-agri.com\\\/fr\\\/\",\"name\":\"Pool Agri | Smart Solutions for Farming - Pool Agri\",\"isPartOf\":{\"@id\":\"https:\\\/\\\/www.pool-agri.com\\\/#website\"},\"datePublished\":\"2013-10-09T06:36:43+00:00\",\"dateModified\":\"2025-08-27T09:12:34+00:00\",\"description\":\"McConnel Kellands Schulte Quick-Cover Crop Catcher\",\"inLanguage\":\"fr-FR\",\"potentialAction\":[{\"@type\":\"ReadAction\",\"target\":[\"https:\\\/\\\/www.pool-agri.com\\\/fr\\\/\"]}]},{\"@type\":\"WebSite\",\"@id\":\"https:\\\/\\\/www.pool-agri.com\\\/#website\",\"url\":\"https:\\\/\\\/www.pool-agri.com\\\/\",\"name\":\"Pool Agri\",\"description\":\"Smart Solutions for Farming\",\"potentialAction\":[{\"@type\":\"SearchAction\",\"target\":{\"@type\":\"EntryPoint\",\"urlTemplate\":\"https:\\\/\\\/www.pool-agri.com\\\/?s={search_term_string}\"},\"query-input\":{\"@type\":\"PropertyValueSpecification\",\"valueRequired\":true,\"valueName\":\"search_term_string\"}}],\"inLanguage\":\"fr-FR\"}]}<\/script>\n<!-- \/ Yoast SEO plugin. -->","yoast_head_json":{"title":"Pool Agri | Smart Solutions for Farming - Pool Agri","description":"McConnel Kellands Schulte Quick-Cover Crop Catcher","robots":{"index":"index","follow":"follow","max-snippet":"max-snippet:-1","max-image-preview":"max-image-preview:large","max-video-preview":"max-video-preview:-1"},"canonical":"https:\/\/www.pool-agri.com\/fr\/","og_locale":"fr_FR","og_type":"article","og_title":"Pool Agri | Smart Solutions for Farming - Pool Agri","og_description":"McConnel Kellands Schulte Quick-Cover Crop Catcher","og_url":"https:\/\/www.pool-agri.com\/fr\/","og_site_name":"Pool Agri","article_modified_time":"2025-08-27T09:12:34+00:00","twitter_misc":{"Dur\u00e9e de lecture estim\u00e9e":"3 minutes"},"schema":{"@context":"https:\/\/schema.org","@graph":[{"@type":"WebPage","@id":"https:\/\/www.pool-agri.com\/fr\/","url":"https:\/\/www.pool-agri.com\/fr\/","name":"Pool Agri | Smart Solutions for Farming - Pool Agri","isPartOf":{"@id":"https:\/\/www.pool-agri.com\/#website"},"datePublished":"2013-10-09T06:36:43+00:00","dateModified":"2025-08-27T09:12:34+00:00","description":"McConnel Kellands Schulte Quick-Cover Crop Catcher","inLanguage":"fr-FR","potentialAction":[{"@type":"ReadAction","target":["https:\/\/www.pool-agri.com\/fr\/"]}]},{"@type":"WebSite","@id":"https:\/\/www.pool-agri.com\/#website","url":"https:\/\/www.pool-agri.com\/","name":"Pool Agri","description":"Smart Solutions for Farming","potentialAction":[{"@type":"SearchAction","target":{"@type":"EntryPoint","urlTemplate":"https:\/\/www.pool-agri.com\/?s={search_term_string}"},"query-input":{"@type":"PropertyValueSpecification","valueRequired":true,"valueName":"search_term_string"}}],"inLanguage":"fr-FR"}]}},"_links":{"self":[{"href":"https:\/\/www.pool-agri.com\/fr\/wp-json\/wp\/v2\/pages\/113","targetHints":{"allow":["GET"]}}],"collection":[{"href":"https:\/\/www.pool-agri.com\/fr\/wp-json\/wp\/v2\/pages"}],"about":[{"href":"https:\/\/www.pool-agri.com\/fr\/wp-json\/wp\/v2\/types\/page"}],"author":[{"embeddable":true,"href":"https:\/\/www.pool-agri.com\/fr\/wp-json\/wp\/v2\/users\/2"}],"replies":[{"embeddable":true,"href":"https:\/\/www.pool-agri.com\/fr\/wp-json\/wp\/v2\/comments?post=113"}],"version-history":[{"count":9,"href":"https:\/\/www.pool-agri.com\/fr\/wp-json\/wp\/v2\/pages\/113\/revisions"}],"predecessor-version":[{"id":7929,"href":"https:\/\/www.pool-agri.com\/fr\/wp-json\/wp\/v2\/pages\/113\/revisions\/7929"}],"wp:attachment":[{"href":"https:\/\/www.pool-agri.com\/fr\/wp-json\/wp\/v2\/media?parent=113"}],"curies":[{"name":"wp","href":"https:\/\/api.w.org\/{rel}","templated":true}]}}