{"id":7461,"date":"2023-06-06T07:58:13","date_gmt":"2023-06-06T06:58:13","guid":{"rendered":"https:\/\/www.pool-agri.com\/?page_id=7461"},"modified":"2025-10-06T16:35:15","modified_gmt":"2025-10-06T15:35:15","slug":"aktuelle-stellenangebote","status":"publish","type":"page","link":"https:\/\/www.pool-agri.com\/de\/aktuelle-stellenangebote\/","title":{"rendered":"Aktuelle Stellenangebote"},"content":{"rendered":"<div class=\"wpb-content-wrapper\"><p>[vc_row][vc_column][vc_custom_heading text=&#8220;STELLENANGEBOTE&#8220; use_theme_fonts=&#8220;yes&#8220;][vc_row_inner][vc_column_inner width=&#8220;1\/2&#8243;][\/vc_column_inner][\/vc_row_inner][vc_empty_space][vc_row_inner][vc_column_inner font_color=&#8220;#bababa&#8220;][vc_column_text]Haben Sie Interesse, bei uns zu arbeiten? Eine Initiativbewerbung ist jederzeit m\u00f6glich. Falls wir keine offene Stellen haben, speichern wir Ihre Daten. Bei der Besetzung einer Stelle greifen wir auf die Daten unserer Bewerber zur\u00fcck. Wer wei\u00df, vielleicht laden wir Sie zu einem Treffen ein, um uns besser kennenzulernen. Erkl\u00e4ren Sie, warum Sie bei Pool Agri arbeiten m\u00f6chten und f\u00fcgen Sie Ihrer E-Mail einen Lebenslauf bei.[\/vc_column_text][\/vc_column_inner][\/vc_row_inner][\/vc_column][\/vc_row]<\/p>\n<\/div>","protected":false},"excerpt":{"rendered":"<p>[vc_row][vc_column][vc_custom_heading text=&#8220;STELLENANGEBOTE&#8220; use_theme_fonts=&#8220;yes&#8220;][vc_row_inner][vc_column_inner width=&#8220;1\/2&#8243;][\/vc_column_inner][\/vc_row_inner][vc_empty_space][vc_row_inner][vc_column_inner font_color=&#8220;#bababa&#8220;][vc_column_text]Haben Sie Interesse, bei uns zu arbeiten? Eine Initiativbewerbung ist jederzeit m\u00f6glich. Falls wir keine offene Stellen haben, speichern wir Ihre Daten. Bei der Besetzung einer Stelle greifen wir auf die Daten unserer Bewerber zur\u00fcck. Wer wei\u00df, vielleicht laden wir Sie zu einem Treffen ein, um uns besser kennenzulernen. Erkl\u00e4ren Sie,<br \/><a href=\"https:\/\/www.pool-agri.com\/de\/aktuelle-stellenangebote\/\" class=\"more\">Read more<\/a><\/p>\n","protected":false},"author":2,"featured_media":7462,"parent":0,"menu_order":0,"comment_status":"closed","ping_status":"closed","template":"","meta":{"_acf_changed":false,"footnotes":""},"class_list":["post-7461","page","type-page","status-publish","has-post-thumbnail","hentry"],"acf":[],"yoast_head":"<!-- This site is optimized with the Yoast SEO plugin v27.4 - https:\/\/yoast.com\/product\/yoast-seo-wordpress\/ -->\n<title>Aktuelle Stellenangebote - Pool Agri<\/title>\n<meta name=\"robots\" content=\"index, follow, max-snippet:-1, max-image-preview:large, max-video-preview:-1\" \/>\n<link rel=\"canonical\" href=\"https:\/\/www.pool-agri.com\/de\/aktuelle-stellenangebote\/\" \/>\n<meta property=\"og:locale\" content=\"de_DE\" \/>\n<meta property=\"og:type\" content=\"article\" \/>\n<meta property=\"og:title\" content=\"Aktuelle Stellenangebote - Pool Agri\" \/>\n<meta property=\"og:description\" content=\"[vc_row][vc_column][vc_custom_heading text=&#8220;STELLENANGEBOTE&#8220; use_theme_fonts=&#8220;yes&#8220;][vc_row_inner][vc_column_inner width=&#8220;1\/2&#8243;][\/vc_column_inner][\/vc_row_inner][vc_empty_space][vc_row_inner][vc_column_inner font_color=&#8220;#bababa&#8220;][vc_column_text]Haben Sie Interesse, bei uns zu arbeiten? Eine Initiativbewerbung ist jederzeit m\u00f6glich. Falls wir keine offene Stellen haben, speichern wir Ihre Daten. Bei der Besetzung einer Stelle greifen wir auf die Daten unserer Bewerber zur\u00fcck. Wer wei\u00df, vielleicht laden wir Sie zu einem Treffen ein, um uns besser kennenzulernen. Erkl\u00e4ren Sie,Read more\" \/>\n<meta property=\"og:url\" content=\"https:\/\/www.pool-agri.com\/de\/aktuelle-stellenangebote\/\" \/>\n<meta property=\"og:site_name\" content=\"Pool Agri\" \/>\n<meta property=\"article:modified_time\" content=\"2025-10-06T15:35:15+00:00\" \/>\n<meta property=\"og:image\" content=\"https:\/\/www.pool-agri.com\/wp-content\/uploads\/2018\/06\/DLG-Feldtage-2018-28-rev.-1024x710.jpg\" \/>\n\t<meta property=\"og:image:width\" content=\"1024\" \/>\n\t<meta property=\"og:image:height\" content=\"710\" \/>\n\t<meta property=\"og:image:type\" content=\"image\/jpeg\" \/>\n<meta name=\"twitter:label1\" content=\"Gesch\u00e4tzte Lesezeit\" \/>\n\t<meta name=\"twitter:data1\" content=\"1\u00a0Minute\" \/>\n<script type=\"application\/ld+json\" class=\"yoast-schema-graph\">{\"@context\":\"https:\\\/\\\/schema.org\",\"@graph\":[{\"@type\":\"WebPage\",\"@id\":\"https:\\\/\\\/www.pool-agri.com\\\/de\\\/aktuelle-stellenangebote\\\/\",\"url\":\"https:\\\/\\\/www.pool-agri.com\\\/de\\\/aktuelle-stellenangebote\\\/\",\"name\":\"Aktuelle Stellenangebote - Pool Agri\",\"isPartOf\":{\"@id\":\"https:\\\/\\\/www.pool-agri.com\\\/#website\"},\"primaryImageOfPage\":{\"@id\":\"https:\\\/\\\/www.pool-agri.com\\\/de\\\/aktuelle-stellenangebote\\\/#primaryimage\"},\"image\":{\"@id\":\"https:\\\/\\\/www.pool-agri.com\\\/de\\\/aktuelle-stellenangebote\\\/#primaryimage\"},\"thumbnailUrl\":\"https:\\\/\\\/www.pool-agri.com\\\/wp-content\\\/uploads\\\/2018\\\/06\\\/DLG-Feldtage-2018-28-rev..jpg\",\"datePublished\":\"2023-06-06T06:58:13+00:00\",\"dateModified\":\"2025-10-06T15:35:15+00:00\",\"inLanguage\":\"de\",\"potentialAction\":[{\"@type\":\"ReadAction\",\"target\":[\"https:\\\/\\\/www.pool-agri.com\\\/de\\\/aktuelle-stellenangebote\\\/\"]}]},{\"@type\":\"ImageObject\",\"inLanguage\":\"de\",\"@id\":\"https:\\\/\\\/www.pool-agri.com\\\/de\\\/aktuelle-stellenangebote\\\/#primaryimage\",\"url\":\"https:\\\/\\\/www.pool-agri.com\\\/wp-content\\\/uploads\\\/2018\\\/06\\\/DLG-Feldtage-2018-28-rev..jpg\",\"contentUrl\":\"https:\\\/\\\/www.pool-agri.com\\\/wp-content\\\/uploads\\\/2018\\\/06\\\/DLG-Feldtage-2018-28-rev..jpg\",\"width\":3661,\"height\":2539},{\"@type\":\"WebSite\",\"@id\":\"https:\\\/\\\/www.pool-agri.com\\\/#website\",\"url\":\"https:\\\/\\\/www.pool-agri.com\\\/\",\"name\":\"Pool Agri\",\"description\":\"Smart Solutions for Farming\",\"potentialAction\":[{\"@type\":\"SearchAction\",\"target\":{\"@type\":\"EntryPoint\",\"urlTemplate\":\"https:\\\/\\\/www.pool-agri.com\\\/?s={search_term_string}\"},\"query-input\":{\"@type\":\"PropertyValueSpecification\",\"valueRequired\":true,\"valueName\":\"search_term_string\"}}],\"inLanguage\":\"de\"}]}<\/script>\n<!-- \/ Yoast SEO plugin. -->","yoast_head_json":{"title":"Aktuelle Stellenangebote - Pool Agri","robots":{"index":"index","follow":"follow","max-snippet":"max-snippet:-1","max-image-preview":"max-image-preview:large","max-video-preview":"max-video-preview:-1"},"canonical":"https:\/\/www.pool-agri.com\/de\/aktuelle-stellenangebote\/","og_locale":"de_DE","og_type":"article","og_title":"Aktuelle Stellenangebote - Pool Agri","og_description":"[vc_row][vc_column][vc_custom_heading text=&#8220;STELLENANGEBOTE&#8220; use_theme_fonts=&#8220;yes&#8220;][vc_row_inner][vc_column_inner width=&#8220;1\/2&#8243;][\/vc_column_inner][\/vc_row_inner][vc_empty_space][vc_row_inner][vc_column_inner font_color=&#8220;#bababa&#8220;][vc_column_text]Haben Sie Interesse, bei uns zu arbeiten? Eine Initiativbewerbung ist jederzeit m\u00f6glich. Falls wir keine offene Stellen haben, speichern wir Ihre Daten. Bei der Besetzung einer Stelle greifen wir auf die Daten unserer Bewerber zur\u00fcck. Wer wei\u00df, vielleicht laden wir Sie zu einem Treffen ein, um uns besser kennenzulernen. Erkl\u00e4ren Sie,Read more","og_url":"https:\/\/www.pool-agri.com\/de\/aktuelle-stellenangebote\/","og_site_name":"Pool Agri","article_modified_time":"2025-10-06T15:35:15+00:00","og_image":[{"width":1024,"height":710,"url":"https:\/\/www.pool-agri.com\/wp-content\/uploads\/2018\/06\/DLG-Feldtage-2018-28-rev.-1024x710.jpg","type":"image\/jpeg"}],"twitter_misc":{"Gesch\u00e4tzte Lesezeit":"1\u00a0Minute"},"schema":{"@context":"https:\/\/schema.org","@graph":[{"@type":"WebPage","@id":"https:\/\/www.pool-agri.com\/de\/aktuelle-stellenangebote\/","url":"https:\/\/www.pool-agri.com\/de\/aktuelle-stellenangebote\/","name":"Aktuelle Stellenangebote - Pool Agri","isPartOf":{"@id":"https:\/\/www.pool-agri.com\/#website"},"primaryImageOfPage":{"@id":"https:\/\/www.pool-agri.com\/de\/aktuelle-stellenangebote\/#primaryimage"},"image":{"@id":"https:\/\/www.pool-agri.com\/de\/aktuelle-stellenangebote\/#primaryimage"},"thumbnailUrl":"https:\/\/www.pool-agri.com\/wp-content\/uploads\/2018\/06\/DLG-Feldtage-2018-28-rev..jpg","datePublished":"2023-06-06T06:58:13+00:00","dateModified":"2025-10-06T15:35:15+00:00","inLanguage":"de","potentialAction":[{"@type":"ReadAction","target":["https:\/\/www.pool-agri.com\/de\/aktuelle-stellenangebote\/"]}]},{"@type":"ImageObject","inLanguage":"de","@id":"https:\/\/www.pool-agri.com\/de\/aktuelle-stellenangebote\/#primaryimage","url":"https:\/\/www.pool-agri.com\/wp-content\/uploads\/2018\/06\/DLG-Feldtage-2018-28-rev..jpg","contentUrl":"https:\/\/www.pool-agri.com\/wp-content\/uploads\/2018\/06\/DLG-Feldtage-2018-28-rev..jpg","width":3661,"height":2539},{"@type":"WebSite","@id":"https:\/\/www.pool-agri.com\/#website","url":"https:\/\/www.pool-agri.com\/","name":"Pool Agri","description":"Smart Solutions for Farming","potentialAction":[{"@type":"SearchAction","target":{"@type":"EntryPoint","urlTemplate":"https:\/\/www.pool-agri.com\/?s={search_term_string}"},"query-input":{"@type":"PropertyValueSpecification","valueRequired":true,"valueName":"search_term_string"}}],"inLanguage":"de"}]}},"_links":{"self":[{"href":"https:\/\/www.pool-agri.com\/de\/wp-json\/wp\/v2\/pages\/7461","targetHints":{"allow":["GET"]}}],"collection":[{"href":"https:\/\/www.pool-agri.com\/de\/wp-json\/wp\/v2\/pages"}],"about":[{"href":"https:\/\/www.pool-agri.com\/de\/wp-json\/wp\/v2\/types\/page"}],"author":[{"embeddable":true,"href":"https:\/\/www.pool-agri.com\/de\/wp-json\/wp\/v2\/users\/2"}],"replies":[{"embeddable":true,"href":"https:\/\/www.pool-agri.com\/de\/wp-json\/wp\/v2\/comments?post=7461"}],"version-history":[{"count":13,"href":"https:\/\/www.pool-agri.com\/de\/wp-json\/wp\/v2\/pages\/7461\/revisions"}],"predecessor-version":[{"id":7951,"href":"https:\/\/www.pool-agri.com\/de\/wp-json\/wp\/v2\/pages\/7461\/revisions\/7951"}],"wp:featuredmedia":[{"embeddable":true,"href":"https:\/\/www.pool-agri.com\/de\/wp-json\/wp\/v2\/media\/7462"}],"wp:attachment":[{"href":"https:\/\/www.pool-agri.com\/de\/wp-json\/wp\/v2\/media?parent=7461"}],"curies":[{"name":"wp","href":"https:\/\/api.w.org\/{rel}","templated":true}]}}