{"id":7433,"date":"2023-05-24T11:29:17","date_gmt":"2023-05-24T10:29:17","guid":{"rendered":"https:\/\/www.pool-agri.com\/?page_id=7433"},"modified":"2023-05-24T13:02:14","modified_gmt":"2023-05-24T12:02:14","slug":"vertriebs-und-produktspezialist-mechanische-unkrautregulierung","status":"publish","type":"page","link":"https:\/\/www.pool-agri.com\/de\/vertriebs-und-produktspezialist-mechanische-unkrautregulierung\/","title":{"rendered":"Jobangebot | Vertriebs- und Produktspezialist mechanische Unkrautregulierung"},"content":{"rendered":"<div class=\"wpb-content-wrapper\"><p>[vc_section][vc_row][vc_column][vc_single_image image=&#8220;7443&#8243; img_size=&#8220;full&#8220; alignment=&#8220;center&#8220;][vc_column_text]<\/p>\n<p class=\"p1\"><b>Haben wir Ihr Interesse geweckt?<\/b><\/p>\n<p class=\"p2\">Dann bewerben Sie sich mit Ihren vollst\u00e4ndigen Bewerbungsunterlagen (Anschreiben, Lebenslauf, Zeugnisse) und Gehaltsvorstellungen per E-Mail an:<\/p>\n<p class=\"p2\">Pool Agri Import &amp; Export<br \/>\nHerr Hendrik Pool &#8211; Gesch\u00e4ftsf\u00fchrer<br \/>\n<a href=\"mailto:sales@pool-agri.com\" target=\"_blank\" rel=\"noopener\"><span class=\"s1\">sales@pool-agri.com<\/span><\/a><\/p>\n<p class=\"p2\">F\u00fcr R\u00fcckfragen zum Stellenangebot steht Ihnen Hendrik Pool unter der Rufnummer <span class=\"s2\">0031 546 641910<\/span> gerne zur Verf\u00fcgung.<\/p>\n<p class=\"p2\">Wir freuen uns auf Ihre Bewerbung!<\/p>\n<p>[\/vc_column_text][\/vc_column][\/vc_row][\/vc_section]<\/p>\n<\/div>","protected":false},"excerpt":{"rendered":"<p>[vc_section][vc_row][vc_column][vc_single_image image=&#8220;7443&#8243; img_size=&#8220;full&#8220; alignment=&#8220;center&#8220;][vc_column_text] Haben wir Ihr Interesse geweckt? Dann bewerben Sie sich mit Ihren vollst\u00e4ndigen Bewerbungsunterlagen (Anschreiben, Lebenslauf, Zeugnisse) und Gehaltsvorstellungen per E-Mail an: Pool Agri Import &amp; Export Herr Hendrik Pool &#8211; Gesch\u00e4ftsf\u00fchrer sales@pool-agri.com F\u00fcr R\u00fcckfragen zum Stellenangebot steht Ihnen Hendrik Pool unter der Rufnummer 0031 546 641910 gerne zur Verf\u00fcgung. Wir freuen<br \/><a href=\"https:\/\/www.pool-agri.com\/de\/vertriebs-und-produktspezialist-mechanische-unkrautregulierung\/\" class=\"more\">Read more<\/a><\/p>\n","protected":false},"author":8,"featured_media":0,"parent":0,"menu_order":0,"comment_status":"closed","ping_status":"closed","template":"","meta":{"_acf_changed":false,"footnotes":""},"class_list":["post-7433","page","type-page","status-publish","hentry"],"acf":[],"yoast_head":"<!-- This site is optimized with the Yoast SEO plugin v27.4 - https:\/\/yoast.com\/product\/yoast-seo-wordpress\/ -->\n<title>Jobangebot | Vertriebs- und Produktspezialist mechanische Unkrautregulierung - Pool Agri<\/title>\n<meta name=\"robots\" content=\"index, follow, max-snippet:-1, max-image-preview:large, max-video-preview:-1\" \/>\n<link rel=\"canonical\" href=\"https:\/\/www.pool-agri.com\/de\/vertriebs-und-produktspezialist-mechanische-unkrautregulierung\/\" \/>\n<meta property=\"og:locale\" content=\"de_DE\" \/>\n<meta property=\"og:type\" content=\"article\" \/>\n<meta property=\"og:title\" content=\"Jobangebot | Vertriebs- und Produktspezialist mechanische Unkrautregulierung - Pool Agri\" \/>\n<meta property=\"og:description\" content=\"[vc_section][vc_row][vc_column][vc_single_image image=&#8220;7443&#8243; img_size=&#8220;full&#8220; alignment=&#8220;center&#8220;][vc_column_text] Haben wir Ihr Interesse geweckt? Dann bewerben Sie sich mit Ihren vollst\u00e4ndigen Bewerbungsunterlagen (Anschreiben, Lebenslauf, Zeugnisse) und Gehaltsvorstellungen per E-Mail an: Pool Agri Import &amp; Export Herr Hendrik Pool &#8211; Gesch\u00e4ftsf\u00fchrer sales@pool-agri.com F\u00fcr R\u00fcckfragen zum Stellenangebot steht Ihnen Hendrik Pool unter der Rufnummer 0031 546 641910 gerne zur Verf\u00fcgung. Wir freuenRead more\" \/>\n<meta property=\"og:url\" content=\"https:\/\/www.pool-agri.com\/de\/vertriebs-und-produktspezialist-mechanische-unkrautregulierung\/\" \/>\n<meta property=\"og:site_name\" content=\"Pool Agri\" \/>\n<meta property=\"article:modified_time\" content=\"2023-05-24T12:02:14+00:00\" \/>\n<meta name=\"twitter:label1\" content=\"Gesch\u00e4tzte Lesezeit\" \/>\n\t<meta name=\"twitter:data1\" content=\"1\u00a0Minute\" \/>\n<script type=\"application\/ld+json\" class=\"yoast-schema-graph\">{\"@context\":\"https:\\\/\\\/schema.org\",\"@graph\":[{\"@type\":\"WebPage\",\"@id\":\"https:\\\/\\\/www.pool-agri.com\\\/de\\\/vertriebs-und-produktspezialist-mechanische-unkrautregulierung\\\/\",\"url\":\"https:\\\/\\\/www.pool-agri.com\\\/de\\\/vertriebs-und-produktspezialist-mechanische-unkrautregulierung\\\/\",\"name\":\"Jobangebot | Vertriebs- und Produktspezialist mechanische Unkrautregulierung - Pool Agri\",\"isPartOf\":{\"@id\":\"https:\\\/\\\/www.pool-agri.com\\\/#website\"},\"datePublished\":\"2023-05-24T10:29:17+00:00\",\"dateModified\":\"2023-05-24T12:02:14+00:00\",\"inLanguage\":\"de\",\"potentialAction\":[{\"@type\":\"ReadAction\",\"target\":[\"https:\\\/\\\/www.pool-agri.com\\\/de\\\/vertriebs-und-produktspezialist-mechanische-unkrautregulierung\\\/\"]}]},{\"@type\":\"WebSite\",\"@id\":\"https:\\\/\\\/www.pool-agri.com\\\/#website\",\"url\":\"https:\\\/\\\/www.pool-agri.com\\\/\",\"name\":\"Pool Agri\",\"description\":\"Smart Solutions for Farming\",\"potentialAction\":[{\"@type\":\"SearchAction\",\"target\":{\"@type\":\"EntryPoint\",\"urlTemplate\":\"https:\\\/\\\/www.pool-agri.com\\\/?s={search_term_string}\"},\"query-input\":{\"@type\":\"PropertyValueSpecification\",\"valueRequired\":true,\"valueName\":\"search_term_string\"}}],\"inLanguage\":\"de\"}]}<\/script>\n<!-- \/ Yoast SEO plugin. -->","yoast_head_json":{"title":"Jobangebot | Vertriebs- und Produktspezialist mechanische Unkrautregulierung - Pool Agri","robots":{"index":"index","follow":"follow","max-snippet":"max-snippet:-1","max-image-preview":"max-image-preview:large","max-video-preview":"max-video-preview:-1"},"canonical":"https:\/\/www.pool-agri.com\/de\/vertriebs-und-produktspezialist-mechanische-unkrautregulierung\/","og_locale":"de_DE","og_type":"article","og_title":"Jobangebot | Vertriebs- und Produktspezialist mechanische Unkrautregulierung - Pool Agri","og_description":"[vc_section][vc_row][vc_column][vc_single_image image=&#8220;7443&#8243; img_size=&#8220;full&#8220; alignment=&#8220;center&#8220;][vc_column_text] Haben wir Ihr Interesse geweckt? Dann bewerben Sie sich mit Ihren vollst\u00e4ndigen Bewerbungsunterlagen (Anschreiben, Lebenslauf, Zeugnisse) und Gehaltsvorstellungen per E-Mail an: Pool Agri Import &amp; Export Herr Hendrik Pool &#8211; Gesch\u00e4ftsf\u00fchrer sales@pool-agri.com F\u00fcr R\u00fcckfragen zum Stellenangebot steht Ihnen Hendrik Pool unter der Rufnummer 0031 546 641910 gerne zur Verf\u00fcgung. Wir freuenRead more","og_url":"https:\/\/www.pool-agri.com\/de\/vertriebs-und-produktspezialist-mechanische-unkrautregulierung\/","og_site_name":"Pool Agri","article_modified_time":"2023-05-24T12:02:14+00:00","twitter_misc":{"Gesch\u00e4tzte Lesezeit":"1\u00a0Minute"},"schema":{"@context":"https:\/\/schema.org","@graph":[{"@type":"WebPage","@id":"https:\/\/www.pool-agri.com\/de\/vertriebs-und-produktspezialist-mechanische-unkrautregulierung\/","url":"https:\/\/www.pool-agri.com\/de\/vertriebs-und-produktspezialist-mechanische-unkrautregulierung\/","name":"Jobangebot | Vertriebs- und Produktspezialist mechanische Unkrautregulierung - Pool Agri","isPartOf":{"@id":"https:\/\/www.pool-agri.com\/#website"},"datePublished":"2023-05-24T10:29:17+00:00","dateModified":"2023-05-24T12:02:14+00:00","inLanguage":"de","potentialAction":[{"@type":"ReadAction","target":["https:\/\/www.pool-agri.com\/de\/vertriebs-und-produktspezialist-mechanische-unkrautregulierung\/"]}]},{"@type":"WebSite","@id":"https:\/\/www.pool-agri.com\/#website","url":"https:\/\/www.pool-agri.com\/","name":"Pool Agri","description":"Smart Solutions for Farming","potentialAction":[{"@type":"SearchAction","target":{"@type":"EntryPoint","urlTemplate":"https:\/\/www.pool-agri.com\/?s={search_term_string}"},"query-input":{"@type":"PropertyValueSpecification","valueRequired":true,"valueName":"search_term_string"}}],"inLanguage":"de"}]}},"_links":{"self":[{"href":"https:\/\/www.pool-agri.com\/de\/wp-json\/wp\/v2\/pages\/7433","targetHints":{"allow":["GET"]}}],"collection":[{"href":"https:\/\/www.pool-agri.com\/de\/wp-json\/wp\/v2\/pages"}],"about":[{"href":"https:\/\/www.pool-agri.com\/de\/wp-json\/wp\/v2\/types\/page"}],"author":[{"embeddable":true,"href":"https:\/\/www.pool-agri.com\/de\/wp-json\/wp\/v2\/users\/8"}],"replies":[{"embeddable":true,"href":"https:\/\/www.pool-agri.com\/de\/wp-json\/wp\/v2\/comments?post=7433"}],"version-history":[{"count":15,"href":"https:\/\/www.pool-agri.com\/de\/wp-json\/wp\/v2\/pages\/7433\/revisions"}],"predecessor-version":[{"id":7451,"href":"https:\/\/www.pool-agri.com\/de\/wp-json\/wp\/v2\/pages\/7433\/revisions\/7451"}],"wp:attachment":[{"href":"https:\/\/www.pool-agri.com\/de\/wp-json\/wp\/v2\/media?parent=7433"}],"curies":[{"name":"wp","href":"https:\/\/api.w.org\/{rel}","templated":true}]}}