{"id":7060,"date":"2016-10-06T13:22:09","date_gmt":"2016-10-06T12:22:09","guid":{"rendered":"https:\/\/www.pool-agri.com\/disclaimer\/"},"modified":"2020-07-13T13:23:07","modified_gmt":"2020-07-13T12:23:07","slug":"disclaimer","status":"publish","type":"page","link":"https:\/\/www.pool-agri.com\/de\/disclaimer\/","title":{"rendered":"Disclaimer"},"content":{"rendered":"<div class=\"wpb-content-wrapper\"><p>[vc_row][vc_column][vc_custom_heading text=&#8220;DISCLAIMER&#8220; use_theme_fonts=&#8220;yes&#8220;][vc_column_text]<\/p>\n<div class=\"gmail_default\">\n<p><strong>Haftungsausschluss Pool Agri Import &amp; Export:<\/strong><\/p>\n<p>In diesem Haftungsausschluss haben die folgenden Begriffe folgende Bedeutung:<\/p>\n<ul>\n<li>der Besitzer: Pool Agri Import &amp; Export<\/li>\n<li>Verwendung: alle denkbaren Aktionen<\/li>\n<li>Sie: der Benutzer (Besucher) der Website<\/li>\n<li>der Inhalt: alle auf der Website vorhandenen Inhalte<\/li>\n<\/ul>\n<p>F\u00fcr die Website gilt Folgendes. Durch die Nutzung der Website stimmen Sie diesem Haftungsausschluss zu.<\/p>\n<p><strong>1.<\/strong> Der Inhalt wurde vom Eigent\u00fcmer mit gr\u00f6\u00dfter Sorgfalt zusammengestellt, der Eigent\u00fcmer \u00fcbernimmt jedoch keine Haftung f\u00fcr m\u00f6gliche Ungenauigkeiten der angezeigten Inhalte. Pool Agri Import &amp; Export verzichtet auf jegliche Haftung nach niederl\u00e4ndischem Recht.<br \/>\n<strong>2.<\/strong> Der Eigent\u00fcmer ist nicht verantwortlich f\u00fcr den angezeigten Inhalt von Dateien, die mit dieser Website verlinkt sind.<br \/>\n<strong>3.<\/strong> Die unbefugte oder missbr\u00e4uchliche Verwendung des Inhalts oder von Teilen davon verletzt die geistigen Rechte.<br \/>\n<strong>4.<\/strong> Die Erlaubnis, den angezeigten Inhalt oder Teile davon an anderen \u00f6ffentlich zug\u00e4nglichen Orten zu verwenden, muss schriftlich beantragt werden. Ohne diese schriftliche Genehmigung k\u00f6nnen Sie keine Inhalte oder Teile dieser Seite verwenden.<br \/>\n<strong>5.<\/strong> Die Verf\u00fcgbarkeit aller auf dieser Website genannten angebotenen Objekte ist dem vorzeitigen Verkauf vorbehalten.<\/p>\n<p>Pool Agri Import &amp; Export ist bei der Handelskammer in Enschede, Niederlande, unter der Aktenzeichennummer 08102231 registriert<\/p>\n<p>Copyright \u00a9 Pool Agri Import &amp; Export 2020<\/p>\n<\/div>\n<div class=\"gmail_default\"><\/div>\n<p>[\/vc_column_text][vc_empty_space][\/vc_column][\/vc_row]<\/p>\n<\/div>","protected":false},"excerpt":{"rendered":"<p>[vc_row][vc_column][vc_custom_heading text=&#8220;DISCLAIMER&#8220; use_theme_fonts=&#8220;yes&#8220;][vc_column_text] Haftungsausschluss Pool Agri Import &amp; Export: In diesem Haftungsausschluss haben die folgenden Begriffe folgende Bedeutung: der Besitzer: Pool Agri Import &amp; Export Verwendung: alle denkbaren Aktionen Sie: der Benutzer (Besucher) der Website der Inhalt: alle auf der Website vorhandenen Inhalte F\u00fcr die Website gilt Folgendes. Durch die Nutzung der Website stimmen Sie<br \/><a href=\"https:\/\/www.pool-agri.com\/de\/disclaimer\/\" class=\"more\">Read more<\/a><\/p>\n","protected":false},"author":2,"featured_media":0,"parent":0,"menu_order":0,"comment_status":"closed","ping_status":"closed","template":"","meta":{"_acf_changed":false,"footnotes":""},"class_list":["post-7060","page","type-page","status-publish","hentry"],"acf":[],"yoast_head":"<!-- This site is optimized with the Yoast SEO plugin v27.5 - https:\/\/yoast.com\/product\/yoast-seo-wordpress\/ -->\n<title>Disclaimer - Pool Agri<\/title>\n<meta name=\"robots\" content=\"index, follow, max-snippet:-1, max-image-preview:large, max-video-preview:-1\" \/>\n<link rel=\"canonical\" href=\"https:\/\/www.pool-agri.com\/de\/disclaimer\/\" \/>\n<meta property=\"og:locale\" content=\"de_DE\" \/>\n<meta property=\"og:type\" content=\"article\" \/>\n<meta property=\"og:title\" content=\"Disclaimer - Pool Agri\" \/>\n<meta property=\"og:description\" content=\"[vc_row][vc_column][vc_custom_heading text=&#8220;DISCLAIMER&#8220; use_theme_fonts=&#8220;yes&#8220;][vc_column_text] Haftungsausschluss Pool Agri Import &amp; Export: In diesem Haftungsausschluss haben die folgenden Begriffe folgende Bedeutung: der Besitzer: Pool Agri Import &amp; Export Verwendung: alle denkbaren Aktionen Sie: der Benutzer (Besucher) der Website der Inhalt: alle auf der Website vorhandenen Inhalte F\u00fcr die Website gilt Folgendes. Durch die Nutzung der Website stimmen SieRead more\" \/>\n<meta property=\"og:url\" content=\"https:\/\/www.pool-agri.com\/de\/disclaimer\/\" \/>\n<meta property=\"og:site_name\" content=\"Pool Agri\" \/>\n<meta property=\"article:modified_time\" content=\"2020-07-13T12:23:07+00:00\" \/>\n<meta name=\"twitter:label1\" content=\"Gesch\u00e4tzte Lesezeit\" \/>\n\t<meta name=\"twitter:data1\" content=\"1\u00a0Minute\" \/>\n<script type=\"application\/ld+json\" class=\"yoast-schema-graph\">{\"@context\":\"https:\\\/\\\/schema.org\",\"@graph\":[{\"@type\":\"WebPage\",\"@id\":\"https:\\\/\\\/www.pool-agri.com\\\/de\\\/disclaimer\\\/\",\"url\":\"https:\\\/\\\/www.pool-agri.com\\\/de\\\/disclaimer\\\/\",\"name\":\"Disclaimer - Pool Agri\",\"isPartOf\":{\"@id\":\"https:\\\/\\\/www.pool-agri.com\\\/#website\"},\"datePublished\":\"2016-10-06T12:22:09+00:00\",\"dateModified\":\"2020-07-13T12:23:07+00:00\",\"inLanguage\":\"de\",\"potentialAction\":[{\"@type\":\"ReadAction\",\"target\":[\"https:\\\/\\\/www.pool-agri.com\\\/de\\\/disclaimer\\\/\"]}]},{\"@type\":\"WebSite\",\"@id\":\"https:\\\/\\\/www.pool-agri.com\\\/#website\",\"url\":\"https:\\\/\\\/www.pool-agri.com\\\/\",\"name\":\"Pool Agri\",\"description\":\"Smart Solutions for Farming\",\"potentialAction\":[{\"@type\":\"SearchAction\",\"target\":{\"@type\":\"EntryPoint\",\"urlTemplate\":\"https:\\\/\\\/www.pool-agri.com\\\/?s={search_term_string}\"},\"query-input\":{\"@type\":\"PropertyValueSpecification\",\"valueRequired\":true,\"valueName\":\"search_term_string\"}}],\"inLanguage\":\"de\"}]}<\/script>\n<!-- \/ Yoast SEO plugin. -->","yoast_head_json":{"title":"Disclaimer - Pool Agri","robots":{"index":"index","follow":"follow","max-snippet":"max-snippet:-1","max-image-preview":"max-image-preview:large","max-video-preview":"max-video-preview:-1"},"canonical":"https:\/\/www.pool-agri.com\/de\/disclaimer\/","og_locale":"de_DE","og_type":"article","og_title":"Disclaimer - Pool Agri","og_description":"[vc_row][vc_column][vc_custom_heading text=&#8220;DISCLAIMER&#8220; use_theme_fonts=&#8220;yes&#8220;][vc_column_text] Haftungsausschluss Pool Agri Import &amp; Export: In diesem Haftungsausschluss haben die folgenden Begriffe folgende Bedeutung: der Besitzer: Pool Agri Import &amp; Export Verwendung: alle denkbaren Aktionen Sie: der Benutzer (Besucher) der Website der Inhalt: alle auf der Website vorhandenen Inhalte F\u00fcr die Website gilt Folgendes. Durch die Nutzung der Website stimmen SieRead more","og_url":"https:\/\/www.pool-agri.com\/de\/disclaimer\/","og_site_name":"Pool Agri","article_modified_time":"2020-07-13T12:23:07+00:00","twitter_misc":{"Gesch\u00e4tzte Lesezeit":"1\u00a0Minute"},"schema":{"@context":"https:\/\/schema.org","@graph":[{"@type":"WebPage","@id":"https:\/\/www.pool-agri.com\/de\/disclaimer\/","url":"https:\/\/www.pool-agri.com\/de\/disclaimer\/","name":"Disclaimer - Pool Agri","isPartOf":{"@id":"https:\/\/www.pool-agri.com\/#website"},"datePublished":"2016-10-06T12:22:09+00:00","dateModified":"2020-07-13T12:23:07+00:00","inLanguage":"de","potentialAction":[{"@type":"ReadAction","target":["https:\/\/www.pool-agri.com\/de\/disclaimer\/"]}]},{"@type":"WebSite","@id":"https:\/\/www.pool-agri.com\/#website","url":"https:\/\/www.pool-agri.com\/","name":"Pool Agri","description":"Smart Solutions for Farming","potentialAction":[{"@type":"SearchAction","target":{"@type":"EntryPoint","urlTemplate":"https:\/\/www.pool-agri.com\/?s={search_term_string}"},"query-input":{"@type":"PropertyValueSpecification","valueRequired":true,"valueName":"search_term_string"}}],"inLanguage":"de"}]}},"_links":{"self":[{"href":"https:\/\/www.pool-agri.com\/de\/wp-json\/wp\/v2\/pages\/7060","targetHints":{"allow":["GET"]}}],"collection":[{"href":"https:\/\/www.pool-agri.com\/de\/wp-json\/wp\/v2\/pages"}],"about":[{"href":"https:\/\/www.pool-agri.com\/de\/wp-json\/wp\/v2\/types\/page"}],"author":[{"embeddable":true,"href":"https:\/\/www.pool-agri.com\/de\/wp-json\/wp\/v2\/users\/2"}],"replies":[{"embeddable":true,"href":"https:\/\/www.pool-agri.com\/de\/wp-json\/wp\/v2\/comments?post=7060"}],"version-history":[{"count":0,"href":"https:\/\/www.pool-agri.com\/de\/wp-json\/wp\/v2\/pages\/7060\/revisions"}],"wp:attachment":[{"href":"https:\/\/www.pool-agri.com\/de\/wp-json\/wp\/v2\/media?parent=7060"}],"curies":[{"name":"wp","href":"https:\/\/api.w.org\/{rel}","templated":true}]}}