{"id":7046,"date":"2020-07-09T12:47:08","date_gmt":"2020-07-09T11:47:08","guid":{"rendered":"https:\/\/www.pool-agri.com\/datenschutzbedingungen\/"},"modified":"2020-07-09T13:14:08","modified_gmt":"2020-07-09T12:14:08","slug":"datenschutzbedingungen","status":"publish","type":"page","link":"https:\/\/www.pool-agri.com\/de\/datenschutzbedingungen\/","title":{"rendered":"Datenschutzbedingungen"},"content":{"rendered":"<div class=\"wpb-content-wrapper\"><p>[vc_row][vc_column width=&#8220;5\/6&#8243;][vc_column_text]<\/p>\n<h2>DATENSCHUTZBEDINGUNGEN<\/h2>\n<h4><b>Datenschutzbedingungen POOL AGRI IMPORT &amp; EXPORT<\/b><\/h4>\n<p><strong>Allgemeine Datenschutzverordnung (DSGVO)<br \/>\n<\/strong>Die Allgemeine Datenschutzverordnung (DSGVO) gilt ab dem 25. Mai 2018. Die DSGVO ersetzt das Gesetz zum Schutz personenbezogener Daten (Wbp). Die Einf\u00fchrung der DSGVO bedeutet, dass ab dem 25. Mai 2018 in der gesamten Europ\u00e4ischen Union die gleichen Datenschutzgesetze gelten.<\/p>\n<p>Die DSGVO soll den Schutz personenbezogener Daten gew\u00e4hrleisten und festlegen, wie Organisationen mit personenbezogenen Daten umgehen sollen.<\/p>\n<p><strong><br \/>\nWas sind personenbezogene Daten?<br \/>\n<\/strong>Das Konzept der personenbezogenen Daten umfasst alle Informationen \u00fcber eine identifizierte oder identifizierbare nat\u00fcrliche Person. Diese Informationen sollten direkt oder indirekt (durch Umwandlung) zur Identifizierung einer nat\u00fcrlichen Person f\u00fchren.<\/p>\n<p>Die DSGVO unterteilt personenbezogene Daten in zwei Gruppen:[\/vc_column_text][vc_empty_space][vc_row_inner][vc_column_inner width=&#8220;1\/2&#8243;][vc_column_text]Gew\u00f6hnliche personenbezogene Daten:<\/p>\n<ul>\n<li>Name<\/li>\n<li>Adresse<\/li>\n<li>Postleitzahl<\/li>\n<li>Stadt<\/li>\n<li>BSN-nummer<\/li>\n<li>Email<\/li>\n<li>Kennzeichendaten<\/li>\n<li>IP-adresse<\/li>\n<\/ul>\n<p>[\/vc_column_text][\/vc_column_inner][vc_column_inner width=&#8220;1\/2&#8243;][vc_column_text]Spezielle personenbezogene Daten:<\/p>\n<ul>\n<li>Rennen<\/li>\n<li>Religion<\/li>\n<li>Sexualleben<\/li>\n<li>Politische Sicht<\/li>\n<li>Gesundheit<\/li>\n<li>Gewerkschaftsmitgliedschaft<\/li>\n<li>Kriminelles Verhalten<\/li>\n<li>Genetische Daten<\/li>\n<li>Biometrische Daten<\/li>\n<\/ul>\n<p>[\/vc_column_text][\/vc_column_inner][\/vc_row_inner][vc_empty_space][vc_column_text]POOL AGRI IMPORT &amp; EXPORT wird Sie niemals nach speziellen pers\u00f6nlichen Daten fragen und verarbeitet daher keine speziellen pers\u00f6nlichen Daten.<\/p>\n<p><strong>Was versteht man unter der Verarbeitung personenbezogener Daten?<br \/>\n<\/strong>Nach Kunst. 4 (2) der DSGVO ist die Verarbeitung personenbezogener Daten: Jede Operation oder eine Reihe von Operationen, die sich auf personenbezogene Daten oder eine Reihe personenbezogener Daten beziehen, unabh\u00e4ngig davon, ob sie \u00fcber automatisierte Verfahren wie Erhebung, Aufzeichnung, Bestellung usw. durchgef\u00fchrt werden oder nicht. Der Begriff Verarbeitung ist Sehr ger\u00e4umig und deckt alle Aktionen von der Datenerfassung bis zur Datenvernichtung ab.<\/p>\n<p>&nbsp;<\/p>\n<p><strong>Wie sammelt POOL AGRI IMPORT &amp; EXPORT personenbezogene Daten?<br \/>\n<\/strong>POOL AGRI IMPORT &amp; EXPORT sammelt niemals pers\u00f6nliche Daten ohne Ihre Erlaubnis.<br \/>\nPOOL AGRI IMPORT &amp; EXPORT erh\u00e4lt Ihre Daten, indem Sie Informationen in Formularen hinterlassen, Cookies platzieren oder direkt mit Ihnen in Kontakt treten.<br \/>\nPOOL AGRI IMPORT &amp; EXPORT zeichnet nur relevante Daten gem\u00e4\u00df der DSGVO auf, einschlie\u00dflich der Art und Weise, wie diese Daten erhalten wurden und wie Sie die Erlaubnis erteilt haben, dass Ihre Daten von POOL AGRI IMPORT &amp; EXPORT gesammelt werden<br \/>\nPOOL AGRI IMPORT &amp; EXPORT gibt Ihre Daten niemals an Dritte weiter, es sei denn, Sie haben dies ausdr\u00fccklich genehmigt oder das Gesetz schreibt vor, dass POOL AGRI IMPORT &amp; EXPORT dazu verpflichtet ist.<\/p>\n<p>&nbsp;<\/p>\n<p><strong>Kekse<br \/>\n<\/strong>Die POOL AGRI IMPORT &amp; EXPORT-Website verwendet Cookies. Ein Cookie ist eine kleine Datei, die von einem Server auf Ihrer Festplatte gespeichert wird und nur von dem Server erkannt wird, auf dem das Cookie gespeichert ist.<\/p>\n<p>Drei Arten von Cookies k\u00f6nnen unterschieden werden:<\/p>\n<ul>\n<li><strong>Funktionale Cookies:<\/strong> Dies sind Cookies, die erforderlich sind, damit eine Website besser funktioniert. Ein Beispiel f\u00fcr ein funktionales Cookie ist ein Cookie, das sich daran erinnert, was in den Warenkorb gelegt wurde.<\/li>\n<li><strong>Analytische Cookies:<\/strong> Analytische Cookies stellen sicher, dass Tools wie Google Analytics die Website \u00fcberwachen und dem Eigent\u00fcmer der Website einen Einblick geben k\u00f6nnen, wie viele Besucher die Website hat, welche Seiten besucht werden und \u00fcber welche Kan\u00e4le Besucher auf die Website gelangen. Diese Cookies enthalten keine Informationen, die zu Ihnen f\u00fchren k\u00f6nnen.<\/li>\n<li><strong>Tracking-Cookies:<\/strong> Dies sind Cookies, die das individuelle Verhalten eines Besuchers verfolgen und ein Profil des Besuchers erstellen.<\/li>\n<\/ul>\n<p>Das Platzieren eines funktionalen Cookies dient nur dazu, Ihnen die Website optimal anzuzeigen, und Sie m\u00fcssen POOL AGRI IMPORT &amp; EXPORT keine Erlaubnis erteilen. F\u00fcr die beiden anderen Arten von Cookies m\u00fcssen Sie POOL AGRI IMPORT &amp; EXPORT die Erlaubnis geben. Sie k\u00f6nnen dies tun, indem Sie die Cookie-Benachrichtigung akzeptieren. Wenn Sie dies nicht tun, setzt POOL AGRI IMPORT &amp; EXPORT keine Analyse- und Tracking-Cookies.<\/p>\n<p>&nbsp;<\/p>\n<p><strong>Wie geht POOL AGRI IMPORT &amp; EXPORT mit Ihren pers\u00f6nlichen Daten um?<br \/>\n<\/strong>Ihre Daten werden von POOL AGRI IMPORT &amp; EXPORT genau und sicher erfasst. Dies bedeutet, dass die Daten nur Personen zug\u00e4nglich sind, die dazu berechtigt sind und f\u00fcr die eine Anzeige Ihrer Daten erforderlich ist.<br \/>\nIhre Daten werden von POOL AGRI IMPORT &amp; EXPORT nicht f\u00fcr Zwecke verwendet, f\u00fcr die Sie keine ausdr\u00fcckliche Genehmigung erteilt haben, und werden ohne Ihre ausdr\u00fcckliche Genehmigung oder ohne die Verpflichtung oder das Gesetz von POOL AGRI IMPORT &amp; EXPORT nicht an Dritte weitergegeben.<\/p>\n<p>Sie sind jederzeit berechtigt, Ihre bei POOL AGRI IMPORT &amp; EXPORT aufgezeichneten pers\u00f6nlichen Daten einzusehen. Sie k\u00f6nnen dies \u00fcber <a href=\"mailto:info@pool-agri.com\" target=\"_blank\" rel=\"noopener noreferrer\">info@pool-agri.com<\/a> beantragen.<\/p>\n<p>&nbsp;<\/p>\n<p><strong>Zu welchem \u200b\u200bZweck sammelt POOL AGRI IMPORT &amp; EXPORT personenbezogene Daten?<br \/>\n<\/strong>POOL AGRI IMPORT &amp; EXPORT sammelt und speichert Informationen zu Beziehungen, um Beziehungen aufrechtzuerhalten.<br \/>\nPOOL AGRI IMPORT &amp; EXPORT sammelt und speichert Informationen \u00fcber beabsichtigte Beziehungen, um sie bei Anfragen bedienen zu k\u00f6nnen, die zum Eingehen einer Beziehung f\u00fchren k\u00f6nnen.<br \/>\nPOOL AGRI IMPORT &amp; EXPORT verwendet Ihre Daten daher, um die Beziehung aktiv aufrechtzuerhalten und Ihre Anforderungen zu erf\u00fcllen. Die Daten werden auch verwendet, um Ihnen entsprechende Informationen zu senden.<\/p>\n<p>&nbsp;<\/p>\n<p><strong>Zustimmung und Einspruch<br \/>\n<\/strong>In \u00dcbereinstimmung mit den in der DSGVO festgelegten Regeln speichert POOL AGRI IMPORT &amp; EXPORT relevante und zul\u00e4ssige Informationen nur f\u00fcr die erforderliche Dauer und mit Ihrer Erlaubnis.<br \/>\nM\u00f6chten Sie der Aufzeichnung Ihrer pers\u00f6nlichen Daten widersprechen, Zugriff auf Ihre bei POOL AGRI IMPORT &amp; EXPORT aufgezeichneten pers\u00f6nlichen Daten erhalten oder Ihre Erlaubnis widerrufen? Bitte kontaktieren Sie POOL AGRI IMPORT &amp; EXPORT unter <a href=\"mailto:info@pool-agri.com\">info@pool-agri.com<\/a>.[\/vc_column_text][vc_empty_space][\/vc_column][vc_column width=&#8220;1\/6&#8243;][\/vc_column][\/vc_row]<\/p>\n<\/div>","protected":false},"excerpt":{"rendered":"<p>[vc_row][vc_column width=&#8220;5\/6&#8243;][vc_column_text] DATENSCHUTZBEDINGUNGEN Datenschutzbedingungen POOL AGRI IMPORT &amp; EXPORT Allgemeine Datenschutzverordnung (DSGVO) Die Allgemeine Datenschutzverordnung (DSGVO) gilt ab dem 25. Mai 2018. Die DSGVO ersetzt das Gesetz zum Schutz personenbezogener Daten (Wbp). Die Einf\u00fchrung der DSGVO bedeutet, dass ab dem 25. Mai 2018 in der gesamten Europ\u00e4ischen Union die gleichen Datenschutzgesetze gelten. Die DSGVO soll<br \/><a href=\"https:\/\/www.pool-agri.com\/de\/datenschutzbedingungen\/\" class=\"more\">Read more<\/a><\/p>\n","protected":false},"author":8,"featured_media":0,"parent":0,"menu_order":0,"comment_status":"closed","ping_status":"closed","template":"","meta":{"_acf_changed":false,"footnotes":""},"class_list":["post-7046","page","type-page","status-publish","hentry"],"acf":[],"yoast_head":"<!-- This site is optimized with the Yoast SEO plugin v27.5 - https:\/\/yoast.com\/product\/yoast-seo-wordpress\/ -->\n<title>Datenschutzbedingungen - Pool Agri<\/title>\n<meta name=\"robots\" content=\"index, follow, max-snippet:-1, max-image-preview:large, max-video-preview:-1\" \/>\n<link rel=\"canonical\" href=\"https:\/\/www.pool-agri.com\/de\/datenschutzbedingungen\/\" \/>\n<meta property=\"og:locale\" content=\"de_DE\" \/>\n<meta property=\"og:type\" content=\"article\" \/>\n<meta property=\"og:title\" content=\"Datenschutzbedingungen - Pool Agri\" \/>\n<meta property=\"og:description\" content=\"[vc_row][vc_column width=&#8220;5\/6&#8243;][vc_column_text] DATENSCHUTZBEDINGUNGEN Datenschutzbedingungen POOL AGRI IMPORT &amp; EXPORT Allgemeine Datenschutzverordnung (DSGVO) Die Allgemeine Datenschutzverordnung (DSGVO) gilt ab dem 25. Mai 2018. Die DSGVO ersetzt das Gesetz zum Schutz personenbezogener Daten (Wbp). Die Einf\u00fchrung der DSGVO bedeutet, dass ab dem 25. Mai 2018 in der gesamten Europ\u00e4ischen Union die gleichen Datenschutzgesetze gelten. Die DSGVO sollRead more\" \/>\n<meta property=\"og:url\" content=\"https:\/\/www.pool-agri.com\/de\/datenschutzbedingungen\/\" \/>\n<meta property=\"og:site_name\" content=\"Pool Agri\" \/>\n<meta property=\"article:modified_time\" content=\"2020-07-09T12:14:08+00:00\" \/>\n<meta name=\"twitter:label1\" content=\"Gesch\u00e4tzte Lesezeit\" \/>\n\t<meta name=\"twitter:data1\" content=\"5\u00a0Minuten\" \/>\n<script type=\"application\/ld+json\" class=\"yoast-schema-graph\">{\"@context\":\"https:\\\/\\\/schema.org\",\"@graph\":[{\"@type\":\"WebPage\",\"@id\":\"https:\\\/\\\/www.pool-agri.com\\\/de\\\/datenschutzbedingungen\\\/\",\"url\":\"https:\\\/\\\/www.pool-agri.com\\\/de\\\/datenschutzbedingungen\\\/\",\"name\":\"Datenschutzbedingungen - Pool Agri\",\"isPartOf\":{\"@id\":\"https:\\\/\\\/www.pool-agri.com\\\/#website\"},\"datePublished\":\"2020-07-09T11:47:08+00:00\",\"dateModified\":\"2020-07-09T12:14:08+00:00\",\"inLanguage\":\"de\",\"potentialAction\":[{\"@type\":\"ReadAction\",\"target\":[\"https:\\\/\\\/www.pool-agri.com\\\/de\\\/datenschutzbedingungen\\\/\"]}]},{\"@type\":\"WebSite\",\"@id\":\"https:\\\/\\\/www.pool-agri.com\\\/#website\",\"url\":\"https:\\\/\\\/www.pool-agri.com\\\/\",\"name\":\"Pool Agri\",\"description\":\"Smart Solutions for Farming\",\"potentialAction\":[{\"@type\":\"SearchAction\",\"target\":{\"@type\":\"EntryPoint\",\"urlTemplate\":\"https:\\\/\\\/www.pool-agri.com\\\/?s={search_term_string}\"},\"query-input\":{\"@type\":\"PropertyValueSpecification\",\"valueRequired\":true,\"valueName\":\"search_term_string\"}}],\"inLanguage\":\"de\"}]}<\/script>\n<!-- \/ Yoast SEO plugin. -->","yoast_head_json":{"title":"Datenschutzbedingungen - Pool Agri","robots":{"index":"index","follow":"follow","max-snippet":"max-snippet:-1","max-image-preview":"max-image-preview:large","max-video-preview":"max-video-preview:-1"},"canonical":"https:\/\/www.pool-agri.com\/de\/datenschutzbedingungen\/","og_locale":"de_DE","og_type":"article","og_title":"Datenschutzbedingungen - Pool Agri","og_description":"[vc_row][vc_column width=&#8220;5\/6&#8243;][vc_column_text] DATENSCHUTZBEDINGUNGEN Datenschutzbedingungen POOL AGRI IMPORT &amp; EXPORT Allgemeine Datenschutzverordnung (DSGVO) Die Allgemeine Datenschutzverordnung (DSGVO) gilt ab dem 25. Mai 2018. Die DSGVO ersetzt das Gesetz zum Schutz personenbezogener Daten (Wbp). Die Einf\u00fchrung der DSGVO bedeutet, dass ab dem 25. Mai 2018 in der gesamten Europ\u00e4ischen Union die gleichen Datenschutzgesetze gelten. Die DSGVO sollRead more","og_url":"https:\/\/www.pool-agri.com\/de\/datenschutzbedingungen\/","og_site_name":"Pool Agri","article_modified_time":"2020-07-09T12:14:08+00:00","twitter_misc":{"Gesch\u00e4tzte Lesezeit":"5\u00a0Minuten"},"schema":{"@context":"https:\/\/schema.org","@graph":[{"@type":"WebPage","@id":"https:\/\/www.pool-agri.com\/de\/datenschutzbedingungen\/","url":"https:\/\/www.pool-agri.com\/de\/datenschutzbedingungen\/","name":"Datenschutzbedingungen - Pool Agri","isPartOf":{"@id":"https:\/\/www.pool-agri.com\/#website"},"datePublished":"2020-07-09T11:47:08+00:00","dateModified":"2020-07-09T12:14:08+00:00","inLanguage":"de","potentialAction":[{"@type":"ReadAction","target":["https:\/\/www.pool-agri.com\/de\/datenschutzbedingungen\/"]}]},{"@type":"WebSite","@id":"https:\/\/www.pool-agri.com\/#website","url":"https:\/\/www.pool-agri.com\/","name":"Pool Agri","description":"Smart Solutions for Farming","potentialAction":[{"@type":"SearchAction","target":{"@type":"EntryPoint","urlTemplate":"https:\/\/www.pool-agri.com\/?s={search_term_string}"},"query-input":{"@type":"PropertyValueSpecification","valueRequired":true,"valueName":"search_term_string"}}],"inLanguage":"de"}]}},"_links":{"self":[{"href":"https:\/\/www.pool-agri.com\/de\/wp-json\/wp\/v2\/pages\/7046","targetHints":{"allow":["GET"]}}],"collection":[{"href":"https:\/\/www.pool-agri.com\/de\/wp-json\/wp\/v2\/pages"}],"about":[{"href":"https:\/\/www.pool-agri.com\/de\/wp-json\/wp\/v2\/types\/page"}],"author":[{"embeddable":true,"href":"https:\/\/www.pool-agri.com\/de\/wp-json\/wp\/v2\/users\/8"}],"replies":[{"embeddable":true,"href":"https:\/\/www.pool-agri.com\/de\/wp-json\/wp\/v2\/comments?post=7046"}],"version-history":[{"count":0,"href":"https:\/\/www.pool-agri.com\/de\/wp-json\/wp\/v2\/pages\/7046\/revisions"}],"wp:attachment":[{"href":"https:\/\/www.pool-agri.com\/de\/wp-json\/wp\/v2\/media?parent=7046"}],"curies":[{"name":"wp","href":"https:\/\/api.w.org\/{rel}","templated":true}]}}