{"id":5423,"date":"2019-10-29T19:19:07","date_gmt":"2019-10-29T18:19:07","guid":{"rendered":"https:\/\/www.pool-agri.com\/?page_id=5423"},"modified":"2019-10-31T09:37:24","modified_gmt":"2019-10-31T08:37:24","slug":"agritechnica-intelligente-loesungen-und-messevorteil-bei-pool-agri","status":"publish","type":"page","link":"https:\/\/www.pool-agri.com\/de\/agritechnica-intelligente-loesungen-und-messevorteil-bei-pool-agri\/","title":{"rendered":"Agritechnica | intelligente L\u00f6sungen und Messevorteil bei Pool Agri"},"content":{"rendered":"<p><strong>Sind Sie Ackerbauer, Viehz\u00fcchter oder Lohnunternehmer und auf der Suche nach intelligenten L\u00f6sungen und erw\u00e4gen Sie Investitionen in Hacktechnik, Gr\u00fcnlandpflege oder Pflanzenschutz? Oder einfach nur einen guten Kaffee und pers\u00f6nliche Beratung? Dann lohnt sich ein Besuch am Stand von Pool Agri!<\/strong><\/p>\n<p>Wir freuen uns darauf, Ihnen dieses Jahr der neue <strong>ANATIS Hackroboter<\/strong> sowie auch die neue ROTANET <strong>Sternrollhacke mit variablem Auflagedruck<\/strong> vorzustellen und laden Sie\u00a0recht\u00a0herzlich\u00a0zu\u00a0einem Besuch\u00a0an\u00a0unseren <strong>Messestand C63\u00a0in Halle 12<\/strong>\u00a0ein.<\/p>\n<p><strong>Pflegen Sie Ihre wertvollen Kulturpflanzen mit der neue Kameratechnologie von Carr\u00e9<br \/>\n<\/strong>Maximale Unkrautbek\u00e4mpfung und minimaler Einfluss auf Ihren Kulturpflanzen, das ist m\u00f6glich mit der vielseitigen <strong>Carr\u00e9 ECONET-Pr\u00e4zisionshacke<\/strong> mit dem neuen<strong> 3D-Kamerasystem mit multispektraler Pflanzenerkennung<\/strong>. <a href=\"https:\/\/www.pool-agri.com\/carre\/product\/mechanische-beikrautregulierung-carre-econet\/?lang=de\"><img loading=\"lazy\" decoding=\"async\" class=\"alignleft size-medium wp-image-5431\" src=\"https:\/\/www.pool-agri.com\/wp-content\/uploads\/2019\/10\/CARRE-ECONET-SGI-promo-10-300x225.jpg\" alt=\"\" width=\"300\" height=\"225\" srcset=\"https:\/\/www.pool-agri.com\/wp-content\/uploads\/2019\/10\/CARRE-ECONET-SGI-promo-10-300x225.jpg 300w, https:\/\/www.pool-agri.com\/wp-content\/uploads\/2019\/10\/CARRE-ECONET-SGI-promo-10-768x576.jpg 768w, https:\/\/www.pool-agri.com\/wp-content\/uploads\/2019\/10\/CARRE-ECONET-SGI-promo-10-1024x768.jpg 1024w, https:\/\/www.pool-agri.com\/wp-content\/uploads\/2019\/10\/CARRE-ECONET-SGI-promo-10-800x600.jpg 800w, https:\/\/www.pool-agri.com\/wp-content\/uploads\/2019\/10\/CARRE-ECONET-SGI-promo-10-1536x1152.jpg 1536w, https:\/\/www.pool-agri.com\/wp-content\/uploads\/2019\/10\/CARRE-ECONET-SGI-promo-10-2048x1536.jpg 2048w\" sizes=\"auto, (max-width: 300px) 100vw, 300px\" \/><\/a>Multispektral bedeutet, dass der Unterschied zwischen Kulturpflanze und Unkraut aufgrund eines breiten Farbspektrums erfasst wird. Selbst wenn die Bestandsreihen bereits geschlossen haben und Unkr\u00e4uter dominieren, k\u00f6nnen Sie damit Unkr\u00e4uter zentimetergenau an der Reihe bek\u00e4mpfen. Das Hydrokit <strong>ISOBUS Section-Control-Syste<\/strong><strong>m<\/strong> steuert jedes einzelnes Hackelement genau entlang den Feldr\u00e4nder.<\/p>\n<p>Der <strong>Carr\u00e9 PRECICAM-Verschieberahmen <\/strong>ist ebenfalls mit der neue Kamera ausgestattet. Mit der doppelten Dreipunktanbindung k\u00f6nnen Sie in wenigen Minuten Hackger\u00e4te wechseln und schnell zwischen verschiedenen Reihenabst\u00e4nde und Kulturen wechseln.<br \/>\n<strong><br \/>\nreihenunabh\u00e4ngige Unkrautbek\u00e4mpfung samt Krustenbrecher<br \/>\n<\/strong>F\u00fcr den Europa-Primeur der neue <strong>ROTANET Control Sternrollhacke<\/strong> sind Sie am Stand 12C63 an der richtigen Adresse. Mit der patentierten hydraulischen Verstellung der Sternr\u00e4der k\u00f6nnen Sie den Bodendruck und die Arbeitstiefe einfach und genau an die \u00f6rtlichen Bedingungen anpassen. Die Sternr\u00e4der k\u00f6nnen jeweils individuell eingestellt werden, so dass die Bearbeitung in oder zwischen den Kulturreihen stattfinden kann. <a href=\"https:\/\/www.pool-agri.com\/carre\/product\/mechanische-beikrautregulierung-carre-rotanet\/?lang=de\"><img loading=\"lazy\" decoding=\"async\" class=\"alignleft size-medium wp-image-5433\" src=\"https:\/\/www.pool-agri.com\/wp-content\/uploads\/2019\/10\/CARRE-new-ROTANET-Control-rev.-300x195.jpg\" alt=\"\" width=\"300\" height=\"195\" srcset=\"https:\/\/www.pool-agri.com\/wp-content\/uploads\/2019\/10\/CARRE-new-ROTANET-Control-rev.-300x195.jpg 300w, https:\/\/www.pool-agri.com\/wp-content\/uploads\/2019\/10\/CARRE-new-ROTANET-Control-rev.-768x499.jpg 768w, https:\/\/www.pool-agri.com\/wp-content\/uploads\/2019\/10\/CARRE-new-ROTANET-Control-rev.-1024x665.jpg 1024w, https:\/\/www.pool-agri.com\/wp-content\/uploads\/2019\/10\/CARRE-new-ROTANET-Control-rev.-800x520.jpg 800w, https:\/\/www.pool-agri.com\/wp-content\/uploads\/2019\/10\/CARRE-new-ROTANET-Control-rev.-1536x998.jpg 1536w, https:\/\/www.pool-agri.com\/wp-content\/uploads\/2019\/10\/CARRE-new-ROTANET-Control-rev.-2048x1331.jpg 2048w\" sizes=\"auto, (max-width: 300px) 100vw, 300px\" \/><\/a>Mit Arbeitsbreiten von bis zu 9 Metern und einer Arbeitsgeschwindigkeit von 15 bis 20 km\/h werden <strong>Pr\u00e4zision und Fl\u00e4chenleistung<\/strong> in einer Maschine kombiniert, um somit Unkraut und Krusten innerhalb des eingeschr\u00e4nkten Hackfensters zu bek\u00e4mpfen. Lassen Sie sich beraten \u00fcber die Anwendungsm\u00f6glichkeiten der Sternrollhacke f\u00fcr \u00f6kologische &#8211; oder Hybrid-Bewirtschaftung.<\/p>\n<p><strong>Smart Weeding von Carr\u00e9: der ANATIS Hackroboter<br \/>\n<\/strong>Sind Sie neugierig ob es m\u00f6glich w\u00e4re autonomes Unkrautmanagement in Ihrem Betrieb durchzuf\u00fchren? Der neue ANATIS wurde entwickelt, um ein <strong>autonomes Unkrautmanagement<\/strong> im Ackerbau, Gartenbau und Gew\u00e4chshausanbau durchzuf\u00fchren. <a href=\"https:\/\/www.pool-agri.com\/carre\/product\/mechanische-unkrautregulierung-anatis-feldroboter\/?lang=de\"><img loading=\"lazy\" decoding=\"async\" class=\"alignleft size-medium wp-image-5434\" src=\"https:\/\/www.pool-agri.com\/wp-content\/uploads\/2019\/10\/CARRE-ANATIS_Robot-4-300x161.jpg\" alt=\"\" width=\"300\" height=\"161\" srcset=\"https:\/\/www.pool-agri.com\/wp-content\/uploads\/2019\/10\/CARRE-ANATIS_Robot-4-300x161.jpg 300w, https:\/\/www.pool-agri.com\/wp-content\/uploads\/2019\/10\/CARRE-ANATIS_Robot-4-768x413.jpg 768w, https:\/\/www.pool-agri.com\/wp-content\/uploads\/2019\/10\/CARRE-ANATIS_Robot-4-1024x551.jpg 1024w, https:\/\/www.pool-agri.com\/wp-content\/uploads\/2019\/10\/CARRE-ANATIS_Robot-4-800x430.jpg 800w, https:\/\/www.pool-agri.com\/wp-content\/uploads\/2019\/10\/CARRE-ANATIS_Robot-4.jpg 1519w\" sizes=\"auto, (max-width: 300px) 100vw, 300px\" \/><\/a>Mit dem ANATIS-Co-Bot kann jeder Landwirt und Gem\u00fcsebauer rund um die Uhr ein effektives Unkrautmanagement implementieren. Der ANATIS ist mit Lithium-Ionen-Batterien ausgestattet, mit denen der Roboter bis zu 10 Stunden autonom arbeiten kann. Wenn das kein kluges J\u00e4ten ist!<\/p>\n<p>&nbsp;<\/p>\n<p><strong>Attraktive Finanzierung: 100% Finanzierung 0% Zinsen<br \/>\n<\/strong>Die Umstellung auf Bio- oder Hybridanbau erfordert Investitionen in Wissen und Technologie. <img loading=\"lazy\" decoding=\"async\" class=\"alignleft size-medium wp-image-5453\" src=\"https:\/\/www.pool-agri.com\/wp-content\/uploads\/2019\/10\/100-Finanzierung-Agritechnica-2019_afbeelding-300x152.jpg\" alt=\"\" width=\"300\" height=\"152\" srcset=\"https:\/\/www.pool-agri.com\/wp-content\/uploads\/2019\/10\/100-Finanzierung-Agritechnica-2019_afbeelding-300x152.jpg 300w, https:\/\/www.pool-agri.com\/wp-content\/uploads\/2019\/10\/100-Finanzierung-Agritechnica-2019_afbeelding-768x389.jpg 768w, https:\/\/www.pool-agri.com\/wp-content\/uploads\/2019\/10\/100-Finanzierung-Agritechnica-2019_afbeelding-1024x519.jpg 1024w, https:\/\/www.pool-agri.com\/wp-content\/uploads\/2019\/10\/100-Finanzierung-Agritechnica-2019_afbeelding-800x405.jpg 800w, https:\/\/www.pool-agri.com\/wp-content\/uploads\/2019\/10\/100-Finanzierung-Agritechnica-2019_afbeelding.jpg 1315w\" sizes=\"auto, (max-width: 300px) 100vw, 300px\" \/>Erweitern Sie Ihr <strong>Wissen \u00fcber die mechanische Unkrautbek\u00e4mpfung<\/strong> und lassen Sie sich \u00fcber die intelligenten L\u00f6sungen von Carr\u00e9 informieren.\u00a0Profitieren Sie das <strong>Agritechnica-Finanzierungsangebot<\/strong> mit einem Zinssatz von 0% f\u00fcr Carr\u00e9-Pr\u00e4zisionshacken und -Striegel*.<\/p>\n<p><strong><br \/>\nGr\u00fcndliche Gr\u00fcnlandpflege mit McConnel<\/strong><br \/>\nBestimmt kennen Sie den <strong>McConnel SHAKAERATOR Vibrations-Tiefenlockerer<\/strong> f\u00fcr die Pflege <a href=\"https:\/\/www.pool-agri.com\/mcconnel\/de\/product\/shakaerator-grunland\/\"><img loading=\"lazy\" decoding=\"async\" class=\"alignleft size-medium wp-image-5435\" src=\"https:\/\/www.pool-agri.com\/wp-content\/uploads\/2019\/10\/McConnel-Shakaerator-GL3000_Wolters-Agri-Service-sHeerenbroek_02052017-8-300x225.jpg\" alt=\"\" width=\"300\" height=\"225\" srcset=\"https:\/\/www.pool-agri.com\/wp-content\/uploads\/2019\/10\/McConnel-Shakaerator-GL3000_Wolters-Agri-Service-sHeerenbroek_02052017-8-300x225.jpg 300w, https:\/\/www.pool-agri.com\/wp-content\/uploads\/2019\/10\/McConnel-Shakaerator-GL3000_Wolters-Agri-Service-sHeerenbroek_02052017-8-768x576.jpg 768w, https:\/\/www.pool-agri.com\/wp-content\/uploads\/2019\/10\/McConnel-Shakaerator-GL3000_Wolters-Agri-Service-sHeerenbroek_02052017-8-800x600.jpg 800w, https:\/\/www.pool-agri.com\/wp-content\/uploads\/2019\/10\/McConnel-Shakaerator-GL3000_Wolters-Agri-Service-sHeerenbroek_02052017-8.jpg 811w\" sizes=\"auto, (max-width: 300px) 100vw, 300px\" \/><\/a>und Bewirtschaftung von Gr\u00fcnland. Aber wussten Sie auch, dass es eine Version mit Auto-Reset-Lockerungszinken mit Steinsicherung gibt? Profitieren Sie den\u00a0<strong>AgritechnicaVorteil<\/strong> von \u20ac 2.000 * beim Kauf eines McConnel SHAKAERATOR GL3000!<\/p>\n<p>&nbsp;<\/p>\n<p>&nbsp;<\/p>\n<p>&nbsp;<\/p>\n<p>F\u00fcr verdichtete Gr\u00fcnfl\u00e4chen ist der <strong>PASTURATER-Gr\u00fcnlandbel\u00fcfter<\/strong> eine effiziente Methode, um Luft in die Grasnarbe zu bringen und die Wasserf\u00fchrung wiederherzustellen. <a href=\"https:\/\/www.pool-agri.com\/mcconnel\/de\/product\/pasturater-bodenbeluefter\/\"><img loading=\"lazy\" decoding=\"async\" class=\"alignleft size-medium wp-image-5436\" src=\"https:\/\/www.pool-agri.com\/wp-content\/uploads\/2019\/10\/McConnel-PASTURATER_Vriezenveen-04042019-5-300x169.jpg\" alt=\"\" width=\"300\" height=\"169\" srcset=\"https:\/\/www.pool-agri.com\/wp-content\/uploads\/2019\/10\/McConnel-PASTURATER_Vriezenveen-04042019-5-300x169.jpg 300w, https:\/\/www.pool-agri.com\/wp-content\/uploads\/2019\/10\/McConnel-PASTURATER_Vriezenveen-04042019-5-768x432.jpg 768w, https:\/\/www.pool-agri.com\/wp-content\/uploads\/2019\/10\/McConnel-PASTURATER_Vriezenveen-04042019-5-1024x576.jpg 1024w, https:\/\/www.pool-agri.com\/wp-content\/uploads\/2019\/10\/McConnel-PASTURATER_Vriezenveen-04042019-5-800x450.jpg 800w, https:\/\/www.pool-agri.com\/wp-content\/uploads\/2019\/10\/McConnel-PASTURATER_Vriezenveen-04042019-5-1536x864.jpg 1536w, https:\/\/www.pool-agri.com\/wp-content\/uploads\/2019\/10\/McConnel-PASTURATER_Vriezenveen-04042019-5-2048x1152.jpg 2048w\" sizes=\"auto, (max-width: 300px) 100vw, 300px\" \/><\/a>Der McConnel PASTURATER ist w\u00e4hrend der Agritechnica erh\u00e4ltlich f\u00fcr einen <strong>Sonderpreis von nur \u20ac 4.995<\/strong> *.<\/p>\n<p>&nbsp;<\/p>\n<p>&nbsp;<\/p>\n<p>&nbsp;<\/p>\n<p><strong><br \/>\nIntelligente und bodenschonende Pflanzenschutz-Selbstfahrer<\/strong><br \/>\nAgil und leicht, das sind die weithin anerkannten Merkmale des <strong>McConnel Agribuggy-Pflanzenschutz-Selbstfahrers<\/strong>. <a href=\"https:\/\/www.pool-agri.com\/kellands\/product\/kellands-agribuggy-a280\/?lang=de\"><img loading=\"lazy\" decoding=\"async\" class=\"alignleft size-medium wp-image-5438\" src=\"https:\/\/www.pool-agri.com\/wp-content\/uploads\/2019\/10\/DLG-Feldtage-2018-4-300x225.jpeg\" alt=\"\" width=\"300\" height=\"225\" srcset=\"https:\/\/www.pool-agri.com\/wp-content\/uploads\/2019\/10\/DLG-Feldtage-2018-4-300x225.jpeg 300w, https:\/\/www.pool-agri.com\/wp-content\/uploads\/2019\/10\/DLG-Feldtage-2018-4-768x576.jpeg 768w, https:\/\/www.pool-agri.com\/wp-content\/uploads\/2019\/10\/DLG-Feldtage-2018-4-1024x768.jpeg 1024w, https:\/\/www.pool-agri.com\/wp-content\/uploads\/2019\/10\/DLG-Feldtage-2018-4-800x600.jpeg 800w, https:\/\/www.pool-agri.com\/wp-content\/uploads\/2019\/10\/DLG-Feldtage-2018-4-1536x1152.jpeg 1536w, https:\/\/www.pool-agri.com\/wp-content\/uploads\/2019\/10\/DLG-Feldtage-2018-4-2048x1536.jpeg 2048w\" sizes=\"auto, (max-width: 300px) 100vw, 300px\" \/><\/a>Dank bodenschonende Eigenschaften k\u00f6nnen Sie Ihre Best\u00e4nde zu jederzeit sch\u00fctzen, wogegen angeh\u00e4ngte Spritzen drinnen in die Scheune bleiben m\u00fcssen weil es zu nass ist. W\u00e4hrend der Agritechnica profitieren Sie von dem attraktiven Leasingangebot mit einem attraktiven Zinssatz von nur 1,99% *.<\/p>\n<p>&nbsp;<\/p>\n<p>&nbsp;<\/p>\n<p>an unserem Stand findet jeder Ackerbauer, Viehz\u00fcchter oder Lohnunternehmer clevere L\u00f6sungen f\u00fcr die Pflanzenpflege, Unkrautbek\u00e4mpfung, Bodenbearbeitung und Gr\u00fcnlandpflege.\u00a0<a href=\"https:\/\/www.agritechnica.com\/de\/aussteller-und-produkte#\/hallenplan\/hall=12;stand=12__C63;\" target=\"_blank\" rel=\"noopener\"><img loading=\"lazy\" decoding=\"async\" class=\"alignleft size-medium wp-image-5420\" src=\"https:\/\/www.pool-agri.com\/wp-content\/uploads\/2019\/10\/Agritechnica-2019_Halle-12-Stand-12C63-Pool-Agri-258x300.jpg\" alt=\"\" width=\"258\" height=\"300\" srcset=\"https:\/\/www.pool-agri.com\/wp-content\/uploads\/2019\/10\/Agritechnica-2019_Halle-12-Stand-12C63-Pool-Agri-258x300.jpg 258w, https:\/\/www.pool-agri.com\/wp-content\/uploads\/2019\/10\/Agritechnica-2019_Halle-12-Stand-12C63-Pool-Agri-768x895.jpg 768w, https:\/\/www.pool-agri.com\/wp-content\/uploads\/2019\/10\/Agritechnica-2019_Halle-12-Stand-12C63-Pool-Agri.jpg 770w\" sizes=\"auto, (max-width: 258px) 100vw, 258px\" \/>\u00a0<\/a>Wir freuen uns auf Ihren Besuch an unserem Stand in Halle 12, Stand 12C63.<\/p>\n<p><strong>Was: <\/strong>Agritechnica 2019<\/p>\n<p><strong>Wann: <\/strong>10. bis 16. November 2019 (Exklusiv-Tage 10. und 11. November)<\/p>\n<p><strong>Wo: <\/strong>Hannover Messe | <strong>Halle 12, Stand C63<br \/>\n<\/strong><strong><br \/>\n<\/strong><\/p>\n<h6><span style=\"color: #808080;\">* Alle Preise zzgl. MwSt., zzgl. Versandkosten. Aktionen g\u00fcltig f\u00fcr Bestellungen zwischen dem 1. November und dem 30. November 2019.<\/span><br \/>\n<span style=\"color: #808080;\">Fragen Sie nach den Konditionen. Finanzierungsvorbehalt laut Bedingungen dll Group.<\/span><\/h6>\n","protected":false},"excerpt":{"rendered":"<p>Sind Sie Ackerbauer, Viehz\u00fcchter oder Lohnunternehmer und auf der Suche nach intelligenten L\u00f6sungen und erw\u00e4gen Sie Investitionen in Hacktechnik, Gr\u00fcnlandpflege oder Pflanzenschutz? Oder einfach nur einen guten Kaffee und pers\u00f6nliche Beratung? Dann lohnt sich ein Besuch am Stand von Pool Agri! Wir freuen uns darauf, Ihnen dieses Jahr der neue ANATIS Hackroboter sowie auch die<br \/><a href=\"https:\/\/www.pool-agri.com\/de\/agritechnica-intelligente-loesungen-und-messevorteil-bei-pool-agri\/\" class=\"more\">Read more<\/a><\/p>\n","protected":false},"author":2,"featured_media":5427,"parent":0,"menu_order":0,"comment_status":"closed","ping_status":"closed","template":"","meta":{"_acf_changed":false,"footnotes":""},"class_list":["post-5423","page","type-page","status-publish","has-post-thumbnail","hentry"],"acf":[],"yoast_head":"<!-- This site is optimized with the Yoast SEO plugin v27.5 - https:\/\/yoast.com\/product\/yoast-seo-wordpress\/ -->\n<title>Agritechnica | intelligente L\u00f6sungen und Messevorteil bei Pool Agri - Pool Agri<\/title>\n<meta name=\"description\" content=\"mit dem neuen Hackroboter und die neue ROTANET Sternrollhacke mit variablem Auflagedruck stellt Importeur Pool Agri clevere L\u00f6sungen vor auf der Agritechnica.\u00a0Wir freuen uns auf Ihren Besuch an unserem Stand in Halle 12, Stand 12C63.\" \/>\n<meta name=\"robots\" content=\"index, follow, max-snippet:-1, max-image-preview:large, max-video-preview:-1\" \/>\n<link rel=\"canonical\" href=\"https:\/\/www.pool-agri.com\/de\/agritechnica-intelligente-loesungen-und-messevorteil-bei-pool-agri\/\" \/>\n<meta property=\"og:locale\" content=\"de_DE\" \/>\n<meta property=\"og:type\" content=\"article\" \/>\n<meta property=\"og:title\" content=\"Agritechnica | intelligente L\u00f6sungen und Messevorteil bei Pool Agri - Pool Agri\" \/>\n<meta property=\"og:description\" content=\"mit dem neuen Hackroboter und die neue ROTANET Sternrollhacke mit variablem Auflagedruck stellt Importeur Pool Agri clevere L\u00f6sungen vor auf der Agritechnica.\u00a0Wir freuen uns auf Ihren Besuch an unserem Stand in Halle 12, Stand 12C63.\" \/>\n<meta property=\"og:url\" content=\"https:\/\/www.pool-agri.com\/de\/agritechnica-intelligente-loesungen-und-messevorteil-bei-pool-agri\/\" \/>\n<meta property=\"og:site_name\" content=\"Pool Agri\" \/>\n<meta property=\"article:modified_time\" content=\"2019-10-31T08:37:24+00:00\" \/>\n<meta property=\"og:image\" content=\"https:\/\/www.pool-agri.com\/wp-content\/uploads\/2019\/10\/Agritechnica-2019-promo-2.jpg\" \/>\n\t<meta property=\"og:image:width\" content=\"2010\" \/>\n\t<meta property=\"og:image:height\" content=\"1037\" \/>\n\t<meta property=\"og:image:type\" content=\"image\/jpeg\" \/>\n<meta name=\"twitter:label1\" content=\"Gesch\u00e4tzte Lesezeit\" \/>\n\t<meta name=\"twitter:data1\" content=\"3\u00a0Minuten\" \/>\n<script type=\"application\/ld+json\" class=\"yoast-schema-graph\">{\"@context\":\"https:\\\/\\\/schema.org\",\"@graph\":[{\"@type\":\"WebPage\",\"@id\":\"https:\\\/\\\/www.pool-agri.com\\\/de\\\/agritechnica-intelligente-loesungen-und-messevorteil-bei-pool-agri\\\/\",\"url\":\"https:\\\/\\\/www.pool-agri.com\\\/de\\\/agritechnica-intelligente-loesungen-und-messevorteil-bei-pool-agri\\\/\",\"name\":\"Agritechnica | intelligente L\u00f6sungen und Messevorteil bei Pool Agri - Pool Agri\",\"isPartOf\":{\"@id\":\"https:\\\/\\\/www.pool-agri.com\\\/#website\"},\"primaryImageOfPage\":{\"@id\":\"https:\\\/\\\/www.pool-agri.com\\\/de\\\/agritechnica-intelligente-loesungen-und-messevorteil-bei-pool-agri\\\/#primaryimage\"},\"image\":{\"@id\":\"https:\\\/\\\/www.pool-agri.com\\\/de\\\/agritechnica-intelligente-loesungen-und-messevorteil-bei-pool-agri\\\/#primaryimage\"},\"thumbnailUrl\":\"https:\\\/\\\/www.pool-agri.com\\\/wp-content\\\/uploads\\\/2019\\\/10\\\/Agritechnica-2019-promo-2.jpg\",\"datePublished\":\"2019-10-29T18:19:07+00:00\",\"dateModified\":\"2019-10-31T08:37:24+00:00\",\"description\":\"mit dem neuen Hackroboter und die neue ROTANET Sternrollhacke mit variablem Auflagedruck stellt Importeur Pool Agri clevere L\u00f6sungen vor auf der Agritechnica.\u00a0Wir freuen uns auf Ihren Besuch an unserem Stand in Halle 12, Stand 12C63.\",\"inLanguage\":\"de\",\"potentialAction\":[{\"@type\":\"ReadAction\",\"target\":[\"https:\\\/\\\/www.pool-agri.com\\\/de\\\/agritechnica-intelligente-loesungen-und-messevorteil-bei-pool-agri\\\/\"]}]},{\"@type\":\"ImageObject\",\"inLanguage\":\"de\",\"@id\":\"https:\\\/\\\/www.pool-agri.com\\\/de\\\/agritechnica-intelligente-loesungen-und-messevorteil-bei-pool-agri\\\/#primaryimage\",\"url\":\"https:\\\/\\\/www.pool-agri.com\\\/wp-content\\\/uploads\\\/2019\\\/10\\\/Agritechnica-2019-promo-2.jpg\",\"contentUrl\":\"https:\\\/\\\/www.pool-agri.com\\\/wp-content\\\/uploads\\\/2019\\\/10\\\/Agritechnica-2019-promo-2.jpg\",\"width\":2010,\"height\":1037},{\"@type\":\"WebSite\",\"@id\":\"https:\\\/\\\/www.pool-agri.com\\\/#website\",\"url\":\"https:\\\/\\\/www.pool-agri.com\\\/\",\"name\":\"Pool Agri\",\"description\":\"Smart Solutions for Farming\",\"potentialAction\":[{\"@type\":\"SearchAction\",\"target\":{\"@type\":\"EntryPoint\",\"urlTemplate\":\"https:\\\/\\\/www.pool-agri.com\\\/?s={search_term_string}\"},\"query-input\":{\"@type\":\"PropertyValueSpecification\",\"valueRequired\":true,\"valueName\":\"search_term_string\"}}],\"inLanguage\":\"de\"}]}<\/script>\n<!-- \/ Yoast SEO plugin. -->","yoast_head_json":{"title":"Agritechnica | intelligente L\u00f6sungen und Messevorteil bei Pool Agri - Pool Agri","description":"mit dem neuen Hackroboter und die neue ROTANET Sternrollhacke mit variablem Auflagedruck stellt Importeur Pool Agri clevere L\u00f6sungen vor auf der Agritechnica.\u00a0Wir freuen uns auf Ihren Besuch an unserem Stand in Halle 12, Stand 12C63.","robots":{"index":"index","follow":"follow","max-snippet":"max-snippet:-1","max-image-preview":"max-image-preview:large","max-video-preview":"max-video-preview:-1"},"canonical":"https:\/\/www.pool-agri.com\/de\/agritechnica-intelligente-loesungen-und-messevorteil-bei-pool-agri\/","og_locale":"de_DE","og_type":"article","og_title":"Agritechnica | intelligente L\u00f6sungen und Messevorteil bei Pool Agri - Pool Agri","og_description":"mit dem neuen Hackroboter und die neue ROTANET Sternrollhacke mit variablem Auflagedruck stellt Importeur Pool Agri clevere L\u00f6sungen vor auf der Agritechnica.\u00a0Wir freuen uns auf Ihren Besuch an unserem Stand in Halle 12, Stand 12C63.","og_url":"https:\/\/www.pool-agri.com\/de\/agritechnica-intelligente-loesungen-und-messevorteil-bei-pool-agri\/","og_site_name":"Pool Agri","article_modified_time":"2019-10-31T08:37:24+00:00","og_image":[{"width":2010,"height":1037,"url":"https:\/\/www.pool-agri.com\/wp-content\/uploads\/2019\/10\/Agritechnica-2019-promo-2.jpg","type":"image\/jpeg"}],"twitter_misc":{"Gesch\u00e4tzte Lesezeit":"3\u00a0Minuten"},"schema":{"@context":"https:\/\/schema.org","@graph":[{"@type":"WebPage","@id":"https:\/\/www.pool-agri.com\/de\/agritechnica-intelligente-loesungen-und-messevorteil-bei-pool-agri\/","url":"https:\/\/www.pool-agri.com\/de\/agritechnica-intelligente-loesungen-und-messevorteil-bei-pool-agri\/","name":"Agritechnica | intelligente L\u00f6sungen und Messevorteil bei Pool Agri - Pool Agri","isPartOf":{"@id":"https:\/\/www.pool-agri.com\/#website"},"primaryImageOfPage":{"@id":"https:\/\/www.pool-agri.com\/de\/agritechnica-intelligente-loesungen-und-messevorteil-bei-pool-agri\/#primaryimage"},"image":{"@id":"https:\/\/www.pool-agri.com\/de\/agritechnica-intelligente-loesungen-und-messevorteil-bei-pool-agri\/#primaryimage"},"thumbnailUrl":"https:\/\/www.pool-agri.com\/wp-content\/uploads\/2019\/10\/Agritechnica-2019-promo-2.jpg","datePublished":"2019-10-29T18:19:07+00:00","dateModified":"2019-10-31T08:37:24+00:00","description":"mit dem neuen Hackroboter und die neue ROTANET Sternrollhacke mit variablem Auflagedruck stellt Importeur Pool Agri clevere L\u00f6sungen vor auf der Agritechnica.\u00a0Wir freuen uns auf Ihren Besuch an unserem Stand in Halle 12, Stand 12C63.","inLanguage":"de","potentialAction":[{"@type":"ReadAction","target":["https:\/\/www.pool-agri.com\/de\/agritechnica-intelligente-loesungen-und-messevorteil-bei-pool-agri\/"]}]},{"@type":"ImageObject","inLanguage":"de","@id":"https:\/\/www.pool-agri.com\/de\/agritechnica-intelligente-loesungen-und-messevorteil-bei-pool-agri\/#primaryimage","url":"https:\/\/www.pool-agri.com\/wp-content\/uploads\/2019\/10\/Agritechnica-2019-promo-2.jpg","contentUrl":"https:\/\/www.pool-agri.com\/wp-content\/uploads\/2019\/10\/Agritechnica-2019-promo-2.jpg","width":2010,"height":1037},{"@type":"WebSite","@id":"https:\/\/www.pool-agri.com\/#website","url":"https:\/\/www.pool-agri.com\/","name":"Pool Agri","description":"Smart Solutions for Farming","potentialAction":[{"@type":"SearchAction","target":{"@type":"EntryPoint","urlTemplate":"https:\/\/www.pool-agri.com\/?s={search_term_string}"},"query-input":{"@type":"PropertyValueSpecification","valueRequired":true,"valueName":"search_term_string"}}],"inLanguage":"de"}]}},"_links":{"self":[{"href":"https:\/\/www.pool-agri.com\/de\/wp-json\/wp\/v2\/pages\/5423","targetHints":{"allow":["GET"]}}],"collection":[{"href":"https:\/\/www.pool-agri.com\/de\/wp-json\/wp\/v2\/pages"}],"about":[{"href":"https:\/\/www.pool-agri.com\/de\/wp-json\/wp\/v2\/types\/page"}],"author":[{"embeddable":true,"href":"https:\/\/www.pool-agri.com\/de\/wp-json\/wp\/v2\/users\/2"}],"replies":[{"embeddable":true,"href":"https:\/\/www.pool-agri.com\/de\/wp-json\/wp\/v2\/comments?post=5423"}],"version-history":[{"count":0,"href":"https:\/\/www.pool-agri.com\/de\/wp-json\/wp\/v2\/pages\/5423\/revisions"}],"wp:featuredmedia":[{"embeddable":true,"href":"https:\/\/www.pool-agri.com\/de\/wp-json\/wp\/v2\/media\/5427"}],"wp:attachment":[{"href":"https:\/\/www.pool-agri.com\/de\/wp-json\/wp\/v2\/media?parent=5423"}],"curies":[{"name":"wp","href":"https:\/\/api.w.org\/{rel}","templated":true}]}}