{"id":5023,"date":"2018-04-17T14:02:08","date_gmt":"2018-04-17T13:02:08","guid":{"rendered":"http:\/\/www.pool-agri.com\/?page_id=5023"},"modified":"2018-05-03T09:43:54","modified_gmt":"2018-05-03T08:43:54","slug":"press-dlg-feldtage","status":"publish","type":"page","link":"https:\/\/www.pool-agri.com\/de\/press-dlg-feldtage\/","title":{"rendered":"Press page DLG-Feldtage"},"content":{"rendered":"<p>Auf den DLG-Feldtagen die von 12. bis 14. Juni 2018 in Bernburg-Strenzfeld (Sachsen-Anhalt) stattfinden, stellt Pool Agri, verantwortlich f\u00fcr den Import und Vertrieb von u.a. die Carr\u00e9 Hack- und Bodenbearbeitungsmaschinen und McConnel Pflanzenschutztechnik in Deutschland, zwei Neuigkeiten vor:<\/p>\n<ul>\n<li>Die Carr\u00e9 ECONET SGI Pr\u00e4zisionshacke mit PRECICAM Kameralenkung und<\/li>\n<li>Die McConnel Agribuggy selbstfahrende Spritze mit automatischer Gest\u00e4ngef\u00fchrung<\/li>\n<\/ul>\n<p>Hierunter k\u00f6nnen Sie die Pressemitteilung sowie die Abbildungen in\u00a0hoher Aufl\u00f6sung herunterladen.<\/p>\n<p><strong style=\"font-size: 14px; line-height: 1.5em;\">2018-04\u00a0<strong><span style=\"font-size: medium;\">Press Info DLG Feldtage<\/span><\/strong><\/strong><\/p>\n<table style=\"height: 40px; width: 100px;\" border=\"0\">\n<tbody>\n<tr>\n<td><img loading=\"lazy\" decoding=\"async\" class=\"alignleft wp-image-4822 size-thumbnail\" src=\"http:\/\/www.pool-agri.com\/wp-content\/uploads\/2018\/04\/rS15n6ci_400x400.jpg\" alt=\"\" width=\"150\" height=\"150\" \/><\/td>\n<td style=\"vertical-align: top;\"><a href=\"http:\/\/www.pool-agri.com\/press\/Pressemitteilung_DLG-Feldtage_Carre-Econet+McConnel-Agribuggy.zip\" target=\"_blank\" rel=\"noopener noreferrer\"><img loading=\"lazy\" decoding=\"async\" class=\"aligncenter wp-image-3293 size-full\" title=\"Deutsche Presse Infos herunterladen (ZIP)\" src=\"http:\/\/www.pool-agri.com\/wp-content\/uploads\/2014\/03\/de-press.png\" alt=\"de-press\" width=\"25\" height=\"25\" srcset=\"https:\/\/www.pool-agri.com\/wp-content\/uploads\/2014\/03\/de-press.png 25w, https:\/\/www.pool-agri.com\/wp-content\/uploads\/2014\/03\/de-press-150x150.png 150w, https:\/\/www.pool-agri.com\/wp-content\/uploads\/2014\/03\/de-press-768x768.png 768w, https:\/\/www.pool-agri.com\/wp-content\/uploads\/2014\/03\/de-press-570x570.png 570w\" sizes=\"auto, (max-width: 25px) 100vw, 25px\" \/><\/a><\/td>\n<\/tr>\n<\/tbody>\n<\/table>\n<p>&nbsp;<\/p>\n","protected":false},"excerpt":{"rendered":"<p>Auf den DLG-Feldtagen die von 12. bis 14. Juni 2018 in Bernburg-Strenzfeld (Sachsen-Anhalt) stattfinden, stellt Pool Agri, verantwortlich f\u00fcr den Import und Vertrieb von u.a. die Carr\u00e9 Hack- und Bodenbearbeitungsmaschinen und McConnel Pflanzenschutztechnik in Deutschland, zwei Neuigkeiten vor: Die Carr\u00e9 ECONET SGI Pr\u00e4zisionshacke mit PRECICAM Kameralenkung und Die McConnel Agribuggy selbstfahrende Spritze mit automatischer Gest\u00e4ngef\u00fchrung<br \/><a href=\"https:\/\/www.pool-agri.com\/de\/press-dlg-feldtage\/\" class=\"more\">Read more<\/a><\/p>\n","protected":false},"author":2,"featured_media":0,"parent":0,"menu_order":0,"comment_status":"closed","ping_status":"closed","template":"","meta":{"_acf_changed":false,"footnotes":""},"class_list":["post-5023","page","type-page","status-publish","hentry"],"acf":[],"yoast_head":"<!-- This site is optimized with the Yoast SEO plugin v27.3 - https:\/\/yoast.com\/product\/yoast-seo-wordpress\/ -->\n<title>Press page DLG-Feldtage - Pool Agri<\/title>\n<meta name=\"robots\" content=\"index, follow, max-snippet:-1, max-image-preview:large, max-video-preview:-1\" \/>\n<link rel=\"canonical\" href=\"https:\/\/www.pool-agri.com\/de\/press-dlg-feldtage\/\" \/>\n<meta property=\"og:locale\" content=\"de_DE\" \/>\n<meta property=\"og:type\" content=\"article\" \/>\n<meta property=\"og:title\" content=\"Press page DLG-Feldtage - Pool Agri\" \/>\n<meta property=\"og:description\" content=\"Auf den DLG-Feldtagen die von 12. bis 14. Juni 2018 in Bernburg-Strenzfeld (Sachsen-Anhalt) stattfinden, stellt Pool Agri, verantwortlich f\u00fcr den Import und Vertrieb von u.a. die Carr\u00e9 Hack- und Bodenbearbeitungsmaschinen und McConnel Pflanzenschutztechnik in Deutschland, zwei Neuigkeiten vor: Die Carr\u00e9 ECONET SGI Pr\u00e4zisionshacke mit PRECICAM Kameralenkung und Die McConnel Agribuggy selbstfahrende Spritze mit automatischer Gest\u00e4ngef\u00fchrungRead more\" \/>\n<meta property=\"og:url\" content=\"https:\/\/www.pool-agri.com\/de\/press-dlg-feldtage\/\" \/>\n<meta property=\"og:site_name\" content=\"Pool Agri\" \/>\n<meta property=\"article:modified_time\" content=\"2018-05-03T08:43:54+00:00\" \/>\n<meta property=\"og:image\" content=\"http:\/\/www.pool-agri.com\/wp-content\/uploads\/2018\/04\/rS15n6ci_400x400.jpg\" \/>\n<script type=\"application\/ld+json\" class=\"yoast-schema-graph\">{\"@context\":\"https:\\\/\\\/schema.org\",\"@graph\":[{\"@type\":\"WebPage\",\"@id\":\"https:\\\/\\\/www.pool-agri.com\\\/de\\\/press-dlg-feldtage\\\/\",\"url\":\"https:\\\/\\\/www.pool-agri.com\\\/de\\\/press-dlg-feldtage\\\/\",\"name\":\"Press page DLG-Feldtage - Pool Agri\",\"isPartOf\":{\"@id\":\"https:\\\/\\\/www.pool-agri.com\\\/#website\"},\"primaryImageOfPage\":{\"@id\":\"https:\\\/\\\/www.pool-agri.com\\\/de\\\/press-dlg-feldtage\\\/#primaryimage\"},\"image\":{\"@id\":\"https:\\\/\\\/www.pool-agri.com\\\/de\\\/press-dlg-feldtage\\\/#primaryimage\"},\"thumbnailUrl\":\"http:\\\/\\\/www.pool-agri.com\\\/wp-content\\\/uploads\\\/2018\\\/04\\\/rS15n6ci_400x400.jpg\",\"datePublished\":\"2018-04-17T13:02:08+00:00\",\"dateModified\":\"2018-05-03T08:43:54+00:00\",\"inLanguage\":\"de\",\"potentialAction\":[{\"@type\":\"ReadAction\",\"target\":[\"https:\\\/\\\/www.pool-agri.com\\\/de\\\/press-dlg-feldtage\\\/\"]}]},{\"@type\":\"ImageObject\",\"inLanguage\":\"de\",\"@id\":\"https:\\\/\\\/www.pool-agri.com\\\/de\\\/press-dlg-feldtage\\\/#primaryimage\",\"url\":\"http:\\\/\\\/www.pool-agri.com\\\/wp-content\\\/uploads\\\/2018\\\/04\\\/rS15n6ci_400x400.jpg\",\"contentUrl\":\"http:\\\/\\\/www.pool-agri.com\\\/wp-content\\\/uploads\\\/2018\\\/04\\\/rS15n6ci_400x400.jpg\"},{\"@type\":\"WebSite\",\"@id\":\"https:\\\/\\\/www.pool-agri.com\\\/#website\",\"url\":\"https:\\\/\\\/www.pool-agri.com\\\/\",\"name\":\"Pool Agri\",\"description\":\"Smart Solutions for Farming\",\"potentialAction\":[{\"@type\":\"SearchAction\",\"target\":{\"@type\":\"EntryPoint\",\"urlTemplate\":\"https:\\\/\\\/www.pool-agri.com\\\/?s={search_term_string}\"},\"query-input\":{\"@type\":\"PropertyValueSpecification\",\"valueRequired\":true,\"valueName\":\"search_term_string\"}}],\"inLanguage\":\"de\"}]}<\/script>\n<!-- \/ Yoast SEO plugin. -->","yoast_head_json":{"title":"Press page DLG-Feldtage - Pool Agri","robots":{"index":"index","follow":"follow","max-snippet":"max-snippet:-1","max-image-preview":"max-image-preview:large","max-video-preview":"max-video-preview:-1"},"canonical":"https:\/\/www.pool-agri.com\/de\/press-dlg-feldtage\/","og_locale":"de_DE","og_type":"article","og_title":"Press page DLG-Feldtage - Pool Agri","og_description":"Auf den DLG-Feldtagen die von 12. bis 14. Juni 2018 in Bernburg-Strenzfeld (Sachsen-Anhalt) stattfinden, stellt Pool Agri, verantwortlich f\u00fcr den Import und Vertrieb von u.a. die Carr\u00e9 Hack- und Bodenbearbeitungsmaschinen und McConnel Pflanzenschutztechnik in Deutschland, zwei Neuigkeiten vor: Die Carr\u00e9 ECONET SGI Pr\u00e4zisionshacke mit PRECICAM Kameralenkung und Die McConnel Agribuggy selbstfahrende Spritze mit automatischer Gest\u00e4ngef\u00fchrungRead more","og_url":"https:\/\/www.pool-agri.com\/de\/press-dlg-feldtage\/","og_site_name":"Pool Agri","article_modified_time":"2018-05-03T08:43:54+00:00","og_image":[{"url":"http:\/\/www.pool-agri.com\/wp-content\/uploads\/2018\/04\/rS15n6ci_400x400.jpg","type":"","width":"","height":""}],"schema":{"@context":"https:\/\/schema.org","@graph":[{"@type":"WebPage","@id":"https:\/\/www.pool-agri.com\/de\/press-dlg-feldtage\/","url":"https:\/\/www.pool-agri.com\/de\/press-dlg-feldtage\/","name":"Press page DLG-Feldtage - Pool Agri","isPartOf":{"@id":"https:\/\/www.pool-agri.com\/#website"},"primaryImageOfPage":{"@id":"https:\/\/www.pool-agri.com\/de\/press-dlg-feldtage\/#primaryimage"},"image":{"@id":"https:\/\/www.pool-agri.com\/de\/press-dlg-feldtage\/#primaryimage"},"thumbnailUrl":"http:\/\/www.pool-agri.com\/wp-content\/uploads\/2018\/04\/rS15n6ci_400x400.jpg","datePublished":"2018-04-17T13:02:08+00:00","dateModified":"2018-05-03T08:43:54+00:00","inLanguage":"de","potentialAction":[{"@type":"ReadAction","target":["https:\/\/www.pool-agri.com\/de\/press-dlg-feldtage\/"]}]},{"@type":"ImageObject","inLanguage":"de","@id":"https:\/\/www.pool-agri.com\/de\/press-dlg-feldtage\/#primaryimage","url":"http:\/\/www.pool-agri.com\/wp-content\/uploads\/2018\/04\/rS15n6ci_400x400.jpg","contentUrl":"http:\/\/www.pool-agri.com\/wp-content\/uploads\/2018\/04\/rS15n6ci_400x400.jpg"},{"@type":"WebSite","@id":"https:\/\/www.pool-agri.com\/#website","url":"https:\/\/www.pool-agri.com\/","name":"Pool Agri","description":"Smart Solutions for Farming","potentialAction":[{"@type":"SearchAction","target":{"@type":"EntryPoint","urlTemplate":"https:\/\/www.pool-agri.com\/?s={search_term_string}"},"query-input":{"@type":"PropertyValueSpecification","valueRequired":true,"valueName":"search_term_string"}}],"inLanguage":"de"}]}},"_links":{"self":[{"href":"https:\/\/www.pool-agri.com\/de\/wp-json\/wp\/v2\/pages\/5023","targetHints":{"allow":["GET"]}}],"collection":[{"href":"https:\/\/www.pool-agri.com\/de\/wp-json\/wp\/v2\/pages"}],"about":[{"href":"https:\/\/www.pool-agri.com\/de\/wp-json\/wp\/v2\/types\/page"}],"author":[{"embeddable":true,"href":"https:\/\/www.pool-agri.com\/de\/wp-json\/wp\/v2\/users\/2"}],"replies":[{"embeddable":true,"href":"https:\/\/www.pool-agri.com\/de\/wp-json\/wp\/v2\/comments?post=5023"}],"version-history":[{"count":0,"href":"https:\/\/www.pool-agri.com\/de\/wp-json\/wp\/v2\/pages\/5023\/revisions"}],"wp:attachment":[{"href":"https:\/\/www.pool-agri.com\/de\/wp-json\/wp\/v2\/media?parent=5023"}],"curies":[{"name":"wp","href":"https:\/\/api.w.org\/{rel}","templated":true}]}}