{"id":114,"date":"2013-10-09T07:36:43","date_gmt":"2013-10-09T06:36:43","guid":{"rendered":"http:\/\/www.pool-agri.com\/pool-agri-powerful-solutions-for-farming-3\/"},"modified":"2026-01-31T12:50:25","modified_gmt":"2026-01-31T11:50:25","slug":"pool-agri-powerful-solutions-for-farming","status":"publish","type":"page","link":"https:\/\/www.pool-agri.com\/de\/","title":{"rendered":"Pool Agri | Smart Solutions for Farming"},"content":{"rendered":"<div class=\"wpb-content-wrapper\"><p>[vc_row el_class=&#8220;home-cta-products&#8220;][vc_column width=&#8220;1\/3&#8243;][vc_single_image image=&#8220;7975&#8243; img_size=&#8220;full&#8220; onclick=&#8220;custom_link&#8220; img_link_target=&#8220;_blank&#8220; css=&#8220;&#8220; title=&#8220;Quick Cover\u00ae&#8220; link=&#8220;https:\/\/www.pool-agri.com\/quick-cover\/?lang=de&#8220;][\/vc_column][vc_column width=&#8220;1\/3&#8243;][vc_single_image image=&#8220;7976&#8243; img_size=&#8220;full&#8220; onclick=&#8220;custom_link&#8220; img_link_target=&#8220;_blank&#8220; css=&#8220;&#8220; title=&#8220;Carre\u00ae&#8220; link=&#8220;https:\/\/www.pool-agri.com\/carre\/?lang=de&#8220;][\/vc_column][vc_column width=&#8220;1\/3&#8243;][vc_single_image image=&#8220;7977&#8243; img_size=&#8220;full&#8220; onclick=&#8220;custom_link&#8220; img_link_target=&#8220;_blank&#8220; css=&#8220;&#8220; title=&#8220;McConnel\u00ae BODENBEARBEITUNG&#8220; link=&#8220;https:\/\/www.pool-agri.com\/mcconnel\/de\/&#8220;][\/vc_column][\/vc_row][vc_row][vc_column css=&#8220;.vc_custom_1583754239075{padding-right: 20px !important;}&#8220;][vc_column_text css=&#8220;&#8220;][\/vc_column_text][vc_custom_heading text=&#8220;POOL AGRI | SMART SOLUTIONS FOR FARMING&#8220; use_theme_fonts=&#8220;yes&#8220;][vc_column_text css=&#8220;&#8220;]Pool Agri Import &amp; Export ist Exklusivimporteur von Carr\u00e9 Technik f\u00fcr Bodenbearbeitung- und mechanische Beikrautreguliering f\u00fcr Deutschland und die Niederlande. Wir sind auf den Import und Export von S\u00e4- und Bodenbearbeitungsmaschinen, Selbstfahrspritzen, Technik f\u00fcr mechanische Unkrautbek\u00e4mpfung und Laderaumabdeckungen f\u00fcr landwirtschaftliche Transportfahrzeuge spezialisiert. Unsere Lieferanten bieten allesamt einzigartige Maschinen und Konzepte, die unserem Motto \u201eSmart Solutions for Farming\u201c gerecht werden. Dadurch sind wir in der Lage, einzigartige Produkte f\u00fcr den Agrarsektor bereitzustellen, die zu einer effizienteren Betriebsf\u00fchrung und h\u00f6heren Renditen beitragen.[\/vc_column_text][vc_row_inner][vc_column_inner width=&#8220;2\/3&#8243;][vc_column_text]<em>\u201cNur der Verkauf ist f\u00fcr Pool Agri Import &amp; Export kein Ziel. Es liegt uns am Herzen, Beziehungen zu unseren Kunden, H\u00e4ndlern und Lieferanten aufzubauen, und wir bem\u00fchen uns, unseren Kunden technologische Fortschritte bei der Mechanisierung und Automatisierung zu bieten.\u201d<\/em><\/p>\n<p>Im Mittelpunkt steht f\u00fcr uns die Zufriedenheit unserer Kunden und wir setzen unseren Schwerpunkt auf kontinuierliche Verbesserung.<\/p>\n<p>Als Spezialisten f\u00fcr Bodenbearbeitung, mechanische Unkrautregulierung und Ladungssicherung f\u00fcr die Landwirtschaft setzen wir voll auf L\u00f6sungen die zielf\u00fchrend, nachhaltig und qualitativ hochwertig sind.<\/p>\n<p><em>\u201eSie k\u00f6nnen sich auf unsere professionelle Beratung, Know-How \u00a0und Nachbetreuung verlassen!\u201c<\/em><\/p>\n<p><strong>Hendrik Pool<\/strong> &#8211; <i>Pool Agri<\/i>[\/vc_column_text]<style type=\"text\/css\" >#l_iegsxbuf3rh8ubg7mez6.sc_line ,#l_iegsxbuf3rh8ubg7mez6 .sc_line { height:1px; background:;}#l_iegsxbuf3rh8ubg7mez6 {margin:0px 0 0px 0; padding:0;}<\/style><div class=\"clearfix\"><\/div><div id=\"l_iegsxbuf3rh8ubg7mez6\"  class=\"sc_line rd_line_normal\" ><\/div>[\/vc_column_inner][vc_column_inner width=&#8220;1\/3&#8243;][vc_custom_heading text=&#8220;F\u00f6rdern Sie hier die Brosch\u00fcren unsere Maschinen an!&#8220; font_container=&#8220;tag:h2|text_align:left|color:%23111111&#8243; use_theme_fonts=&#8220;yes&#8220; css=&#8220;&#8220;][vc_raw_html]JTIwJTIwJTIwJTIwJTIwJTIwJTIwJTIwJTIwJTIwJTIwJTIwJTIwJTIwJTIwJTIwJTIwJTIwJTIwJTIwJTIwJTIwJTIwJTIwJTIwJTIwJTIwJTIwJTIwJTIwJTIwJTIwJTBBJTNDJTIxLS0lMjBTaGFycFNwcmluZyUyMEZvcm0lMjBmb3IlMjBBbGxlJTIwYnJvY2h1cmVzJTIwREUlMjAlMjAtLSUzRSUwQSUzQ3NjcmlwdCUyMHR5cGUlM0QlMjJ0ZXh0JTJGamF2YXNjcmlwdCUyMiUzRSUwQSUyMCUyMCUyMCUyMHZhciUyMHNzX2Zvcm0lMjAlM0QlMjAlN0IlMjdhY2NvdW50JTI3JTNBJTIwJTI3TXphd01MRXdzTEF3QXdBJTI3JTJDJTIwJTI3Zm9ybUlEJTI3JTNBJTIwJTI3TTBrMVRVdExzekRUVFV0TFR0RTFTVFpQMDdWSVRiYlVOVEJKVGpWUFRUUTNNRFZNQlFBJTI3JTdEJTNCJTBBJTIwJTIwJTIwJTIwc3NfZm9ybS53aWR0aCUyMCUzRCUyMCUyNzEwMCUyNSUyNyUzQiUwQSUyMCUyMCUyMCUyMHNzX2Zvcm0uaGVpZ2h0JTIwJTNEJTIwJTI3MTAwMCUyNyUzQiUwQSUyMCUyMCUyMCUyMHNzX2Zvcm0uZG9tYWluJTIwJTNEJTIwJTI3YXBwLTNRTkxXUUhYUU8ubWFya2V0aW5nYXV0b21hdGlvbi5zZXJ2aWNlcyUyNyUzQiUwQSUyMCUyMCUyMCUyMCUyRiUyRiUyMHNzX2Zvcm0uaGlkZGVuJTIwJTNEJTIwJTdCJTI3ZmllbGRfaWQlMjclM0ElMjAlMjd2YWx1ZSUyNyU3RCUzQiUyMCUyRiUyRiUyME1vZGlmeSUyMHRoaXMlMjBmb3IlMjBzZW5kaW5nJTIwaGlkZGVuJTIwdmFyaWFibGVzJTJDJTIwb3IlMjBvdmVycmlkaW5nJTIwdmFsdWVzJTBBJTIwJTIwJTIwJTIwJTJGJTJGJTIwc3NfZm9ybS50YXJnZXRfaWQlMjAlM0QlMjAlMjd0YXJnZXQlMjclM0IlMjAlMkYlMkYlMjBPcHRpb25hbCUyMHBhcmFtZXRlciUzQSUyMGZvcm1zJTIwd2lsbCUyMGJlJTIwcGxhY2VkJTIwaW5zaWRlJTIwdGhlJTIwZWxlbWVudCUyMHdpdGglMjB0aGUlMjBzcGVjaWZpZWQlMjBpZCUwQSUyMCUyMCUyMCUyMCUyRiUyRiUyMHNzX2Zvcm0ucG9sbGluZyUyMCUzRCUyMHRydWUlM0IlMjAlMkYlMkYlMjBPcHRpb25hbCUyMHBhcmFtZXRlciUzQSUyMHNldCUyMHRvJTIwdHJ1ZSUyME9OTFklMjBpZiUyMHlvdXIlMjBwYWdlJTIwbG9hZHMlMjBkeW5hbWljYWxseSUyMGFuZCUyMHRoZSUyMGlkJTIwbmVlZHMlMjB0byUyMGJlJTIwcG9sbGVkJTIwY29udGludWFsbHkuJTBBJTNDJTJGc2NyaXB0JTNFJTBBJTNDc2NyaXB0JTIwdHlwZSUzRCUyMnRleHQlMkZqYXZhc2NyaXB0JTIyJTIwc3JjJTNEJTIyaHR0cHMlM0ElMkYlMkZrb2ktM1FOTFdRSFhRTy5tYXJrZXRpbmdhdXRvbWF0aW9uLnNlcnZpY2VzJTJGY2xpZW50JTJGZm9ybS5qcyUzRnZlciUzRDIuMC4xJTIyJTNFJTNDJTJGc2NyaXB0JTNFJTBBJTIwJTIwJTIwJTIwJTIwJTIwJTIwJTIwJTIwJTIwJTIwJTIwJTIwJTIwJTIwJTIwJTIwJTIwJTIwJTIwJTIwJTIwJTIwJTIwJTIwJTIwJTIwJTIw[\/vc_raw_html][\/vc_column_inner][\/vc_row_inner][vc_empty_space][vc_custom_heading text=&#8220;VIDEOS&#8220; use_theme_fonts=&#8220;yes&#8220;][vc_video link=&#8220;https:\/\/youtu.be\/kJCOwgLj7Ws&#8220; css=&#8220;&#8220;][vc_empty_space]<style type=\"text\/css\" >#l_5x3wh5o12fefilartgi8.sc_line ,#l_5x3wh5o12fefilartgi8 .sc_line { height:1px; background:#bababa;}#l_5x3wh5o12fefilartgi8 {margin:0px 0 0px 0; padding:0;}<\/style><div class=\"clearfix\"><\/div><div id=\"l_5x3wh5o12fefilartgi8\"  class=\"sc_line rd_line_normal\" ><\/div>[vc_empty_space][vc_column_text]<!-- SharpSpring Form for Copy: Alle brochures EN --><\/p>\n<p><a class=\"rd_normal_bt smallmedium_rd_bt \" href=\"https:\/\/www.pool-agri.com\/de\/datenschutzbedingungen\/\" target=\"_blank\" rel=\"noopener noreferrer\">Datenschutzbestimmungen<\/a>[\/vc_column_text][\/vc_column][\/vc_row][vc_row][vc_column width=&#8220;1\/2&#8243;][\/vc_column][vc_column width=&#8220;1\/2&#8243;][\/vc_column][\/vc_row][vc_row][vc_column][\/vc_column][\/vc_row][vc_row][vc_column][\/vc_column][\/vc_row]<\/p>\n<\/div>","protected":false},"excerpt":{"rendered":"<p>[vc_row el_class=&#8220;home-cta-products&#8220;][vc_column width=&#8220;1\/3&#8243;][vc_single_image image=&#8220;7975&#8243; img_size=&#8220;full&#8220; onclick=&#8220;custom_link&#8220; img_link_target=&#8220;_blank&#8220; css=&#8220;&#8220; title=&#8220;Quick Cover\u00ae&#8220; link=&#8220;https:\/\/www.pool-agri.com\/quick-cover\/?lang=de&#8220;][\/vc_column][vc_column width=&#8220;1\/3&#8243;][vc_single_image image=&#8220;7976&#8243; img_size=&#8220;full&#8220; onclick=&#8220;custom_link&#8220; img_link_target=&#8220;_blank&#8220; css=&#8220;&#8220; title=&#8220;Carre\u00ae&#8220; link=&#8220;https:\/\/www.pool-agri.com\/carre\/?lang=de&#8220;][\/vc_column][vc_column width=&#8220;1\/3&#8243;][vc_single_image image=&#8220;7977&#8243; img_size=&#8220;full&#8220; onclick=&#8220;custom_link&#8220; img_link_target=&#8220;_blank&#8220; css=&#8220;&#8220; title=&#8220;McConnel\u00ae BODENBEARBEITUNG&#8220; link=&#8220;https:\/\/www.pool-agri.com\/mcconnel\/de\/&#8220;][\/vc_column][\/vc_row][vc_row][vc_column css=&#8220;.vc_custom_1583754239075{padding-right: 20px !important;}&#8220;][vc_column_text css=&#8220;&#8220;][\/vc_column_text][vc_custom_heading text=&#8220;POOL AGRI | SMART SOLUTIONS FOR FARMING&#8220; use_theme_fonts=&#8220;yes&#8220;][vc_column_text css=&#8220;&#8220;]Pool Agri Import &amp; Export ist Exklusivimporteur von Carr\u00e9 Technik f\u00fcr Bodenbearbeitung- und mechanische Beikrautreguliering<br \/><a href=\"https:\/\/www.pool-agri.com\/de\/\" class=\"more\">Read more<\/a><\/p>\n","protected":false},"author":2,"featured_media":0,"parent":0,"menu_order":0,"comment_status":"closed","ping_status":"closed","template":"","meta":{"_acf_changed":false,"footnotes":""},"class_list":["post-114","page","type-page","status-publish","hentry"],"acf":[],"yoast_head":"<!-- This site is optimized with the Yoast SEO plugin v27.6 - https:\/\/yoast.com\/product\/yoast-seo-wordpress\/ -->\n<title>Pool Agri | Smart Solutions for Farming - Pool Agri<\/title>\n<meta name=\"description\" content=\"Carr\u00e9 McConnel Quick-Cover Schulte Crop Catcher\" \/>\n<meta name=\"robots\" content=\"index, follow, max-snippet:-1, max-image-preview:large, max-video-preview:-1\" \/>\n<link rel=\"canonical\" href=\"https:\/\/www.pool-agri.com\/de\/\" \/>\n<meta property=\"og:locale\" content=\"de_DE\" \/>\n<meta property=\"og:type\" content=\"article\" \/>\n<meta property=\"og:title\" content=\"Pool Agri | Smart Solutions for Farming - Pool Agri\" \/>\n<meta property=\"og:description\" content=\"Carr\u00e9 McConnel Quick-Cover Schulte Crop Catcher\" \/>\n<meta property=\"og:url\" content=\"https:\/\/www.pool-agri.com\/de\/\" \/>\n<meta property=\"og:site_name\" content=\"Pool Agri\" \/>\n<meta property=\"article:modified_time\" content=\"2026-01-31T11:50:25+00:00\" \/>\n<meta name=\"twitter:label1\" content=\"Gesch\u00e4tzte Lesezeit\" \/>\n\t<meta name=\"twitter:data1\" content=\"2\u00a0Minuten\" \/>\n<script type=\"application\/ld+json\" class=\"yoast-schema-graph\">{\"@context\":\"https:\\\/\\\/schema.org\",\"@graph\":[{\"@type\":\"WebPage\",\"@id\":\"https:\\\/\\\/www.pool-agri.com\\\/de\\\/\",\"url\":\"https:\\\/\\\/www.pool-agri.com\\\/de\\\/\",\"name\":\"Pool Agri | Smart Solutions for Farming - Pool Agri\",\"isPartOf\":{\"@id\":\"https:\\\/\\\/www.pool-agri.com\\\/#website\"},\"datePublished\":\"2013-10-09T06:36:43+00:00\",\"dateModified\":\"2026-01-31T11:50:25+00:00\",\"description\":\"Carr\u00e9 McConnel Quick-Cover Schulte Crop Catcher\",\"inLanguage\":\"de\",\"potentialAction\":[{\"@type\":\"ReadAction\",\"target\":[\"https:\\\/\\\/www.pool-agri.com\\\/de\\\/\"]}]},{\"@type\":\"WebSite\",\"@id\":\"https:\\\/\\\/www.pool-agri.com\\\/#website\",\"url\":\"https:\\\/\\\/www.pool-agri.com\\\/\",\"name\":\"Pool Agri\",\"description\":\"Smart Solutions for Farming\",\"potentialAction\":[{\"@type\":\"SearchAction\",\"target\":{\"@type\":\"EntryPoint\",\"urlTemplate\":\"https:\\\/\\\/www.pool-agri.com\\\/?s={search_term_string}\"},\"query-input\":{\"@type\":\"PropertyValueSpecification\",\"valueRequired\":true,\"valueName\":\"search_term_string\"}}],\"inLanguage\":\"de\"}]}<\/script>\n<!-- \/ Yoast SEO plugin. -->","yoast_head_json":{"title":"Pool Agri | Smart Solutions for Farming - Pool Agri","description":"Carr\u00e9 McConnel Quick-Cover Schulte Crop Catcher","robots":{"index":"index","follow":"follow","max-snippet":"max-snippet:-1","max-image-preview":"max-image-preview:large","max-video-preview":"max-video-preview:-1"},"canonical":"https:\/\/www.pool-agri.com\/de\/","og_locale":"de_DE","og_type":"article","og_title":"Pool Agri | Smart Solutions for Farming - Pool Agri","og_description":"Carr\u00e9 McConnel Quick-Cover Schulte Crop Catcher","og_url":"https:\/\/www.pool-agri.com\/de\/","og_site_name":"Pool Agri","article_modified_time":"2026-01-31T11:50:25+00:00","twitter_misc":{"Gesch\u00e4tzte Lesezeit":"2\u00a0Minuten"},"schema":{"@context":"https:\/\/schema.org","@graph":[{"@type":"WebPage","@id":"https:\/\/www.pool-agri.com\/de\/","url":"https:\/\/www.pool-agri.com\/de\/","name":"Pool Agri | Smart Solutions for Farming - Pool Agri","isPartOf":{"@id":"https:\/\/www.pool-agri.com\/#website"},"datePublished":"2013-10-09T06:36:43+00:00","dateModified":"2026-01-31T11:50:25+00:00","description":"Carr\u00e9 McConnel Quick-Cover Schulte Crop Catcher","inLanguage":"de","potentialAction":[{"@type":"ReadAction","target":["https:\/\/www.pool-agri.com\/de\/"]}]},{"@type":"WebSite","@id":"https:\/\/www.pool-agri.com\/#website","url":"https:\/\/www.pool-agri.com\/","name":"Pool Agri","description":"Smart Solutions for Farming","potentialAction":[{"@type":"SearchAction","target":{"@type":"EntryPoint","urlTemplate":"https:\/\/www.pool-agri.com\/?s={search_term_string}"},"query-input":{"@type":"PropertyValueSpecification","valueRequired":true,"valueName":"search_term_string"}}],"inLanguage":"de"}]}},"_links":{"self":[{"href":"https:\/\/www.pool-agri.com\/de\/wp-json\/wp\/v2\/pages\/114","targetHints":{"allow":["GET"]}}],"collection":[{"href":"https:\/\/www.pool-agri.com\/de\/wp-json\/wp\/v2\/pages"}],"about":[{"href":"https:\/\/www.pool-agri.com\/de\/wp-json\/wp\/v2\/types\/page"}],"author":[{"embeddable":true,"href":"https:\/\/www.pool-agri.com\/de\/wp-json\/wp\/v2\/users\/2"}],"replies":[{"embeddable":true,"href":"https:\/\/www.pool-agri.com\/de\/wp-json\/wp\/v2\/comments?post=114"}],"version-history":[{"count":34,"href":"https:\/\/www.pool-agri.com\/de\/wp-json\/wp\/v2\/pages\/114\/revisions"}],"predecessor-version":[{"id":8064,"href":"https:\/\/www.pool-agri.com\/de\/wp-json\/wp\/v2\/pages\/114\/revisions\/8064"}],"wp:attachment":[{"href":"https:\/\/www.pool-agri.com\/de\/wp-json\/wp\/v2\/media?parent=114"}],"curies":[{"name":"wp","href":"https:\/\/api.w.org\/{rel}","templated":true}]}}