{"id":745,"date":"2014-04-03T15:51:25","date_gmt":"2014-04-03T14:51:25","guid":{"rendered":"http:\/\/www.pool-agri.com\/cropcatcher\/?page_id=745"},"modified":"2015-01-17T14:37:27","modified_gmt":"2015-01-17T13:37:27","slug":"cropcatcher-3","status":"publish","type":"page","link":"https:\/\/www.pool-agri.com\/cropcatcher\/cropcatcher-3\/","title":{"rendered":"Crop Catcher"},"content":{"rendered":"<p><a title=\"Formulaire de contact\" href=\"http:\/\/www.pool-agri.com\/cropcatcher\/?page_id=1001&amp;lang=fr&amp;preview=true\"><img loading=\"lazy\" decoding=\"async\" class=\"alignleft\" src=\"http:\/\/www.pool-agri.com\/cropcatcher\/wp-content\/uploads\/sites\/11\/2014\/04\/CC_Francais-leaderboard_Pool-Agri_160x600_16-01-2015.gif\" alt=\"\" width=\"160\" height=\"600\" \/><\/a>L&#8217;\u00e9cran \u00e0 attraper des grains Crop Catcher est une invention canadienne brevet\u00e9e qui se classe dans la cat\u00e9gorie \u00ab <em>j\u2019aurai pu y penser moi-m\u00eame<\/em> \u00bb. Il s\u2019agit d\u2019une invention simple et ing\u00e9nieuse en m\u00eame temps, un investissement qui se r\u00e9cup\u00e8re imm\u00e9diatement. D\u2019apparence simple, le Crop Catcher est un outil efficace qui r\u00e9sulte de beaucoup plus de savoir-faire et d\u2019expertise qu\u2019il ne semblerait \u00e0 premi\u00e8re vue. Les plus de 4.000 exemplaires vendus au travers le monde entier sont la preuve de son succ\u00e8s. Le Crop Catcher, disponible en plusieurs couleurs, convient pour presque tous les types et marques de moissonneuse-batteuse.<\/p>\n<p style=\"text-align: justify;\">Le Crop Catcher fait exactement ce que son nom indique : il retient le produit qui normalement se perd au battage. Pour le colza cette perte signifie facilement de 0,5 \u00e0 3 kilos par hectare, et avec les pick-up \u00e0 tapis, la perte peut se chiffrer \u00e0 12 kilos de colza par hectare ! Autre avantage : grains ou semences n\u2019atterrissent plus dans le chaume en passant par-dessus de la barre de coupe. Ils ne peuvent donc plus y produire une germination non souhait\u00e9e. Dans le cas d\u2019une seconde r\u00e9colte de betteraves sucri\u00e8res les repousses du colza peuvent provoquer une augmentation de kystes de n\u00e9matodes nocifs.\u00a0Le Crop Catcher minimalise les pertes de rendement et \u00e9vite une pulv\u00e9risation suppl\u00e9mentaire contre les repousses du colza et du grain. Fini aussi l\u2019amoncellement de paille et de restants de r\u00e9colte sur la gaine d\u2019introduction. Le chauffeur dispose d\u2019une vue optimale qui lui permet de rep\u00e9rer \u00e0 temps les pierres et autres obstacles. Comme le dessus de la gaine d\u2019introduction reste propre, son nettoyage ne demande plus beaucoup de temps.<\/p>\n<p style=\"text-align: justify;\"><b style=\"line-height: 1.5em;\">Crop Catcher: <\/b><i style=\"line-height: 1.5em;\">100% de rendement, 0% de repousses<\/i><\/p>\n<p><iframe loading=\"lazy\" title=\"Crop Catcher | 100% yield | 0% loss ||| 100% Ertrag | 0% Ausfallraps\" width=\"1170\" height=\"658\" src=\"https:\/\/www.youtube.com\/embed\/Gpfp0JUpx58?feature=oembed\" frameborder=\"0\" allow=\"accelerometer; autoplay; clipboard-write; encrypted-media; gyroscope; picture-in-picture\" allowfullscreen><\/iframe><\/p>\n","protected":false},"excerpt":{"rendered":"<p>L&#8217;\u00e9cran \u00e0 attraper des grains Crop Catcher est une invention canadienne brevet\u00e9e qui se classe dans la cat\u00e9gorie \u00ab j\u2019aurai pu y penser moi-m\u00eame \u00bb. Il s\u2019agit d\u2019une invention simple et ing\u00e9nieuse en m\u00eame temps, un investissement qui se r\u00e9cup\u00e8re imm\u00e9diatement. D\u2019apparence simple, le Crop Catcher est un outil efficace qui r\u00e9sulte de beaucoup plus<br \/><a href=\"https:\/\/www.pool-agri.com\/cropcatcher\/cropcatcher-3\/\" class=\"more\">Read more<\/a><\/p>\n","protected":false},"author":1,"featured_media":546,"parent":0,"menu_order":0,"comment_status":"open","ping_status":"open","template":"homepage.php","meta":{"_acf_changed":false,"footnotes":""},"class_list":["post-745","page","type-page","status-publish","has-post-thumbnail","hentry"],"acf":[],"yoast_head":"<!-- This site is optimized with the Yoast SEO plugin v27.5 - https:\/\/yoast.com\/product\/yoast-seo-wordpress\/ -->\n<title>Crop Catcher - Cropcatcher<\/title>\n<meta name=\"description\" content=\"Le Crop Catcher retient le produit qui normalement se perd au battage. Grains n\u2019atterrissent plus dans le chaume en passant par-dessus de la barre de coupe.\" \/>\n<meta name=\"robots\" content=\"index, follow, max-snippet:-1, max-image-preview:large, max-video-preview:-1\" \/>\n<link rel=\"canonical\" href=\"https:\/\/www.pool-agri.com\/cropcatcher\/?lang=fr\" \/>\n<meta property=\"og:locale\" content=\"nl_NL\" \/>\n<meta property=\"og:type\" content=\"article\" \/>\n<meta property=\"og:title\" content=\"Crop Catcher - Cropcatcher\" \/>\n<meta property=\"og:description\" content=\"Le Crop Catcher retient le produit qui normalement se perd au battage. Grains n\u2019atterrissent plus dans le chaume en passant par-dessus de la barre de coupe.\" \/>\n<meta property=\"og:url\" content=\"https:\/\/www.pool-agri.com\/cropcatcher\/?lang=fr\" \/>\n<meta property=\"og:site_name\" content=\"Cropcatcher\" \/>\n<meta property=\"article:modified_time\" content=\"2015-01-17T13:37:27+00:00\" \/>\n<meta property=\"og:image\" content=\"https:\/\/www.pool-agri.com\/cropcatcher\/wp-content\/uploads\/sites\/11\/2014\/04\/Crop-Catcher-CLAAS-Lexion-760-Vario-900-4.jpg\" \/>\n\t<meta property=\"og:image:width\" content=\"1500\" \/>\n\t<meta property=\"og:image:height\" content=\"1004\" \/>\n\t<meta property=\"og:image:type\" content=\"image\/jpeg\" \/>\n<meta name=\"twitter:label1\" content=\"Geschatte leestijd\" \/>\n\t<meta name=\"twitter:data1\" content=\"2 minuten\" \/>\n<script type=\"application\/ld+json\" class=\"yoast-schema-graph\">{\"@context\":\"https:\\\/\\\/schema.org\",\"@graph\":[{\"@type\":\"WebPage\",\"@id\":\"https:\\\/\\\/www.pool-agri.com\\\/cropcatcher\\\/?lang=fr\",\"url\":\"https:\\\/\\\/www.pool-agri.com\\\/cropcatcher\\\/?lang=fr\",\"name\":\"Crop Catcher - Cropcatcher\",\"isPartOf\":{\"@id\":\"https:\\\/\\\/www.pool-agri.com\\\/cropcatcher\\\/?lang=en\\\/#website\"},\"primaryImageOfPage\":{\"@id\":\"https:\\\/\\\/www.pool-agri.com\\\/cropcatcher\\\/?lang=fr#primaryimage\"},\"image\":{\"@id\":\"https:\\\/\\\/www.pool-agri.com\\\/cropcatcher\\\/?lang=fr#primaryimage\"},\"thumbnailUrl\":\"https:\\\/\\\/www.pool-agri.com\\\/cropcatcher\\\/wp-content\\\/uploads\\\/sites\\\/11\\\/2014\\\/04\\\/Crop-Catcher-CLAAS-Lexion-760-Vario-900-4.jpg\",\"datePublished\":\"2014-04-03T14:51:25+00:00\",\"dateModified\":\"2015-01-17T13:37:27+00:00\",\"description\":\"Le Crop Catcher retient le produit qui normalement se perd au battage. Grains n\u2019atterrissent plus dans le chaume en passant par-dessus de la barre de coupe.\",\"inLanguage\":\"nl-NL\",\"potentialAction\":[{\"@type\":\"ReadAction\",\"target\":[\"https:\\\/\\\/www.pool-agri.com\\\/cropcatcher\\\/?lang=fr\"]}]},{\"@type\":\"ImageObject\",\"inLanguage\":\"nl-NL\",\"@id\":\"https:\\\/\\\/www.pool-agri.com\\\/cropcatcher\\\/?lang=fr#primaryimage\",\"url\":\"https:\\\/\\\/www.pool-agri.com\\\/cropcatcher\\\/wp-content\\\/uploads\\\/sites\\\/11\\\/2014\\\/04\\\/Crop-Catcher-CLAAS-Lexion-760-Vario-900-4.jpg\",\"contentUrl\":\"https:\\\/\\\/www.pool-agri.com\\\/cropcatcher\\\/wp-content\\\/uploads\\\/sites\\\/11\\\/2014\\\/04\\\/Crop-Catcher-CLAAS-Lexion-760-Vario-900-4.jpg\",\"width\":1500,\"height\":1004,\"caption\":\"cropcatcher crop cather verluste vermeiden raps weizen tarwe koolzaad verlies vermijden ausfallgetreide ausfall getreide ausfallraps k\u00f6rnerfang aufwuchs schneidwerk repousses reduced losses grain wheat oilseedrape OSR volunteers\"},{\"@type\":\"WebSite\",\"@id\":\"https:\\\/\\\/www.pool-agri.com\\\/cropcatcher\\\/?lang=en\\\/#website\",\"url\":\"https:\\\/\\\/www.pool-agri.com\\\/cropcatcher\\\/?lang=en\\\/\",\"name\":\"Cropcatcher\",\"description\":\"Een andere Pool Agri websites site\",\"potentialAction\":[{\"@type\":\"SearchAction\",\"target\":{\"@type\":\"EntryPoint\",\"urlTemplate\":\"https:\\\/\\\/www.pool-agri.com\\\/cropcatcher\\\/?lang=en\\\/?s={search_term_string}\"},\"query-input\":{\"@type\":\"PropertyValueSpecification\",\"valueRequired\":true,\"valueName\":\"search_term_string\"}}],\"inLanguage\":\"nl-NL\"}]}<\/script>\n<!-- \/ Yoast SEO plugin. -->","yoast_head_json":{"title":"Crop Catcher - Cropcatcher","description":"Le Crop Catcher retient le produit qui normalement se perd au battage. Grains n\u2019atterrissent plus dans le chaume en passant par-dessus de la barre de coupe.","robots":{"index":"index","follow":"follow","max-snippet":"max-snippet:-1","max-image-preview":"max-image-preview:large","max-video-preview":"max-video-preview:-1"},"canonical":"https:\/\/www.pool-agri.com\/cropcatcher\/?lang=fr","og_locale":"nl_NL","og_type":"article","og_title":"Crop Catcher - Cropcatcher","og_description":"Le Crop Catcher retient le produit qui normalement se perd au battage. Grains n\u2019atterrissent plus dans le chaume en passant par-dessus de la barre de coupe.","og_url":"https:\/\/www.pool-agri.com\/cropcatcher\/?lang=fr","og_site_name":"Cropcatcher","article_modified_time":"2015-01-17T13:37:27+00:00","og_image":[{"width":1500,"height":1004,"url":"https:\/\/www.pool-agri.com\/cropcatcher\/wp-content\/uploads\/sites\/11\/2014\/04\/Crop-Catcher-CLAAS-Lexion-760-Vario-900-4.jpg","type":"image\/jpeg"}],"twitter_misc":{"Geschatte leestijd":"2 minuten"},"schema":{"@context":"https:\/\/schema.org","@graph":[{"@type":"WebPage","@id":"https:\/\/www.pool-agri.com\/cropcatcher\/?lang=fr","url":"https:\/\/www.pool-agri.com\/cropcatcher\/?lang=fr","name":"Crop Catcher - Cropcatcher","isPartOf":{"@id":"https:\/\/www.pool-agri.com\/cropcatcher\/?lang=en\/#website"},"primaryImageOfPage":{"@id":"https:\/\/www.pool-agri.com\/cropcatcher\/?lang=fr#primaryimage"},"image":{"@id":"https:\/\/www.pool-agri.com\/cropcatcher\/?lang=fr#primaryimage"},"thumbnailUrl":"https:\/\/www.pool-agri.com\/cropcatcher\/wp-content\/uploads\/sites\/11\/2014\/04\/Crop-Catcher-CLAAS-Lexion-760-Vario-900-4.jpg","datePublished":"2014-04-03T14:51:25+00:00","dateModified":"2015-01-17T13:37:27+00:00","description":"Le Crop Catcher retient le produit qui normalement se perd au battage. Grains n\u2019atterrissent plus dans le chaume en passant par-dessus de la barre de coupe.","inLanguage":"nl-NL","potentialAction":[{"@type":"ReadAction","target":["https:\/\/www.pool-agri.com\/cropcatcher\/?lang=fr"]}]},{"@type":"ImageObject","inLanguage":"nl-NL","@id":"https:\/\/www.pool-agri.com\/cropcatcher\/?lang=fr#primaryimage","url":"https:\/\/www.pool-agri.com\/cropcatcher\/wp-content\/uploads\/sites\/11\/2014\/04\/Crop-Catcher-CLAAS-Lexion-760-Vario-900-4.jpg","contentUrl":"https:\/\/www.pool-agri.com\/cropcatcher\/wp-content\/uploads\/sites\/11\/2014\/04\/Crop-Catcher-CLAAS-Lexion-760-Vario-900-4.jpg","width":1500,"height":1004,"caption":"cropcatcher crop cather verluste vermeiden raps weizen tarwe koolzaad verlies vermijden ausfallgetreide ausfall getreide ausfallraps k\u00f6rnerfang aufwuchs schneidwerk repousses reduced losses grain wheat oilseedrape OSR volunteers"},{"@type":"WebSite","@id":"https:\/\/www.pool-agri.com\/cropcatcher\/?lang=en\/#website","url":"https:\/\/www.pool-agri.com\/cropcatcher\/?lang=en\/","name":"Cropcatcher","description":"Een andere Pool Agri websites site","potentialAction":[{"@type":"SearchAction","target":{"@type":"EntryPoint","urlTemplate":"https:\/\/www.pool-agri.com\/cropcatcher\/?lang=en\/?s={search_term_string}"},"query-input":{"@type":"PropertyValueSpecification","valueRequired":true,"valueName":"search_term_string"}}],"inLanguage":"nl-NL"}]}},"_links":{"self":[{"href":"https:\/\/www.pool-agri.com\/cropcatcher\/wp-json\/wp\/v2\/pages\/745","targetHints":{"allow":["GET"]}}],"collection":[{"href":"https:\/\/www.pool-agri.com\/cropcatcher\/wp-json\/wp\/v2\/pages"}],"about":[{"href":"https:\/\/www.pool-agri.com\/cropcatcher\/wp-json\/wp\/v2\/types\/page"}],"author":[{"embeddable":true,"href":"https:\/\/www.pool-agri.com\/cropcatcher\/wp-json\/wp\/v2\/users\/1"}],"replies":[{"embeddable":true,"href":"https:\/\/www.pool-agri.com\/cropcatcher\/wp-json\/wp\/v2\/comments?post=745"}],"version-history":[{"count":0,"href":"https:\/\/www.pool-agri.com\/cropcatcher\/wp-json\/wp\/v2\/pages\/745\/revisions"}],"wp:featuredmedia":[{"embeddable":true,"href":"https:\/\/www.pool-agri.com\/cropcatcher\/wp-json\/wp\/v2\/media\/546"}],"wp:attachment":[{"href":"https:\/\/www.pool-agri.com\/cropcatcher\/wp-json\/wp\/v2\/media?parent=745"}],"curies":[{"name":"wp","href":"https:\/\/api.w.org\/{rel}","templated":true}]}}