{"id":606,"date":"2014-04-09T12:06:20","date_gmt":"2014-04-09T11:06:20","guid":{"rendered":"http:\/\/www.pool-agri.com\/cropcatcher\/?page_id=606"},"modified":"2015-07-06T13:44:33","modified_gmt":"2015-07-06T12:44:33","slug":"crop-catcher","status":"publish","type":"page","link":"https:\/\/www.pool-agri.com\/cropcatcher\/crop-catcher\/","title":{"rendered":"Crop Catcher"},"content":{"rendered":"<p>Der Crop Catcher ist eine patentierte Kanadische Erfindung aus der Kategorie &#8220;sowas h\u00e4tte ich selbst auch bauen k\u00f6nnen.&#8221;\u00a0Es ist eine ebenso einfache wie geniale Erfindung und eine Investition, die sich sofort bezahlt macht. Hinter dem scheinbar einfachen und effektiven Crop Catcher steckt mehr Wissenschaft und Know-how, als zun\u00e4chst scheint der Fall zu sein.\u00a0Es sind mittlerweile mehr als 4.000 Crop Catchers weltweit verkauft worden. Diese Anzahl beweist, dass das Produkt ein Erfolg ist.\u00a0Der Crop Catcher ist erh\u00e4ltlich in verschiedenen Farben und f\u00fcr nahezu alle Arten und Marken von M\u00e4hdreschern und Schneidwerken.<\/p>\n<p style=\"text-align: justify;\"><a title=\"Kontaktform\" href=\"http:\/\/www.pool-agri.com\/cropcatcher\/2015\/07\/06\/fehler-die-man-vorne-macht-kann-man-hinten-nicht-wieder-gut-machen\/?lang=de\"><img loading=\"lazy\" decoding=\"async\" class=\"alignleft\" src=\"http:\/\/www.pool-agri.com\/cropcatcher\/wp-content\/uploads\/sites\/11\/2014\/04\/CC_DE-banner-leaderboard_Pool-Agri_728-x-90_16-01-2015.gif\" alt=\"\" width=\"728\" height=\"90\" \/><\/a>Der Crop Catcher macht genau was sein Name verspricht: es verhindert dass K\u00f6rner die nach oben wegspritzen hinter das Schneidwerk fallen. In Raps handelt sich es schon schnell \u00fcber 0,5 bis 3 kg pro Hektar und bei Pick-ups sogar \u00fcber bis zu 12 kg Raps pro Hektar! Diese sogenannte Ausfallraps und Ausfallgetreide gehen nicht nur verloren, sondern k\u00f6nnen auch keimen als Aufwuchs. Wird Raps in der R\u00fcbenfruchtfolge angebaut ist Ausfallraps dringend zu vermeiden, da auflaufender Ausfallraps ma\u00dfgeblich zur Nematodenvermehrung beitragen kann.\u00a0Der Crop Catcher minimiert Ertragsverluste und verhindert zus\u00e4tzliche Behandlungen vom Aufwuchs mit der Feldspritze. Ansammlung von Ernteresten und Stroh auf dem Einzugskanal geh\u00f6rt ebenfalls zur Vergangenheit. Und die Sicht des Fahrers bleibt immerhin optimal soda\u00df er Steine und andere Verunreinigungen rechtzeitig bemerken kann. Da der Einzugskanal auf der Oberseite sauber bleibt, ist auch das reinigen weniger zeitaufwendig.<\/p>\n<p><b style=\"line-height: 1.5em;\">Crop Catcher:\u00a0<\/b><i style=\"line-height: 1.5em;\">100% Ertrag, 0% Ausfallraps und -getreide<\/i><\/p>\n<p><iframe loading=\"lazy\" title=\"Crop Catcher | 100% yield | 0% loss ||| 100% Ertrag | 0% Ausfallraps\" width=\"1170\" height=\"658\" src=\"https:\/\/www.youtube.com\/embed\/Gpfp0JUpx58?feature=oembed\" frameborder=\"0\" allow=\"accelerometer; autoplay; clipboard-write; encrypted-media; gyroscope; picture-in-picture\" allowfullscreen><\/iframe><\/p>\n","protected":false},"excerpt":{"rendered":"<p>Der Crop Catcher ist eine patentierte Kanadische Erfindung aus der Kategorie &#8220;sowas h\u00e4tte ich selbst auch bauen k\u00f6nnen.&#8221;\u00a0Es ist eine ebenso einfache wie geniale Erfindung und eine Investition, die sich sofort bezahlt macht. Hinter dem scheinbar einfachen und effektiven Crop Catcher steckt mehr Wissenschaft und Know-how, als zun\u00e4chst scheint der Fall zu sein.\u00a0Es sind mittlerweile<br \/><a href=\"https:\/\/www.pool-agri.com\/cropcatcher\/crop-catcher\/\" class=\"more\">Read more<\/a><\/p>\n","protected":false},"author":1,"featured_media":546,"parent":0,"menu_order":0,"comment_status":"open","ping_status":"open","template":"homepage.php","meta":{"_acf_changed":false,"footnotes":""},"class_list":["post-606","page","type-page","status-publish","has-post-thumbnail","hentry"],"acf":[],"yoast_head":"<!-- This site is optimized with the Yoast SEO plugin v27.4 - https:\/\/yoast.com\/product\/yoast-seo-wordpress\/ -->\n<title>Crop Catcher - Cropcatcher<\/title>\n<meta name=\"description\" content=\"Crop Catcher K\u00f6rner wegspritzen Schneidwerk K\u00f6rnerfang reduziert Ausfallraps Ausfallgetreide Importeur Vertriebspartner Landmaschinenvertrieb Deutschland\" \/>\n<meta name=\"robots\" content=\"index, follow, max-snippet:-1, max-image-preview:large, max-video-preview:-1\" \/>\n<link rel=\"canonical\" href=\"https:\/\/www.pool-agri.com\/cropcatcher\/?lang=de\" \/>\n<meta property=\"og:locale\" content=\"nl_NL\" \/>\n<meta property=\"og:type\" content=\"article\" \/>\n<meta property=\"og:title\" content=\"Crop Catcher - Cropcatcher\" \/>\n<meta property=\"og:description\" content=\"Crop Catcher K\u00f6rner wegspritzen Schneidwerk K\u00f6rnerfang reduziert Ausfallraps Ausfallgetreide Importeur Vertriebspartner Landmaschinenvertrieb Deutschland\" \/>\n<meta property=\"og:url\" content=\"https:\/\/www.pool-agri.com\/cropcatcher\/?lang=de\" \/>\n<meta property=\"og:site_name\" content=\"Cropcatcher\" \/>\n<meta property=\"article:modified_time\" content=\"2015-07-06T12:44:33+00:00\" \/>\n<meta property=\"og:image\" content=\"https:\/\/www.pool-agri.com\/cropcatcher\/wp-content\/uploads\/sites\/11\/2014\/04\/Crop-Catcher-CLAAS-Lexion-760-Vario-900-4.jpg\" \/>\n\t<meta property=\"og:image:width\" content=\"1500\" \/>\n\t<meta property=\"og:image:height\" content=\"1004\" \/>\n\t<meta property=\"og:image:type\" content=\"image\/jpeg\" \/>\n<meta name=\"twitter:label1\" content=\"Geschatte leestijd\" \/>\n\t<meta name=\"twitter:data1\" content=\"1 minuut\" \/>\n<script type=\"application\/ld+json\" class=\"yoast-schema-graph\">{\"@context\":\"https:\\\/\\\/schema.org\",\"@graph\":[{\"@type\":\"WebPage\",\"@id\":\"https:\\\/\\\/www.pool-agri.com\\\/cropcatcher\\\/?lang=de\",\"url\":\"https:\\\/\\\/www.pool-agri.com\\\/cropcatcher\\\/?lang=de\",\"name\":\"Crop Catcher - Cropcatcher\",\"isPartOf\":{\"@id\":\"https:\\\/\\\/www.pool-agri.com\\\/cropcatcher\\\/?lang=en\\\/#website\"},\"primaryImageOfPage\":{\"@id\":\"https:\\\/\\\/www.pool-agri.com\\\/cropcatcher\\\/?lang=de#primaryimage\"},\"image\":{\"@id\":\"https:\\\/\\\/www.pool-agri.com\\\/cropcatcher\\\/?lang=de#primaryimage\"},\"thumbnailUrl\":\"https:\\\/\\\/www.pool-agri.com\\\/cropcatcher\\\/wp-content\\\/uploads\\\/sites\\\/11\\\/2014\\\/04\\\/Crop-Catcher-CLAAS-Lexion-760-Vario-900-4.jpg\",\"datePublished\":\"2014-04-09T11:06:20+00:00\",\"dateModified\":\"2015-07-06T12:44:33+00:00\",\"description\":\"Crop Catcher K\u00f6rner wegspritzen Schneidwerk K\u00f6rnerfang reduziert Ausfallraps Ausfallgetreide Importeur Vertriebspartner Landmaschinenvertrieb Deutschland\",\"inLanguage\":\"nl-NL\",\"potentialAction\":[{\"@type\":\"ReadAction\",\"target\":[\"https:\\\/\\\/www.pool-agri.com\\\/cropcatcher\\\/?lang=de\"]}]},{\"@type\":\"ImageObject\",\"inLanguage\":\"nl-NL\",\"@id\":\"https:\\\/\\\/www.pool-agri.com\\\/cropcatcher\\\/?lang=de#primaryimage\",\"url\":\"https:\\\/\\\/www.pool-agri.com\\\/cropcatcher\\\/wp-content\\\/uploads\\\/sites\\\/11\\\/2014\\\/04\\\/Crop-Catcher-CLAAS-Lexion-760-Vario-900-4.jpg\",\"contentUrl\":\"https:\\\/\\\/www.pool-agri.com\\\/cropcatcher\\\/wp-content\\\/uploads\\\/sites\\\/11\\\/2014\\\/04\\\/Crop-Catcher-CLAAS-Lexion-760-Vario-900-4.jpg\",\"width\":1500,\"height\":1004,\"caption\":\"cropcatcher crop cather verluste vermeiden raps weizen tarwe koolzaad verlies vermijden ausfallgetreide ausfall getreide ausfallraps k\u00f6rnerfang aufwuchs schneidwerk repousses reduced losses grain wheat oilseedrape OSR volunteers\"},{\"@type\":\"WebSite\",\"@id\":\"https:\\\/\\\/www.pool-agri.com\\\/cropcatcher\\\/?lang=en\\\/#website\",\"url\":\"https:\\\/\\\/www.pool-agri.com\\\/cropcatcher\\\/?lang=en\\\/\",\"name\":\"Cropcatcher\",\"description\":\"Een andere Pool Agri websites site\",\"potentialAction\":[{\"@type\":\"SearchAction\",\"target\":{\"@type\":\"EntryPoint\",\"urlTemplate\":\"https:\\\/\\\/www.pool-agri.com\\\/cropcatcher\\\/?lang=en\\\/?s={search_term_string}\"},\"query-input\":{\"@type\":\"PropertyValueSpecification\",\"valueRequired\":true,\"valueName\":\"search_term_string\"}}],\"inLanguage\":\"nl-NL\"}]}<\/script>\n<!-- \/ Yoast SEO plugin. -->","yoast_head_json":{"title":"Crop Catcher - Cropcatcher","description":"Crop Catcher K\u00f6rner wegspritzen Schneidwerk K\u00f6rnerfang reduziert Ausfallraps Ausfallgetreide Importeur Vertriebspartner Landmaschinenvertrieb Deutschland","robots":{"index":"index","follow":"follow","max-snippet":"max-snippet:-1","max-image-preview":"max-image-preview:large","max-video-preview":"max-video-preview:-1"},"canonical":"https:\/\/www.pool-agri.com\/cropcatcher\/?lang=de","og_locale":"nl_NL","og_type":"article","og_title":"Crop Catcher - Cropcatcher","og_description":"Crop Catcher K\u00f6rner wegspritzen Schneidwerk K\u00f6rnerfang reduziert Ausfallraps Ausfallgetreide Importeur Vertriebspartner Landmaschinenvertrieb Deutschland","og_url":"https:\/\/www.pool-agri.com\/cropcatcher\/?lang=de","og_site_name":"Cropcatcher","article_modified_time":"2015-07-06T12:44:33+00:00","og_image":[{"width":1500,"height":1004,"url":"https:\/\/www.pool-agri.com\/cropcatcher\/wp-content\/uploads\/sites\/11\/2014\/04\/Crop-Catcher-CLAAS-Lexion-760-Vario-900-4.jpg","type":"image\/jpeg"}],"twitter_misc":{"Geschatte leestijd":"1 minuut"},"schema":{"@context":"https:\/\/schema.org","@graph":[{"@type":"WebPage","@id":"https:\/\/www.pool-agri.com\/cropcatcher\/?lang=de","url":"https:\/\/www.pool-agri.com\/cropcatcher\/?lang=de","name":"Crop Catcher - Cropcatcher","isPartOf":{"@id":"https:\/\/www.pool-agri.com\/cropcatcher\/?lang=en\/#website"},"primaryImageOfPage":{"@id":"https:\/\/www.pool-agri.com\/cropcatcher\/?lang=de#primaryimage"},"image":{"@id":"https:\/\/www.pool-agri.com\/cropcatcher\/?lang=de#primaryimage"},"thumbnailUrl":"https:\/\/www.pool-agri.com\/cropcatcher\/wp-content\/uploads\/sites\/11\/2014\/04\/Crop-Catcher-CLAAS-Lexion-760-Vario-900-4.jpg","datePublished":"2014-04-09T11:06:20+00:00","dateModified":"2015-07-06T12:44:33+00:00","description":"Crop Catcher K\u00f6rner wegspritzen Schneidwerk K\u00f6rnerfang reduziert Ausfallraps Ausfallgetreide Importeur Vertriebspartner Landmaschinenvertrieb Deutschland","inLanguage":"nl-NL","potentialAction":[{"@type":"ReadAction","target":["https:\/\/www.pool-agri.com\/cropcatcher\/?lang=de"]}]},{"@type":"ImageObject","inLanguage":"nl-NL","@id":"https:\/\/www.pool-agri.com\/cropcatcher\/?lang=de#primaryimage","url":"https:\/\/www.pool-agri.com\/cropcatcher\/wp-content\/uploads\/sites\/11\/2014\/04\/Crop-Catcher-CLAAS-Lexion-760-Vario-900-4.jpg","contentUrl":"https:\/\/www.pool-agri.com\/cropcatcher\/wp-content\/uploads\/sites\/11\/2014\/04\/Crop-Catcher-CLAAS-Lexion-760-Vario-900-4.jpg","width":1500,"height":1004,"caption":"cropcatcher crop cather verluste vermeiden raps weizen tarwe koolzaad verlies vermijden ausfallgetreide ausfall getreide ausfallraps k\u00f6rnerfang aufwuchs schneidwerk repousses reduced losses grain wheat oilseedrape OSR volunteers"},{"@type":"WebSite","@id":"https:\/\/www.pool-agri.com\/cropcatcher\/?lang=en\/#website","url":"https:\/\/www.pool-agri.com\/cropcatcher\/?lang=en\/","name":"Cropcatcher","description":"Een andere Pool Agri websites site","potentialAction":[{"@type":"SearchAction","target":{"@type":"EntryPoint","urlTemplate":"https:\/\/www.pool-agri.com\/cropcatcher\/?lang=en\/?s={search_term_string}"},"query-input":{"@type":"PropertyValueSpecification","valueRequired":true,"valueName":"search_term_string"}}],"inLanguage":"nl-NL"}]}},"_links":{"self":[{"href":"https:\/\/www.pool-agri.com\/cropcatcher\/wp-json\/wp\/v2\/pages\/606","targetHints":{"allow":["GET"]}}],"collection":[{"href":"https:\/\/www.pool-agri.com\/cropcatcher\/wp-json\/wp\/v2\/pages"}],"about":[{"href":"https:\/\/www.pool-agri.com\/cropcatcher\/wp-json\/wp\/v2\/types\/page"}],"author":[{"embeddable":true,"href":"https:\/\/www.pool-agri.com\/cropcatcher\/wp-json\/wp\/v2\/users\/1"}],"replies":[{"embeddable":true,"href":"https:\/\/www.pool-agri.com\/cropcatcher\/wp-json\/wp\/v2\/comments?post=606"}],"version-history":[{"count":0,"href":"https:\/\/www.pool-agri.com\/cropcatcher\/wp-json\/wp\/v2\/pages\/606\/revisions"}],"wp:featuredmedia":[{"embeddable":true,"href":"https:\/\/www.pool-agri.com\/cropcatcher\/wp-json\/wp\/v2\/media\/546"}],"wp:attachment":[{"href":"https:\/\/www.pool-agri.com\/cropcatcher\/wp-json\/wp\/v2\/media?parent=606"}],"curies":[{"name":"wp","href":"https:\/\/api.w.org\/{rel}","templated":true}]}}