{"id":921,"date":"2017-11-03T17:28:48","date_gmt":"2017-11-03T15:28:48","guid":{"rendered":"http:\/\/www.pool-agri.com\/carre\/?page_id=921"},"modified":"2017-11-07T02:46:42","modified_gmt":"2017-11-07T00:46:42","slug":"mechanische-beikrautregulierung-und-mehr-bei-pool-agri","status":"publish","type":"page","link":"https:\/\/www.pool-agri.com\/carre\/mechanische-beikrautregulierung-und-mehr-bei-pool-agri\/?lang=de","title":{"rendered":"mechanische Beikrautregulierung und mehr bei Pool Agri"},"content":{"rendered":"<p><strong>Zum 1. November hat Pool Agri den Vertrieb von Carr\u00e9 Technik f\u00fcr mechanische Beikrautregulierung und Bodenbearbeitung f\u00fcr Deutschland und die Niederlande \u00fcbernommen. Wir freuen uns darauf, Ihnen die Neuheiten auf der Agritechnica vorzustellen und laden Sie ganz herzlich ein, Pool Agri auf dem Stand in Halle 13 zu besuchen.\u00a0<\/strong><\/p>\n<p><strong>genau in der zukunftssicheren Spur!<\/strong><br \/>\nDurch die Zusammenarbeit mit Pool Agri und dessen Vertriebsstruktur sieht Carr\u00e9 sehr gute Chancen ihr Marktanteil in Deutschland zu erweitern und die Serviceleistung zu verbessern. Pool Agri vertreibt n\u00e4mlich schon lange und sehr erfolgreich Maschinen von McConnel, Schulte und Quick-Cover in mehreren Europ\u00e4ischen L\u00e4ndern, und hat damit viel Erfahrung aufgebaut. Die Deutsche Betriebe und Kulturen eignen sich laut dem Franz\u00f6sischen Familienbetrieb Carr\u00e9 \u00e4u\u00dferst gut f\u00fcr ihre Maschinen. Carr\u00e9 liefert eine Vielfalt an besonderer und hochwertiger Technik f\u00fcr mechanische Beikraut-Regulierung (Hacken, Rollstriegeln), Tiefenlockerer, Saatbettbereitung, G\u00fclleanwendung, D\u00fcngung und Gr\u00fcnlandpflege. Dabei f\u00fcgt insbesondere das Carr\u00e9 Econet Hackmaschinen Programm mit Arbeitsbreiten von 2 bis zu 12 Metern und die Precicam 3D-Kamerasteuerung neue L\u00f6sungen an der Deutsche Markt hinzu. Auch f\u00fcr die Inro Strip-Till Technik werden Kunden sich laut der neue Importeur insbesondere interessieren.<\/p>\n<p>Kunden von Carr\u00e9 sch\u00e4tzen die robuste und stabile Bauweise der Econet Hacke die vor allem Vorteile gibt bei der automatischen Steuerung \u00fcber gps Lenkautomaten, weil eine stabile Bauweise dabei fast eine Voraussetzung ist. Zudem dringt der relativ schwere Maschine einfach in den Boden hinein, auch auf schweren und trocknen Boden f\u00fcr eine optimale Beikrautregulierung, auch unter schwierige Bedingungen.<\/p>\n<p><strong>Agritechnica Silbermedaille f\u00fcr 3D-Kamerasteuerung f\u00fcr mechanische Hacktechnik<\/strong><br \/>\nCarr\u00e9 setzt schon lange auf Kamerasteuerung als Alternative f\u00fcr Lenkautomaten und macht jetzt den n\u00e4chsten Schritt mit der (gemeinschaftliche) Entwicklung von der neue Precicam 3D-Kamerasteuerung f\u00fcr mechanische Hacken die mit einer DLG Silbermedaille ausgezeichnet wurde. Der Unterschied mit Vorg\u00e4ngermodelle ist, dass die Kamera mit zwei Objektiven (Stereokamera) arbeitet und das erm\u00f6glicht eine r\u00e4umliche 3D-Erfassung der Pflanzenbest\u00e4nde im Sichtfeld der Kamera. Die Vorteile davon sind eine robustere und genauere Reihenf\u00fchrung bei ganzfl\u00e4chiger Verunkrautung durch Erkennen von r\u00e4umlichen L\u00e4ngsprofilen, d. h. unabh\u00e4ngig von der Blattfarbe. Auch kann besser bei windigen Verh\u00e4ltnissen oder mit kleineren Pflanzen gearbeitet werden. Damit werden neben einer Fahrerentlastung und \u00f6kologischen Verbesserungen h\u00f6here Arbeitsgeschwindigkeiten und ein fr\u00fcherer Beginn des Hackverfahrens erm\u00f6glicht, au\u00dferdem werden Ertragsverluste durch Fehlbedienung reduziert.<\/p>\n<p><strong>Nicht nur mechanisches Hacken<\/strong><br \/>\nCarr\u00e9 ist bei Landwirten und Lohnunternehmern bekannt wegen der Econet Hackmaschine und der Anatis Hackrobot. Carr\u00e9 entwickelt und fertigt\u00a0eine vielf\u00e4ltige Produktpalette im Bereich Beikrautregulierung, Sattbettbereitung, Gr\u00fcnlandpflege und Strip Till Technik:<\/p>\n<p>\u2022 <strong>Rotanet Sternrollhacke<\/strong> mit Arbeitsbreiten von 3 bis zu 12 Metern<\/p>\n<p><img loading=\"lazy\" decoding=\"async\" class=\"alignleft size-thumbnail wp-image-890\" src=\"http:\/\/www.pool-agri.com\/carre\/wp-content\/uploads\/sites\/16\/2017\/11\/CARRE-ROTANET-12-150x150.jpg\" alt=\"CARRE-ROTANET\" width=\"150\" height=\"150\" srcset=\"https:\/\/www.pool-agri.com\/carre\/wp-content\/uploads\/sites\/16\/2017\/11\/CARRE-ROTANET-12-150x150.jpg 150w, https:\/\/www.pool-agri.com\/carre\/wp-content\/uploads\/sites\/16\/2017\/11\/CARRE-ROTANET-12-768x768.jpg 768w, https:\/\/www.pool-agri.com\/carre\/wp-content\/uploads\/sites\/16\/2017\/11\/CARRE-ROTANET-12-570x570.jpg 570w\" sizes=\"auto, (max-width: 150px) 100vw, 150px\" \/><\/p>\n<p>&nbsp;<\/p>\n<p>&nbsp;<\/p>\n<p>&nbsp;<\/p>\n<p>&nbsp;<\/p>\n<p>&nbsp;<\/p>\n<p>\u2022 <strong>Sarclerse Unkrautstriegel<\/strong> mit Arbeitsbreiten von 1,5 bis zu 24 Metern (auch f\u00fcr Gr\u00fcnlandpflege!)<\/p>\n<p><img loading=\"lazy\" decoding=\"async\" class=\"alignleft size-thumbnail wp-image-891\" src=\"http:\/\/www.pool-agri.com\/carre\/wp-content\/uploads\/sites\/16\/2017\/11\/CARRE-SARCLERSE-5-res.-150x150.jpg\" alt=\"\" width=\"150\" height=\"150\" srcset=\"https:\/\/www.pool-agri.com\/carre\/wp-content\/uploads\/sites\/16\/2017\/11\/CARRE-SARCLERSE-5-res.-150x150.jpg 150w, https:\/\/www.pool-agri.com\/carre\/wp-content\/uploads\/sites\/16\/2017\/11\/CARRE-SARCLERSE-5-res.-768x768.jpg 768w, https:\/\/www.pool-agri.com\/carre\/wp-content\/uploads\/sites\/16\/2017\/11\/CARRE-SARCLERSE-5-res.-570x570.jpg 570w\" sizes=\"auto, (max-width: 150px) 100vw, 150px\" \/><\/p>\n<p>&nbsp;<\/p>\n<p>&nbsp;<\/p>\n<p>&nbsp;<\/p>\n<p>&nbsp;<\/p>\n<p>&nbsp;<\/p>\n<p>\u2022 <strong>Penterra, Pentasol und Polysol Saatbettbereiter<\/strong> mit Arbeitsbreiten von 2,7 bis zu 8,1 Metern<\/p>\n<p><img loading=\"lazy\" decoding=\"async\" class=\"alignleft size-thumbnail wp-image-893\" src=\"http:\/\/www.pool-agri.com\/carre\/wp-content\/uploads\/sites\/16\/2017\/11\/CARRE-PENTASOL-1-res.-150x150.jpg\" alt=\"CARRE-PENTASOL\" width=\"150\" height=\"150\" srcset=\"https:\/\/www.pool-agri.com\/carre\/wp-content\/uploads\/sites\/16\/2017\/11\/CARRE-PENTASOL-1-res.-150x150.jpg 150w, https:\/\/www.pool-agri.com\/carre\/wp-content\/uploads\/sites\/16\/2017\/11\/CARRE-PENTASOL-1-res.-768x768.jpg 768w, https:\/\/www.pool-agri.com\/carre\/wp-content\/uploads\/sites\/16\/2017\/11\/CARRE-PENTASOL-1-res.-570x570.jpg 570w\" sizes=\"auto, (max-width: 150px) 100vw, 150px\" \/><\/p>\n<p>&nbsp;<\/p>\n<p>&nbsp;<\/p>\n<p>&nbsp;<\/p>\n<p>&nbsp;<\/p>\n<p>&nbsp;<\/p>\n<p>\u2022 <strong>Prairial Gr\u00fcnlandstriegel <\/strong>mit Arbeitsbreiten von 2,5m bis zu 6 Meter<\/p>\n<p><strong><img loading=\"lazy\" decoding=\"async\" class=\"alignleft size-thumbnail wp-image-894\" src=\"http:\/\/www.pool-agri.com\/carre\/wp-content\/uploads\/sites\/16\/2017\/11\/CARRE-PRAIRIAL-2-res.-150x150.jpg\" alt=\"CARRE-PRAIRIAL\" width=\"150\" height=\"150\" srcset=\"https:\/\/www.pool-agri.com\/carre\/wp-content\/uploads\/sites\/16\/2017\/11\/CARRE-PRAIRIAL-2-res.-150x150.jpg 150w, https:\/\/www.pool-agri.com\/carre\/wp-content\/uploads\/sites\/16\/2017\/11\/CARRE-PRAIRIAL-2-res.-768x768.jpg 768w, https:\/\/www.pool-agri.com\/carre\/wp-content\/uploads\/sites\/16\/2017\/11\/CARRE-PRAIRIAL-2-res.-570x570.jpg 570w\" sizes=\"auto, (max-width: 150px) 100vw, 150px\" \/><\/strong><\/p>\n<p>&nbsp;<\/p>\n<p>&nbsp;<\/p>\n<p>&nbsp;<\/p>\n<p>&nbsp;<\/p>\n<p>&nbsp;<\/p>\n<p>\u2022 <strong>Inro Strip-Till Streifenbearbeitung- und G\u00fclleverteiler\u00a0<\/strong>mit 4 bis 12 Reihen verstellbarer Reihenabstand von 45cm bis 80cm<\/p>\n<p><strong><img loading=\"lazy\" decoding=\"async\" class=\"alignleft size-thumbnail wp-image-895\" src=\"http:\/\/www.pool-agri.com\/carre\/wp-content\/uploads\/sites\/16\/2017\/11\/inro-ma\u00efs-150x150.jpg\" alt=\"\" width=\"150\" height=\"150\" srcset=\"https:\/\/www.pool-agri.com\/carre\/wp-content\/uploads\/sites\/16\/2017\/11\/inro-ma\u00efs-150x150.jpg 150w, https:\/\/www.pool-agri.com\/carre\/wp-content\/uploads\/sites\/16\/2017\/11\/inro-ma\u00efs-768x768.jpg 768w, https:\/\/www.pool-agri.com\/carre\/wp-content\/uploads\/sites\/16\/2017\/11\/inro-ma\u00efs-570x570.jpg 570w\" sizes=\"auto, (max-width: 150px) 100vw, 150px\" \/><\/strong><\/p>\n<p>&nbsp;<\/p>\n<p>&nbsp;<\/p>\n<p>&nbsp;<\/p>\n<p>&nbsp;<\/p>\n<p>&nbsp;<\/p>\n<p><span style=\"color: #dbdbdb;\">Wir laden Sie ein um der Gewinner der Agritechnica Silbermedaille selber anzuschauen und nat\u00fcrlich um eine gute Eindruck von den M\u00f6glichkeiten von Importeur Pool Agri zu bekommen auf Stand B64 in Halle 13 (in der gleiche Halle wie Claas und John Deere).<\/span><\/p>\n","protected":false},"excerpt":{"rendered":"<p>Zum 1. November hat Pool Agri den Vertrieb von Carr\u00e9 Technik f\u00fcr mechanische Beikrautregulierung und Bodenbearbeitung f\u00fcr Deutschland und die Niederlande \u00fcbernommen. Wir freuen uns darauf, Ihnen die Neuheiten auf der Agritechnica vorzustellen und laden Sie ganz herzlich ein, Pool Agri auf dem Stand in Halle 13 zu besuchen.\u00a0 genau in der zukunftssicheren Spur! Durch<br \/><a href=\"https:\/\/www.pool-agri.com\/carre\/mechanische-beikrautregulierung-und-mehr-bei-pool-agri\/?lang=de\" class=\"more\">Read more<\/a><\/p>\n","protected":false},"author":2,"featured_media":911,"parent":0,"menu_order":0,"comment_status":"closed","ping_status":"closed","template":"","meta":{"_acf_changed":false,"footnotes":""},"class_list":["post-921","page","type-page","status-publish","has-post-thumbnail","hentry"],"acf":[],"yoast_head":"<!-- This site is optimized with the Yoast SEO plugin v27.5 - https:\/\/yoast.com\/product\/yoast-seo-wordpress\/ -->\n<title>mechanische Beikrautregulierung und mehr bei Pool Agri - Carre<\/title>\n<meta name=\"robots\" content=\"index, follow, max-snippet:-1, max-image-preview:large, max-video-preview:-1\" \/>\n<link rel=\"canonical\" href=\"https:\/\/www.pool-agri.com\/carre\/mechanische-beikrautregulierung-und-mehr-bei-pool-agri\/?lang=de\" \/>\n<meta property=\"og:locale\" content=\"nl_NL\" \/>\n<meta property=\"og:type\" content=\"article\" \/>\n<meta property=\"og:title\" content=\"mechanische Beikrautregulierung und mehr bei Pool Agri - Carre\" \/>\n<meta property=\"og:description\" content=\"Zum 1. November hat Pool Agri den Vertrieb von Carr\u00e9 Technik f\u00fcr mechanische Beikrautregulierung und Bodenbearbeitung f\u00fcr Deutschland und die Niederlande \u00fcbernommen. Wir freuen uns darauf, Ihnen die Neuheiten auf der Agritechnica vorzustellen und laden Sie ganz herzlich ein, Pool Agri auf dem Stand in Halle 13 zu besuchen.\u00a0 genau in der zukunftssicheren Spur! DurchRead more\" \/>\n<meta property=\"og:url\" content=\"https:\/\/www.pool-agri.com\/carre\/mechanische-beikrautregulierung-und-mehr-bei-pool-agri\/?lang=de\" \/>\n<meta property=\"og:site_name\" content=\"Carre\" \/>\n<meta property=\"article:publisher\" content=\"https:\/\/www.facebook.com\/poolagri\/\" \/>\n<meta property=\"article:modified_time\" content=\"2017-11-07T00:46:42+00:00\" \/>\n<meta property=\"og:image\" content=\"https:\/\/www.pool-agri.com\/carre\/wp-content\/uploads\/sites\/16\/2017\/11\/CARRE-ECONET-GL-18rij-graan.jpg\" \/>\n\t<meta property=\"og:image:width\" content=\"1672\" \/>\n\t<meta property=\"og:image:height\" content=\"690\" \/>\n\t<meta property=\"og:image:type\" content=\"image\/jpeg\" \/>\n<meta name=\"twitter:label1\" content=\"Geschatte leestijd\" \/>\n\t<meta name=\"twitter:data1\" content=\"3 minuten\" \/>\n<script type=\"application\/ld+json\" class=\"yoast-schema-graph\">{\"@context\":\"https:\\\/\\\/schema.org\",\"@graph\":[{\"@type\":\"WebPage\",\"@id\":\"https:\\\/\\\/www.pool-agri.com\\\/carre\\\/mechanische-beikrautregulierung-und-mehr-bei-pool-agri\\\/?lang=de\",\"url\":\"https:\\\/\\\/www.pool-agri.com\\\/carre\\\/mechanische-beikrautregulierung-und-mehr-bei-pool-agri\\\/?lang=de\",\"name\":\"mechanische Beikrautregulierung und mehr bei Pool Agri - Carre\",\"isPartOf\":{\"@id\":\"https:\\\/\\\/www.pool-agri.com\\\/carre\\\/#website\"},\"primaryImageOfPage\":{\"@id\":\"https:\\\/\\\/www.pool-agri.com\\\/carre\\\/mechanische-beikrautregulierung-und-mehr-bei-pool-agri\\\/?lang=de#primaryimage\"},\"image\":{\"@id\":\"https:\\\/\\\/www.pool-agri.com\\\/carre\\\/mechanische-beikrautregulierung-und-mehr-bei-pool-agri\\\/?lang=de#primaryimage\"},\"thumbnailUrl\":\"https:\\\/\\\/www.pool-agri.com\\\/carre\\\/wp-content\\\/uploads\\\/sites\\\/16\\\/2017\\\/11\\\/CARRE-ECONET-GL-18rij-graan.jpg\",\"datePublished\":\"2017-11-03T15:28:48+00:00\",\"dateModified\":\"2017-11-07T00:46:42+00:00\",\"inLanguage\":\"nl-NL\",\"potentialAction\":[{\"@type\":\"ReadAction\",\"target\":[\"https:\\\/\\\/www.pool-agri.com\\\/carre\\\/mechanische-beikrautregulierung-und-mehr-bei-pool-agri\\\/?lang=de\"]}]},{\"@type\":\"ImageObject\",\"inLanguage\":\"nl-NL\",\"@id\":\"https:\\\/\\\/www.pool-agri.com\\\/carre\\\/mechanische-beikrautregulierung-und-mehr-bei-pool-agri\\\/?lang=de#primaryimage\",\"url\":\"https:\\\/\\\/www.pool-agri.com\\\/carre\\\/wp-content\\\/uploads\\\/sites\\\/16\\\/2017\\\/11\\\/CARRE-ECONET-GL-18rij-graan.jpg\",\"contentUrl\":\"https:\\\/\\\/www.pool-agri.com\\\/carre\\\/wp-content\\\/uploads\\\/sites\\\/16\\\/2017\\\/11\\\/CARRE-ECONET-GL-18rij-graan.jpg\",\"width\":1672,\"height\":690,\"caption\":\"CARRE ECONET GL-18rijen\"},{\"@type\":\"WebSite\",\"@id\":\"https:\\\/\\\/www.pool-agri.com\\\/carre\\\/#website\",\"url\":\"https:\\\/\\\/www.pool-agri.com\\\/carre\\\/\",\"name\":\"Carre\",\"description\":\"Een andere Pool Agri websites site\",\"potentialAction\":[{\"@type\":\"SearchAction\",\"target\":{\"@type\":\"EntryPoint\",\"urlTemplate\":\"https:\\\/\\\/www.pool-agri.com\\\/carre\\\/?s={search_term_string}\"},\"query-input\":{\"@type\":\"PropertyValueSpecification\",\"valueRequired\":true,\"valueName\":\"search_term_string\"}}],\"inLanguage\":\"nl-NL\"}]}<\/script>\n<!-- \/ Yoast SEO plugin. -->","yoast_head_json":{"title":"mechanische Beikrautregulierung und mehr bei Pool Agri - Carre","robots":{"index":"index","follow":"follow","max-snippet":"max-snippet:-1","max-image-preview":"max-image-preview:large","max-video-preview":"max-video-preview:-1"},"canonical":"https:\/\/www.pool-agri.com\/carre\/mechanische-beikrautregulierung-und-mehr-bei-pool-agri\/?lang=de","og_locale":"nl_NL","og_type":"article","og_title":"mechanische Beikrautregulierung und mehr bei Pool Agri - Carre","og_description":"Zum 1. November hat Pool Agri den Vertrieb von Carr\u00e9 Technik f\u00fcr mechanische Beikrautregulierung und Bodenbearbeitung f\u00fcr Deutschland und die Niederlande \u00fcbernommen. Wir freuen uns darauf, Ihnen die Neuheiten auf der Agritechnica vorzustellen und laden Sie ganz herzlich ein, Pool Agri auf dem Stand in Halle 13 zu besuchen.\u00a0 genau in der zukunftssicheren Spur! DurchRead more","og_url":"https:\/\/www.pool-agri.com\/carre\/mechanische-beikrautregulierung-und-mehr-bei-pool-agri\/?lang=de","og_site_name":"Carre","article_publisher":"https:\/\/www.facebook.com\/poolagri\/","article_modified_time":"2017-11-07T00:46:42+00:00","og_image":[{"width":1672,"height":690,"url":"https:\/\/www.pool-agri.com\/carre\/wp-content\/uploads\/sites\/16\/2017\/11\/CARRE-ECONET-GL-18rij-graan.jpg","type":"image\/jpeg"}],"twitter_misc":{"Geschatte leestijd":"3 minuten"},"schema":{"@context":"https:\/\/schema.org","@graph":[{"@type":"WebPage","@id":"https:\/\/www.pool-agri.com\/carre\/mechanische-beikrautregulierung-und-mehr-bei-pool-agri\/?lang=de","url":"https:\/\/www.pool-agri.com\/carre\/mechanische-beikrautregulierung-und-mehr-bei-pool-agri\/?lang=de","name":"mechanische Beikrautregulierung und mehr bei Pool Agri - Carre","isPartOf":{"@id":"https:\/\/www.pool-agri.com\/carre\/#website"},"primaryImageOfPage":{"@id":"https:\/\/www.pool-agri.com\/carre\/mechanische-beikrautregulierung-und-mehr-bei-pool-agri\/?lang=de#primaryimage"},"image":{"@id":"https:\/\/www.pool-agri.com\/carre\/mechanische-beikrautregulierung-und-mehr-bei-pool-agri\/?lang=de#primaryimage"},"thumbnailUrl":"https:\/\/www.pool-agri.com\/carre\/wp-content\/uploads\/sites\/16\/2017\/11\/CARRE-ECONET-GL-18rij-graan.jpg","datePublished":"2017-11-03T15:28:48+00:00","dateModified":"2017-11-07T00:46:42+00:00","inLanguage":"nl-NL","potentialAction":[{"@type":"ReadAction","target":["https:\/\/www.pool-agri.com\/carre\/mechanische-beikrautregulierung-und-mehr-bei-pool-agri\/?lang=de"]}]},{"@type":"ImageObject","inLanguage":"nl-NL","@id":"https:\/\/www.pool-agri.com\/carre\/mechanische-beikrautregulierung-und-mehr-bei-pool-agri\/?lang=de#primaryimage","url":"https:\/\/www.pool-agri.com\/carre\/wp-content\/uploads\/sites\/16\/2017\/11\/CARRE-ECONET-GL-18rij-graan.jpg","contentUrl":"https:\/\/www.pool-agri.com\/carre\/wp-content\/uploads\/sites\/16\/2017\/11\/CARRE-ECONET-GL-18rij-graan.jpg","width":1672,"height":690,"caption":"CARRE ECONET GL-18rijen"},{"@type":"WebSite","@id":"https:\/\/www.pool-agri.com\/carre\/#website","url":"https:\/\/www.pool-agri.com\/carre\/","name":"Carre","description":"Een andere Pool Agri websites site","potentialAction":[{"@type":"SearchAction","target":{"@type":"EntryPoint","urlTemplate":"https:\/\/www.pool-agri.com\/carre\/?s={search_term_string}"},"query-input":{"@type":"PropertyValueSpecification","valueRequired":true,"valueName":"search_term_string"}}],"inLanguage":"nl-NL"}]}},"_links":{"self":[{"href":"https:\/\/www.pool-agri.com\/carre\/wp-json\/wp\/v2\/pages\/921","targetHints":{"allow":["GET"]}}],"collection":[{"href":"https:\/\/www.pool-agri.com\/carre\/wp-json\/wp\/v2\/pages"}],"about":[{"href":"https:\/\/www.pool-agri.com\/carre\/wp-json\/wp\/v2\/types\/page"}],"author":[{"embeddable":true,"href":"https:\/\/www.pool-agri.com\/carre\/wp-json\/wp\/v2\/users\/2"}],"replies":[{"embeddable":true,"href":"https:\/\/www.pool-agri.com\/carre\/wp-json\/wp\/v2\/comments?post=921"}],"version-history":[{"count":0,"href":"https:\/\/www.pool-agri.com\/carre\/wp-json\/wp\/v2\/pages\/921\/revisions"}],"wp:featuredmedia":[{"embeddable":true,"href":"https:\/\/www.pool-agri.com\/carre\/wp-json\/wp\/v2\/media\/911"}],"wp:attachment":[{"href":"https:\/\/www.pool-agri.com\/carre\/wp-json\/wp\/v2\/media?parent=921"}],"curies":[{"name":"wp","href":"https:\/\/api.w.org\/{rel}","templated":true}]}}