{"id":610,"date":"2014-04-09T12:07:03","date_gmt":"2014-04-09T11:07:03","guid":{"rendered":"http:\/\/www.pool-agri.com\/carre\/?page_id=610"},"modified":"2023-06-13T19:31:53","modified_gmt":"2023-06-13T17:31:53","slug":"service-onderdelen","status":"publish","type":"page","link":"https:\/\/www.pool-agri.com\/carre\/service-onderdelen\/?lang=de","title":{"rendered":"Technik &amp; Ersatzteile"},"content":{"rendered":"<div class=\"wpb-content-wrapper\"><p>[vc_row][vc_column width=&#8221;2\/3&#8243;][vc_custom_heading text=&#8221;TECHNIK &amp; ERSATZTEILE&#8221; use_theme_fonts=&#8221;yes&#8221;][vc_column_text]<\/p>\n<div class=\"page-content\">\n<div class=\"page-left\">\n<p id=\"c2318\" class=\"csc-default\">Neben der Technik ist uns der direkte Kontakt mit unseren H\u00e4ndler und Vertriebspartner besonders wichtig. Eine intensive Beratung und Betreuung ist bei Pool Agri selbstverst\u00e4ndlich.<br \/>\n<strong>Wir beraten Sie gern. Auf Deutsch, na klar.<\/strong><\/p>\n<p>Kontaktdaten Technik &amp; Ersatzteile:<br \/>\nTechnik &amp; Ersatzteile Telefon: +31 (0)546 64 19 10<br \/>\nE-mail Technik &amp; Service:\u00a0<a href=\"mailto:service@pool-agri.com?subject=Carre%20Service%20Kundendienst\">service@pool-agri.com<\/a><br \/>\nE-mail Ersatzteile: <a href=\"mailto:parts@pool-agri.com?subject=Carre%20Ersatzteile\">parts@pool-agri.com<br \/>\n<\/a><\/p>\n<p><strong>Technik:<br \/>\n<\/strong>Bei technischen Fragen steht Ihnen unser Vertriebspartner\/Landmaschinenh\u00e4ndler Sie zur Verf\u00fcgung. Bitte wenden Sie sich an Ihren <a title=\"H\u00e4ndler\" href=\"https:\/\/www.pool-agri.com\/carre\/dealers\/?lang=de\">H\u00e4ndler oder Vertriebspartner<\/a> vor Ort.<\/p>\n<\/div>\n<\/div>\n<p>[\/vc_column_text][\/vc_column][vc_column width=&#8221;1\/3&#8243;][vc_custom_heading text=&#8221;IMPORTEUR&#8221; use_theme_fonts=&#8221;yes&#8221;][vc_single_image image=&#8221;1794&#8243; img_size=&#8221;medium&#8221; onclick=&#8221;custom_link&#8221; hover_effect=&#8221;img_reduce_opacity&#8221; link=&#8221;https:\/\/www.pool-agri.com\/de\/&#8221;]<style type=\"text\/css\" >#b_pmtdp9wusee0wae6ylaa a{color:#dc8620; background:#000000; margin-top:0px; margin-bottom:0px;  margin-left:0px; margin-right:0px; font-weight:900; border-radius:0px;}#b_pmtdp9wusee0wae6ylaa a:hover{color:#ffffff ; background:#bababa ;}<\/style><div class=\"ta_left tf_btn_pos\" id=\"b_pmtdp9wusee0wae6ylaa\" ><a class=\"rd_normal_bt smallmedium_rd_bt  \" href=\"https:\/\/www.pool-agri.com\/de\/\" target=\"\"   >Besuchen Sie die Webseite von Pool Agri<\/a><\/div>[\/vc_column][\/vc_row][vc_row][vc_column][vc_custom_heading text=&#8221;ONLINE ERSATZTEILE-PLATTFORM&#8221; use_theme_fonts=&#8221;yes&#8221;][vc_column_text]Die Plattform steht zur Konsultation von Ersatzteile zur Verf\u00fcgung. An den \u00dcbersetzungen wird noch gearbeitet. Bisher k\u00f6nnen Sie die Plattform nutzen, um bestimmte Teile zu konsultieren.<br \/>\nKlicken Sie auf den Link f\u00fcr Zugang auf das Ersatzteilplattform: <a href=\"https:\/\/www.carre.fr\/?lang=de\" target=\"_blank\" rel=\"noopener\">https:\/\/www.carre.fr\/?lang=de<\/a><br \/>\n1. Rechtsoben Sprache \u201eAllemand\u201c (Deutsch) w\u00e4hlen<br \/>\n2. klicken Sie \u201eERSATZTEILE\u201c rechtsoben oder klicken Sie hier f\u00fcr Zugang zum Ersatzteilverzeichnis <a href=\"https:\/\/spareparts.carre.fr\/shop\/app?__bk_&amp;__windowid=XWB469742929&amp;__rid=KKS1652794109686#2VFB2144C915D47DFAD66CC73CEC1F7E17E1D29351DB45EA618EEFB7B1BB136D42B8044FCE28E6056D\" target=\"_blank\" rel=\"noopener\">https:\/\/spareparts.carre.fr\/<\/a><br \/>\n3. Klicken Sie auf \u201eParts catalogue\u201c<br \/>\n4. Klicken Sie auf die gew\u00fcnschte Baugruppe<br \/>\n5. W\u00e4hlen Sie der Maschinentyp z.B. &#8220;ECONET SGI&#8221;<br \/>\n6. W\u00e4hlen Sie \u201eMODELL\u201c\u00a0 z.B. &#8220;FOLDING SINGLE BEAM (KLAPPBARER EINZELRAHMEN)&#8221;<br \/>\n7. W\u00e4hlen Sie die TYPENNUMMER (siehe Maschinen-Typenschild)<\/p>\n<p>Hinweis: Alternativ k\u00f6nnen Teile auch \u00fcber die Seriennummer (siehe Typenschild) der Maschine abgefragt werden. <a href=\"https:\/\/spareparts.carre.fr\/shop\/app?__bk_&amp;__windowid=VFN88507184&amp;__rid=WQI1684490483598#2VFB2144C915D47DFAD66CC73CEC1F7E17E1D29351DB45EA618EEFB7B1BB136D42B8044FCE28E6056D\" target=\"_blank\" rel=\"noopener\">https:\/\/spareparts.carre.fr\/shop\/app_serialnumber<\/a><\/p>\n<p>1. In der rechten Spalte wir der aktuelle Ersatzteilkatalog angezeigt. Klicken Sie auf die Nummer.<br \/>\n2. Jetzt haben Sie Zugang auf die unterschiedlichen Baugruppen.<\/p>\n<p><strong>Bestellvorgang Ersatzteile Carr\u00e9:<br \/>\n<\/strong>Um Ihnen eine zuverl\u00e4ssige und z\u00fcgige Abwicklung gew\u00e4hrleisten zu k\u00f6nnen schicken Sie Anfragen und Bestellungen f\u00fcr Ersatzteile laut unseren Bestellvorgang <strong>Ersatzteile Carr\u00e9 einzureichen an E-Mail: <a href=\"mailto:parts@pool-agri.com?subject=Carre%20Ersatzteile\" target=\"_blank\" rel=\"noopener\">parts@pool-agri.com<\/a><\/strong><\/p>\n<p>Hinweis! Bei Bestellung von Ersatzteilen bitte <u>Maschinentyp und Seriennummer<\/u> auf dem Typenschild bereithalten.<br \/>\n<strong><br \/>\nErsatzteil Bestellungen: &gt; bitte per Email einreichen<\/strong><br \/>\n*ET-Nummer laut Ersatzteile Katalog<br \/>\n*Umschreibung laut Ersatzteile Katalog<br \/>\n*Bestellmenge<br \/>\n<strong>&gt; E-Mail Ersatzteile Bestellungen:<\/strong> <a href=\"mailto:parts@pool-agri.com?subject=Carre%20Ersatzteile\" target=\"_blank\" rel=\"noopener\">parts@pool-agri.com<\/a>[\/vc_column_text][\/vc_column][\/vc_row]<\/p>\n<\/div>","protected":false},"excerpt":{"rendered":"<p>[vc_row][vc_column width=&#8221;2\/3&#8243;][vc_custom_heading text=&#8221;TECHNIK &amp; ERSATZTEILE&#8221; use_theme_fonts=&#8221;yes&#8221;][vc_column_text] Neben der Technik ist uns der direkte Kontakt mit unseren H\u00e4ndler und Vertriebspartner besonders wichtig. Eine intensive Beratung und Betreuung ist bei Pool Agri selbstverst\u00e4ndlich. Wir beraten Sie gern. Auf Deutsch, na klar. Kontaktdaten Technik &amp; Ersatzteile: Technik &amp; Ersatzteile Telefon: +31 (0)546 64 19 10 E-mail Technik &amp;<br \/><a href=\"https:\/\/www.pool-agri.com\/carre\/service-onderdelen\/?lang=de\" class=\"more\">Read more<\/a><\/p>\n","protected":false},"author":1,"featured_media":0,"parent":0,"menu_order":0,"comment_status":"closed","ping_status":"closed","template":"","meta":{"_acf_changed":false,"footnotes":""},"class_list":["post-610","page","type-page","status-publish","hentry"],"acf":[],"yoast_head":"<!-- This site is optimized with the Yoast SEO plugin v27.5 - https:\/\/yoast.com\/product\/yoast-seo-wordpress\/ -->\n<title>Technik &amp; Ersatzteile - Carre<\/title>\n<meta name=\"robots\" content=\"index, follow, max-snippet:-1, max-image-preview:large, max-video-preview:-1\" \/>\n<link rel=\"canonical\" href=\"https:\/\/www.pool-agri.com\/carre\/service-onderdelen\/?lang=de\" \/>\n<meta property=\"og:locale\" content=\"nl_NL\" \/>\n<meta property=\"og:type\" content=\"article\" \/>\n<meta property=\"og:title\" content=\"Technik &amp; Ersatzteile - Carre\" \/>\n<meta property=\"og:description\" content=\"[vc_row][vc_column width=&#8221;2\/3&#8243;][vc_custom_heading text=&#8221;TECHNIK &amp; ERSATZTEILE&#8221; use_theme_fonts=&#8221;yes&#8221;][vc_column_text] Neben der Technik ist uns der direkte Kontakt mit unseren H\u00e4ndler und Vertriebspartner besonders wichtig. Eine intensive Beratung und Betreuung ist bei Pool Agri selbstverst\u00e4ndlich. Wir beraten Sie gern. Auf Deutsch, na klar. Kontaktdaten Technik &amp; Ersatzteile: Technik &amp; Ersatzteile Telefon: +31 (0)546 64 19 10 E-mail Technik &amp;Read more\" \/>\n<meta property=\"og:url\" content=\"https:\/\/www.pool-agri.com\/carre\/service-onderdelen\/?lang=de\" \/>\n<meta property=\"og:site_name\" content=\"Carre\" \/>\n<meta property=\"article:publisher\" content=\"https:\/\/www.facebook.com\/poolagri\/\" \/>\n<meta property=\"article:modified_time\" content=\"2023-06-13T17:31:53+00:00\" \/>\n<meta name=\"twitter:label1\" content=\"Geschatte leestijd\" \/>\n\t<meta name=\"twitter:data1\" content=\"2 minuten\" \/>\n<script type=\"application\/ld+json\" class=\"yoast-schema-graph\">{\"@context\":\"https:\\\/\\\/schema.org\",\"@graph\":[{\"@type\":\"WebPage\",\"@id\":\"https:\\\/\\\/www.pool-agri.com\\\/carre\\\/service-onderdelen\\\/?lang=de\",\"url\":\"https:\\\/\\\/www.pool-agri.com\\\/carre\\\/service-onderdelen\\\/?lang=de\",\"name\":\"Technik &amp; Ersatzteile - Carre\",\"isPartOf\":{\"@id\":\"https:\\\/\\\/www.pool-agri.com\\\/carre\\\/#website\"},\"datePublished\":\"2014-04-09T11:07:03+00:00\",\"dateModified\":\"2023-06-13T17:31:53+00:00\",\"inLanguage\":\"nl-NL\",\"potentialAction\":[{\"@type\":\"ReadAction\",\"target\":[\"https:\\\/\\\/www.pool-agri.com\\\/carre\\\/service-onderdelen\\\/?lang=de\"]}]},{\"@type\":\"WebSite\",\"@id\":\"https:\\\/\\\/www.pool-agri.com\\\/carre\\\/#website\",\"url\":\"https:\\\/\\\/www.pool-agri.com\\\/carre\\\/\",\"name\":\"Carre\",\"description\":\"Een andere Pool Agri websites site\",\"potentialAction\":[{\"@type\":\"SearchAction\",\"target\":{\"@type\":\"EntryPoint\",\"urlTemplate\":\"https:\\\/\\\/www.pool-agri.com\\\/carre\\\/?s={search_term_string}\"},\"query-input\":{\"@type\":\"PropertyValueSpecification\",\"valueRequired\":true,\"valueName\":\"search_term_string\"}}],\"inLanguage\":\"nl-NL\"}]}<\/script>\n<!-- \/ Yoast SEO plugin. -->","yoast_head_json":{"title":"Technik &amp; Ersatzteile - Carre","robots":{"index":"index","follow":"follow","max-snippet":"max-snippet:-1","max-image-preview":"max-image-preview:large","max-video-preview":"max-video-preview:-1"},"canonical":"https:\/\/www.pool-agri.com\/carre\/service-onderdelen\/?lang=de","og_locale":"nl_NL","og_type":"article","og_title":"Technik &amp; Ersatzteile - Carre","og_description":"[vc_row][vc_column width=&#8221;2\/3&#8243;][vc_custom_heading text=&#8221;TECHNIK &amp; ERSATZTEILE&#8221; use_theme_fonts=&#8221;yes&#8221;][vc_column_text] Neben der Technik ist uns der direkte Kontakt mit unseren H\u00e4ndler und Vertriebspartner besonders wichtig. Eine intensive Beratung und Betreuung ist bei Pool Agri selbstverst\u00e4ndlich. Wir beraten Sie gern. Auf Deutsch, na klar. Kontaktdaten Technik &amp; Ersatzteile: Technik &amp; Ersatzteile Telefon: +31 (0)546 64 19 10 E-mail Technik &amp;Read more","og_url":"https:\/\/www.pool-agri.com\/carre\/service-onderdelen\/?lang=de","og_site_name":"Carre","article_publisher":"https:\/\/www.facebook.com\/poolagri\/","article_modified_time":"2023-06-13T17:31:53+00:00","twitter_misc":{"Geschatte leestijd":"2 minuten"},"schema":{"@context":"https:\/\/schema.org","@graph":[{"@type":"WebPage","@id":"https:\/\/www.pool-agri.com\/carre\/service-onderdelen\/?lang=de","url":"https:\/\/www.pool-agri.com\/carre\/service-onderdelen\/?lang=de","name":"Technik &amp; Ersatzteile - Carre","isPartOf":{"@id":"https:\/\/www.pool-agri.com\/carre\/#website"},"datePublished":"2014-04-09T11:07:03+00:00","dateModified":"2023-06-13T17:31:53+00:00","inLanguage":"nl-NL","potentialAction":[{"@type":"ReadAction","target":["https:\/\/www.pool-agri.com\/carre\/service-onderdelen\/?lang=de"]}]},{"@type":"WebSite","@id":"https:\/\/www.pool-agri.com\/carre\/#website","url":"https:\/\/www.pool-agri.com\/carre\/","name":"Carre","description":"Een andere Pool Agri websites site","potentialAction":[{"@type":"SearchAction","target":{"@type":"EntryPoint","urlTemplate":"https:\/\/www.pool-agri.com\/carre\/?s={search_term_string}"},"query-input":{"@type":"PropertyValueSpecification","valueRequired":true,"valueName":"search_term_string"}}],"inLanguage":"nl-NL"}]}},"_links":{"self":[{"href":"https:\/\/www.pool-agri.com\/carre\/wp-json\/wp\/v2\/pages\/610","targetHints":{"allow":["GET"]}}],"collection":[{"href":"https:\/\/www.pool-agri.com\/carre\/wp-json\/wp\/v2\/pages"}],"about":[{"href":"https:\/\/www.pool-agri.com\/carre\/wp-json\/wp\/v2\/types\/page"}],"author":[{"embeddable":true,"href":"https:\/\/www.pool-agri.com\/carre\/wp-json\/wp\/v2\/users\/1"}],"replies":[{"embeddable":true,"href":"https:\/\/www.pool-agri.com\/carre\/wp-json\/wp\/v2\/comments?post=610"}],"version-history":[{"count":8,"href":"https:\/\/www.pool-agri.com\/carre\/wp-json\/wp\/v2\/pages\/610\/revisions"}],"predecessor-version":[{"id":3015,"href":"https:\/\/www.pool-agri.com\/carre\/wp-json\/wp\/v2\/pages\/610\/revisions\/3015"}],"wp:attachment":[{"href":"https:\/\/www.pool-agri.com\/carre\/wp-json\/wp\/v2\/media?parent=610"}],"curies":[{"name":"wp","href":"https:\/\/api.w.org\/{rel}","templated":true}]}}