{"id":2419,"date":"2021-04-15T18:50:44","date_gmt":"2021-04-15T16:50:44","guid":{"rendered":"https:\/\/www.pool-agri.com\/carre\/?page_id=2419"},"modified":"2021-04-23T15:45:07","modified_gmt":"2021-04-23T13:45:07","slug":"carre-rotanet-sternrollhacke","status":"publish","type":"page","link":"https:\/\/www.pool-agri.com\/carre\/carre-rotanet-sternrollhacke\/?lang=de","title":{"rendered":"Carr\u00e9 ROTANET Sternrollhacke"},"content":{"rendered":"<div class=\"wpb-content-wrapper\"><p>[vc_row][vc_column][vc_custom_heading text=&#8221;ganzfl\u00e4chig Unkraut bek\u00e4mpfen und Krusten brechen?&#8221; font_container=&#8221;tag:h1|text_align:left&#8221; use_theme_fonts=&#8221;yes&#8221;][\/vc_column][\/vc_row][vc_row][vc_column width=&#8221;1\/2&#8243;][vc_column_text]<\/p>\n<h2>Fragen Sie hier die Carr\u00e9 ROTANET Brosch\u00fcre an!<\/h2>\n<p>Erhalten Sie die Brosch\u00fcre direkt in Ihrer Mailbox.[\/vc_column_text][vc_raw_html]JTIwJTIwJTIwJTIwJTIwJTIwJTIwJTIwJTIwJTIwJTIwJTIwJTIwJTIwJTIwJTIwJTIwJTIwJTIwJTIwJTIwJTIwJTIwJTIwJTBBJTNDJTIxLS0lMjBTaGFycFNwcmluZyUyMEZvcm0lMjBmb3IlMjBDYXJyJUMzJUE5JTIwREUlMjAtJTIwUk9UQU5FVCUyMCUyMC0tJTNFJTBBJTNDc2NyaXB0JTIwdHlwZSUzRCUyMnRleHQlMkZqYXZhc2NyaXB0JTIyJTNFJTBBJTIwJTIwJTIwJTIwdmFyJTIwc3NfZm9ybSUyMCUzRCUyMCU3QiUyN2FjY291bnQlMjclM0ElMjAlMjdNemF3TUxFd3NMQXdBd0ElMjclMkMlMjAlMjdmb3JtSUQlMjclM0ElMjAlMjdTelV4TVRBMlRUWFFUVFcyVE5NMXNUUTIxclZJU1RIVXRUQTJOamRMVFRKT1NVMUxBUUElMjclN0QlM0IlMEElMjAlMjAlMjAlMjBzc19mb3JtLndpZHRoJTIwJTNEJTIwJTI3MTAwJTI1JTI3JTNCJTBBJTIwJTIwJTIwJTIwc3NfZm9ybS5oZWlnaHQlMjAlM0QlMjAlMjcxMDAwJTI3JTNCJTBBJTIwJTIwJTIwJTIwc3NfZm9ybS5kb21haW4lMjAlM0QlMjAlMjdhcHAtM1FOTFdRSFhRTy5tYXJrZXRpbmdhdXRvbWF0aW9uLnNlcnZpY2VzJTI3JTNCJTBBJTIwJTIwJTIwJTIwJTJGJTJGJTIwc3NfZm9ybS5oaWRkZW4lMjAlM0QlMjAlN0IlMjdmaWVsZF9pZCUyNyUzQSUyMCUyN3ZhbHVlJTI3JTdEJTNCJTIwJTJGJTJGJTIwTW9kaWZ5JTIwdGhpcyUyMGZvciUyMHNlbmRpbmclMjBoaWRkZW4lMjB2YXJpYWJsZXMlMkMlMjBvciUyMG92ZXJyaWRpbmclMjB2YWx1ZXMlMEElMjAlMjAlMjAlMjAlMkYlMkYlMjBzc19mb3JtLnRhcmdldF9pZCUyMCUzRCUyMCUyN3RhcmdldCUyNyUzQiUyMCUyRiUyRiUyME9wdGlvbmFsJTIwcGFyYW1ldGVyJTNBJTIwZm9ybXMlMjB3aWxsJTIwYmUlMjBwbGFjZWQlMjBpbnNpZGUlMjB0aGUlMjBlbGVtZW50JTIwd2l0aCUyMHRoZSUyMHNwZWNpZmllZCUyMGlkJTBBJTIwJTIwJTIwJTIwJTJGJTJGJTIwc3NfZm9ybS5wb2xsaW5nJTIwJTNEJTIwdHJ1ZSUzQiUyMCUyRiUyRiUyME9wdGlvbmFsJTIwcGFyYW1ldGVyJTNBJTIwc2V0JTIwdG8lMjB0cnVlJTIwT05MWSUyMGlmJTIweW91ciUyMHBhZ2UlMjBsb2FkcyUyMGR5bmFtaWNhbGx5JTIwYW5kJTIwdGhlJTIwaWQlMjBuZWVkcyUyMHRvJTIwYmUlMjBwb2xsZWQlMjBjb250aW51YWxseS4lMEElM0MlMkZzY3JpcHQlM0UlMEElM0NzY3JpcHQlMjB0eXBlJTNEJTIydGV4dCUyRmphdmFzY3JpcHQlMjIlMjBzcmMlM0QlMjJodHRwcyUzQSUyRiUyRmtvaS0zUU5MV1FIWFFPLm1hcmtldGluZ2F1dG9tYXRpb24uc2VydmljZXMlMkZjbGllbnQlMkZmb3JtLmpzJTNGdmVyJTNEMi4wLjElMjIlM0UlM0MlMkZzY3JpcHQlM0UlMEElMjAlMjAlMjAlMjAlMjAlMjAlMjAlMjAlMjAlMjAlMjAlMjAlMjAlMjAlMjAlMjAlMjAlMjAlMjAlMjA=[\/vc_raw_html][\/vc_column][vc_column width=&#8221;1\/2&#8243;][vc_single_image image=&#8221;2427&#8243; img_size=&#8221;full&#8221;][\/vc_column][\/vc_row]<\/p>\n<\/div>","protected":false},"excerpt":{"rendered":"<p>[vc_row][vc_column][vc_custom_heading text=&#8221;ganzfl\u00e4chig Unkraut bek\u00e4mpfen und Krusten brechen?&#8221; font_container=&#8221;tag:h1|text_align:left&#8221; use_theme_fonts=&#8221;yes&#8221;][\/vc_column][\/vc_row][vc_row][vc_column width=&#8221;1\/2&#8243;][vc_column_text] Fragen Sie hier die Carr\u00e9 ROTANET Brosch\u00fcre an! Erhalten Sie die Brosch\u00fcre direkt in Ihrer Mailbox.[\/vc_column_text][vc_raw_html]JTIwJTIwJTIwJTIwJTIwJTIwJTIwJTIwJTIwJTIwJTIwJTIwJTIwJTIwJTIwJTIwJTIwJTIwJTIwJTIwJTIwJTIwJTIwJTIwJTBBJTNDJTIxLS0lMjBTaGFycFNwcmluZyUyMEZvcm0lMjBmb3IlMjBDYXJyJUMzJUE5JTIwREUlMjAtJTIwUk9UQU5FVCUyMCUyMC0tJTNFJTBBJTNDc2NyaXB0JTIwdHlwZSUzRCUyMnRleHQlMkZqYXZhc2NyaXB0JTIyJTNFJTBBJTIwJTIwJTIwJTIwdmFyJTIwc3NfZm9ybSUyMCUzRCUyMCU3QiUyN2FjY291bnQlMjclM0ElMjAlMjdNemF3TUxFd3NMQXdBd0ElMjclMkMlMjAlMjdmb3JtSUQlMjclM0ElMjAlMjdTelV4TVRBMlRUWFFUVFcyVE5NMXNUUTIxclZJU1RIVXRUQTJOamRMVFRKT1NVMUxBUUElMjclN0QlM0IlMEElMjAlMjAlMjAlMjBzc19mb3JtLndpZHRoJTIwJTNEJTIwJTI3MTAwJTI1JTI3JTNCJTBBJTIwJTIwJTIwJTIwc3NfZm9ybS5oZWlnaHQlMjAlM0QlMjAlMjcxMDAwJTI3JTNCJTBBJTIwJTIwJTIwJTIwc3NfZm9ybS5kb21haW4lMjAlM0QlMjAlMjdhcHAtM1FOTFdRSFhRTy5tYXJrZXRpbmdhdXRvbWF0aW9uLnNlcnZpY2VzJTI3JTNCJTBBJTIwJTIwJTIwJTIwJTJGJTJGJTIwc3NfZm9ybS5oaWRkZW4lMjAlM0QlMjAlN0IlMjdmaWVsZF9pZCUyNyUzQSUyMCUyN3ZhbHVlJTI3JTdEJTNCJTIwJTJGJTJGJTIwTW9kaWZ5JTIwdGhpcyUyMGZvciUyMHNlbmRpbmclMjBoaWRkZW4lMjB2YXJpYWJsZXMlMkMlMjBvciUyMG92ZXJyaWRpbmclMjB2YWx1ZXMlMEElMjAlMjAlMjAlMjAlMkYlMkYlMjBzc19mb3JtLnRhcmdldF9pZCUyMCUzRCUyMCUyN3RhcmdldCUyNyUzQiUyMCUyRiUyRiUyME9wdGlvbmFsJTIwcGFyYW1ldGVyJTNBJTIwZm9ybXMlMjB3aWxsJTIwYmUlMjBwbGFjZWQlMjBpbnNpZGUlMjB0aGUlMjBlbGVtZW50JTIwd2l0aCUyMHRoZSUyMHNwZWNpZmllZCUyMGlkJTBBJTIwJTIwJTIwJTIwJTJGJTJGJTIwc3NfZm9ybS5wb2xsaW5nJTIwJTNEJTIwdHJ1ZSUzQiUyMCUyRiUyRiUyME9wdGlvbmFsJTIwcGFyYW1ldGVyJTNBJTIwc2V0JTIwdG8lMjB0cnVlJTIwT05MWSUyMGlmJTIweW91ciUyMHBhZ2UlMjBsb2FkcyUyMGR5bmFtaWNhbGx5JTIwYW5kJTIwdGhlJTIwaWQlMjBuZWVkcyUyMHRvJTIwYmUlMjBwb2xsZWQlMjBjb250aW51YWxseS4lMEElM0MlMkZzY3JpcHQlM0UlMEElM0NzY3JpcHQlMjB0eXBlJTNEJTIydGV4dCUyRmphdmFzY3JpcHQlMjIlMjBzcmMlM0QlMjJodHRwcyUzQSUyRiUyRmtvaS0zUU5MV1FIWFFPLm1hcmtldGluZ2F1dG9tYXRpb24uc2VydmljZXMlMkZjbGllbnQlMkZmb3JtLmpzJTNGdmVyJTNEMi4wLjElMjIlM0UlM0MlMkZzY3JpcHQlM0UlMEElMjAlMjAlMjAlMjAlMjAlMjAlMjAlMjAlMjAlMjAlMjAlMjAlMjAlMjAlMjAlMjAlMjAlMjAlMjAlMjA=[\/vc_raw_html][\/vc_column][vc_column width=&#8221;1\/2&#8243;][vc_single_image image=&#8221;2427&#8243; img_size=&#8221;full&#8221;][\/vc_column][\/vc_row]<br \/><a href=\"https:\/\/www.pool-agri.com\/carre\/carre-rotanet-sternrollhacke\/?lang=de\" class=\"more\">Read more<\/a><\/p>\n","protected":false},"author":2,"featured_media":0,"parent":0,"menu_order":0,"comment_status":"closed","ping_status":"closed","template":"","meta":{"_acf_changed":false,"footnotes":""},"class_list":["post-2419","page","type-page","status-publish","hentry"],"acf":[],"yoast_head":"<!-- This site is optimized with the Yoast SEO plugin v27.4 - https:\/\/yoast.com\/product\/yoast-seo-wordpress\/ -->\n<title>Carr\u00e9 ROTANET Sternrollhacke - Carre<\/title>\n<meta name=\"robots\" content=\"index, follow, max-snippet:-1, max-image-preview:large, max-video-preview:-1\" \/>\n<link rel=\"canonical\" href=\"https:\/\/www.pool-agri.com\/carre\/carre-rotanet-sternrollhacke\/?lang=de\" \/>\n<meta property=\"og:locale\" content=\"nl_NL\" \/>\n<meta property=\"og:type\" content=\"article\" \/>\n<meta property=\"og:title\" content=\"Carr\u00e9 ROTANET Sternrollhacke - Carre\" \/>\n<meta property=\"og:description\" content=\"[vc_row][vc_column][vc_custom_heading text=&#8221;ganzfl\u00e4chig Unkraut bek\u00e4mpfen und Krusten brechen?&#8221; font_container=&#8221;tag:h1|text_align:left&#8221; use_theme_fonts=&#8221;yes&#8221;][\/vc_column][\/vc_row][vc_row][vc_column width=&#8221;1\/2&#8243;][vc_column_text] Fragen Sie hier die Carr\u00e9 ROTANET Brosch\u00fcre an! Erhalten Sie die Brosch\u00fcre direkt in Ihrer Mailbox.[\/vc_column_text][vc_raw_html]JTIwJTIwJTIwJTIwJTIwJTIwJTIwJTIwJTIwJTIwJTIwJTIwJTIwJTIwJTIwJTIwJTIwJTIwJTIwJTIwJTIwJTIwJTIwJTIwJTBBJTNDJTIxLS0lMjBTaGFycFNwcmluZyUyMEZvcm0lMjBmb3IlMjBDYXJyJUMzJUE5JTIwREUlMjAtJTIwUk9UQU5FVCUyMCUyMC0tJTNFJTBBJTNDc2NyaXB0JTIwdHlwZSUzRCUyMnRleHQlMkZqYXZhc2NyaXB0JTIyJTNFJTBBJTIwJTIwJTIwJTIwdmFyJTIwc3NfZm9ybSUyMCUzRCUyMCU3QiUyN2FjY291bnQlMjclM0ElMjAlMjdNemF3TUxFd3NMQXdBd0ElMjclMkMlMjAlMjdmb3JtSUQlMjclM0ElMjAlMjdTelV4TVRBMlRUWFFUVFcyVE5NMXNUUTIxclZJU1RIVXRUQTJOamRMVFRKT1NVMUxBUUElMjclN0QlM0IlMEElMjAlMjAlMjAlMjBzc19mb3JtLndpZHRoJTIwJTNEJTIwJTI3MTAwJTI1JTI3JTNCJTBBJTIwJTIwJTIwJTIwc3NfZm9ybS5oZWlnaHQlMjAlM0QlMjAlMjcxMDAwJTI3JTNCJTBBJTIwJTIwJTIwJTIwc3NfZm9ybS5kb21haW4lMjAlM0QlMjAlMjdhcHAtM1FOTFdRSFhRTy5tYXJrZXRpbmdhdXRvbWF0aW9uLnNlcnZpY2VzJTI3JTNCJTBBJTIwJTIwJTIwJTIwJTJGJTJGJTIwc3NfZm9ybS5oaWRkZW4lMjAlM0QlMjAlN0IlMjdmaWVsZF9pZCUyNyUzQSUyMCUyN3ZhbHVlJTI3JTdEJTNCJTIwJTJGJTJGJTIwTW9kaWZ5JTIwdGhpcyUyMGZvciUyMHNlbmRpbmclMjBoaWRkZW4lMjB2YXJpYWJsZXMlMkMlMjBvciUyMG92ZXJyaWRpbmclMjB2YWx1ZXMlMEElMjAlMjAlMjAlMjAlMkYlMkYlMjBzc19mb3JtLnRhcmdldF9pZCUyMCUzRCUyMCUyN3RhcmdldCUyNyUzQiUyMCUyRiUyRiUyME9wdGlvbmFsJTIwcGFyYW1ldGVyJTNBJTIwZm9ybXMlMjB3aWxsJTIwYmUlMjBwbGFjZWQlMjBpbnNpZGUlMjB0aGUlMjBlbGVtZW50JTIwd2l0aCUyMHRoZSUyMHNwZWNpZmllZCUyMGlkJTBBJTIwJTIwJTIwJTIwJTJGJTJGJTIwc3NfZm9ybS5wb2xsaW5nJTIwJTNEJTIwdHJ1ZSUzQiUyMCUyRiUyRiUyME9wdGlvbmFsJTIwcGFyYW1ldGVyJTNBJTIwc2V0JTIwdG8lMjB0cnVlJTIwT05MWSUyMGlmJTIweW91ciUyMHBhZ2UlMjBsb2FkcyUyMGR5bmFtaWNhbGx5JTIwYW5kJTIwdGhlJTIwaWQlMjBuZWVkcyUyMHRvJTIwYmUlMjBwb2xsZWQlMjBjb250aW51YWxseS4lMEElM0MlMkZzY3JpcHQlM0UlMEElM0NzY3JpcHQlMjB0eXBlJTNEJTIydGV4dCUyRmphdmFzY3JpcHQlMjIlMjBzcmMlM0QlMjJodHRwcyUzQSUyRiUyRmtvaS0zUU5MV1FIWFFPLm1hcmtldGluZ2F1dG9tYXRpb24uc2VydmljZXMlMkZjbGllbnQlMkZmb3JtLmpzJTNGdmVyJTNEMi4wLjElMjIlM0UlM0MlMkZzY3JpcHQlM0UlMEElMjAlMjAlMjAlMjAlMjAlMjAlMjAlMjAlMjAlMjAlMjAlMjAlMjAlMjAlMjAlMjAlMjAlMjAlMjAlMjA=[\/vc_raw_html][\/vc_column][vc_column width=&#8221;1\/2&#8243;][vc_single_image image=&#8221;2427&#8243; img_size=&#8221;full&#8221;][\/vc_column][\/vc_row]Read more\" \/>\n<meta property=\"og:url\" content=\"https:\/\/www.pool-agri.com\/carre\/carre-rotanet-sternrollhacke\/?lang=de\" \/>\n<meta property=\"og:site_name\" content=\"Carre\" \/>\n<meta property=\"article:publisher\" content=\"https:\/\/www.facebook.com\/poolagri\/\" \/>\n<meta property=\"article:modified_time\" content=\"2021-04-23T13:45:07+00:00\" \/>\n<meta name=\"twitter:label1\" content=\"Geschatte leestijd\" \/>\n\t<meta name=\"twitter:data1\" content=\"1 minuut\" \/>\n<script type=\"application\/ld+json\" class=\"yoast-schema-graph\">{\"@context\":\"https:\\\/\\\/schema.org\",\"@graph\":[{\"@type\":\"WebPage\",\"@id\":\"https:\\\/\\\/www.pool-agri.com\\\/carre\\\/carre-rotanet-sternrollhacke\\\/?lang=de\",\"url\":\"https:\\\/\\\/www.pool-agri.com\\\/carre\\\/carre-rotanet-sternrollhacke\\\/?lang=de\",\"name\":\"Carr\u00e9 ROTANET Sternrollhacke - Carre\",\"isPartOf\":{\"@id\":\"https:\\\/\\\/www.pool-agri.com\\\/carre\\\/#website\"},\"datePublished\":\"2021-04-15T16:50:44+00:00\",\"dateModified\":\"2021-04-23T13:45:07+00:00\",\"inLanguage\":\"nl-NL\",\"potentialAction\":[{\"@type\":\"ReadAction\",\"target\":[\"https:\\\/\\\/www.pool-agri.com\\\/carre\\\/carre-rotanet-sternrollhacke\\\/?lang=de\"]}]},{\"@type\":\"WebSite\",\"@id\":\"https:\\\/\\\/www.pool-agri.com\\\/carre\\\/#website\",\"url\":\"https:\\\/\\\/www.pool-agri.com\\\/carre\\\/\",\"name\":\"Carre\",\"description\":\"Een andere Pool Agri websites site\",\"potentialAction\":[{\"@type\":\"SearchAction\",\"target\":{\"@type\":\"EntryPoint\",\"urlTemplate\":\"https:\\\/\\\/www.pool-agri.com\\\/carre\\\/?s={search_term_string}\"},\"query-input\":{\"@type\":\"PropertyValueSpecification\",\"valueRequired\":true,\"valueName\":\"search_term_string\"}}],\"inLanguage\":\"nl-NL\"}]}<\/script>\n<!-- \/ Yoast SEO plugin. -->","yoast_head_json":{"title":"Carr\u00e9 ROTANET Sternrollhacke - Carre","robots":{"index":"index","follow":"follow","max-snippet":"max-snippet:-1","max-image-preview":"max-image-preview:large","max-video-preview":"max-video-preview:-1"},"canonical":"https:\/\/www.pool-agri.com\/carre\/carre-rotanet-sternrollhacke\/?lang=de","og_locale":"nl_NL","og_type":"article","og_title":"Carr\u00e9 ROTANET Sternrollhacke - Carre","og_description":"[vc_row][vc_column][vc_custom_heading text=&#8221;ganzfl\u00e4chig Unkraut bek\u00e4mpfen und Krusten brechen?&#8221; font_container=&#8221;tag:h1|text_align:left&#8221; use_theme_fonts=&#8221;yes&#8221;][\/vc_column][\/vc_row][vc_row][vc_column width=&#8221;1\/2&#8243;][vc_column_text] Fragen Sie hier die Carr\u00e9 ROTANET Brosch\u00fcre an! Erhalten Sie die Brosch\u00fcre direkt in Ihrer Mailbox.[\/vc_column_text][vc_raw_html]JTIwJTIwJTIwJTIwJTIwJTIwJTIwJTIwJTIwJTIwJTIwJTIwJTIwJTIwJTIwJTIwJTIwJTIwJTIwJTIwJTIwJTIwJTIwJTIwJTBBJTNDJTIxLS0lMjBTaGFycFNwcmluZyUyMEZvcm0lMjBmb3IlMjBDYXJyJUMzJUE5JTIwREUlMjAtJTIwUk9UQU5FVCUyMCUyMC0tJTNFJTBBJTNDc2NyaXB0JTIwdHlwZSUzRCUyMnRleHQlMkZqYXZhc2NyaXB0JTIyJTNFJTBBJTIwJTIwJTIwJTIwdmFyJTIwc3NfZm9ybSUyMCUzRCUyMCU3QiUyN2FjY291bnQlMjclM0ElMjAlMjdNemF3TUxFd3NMQXdBd0ElMjclMkMlMjAlMjdmb3JtSUQlMjclM0ElMjAlMjdTelV4TVRBMlRUWFFUVFcyVE5NMXNUUTIxclZJU1RIVXRUQTJOamRMVFRKT1NVMUxBUUElMjclN0QlM0IlMEElMjAlMjAlMjAlMjBzc19mb3JtLndpZHRoJTIwJTNEJTIwJTI3MTAwJTI1JTI3JTNCJTBBJTIwJTIwJTIwJTIwc3NfZm9ybS5oZWlnaHQlMjAlM0QlMjAlMjcxMDAwJTI3JTNCJTBBJTIwJTIwJTIwJTIwc3NfZm9ybS5kb21haW4lMjAlM0QlMjAlMjdhcHAtM1FOTFdRSFhRTy5tYXJrZXRpbmdhdXRvbWF0aW9uLnNlcnZpY2VzJTI3JTNCJTBBJTIwJTIwJTIwJTIwJTJGJTJGJTIwc3NfZm9ybS5oaWRkZW4lMjAlM0QlMjAlN0IlMjdmaWVsZF9pZCUyNyUzQSUyMCUyN3ZhbHVlJTI3JTdEJTNCJTIwJTJGJTJGJTIwTW9kaWZ5JTIwdGhpcyUyMGZvciUyMHNlbmRpbmclMjBoaWRkZW4lMjB2YXJpYWJsZXMlMkMlMjBvciUyMG92ZXJyaWRpbmclMjB2YWx1ZXMlMEElMjAlMjAlMjAlMjAlMkYlMkYlMjBzc19mb3JtLnRhcmdldF9pZCUyMCUzRCUyMCUyN3RhcmdldCUyNyUzQiUyMCUyRiUyRiUyME9wdGlvbmFsJTIwcGFyYW1ldGVyJTNBJTIwZm9ybXMlMjB3aWxsJTIwYmUlMjBwbGFjZWQlMjBpbnNpZGUlMjB0aGUlMjBlbGVtZW50JTIwd2l0aCUyMHRoZSUyMHNwZWNpZmllZCUyMGlkJTBBJTIwJTIwJTIwJTIwJTJGJTJGJTIwc3NfZm9ybS5wb2xsaW5nJTIwJTNEJTIwdHJ1ZSUzQiUyMCUyRiUyRiUyME9wdGlvbmFsJTIwcGFyYW1ldGVyJTNBJTIwc2V0JTIwdG8lMjB0cnVlJTIwT05MWSUyMGlmJTIweW91ciUyMHBhZ2UlMjBsb2FkcyUyMGR5bmFtaWNhbGx5JTIwYW5kJTIwdGhlJTIwaWQlMjBuZWVkcyUyMHRvJTIwYmUlMjBwb2xsZWQlMjBjb250aW51YWxseS4lMEElM0MlMkZzY3JpcHQlM0UlMEElM0NzY3JpcHQlMjB0eXBlJTNEJTIydGV4dCUyRmphdmFzY3JpcHQlMjIlMjBzcmMlM0QlMjJodHRwcyUzQSUyRiUyRmtvaS0zUU5MV1FIWFFPLm1hcmtldGluZ2F1dG9tYXRpb24uc2VydmljZXMlMkZjbGllbnQlMkZmb3JtLmpzJTNGdmVyJTNEMi4wLjElMjIlM0UlM0MlMkZzY3JpcHQlM0UlMEElMjAlMjAlMjAlMjAlMjAlMjAlMjAlMjAlMjAlMjAlMjAlMjAlMjAlMjAlMjAlMjAlMjAlMjAlMjAlMjA=[\/vc_raw_html][\/vc_column][vc_column width=&#8221;1\/2&#8243;][vc_single_image image=&#8221;2427&#8243; img_size=&#8221;full&#8221;][\/vc_column][\/vc_row]Read more","og_url":"https:\/\/www.pool-agri.com\/carre\/carre-rotanet-sternrollhacke\/?lang=de","og_site_name":"Carre","article_publisher":"https:\/\/www.facebook.com\/poolagri\/","article_modified_time":"2021-04-23T13:45:07+00:00","twitter_misc":{"Geschatte leestijd":"1 minuut"},"schema":{"@context":"https:\/\/schema.org","@graph":[{"@type":"WebPage","@id":"https:\/\/www.pool-agri.com\/carre\/carre-rotanet-sternrollhacke\/?lang=de","url":"https:\/\/www.pool-agri.com\/carre\/carre-rotanet-sternrollhacke\/?lang=de","name":"Carr\u00e9 ROTANET Sternrollhacke - Carre","isPartOf":{"@id":"https:\/\/www.pool-agri.com\/carre\/#website"},"datePublished":"2021-04-15T16:50:44+00:00","dateModified":"2021-04-23T13:45:07+00:00","inLanguage":"nl-NL","potentialAction":[{"@type":"ReadAction","target":["https:\/\/www.pool-agri.com\/carre\/carre-rotanet-sternrollhacke\/?lang=de"]}]},{"@type":"WebSite","@id":"https:\/\/www.pool-agri.com\/carre\/#website","url":"https:\/\/www.pool-agri.com\/carre\/","name":"Carre","description":"Een andere Pool Agri websites site","potentialAction":[{"@type":"SearchAction","target":{"@type":"EntryPoint","urlTemplate":"https:\/\/www.pool-agri.com\/carre\/?s={search_term_string}"},"query-input":{"@type":"PropertyValueSpecification","valueRequired":true,"valueName":"search_term_string"}}],"inLanguage":"nl-NL"}]}},"_links":{"self":[{"href":"https:\/\/www.pool-agri.com\/carre\/wp-json\/wp\/v2\/pages\/2419","targetHints":{"allow":["GET"]}}],"collection":[{"href":"https:\/\/www.pool-agri.com\/carre\/wp-json\/wp\/v2\/pages"}],"about":[{"href":"https:\/\/www.pool-agri.com\/carre\/wp-json\/wp\/v2\/types\/page"}],"author":[{"embeddable":true,"href":"https:\/\/www.pool-agri.com\/carre\/wp-json\/wp\/v2\/users\/2"}],"replies":[{"embeddable":true,"href":"https:\/\/www.pool-agri.com\/carre\/wp-json\/wp\/v2\/comments?post=2419"}],"version-history":[{"count":0,"href":"https:\/\/www.pool-agri.com\/carre\/wp-json\/wp\/v2\/pages\/2419\/revisions"}],"wp:attachment":[{"href":"https:\/\/www.pool-agri.com\/carre\/wp-json\/wp\/v2\/media?parent=2419"}],"curies":[{"name":"wp","href":"https:\/\/api.w.org\/{rel}","templated":true}]}}