{"id":1462,"date":"2019-06-14T07:45:48","date_gmt":"2019-06-14T05:45:48","guid":{"rendered":"https:\/\/www.pool-agri.com\/carre\/?page_id=1462"},"modified":"2021-11-11T18:30:28","modified_gmt":"2021-11-11T16:30:28","slug":"groenoord-carre-partner-noord-nederland","status":"publish","type":"page","link":"https:\/\/www.pool-agri.com\/carre\/groenoord-carre-partner-noord-nederland\/","title":{"rendered":"GroeNoord CARR\u00c9 dealer voor Noord-Nederland"},"content":{"rendered":"<p><strong>Met de toetreding van GroeNoord tot het dealernetwerk van Carr\u00e9 neemt de slagkracht van mechanische onkruidbestrijding enorm toe. <\/strong><strong>Carr\u00e9 importeur Pool Agri zet hiermee een strategische stap in de uitbreiding van het dealernetwerk van Frankrijks bekendste fabrikant van machines voor de mechanische onkruidbestrijding<\/strong><strong>.<\/strong><\/p>\n<p>Met ingang van 1 juni 2019 is GroeNoord partner geworden voor Carr\u00e9. Vanuit 12 landbouw-vestigingen gaat GroeNoord zich inzetten voor de verkoop en service van onder meer de Carr\u00e9 ECONET precisieschoffels, ROTANET rotowiedeggen en de SARCLERSE wiedeggen. Hendrik Pool van importeur Pool Agri is erg content met het toetreden van de GroeNoord tot het groeiende Carr\u00e9 dealernetwerk: \u201cEr is veel interesse voor mechanische onkruidbestrijding en de vraag vanuit de noordelijke provincies neemt sterk toe. Met relatief veel biologische telers is ook Flevoland een provincie waar we met de machines van Carr\u00e9 passende oplossingen kunnen leveren en het verschil kunnen maken ten opzichte van andere aanbieders.\u201d<\/p>\n<p><strong>Voor akkerbouwers, veehouders en loonwerkers<br \/>\n<\/strong>\u201cHet partnerschap met GroeNoord geeft telers in Flevoland, Friesland, Groningen en Drenthe, zowel biologisch als gangbaar, de mogelijkheid om bij een lokale dealer met specialistische kennis en professionele service, maatwerkoplossingen van Carr\u00e9 te betrekken als het gaat om mechanische onkruidbestrijding. Bovendien is GroeNoord sterk vertegenwoordigd in de veehouderij waarvoor Carr\u00e9 slimme oplossingen biedt voor graslandonderhoud en mechanische onkruidbestrijding in \u00e9\u00e9n werkgang met onderzaai van vanggewassen. Met GroeNoord hebben we een sterke en gewaardeerde partner in Noord-Nederland en Flevoland. We gaan samen werken aan een sterke positie en een optimaal serviceniveau.\u201d<\/p>\n<p>Commercieel directeur Jos Popken van GroeNoord over de nieuwe samenwerking: \u201cGroeNoord verkende al enige tijd de markt voor mechanische onkruidbestrijding. Hiervoor zochten we een leverancier waarvan de kwaliteits- en servicenormen aansluiten bij onze bestaande merken. Met Carr\u00e9 en Pool Agri hebben we die leverancier gevonden. Carr\u00e9 is full-liner op het gebied van mechanische onkruidbestrijding en daarmee kan GroeNoord zich profileren als Premium Partner voor mechanische onkruidbestrijding. De service van importeur Pool Agri is uiterst professioneel en dat geeft ons de mogelijkheid om onze klanten professioneel advies te garanderen.\u201d<\/p>\n<p><strong>Aftrap samenwerking GroeNoord &#8211; Pool Agri op 20 juni tijdens Biovelddag<\/strong><br \/>\nHet eerste gezamenlijke Carr\u00e9 optreden van GroeNoord en Pool Agri vindt plaats op de Biovelddag op 20 juni in Lelystad. Laat u door ons informeren over onkruidmanagement en zie onze machines live aan het werk tijdens de demonstraties.<br \/>\n<strong><br \/>\n<\/strong><span style=\"color: #d1d1d1\"><strong>Ook Carr\u00e9 dealer worden?<br \/>\n<\/strong><span style=\"color: #ffffff\">Sinds de introductie in 2017 ontdekken steeds meer akkerbouwers, loonbedrijven en melkveehouders de toegevoegde waarde van de machines van Carr\u00e9 voor hun bedrijf. Carr\u00e9 ontwikkelt en produceert machines voor mechanische onkruidbestrijding met unieke kenmerken zoals de uiterst stabiele bouwwijze waardoor de grootst mogelijke precisie wordt gewaarborgd, en met de slimme praktijkgerichte oplossingen die de fabrikant in de afgelopen decennia ontwikkelde. Wilt u ook meewerken aan het vergroten van uw en ons marktaandeel en onderdeel worden van ons professionele dealernetwerk? Het Pool Agri verkoopteam wisselt hierover graag met u van gedachten!<\/span><\/span><\/p>\n","protected":false},"excerpt":{"rendered":"<p>Met de toetreding van GroeNoord tot het dealernetwerk van Carr\u00e9 neemt de slagkracht van mechanische onkruidbestrijding enorm toe. Carr\u00e9 importeur Pool Agri zet hiermee een strategische stap in de uitbreiding van het dealernetwerk van Frankrijks bekendste fabrikant van machines voor de mechanische onkruidbestrijding. Met ingang van 1 juni 2019 is GroeNoord partner geworden voor Carr\u00e9.<br \/><a href=\"https:\/\/www.pool-agri.com\/carre\/groenoord-carre-partner-noord-nederland\/\" class=\"more\">Read more<\/a><\/p>\n","protected":false},"author":2,"featured_media":1477,"parent":0,"menu_order":0,"comment_status":"closed","ping_status":"closed","template":"","meta":{"_acf_changed":false,"footnotes":""},"class_list":["post-1462","page","type-page","status-publish","has-post-thumbnail","hentry"],"acf":[],"yoast_head":"<!-- This site is optimized with the Yoast SEO plugin v27.5 - https:\/\/yoast.com\/product\/yoast-seo-wordpress\/ -->\n<title>GroeNoord CARR\u00c9 dealer voor Noord-Nederland - Carre<\/title>\n<meta name=\"description\" content=\"GroeNoord dealer van Carr\u00e9, Frankrijks bekendste fabrikant van machines voor de mechanische onkruidbestrijding...\" \/>\n<meta name=\"robots\" content=\"index, follow, max-snippet:-1, max-image-preview:large, max-video-preview:-1\" \/>\n<link rel=\"canonical\" href=\"https:\/\/www.pool-agri.com\/carre\/groenoord-carre-partner-noord-nederland\/\" \/>\n<meta property=\"og:locale\" content=\"nl_NL\" \/>\n<meta property=\"og:type\" content=\"article\" \/>\n<meta property=\"og:title\" content=\"GroeNoord CARR\u00c9 dealer voor Noord-Nederland\" \/>\n<meta property=\"og:description\" content=\"Met de toetreding van GroeNoord tot het dealernetwerk van Carr\u00e9 neemt de slagkracht van mechanische onkruidbestrijding enorm toe. Carr\u00e9 importeur Pool Agri zet hiermee een strategische stap in de uitbreiding van het dealernetwerk van Frankrijks bekendste fabrikant van machines voor de mechanische onkruidbestrijding.\" \/>\n<meta property=\"og:url\" content=\"https:\/\/www.pool-agri.com\/carre\/groenoord-carre-partner-noord-nederland\/\" \/>\n<meta property=\"og:site_name\" content=\"Carre\" \/>\n<meta property=\"article:publisher\" content=\"https:\/\/www.facebook.com\/poolagri\/\" \/>\n<meta property=\"article:modified_time\" content=\"2021-11-11T16:30:28+00:00\" \/>\n<meta property=\"og:image\" content=\"https:\/\/www.pool-agri.com\/carre\/wp-content\/uploads\/sites\/16\/2019\/06\/Groenoord-Carr\u00e9-promo-dealer-Facebook-formaat-1200-x-700.jpg\" \/>\n\t<meta property=\"og:image:width\" content=\"1194\" \/>\n\t<meta property=\"og:image:height\" content=\"707\" \/>\n\t<meta property=\"og:image:type\" content=\"image\/jpeg\" \/>\n<meta name=\"twitter:label1\" content=\"Geschatte leestijd\" \/>\n\t<meta name=\"twitter:data1\" content=\"3 minuten\" \/>\n<script type=\"application\/ld+json\" class=\"yoast-schema-graph\">{\"@context\":\"https:\\\/\\\/schema.org\",\"@graph\":[{\"@type\":\"WebPage\",\"@id\":\"https:\\\/\\\/www.pool-agri.com\\\/carre\\\/groenoord-carre-partner-noord-nederland\\\/\",\"url\":\"https:\\\/\\\/www.pool-agri.com\\\/carre\\\/groenoord-carre-partner-noord-nederland\\\/\",\"name\":\"GroeNoord CARR\u00c9 dealer voor Noord-Nederland - Carre\",\"isPartOf\":{\"@id\":\"https:\\\/\\\/www.pool-agri.com\\\/carre\\\/#website\"},\"primaryImageOfPage\":{\"@id\":\"https:\\\/\\\/www.pool-agri.com\\\/carre\\\/groenoord-carre-partner-noord-nederland\\\/#primaryimage\"},\"image\":{\"@id\":\"https:\\\/\\\/www.pool-agri.com\\\/carre\\\/groenoord-carre-partner-noord-nederland\\\/#primaryimage\"},\"thumbnailUrl\":\"https:\\\/\\\/www.pool-agri.com\\\/carre\\\/wp-content\\\/uploads\\\/sites\\\/16\\\/2019\\\/06\\\/Groenoord-Carr\u00e9-promo-dealer_4.jpg\",\"datePublished\":\"2019-06-14T05:45:48+00:00\",\"dateModified\":\"2021-11-11T16:30:28+00:00\",\"description\":\"GroeNoord dealer van Carr\u00e9, Frankrijks bekendste fabrikant van machines voor de mechanische onkruidbestrijding...\",\"inLanguage\":\"nl-NL\",\"potentialAction\":[{\"@type\":\"ReadAction\",\"target\":[\"https:\\\/\\\/www.pool-agri.com\\\/carre\\\/groenoord-carre-partner-noord-nederland\\\/\"]}]},{\"@type\":\"ImageObject\",\"inLanguage\":\"nl-NL\",\"@id\":\"https:\\\/\\\/www.pool-agri.com\\\/carre\\\/groenoord-carre-partner-noord-nederland\\\/#primaryimage\",\"url\":\"https:\\\/\\\/www.pool-agri.com\\\/carre\\\/wp-content\\\/uploads\\\/sites\\\/16\\\/2019\\\/06\\\/Groenoord-Carr\u00e9-promo-dealer_4.jpg\",\"contentUrl\":\"https:\\\/\\\/www.pool-agri.com\\\/carre\\\/wp-content\\\/uploads\\\/sites\\\/16\\\/2019\\\/06\\\/Groenoord-Carr\u00e9-promo-dealer_4.jpg\",\"width\":4032,\"height\":3024},{\"@type\":\"WebSite\",\"@id\":\"https:\\\/\\\/www.pool-agri.com\\\/carre\\\/#website\",\"url\":\"https:\\\/\\\/www.pool-agri.com\\\/carre\\\/\",\"name\":\"Carre\",\"description\":\"Een andere Pool Agri websites site\",\"potentialAction\":[{\"@type\":\"SearchAction\",\"target\":{\"@type\":\"EntryPoint\",\"urlTemplate\":\"https:\\\/\\\/www.pool-agri.com\\\/carre\\\/?s={search_term_string}\"},\"query-input\":{\"@type\":\"PropertyValueSpecification\",\"valueRequired\":true,\"valueName\":\"search_term_string\"}}],\"inLanguage\":\"nl-NL\"}]}<\/script>\n<!-- \/ Yoast SEO plugin. -->","yoast_head_json":{"title":"GroeNoord CARR\u00c9 dealer voor Noord-Nederland - Carre","description":"GroeNoord dealer van Carr\u00e9, Frankrijks bekendste fabrikant van machines voor de mechanische onkruidbestrijding...","robots":{"index":"index","follow":"follow","max-snippet":"max-snippet:-1","max-image-preview":"max-image-preview:large","max-video-preview":"max-video-preview:-1"},"canonical":"https:\/\/www.pool-agri.com\/carre\/groenoord-carre-partner-noord-nederland\/","og_locale":"nl_NL","og_type":"article","og_title":"GroeNoord CARR\u00c9 dealer voor Noord-Nederland","og_description":"Met de toetreding van GroeNoord tot het dealernetwerk van Carr\u00e9 neemt de slagkracht van mechanische onkruidbestrijding enorm toe. Carr\u00e9 importeur Pool Agri zet hiermee een strategische stap in de uitbreiding van het dealernetwerk van Frankrijks bekendste fabrikant van machines voor de mechanische onkruidbestrijding.","og_url":"https:\/\/www.pool-agri.com\/carre\/groenoord-carre-partner-noord-nederland\/","og_site_name":"Carre","article_publisher":"https:\/\/www.facebook.com\/poolagri\/","article_modified_time":"2021-11-11T16:30:28+00:00","og_image":[{"width":1194,"height":707,"url":"https:\/\/www.pool-agri.com\/carre\/wp-content\/uploads\/sites\/16\/2019\/06\/Groenoord-Carr\u00e9-promo-dealer-Facebook-formaat-1200-x-700.jpg","type":"image\/jpeg"}],"twitter_misc":{"Geschatte leestijd":"3 minuten"},"schema":{"@context":"https:\/\/schema.org","@graph":[{"@type":"WebPage","@id":"https:\/\/www.pool-agri.com\/carre\/groenoord-carre-partner-noord-nederland\/","url":"https:\/\/www.pool-agri.com\/carre\/groenoord-carre-partner-noord-nederland\/","name":"GroeNoord CARR\u00c9 dealer voor Noord-Nederland - Carre","isPartOf":{"@id":"https:\/\/www.pool-agri.com\/carre\/#website"},"primaryImageOfPage":{"@id":"https:\/\/www.pool-agri.com\/carre\/groenoord-carre-partner-noord-nederland\/#primaryimage"},"image":{"@id":"https:\/\/www.pool-agri.com\/carre\/groenoord-carre-partner-noord-nederland\/#primaryimage"},"thumbnailUrl":"https:\/\/www.pool-agri.com\/carre\/wp-content\/uploads\/sites\/16\/2019\/06\/Groenoord-Carr\u00e9-promo-dealer_4.jpg","datePublished":"2019-06-14T05:45:48+00:00","dateModified":"2021-11-11T16:30:28+00:00","description":"GroeNoord dealer van Carr\u00e9, Frankrijks bekendste fabrikant van machines voor de mechanische onkruidbestrijding...","inLanguage":"nl-NL","potentialAction":[{"@type":"ReadAction","target":["https:\/\/www.pool-agri.com\/carre\/groenoord-carre-partner-noord-nederland\/"]}]},{"@type":"ImageObject","inLanguage":"nl-NL","@id":"https:\/\/www.pool-agri.com\/carre\/groenoord-carre-partner-noord-nederland\/#primaryimage","url":"https:\/\/www.pool-agri.com\/carre\/wp-content\/uploads\/sites\/16\/2019\/06\/Groenoord-Carr\u00e9-promo-dealer_4.jpg","contentUrl":"https:\/\/www.pool-agri.com\/carre\/wp-content\/uploads\/sites\/16\/2019\/06\/Groenoord-Carr\u00e9-promo-dealer_4.jpg","width":4032,"height":3024},{"@type":"WebSite","@id":"https:\/\/www.pool-agri.com\/carre\/#website","url":"https:\/\/www.pool-agri.com\/carre\/","name":"Carre","description":"Een andere Pool Agri websites site","potentialAction":[{"@type":"SearchAction","target":{"@type":"EntryPoint","urlTemplate":"https:\/\/www.pool-agri.com\/carre\/?s={search_term_string}"},"query-input":{"@type":"PropertyValueSpecification","valueRequired":true,"valueName":"search_term_string"}}],"inLanguage":"nl-NL"}]}},"_links":{"self":[{"href":"https:\/\/www.pool-agri.com\/carre\/wp-json\/wp\/v2\/pages\/1462","targetHints":{"allow":["GET"]}}],"collection":[{"href":"https:\/\/www.pool-agri.com\/carre\/wp-json\/wp\/v2\/pages"}],"about":[{"href":"https:\/\/www.pool-agri.com\/carre\/wp-json\/wp\/v2\/types\/page"}],"author":[{"embeddable":true,"href":"https:\/\/www.pool-agri.com\/carre\/wp-json\/wp\/v2\/users\/2"}],"replies":[{"embeddable":true,"href":"https:\/\/www.pool-agri.com\/carre\/wp-json\/wp\/v2\/comments?post=1462"}],"version-history":[{"count":0,"href":"https:\/\/www.pool-agri.com\/carre\/wp-json\/wp\/v2\/pages\/1462\/revisions"}],"wp:featuredmedia":[{"embeddable":true,"href":"https:\/\/www.pool-agri.com\/carre\/wp-json\/wp\/v2\/media\/1477"}],"wp:attachment":[{"href":"https:\/\/www.pool-agri.com\/carre\/wp-json\/wp\/v2\/media?parent=1462"}],"curies":[{"name":"wp","href":"https:\/\/api.w.org\/{rel}","templated":true}]}}